{"id":15,"date":"2022-09-22T13:48:30","date_gmt":"2022-09-22T10:48:30","guid":{"rendered":"http:\/\/3.test.freshtone.ru\/?page_id=15"},"modified":"2023-03-21T12:40:08","modified_gmt":"2023-03-21T09:40:08","slug":"about","status":"publish","type":"page","link":"https:\/\/22-preview.freshtone.ru\/es\/company\/about\/","title":{"rendered":"Acerca de la empresa"},"content":{"rendered":"      <div class=\"intro about-intro\">\r\n         <div class=\"container\">\r\n            <h1 class=\"intro__title\">Acerca de 24 World<\/h1>\r\n            <div class=\"intro__subtitle\">Nuestras ofertas de negociaci\u00f3n son las m\u00e1s competitivas del mercado de divisas. Trabajamos con traders bas\u00e1ndonos en\r\n               los principios de apertura, honestidad y transparencia\r\n            <\/div>\r\n         <\/div>\r\n      <\/div>\r\n      <section class=\"mission\">\r\n         <div class=\"container\">\r\n            <div class=\"mission__wrap\">\r\n               <div class=\"mission__text\">\r\n                  <h2 class=\"section__title\">Nuestra misi\u00f3n<\/h2>\r\n                  <div class=\"mission__subtitle\">\r\n                     <p>Hacemos m\u00e1s que otros para que el forex sea sencillo e intuitivo. Creemos que su relaci\u00f3n con su br\u00f3ker debe ser segura\r\n                        y predecible, por lo que nos esmeramos en que nuestras actividades sean lo m\u00e1s transparentes posible, y hacemos todo lo\r\n                        posible para que todos los t\u00e9rminos y condiciones se muestren claramente en nuestro sitio web.\r\n                     <\/p>\r\n                     <p>Entendemos que gran parte de su \u00e9xito depende de nosotros y nos esforzamos al m\u00e1ximo para ofrecerle una ejecuci\u00f3n\r\n                        r\u00e1pida, los mejores diferenciales y un excelente soporte t\u00e9cnico.\r\n                     <\/p>\r\n                  <\/div>\r\n                  <a class=\"btn btn_white\" href=\"\/\" target=\"_blank\" rel=\"noopener\">Abrir una cuenta\r\n                  <\/a>\r\n               <\/div>\r\n               <img decoding=\"async\" class=\"mission__img\" src=\"\/wp-content\/themes\/world\/img\/logo_white.svg\" alt=\"\" \/>\r\n            <\/div>\r\n         <\/div>\r\n      <\/section>\r\n      <section class=\"mad\">\r\n         <div class=\"container\">\r\n            <h2 class=\"mad__title\">Nuestras principales ventajas<\/h2>\r\n            <div class=\"mad__list\">\r\n               <div class=\"mad__item\">\r\n                  <div class=\"mad__icon mad__icon-1\"> <\/div>\r\n                  <h3 class=\"mad__item-title\">Tecnolog\u00eda<\/h3>\r\n                  <div class=\"mad__text\">Utilizamos tecnolog\u00eda STP para ejecutar sus \u00f3rdenes, lo que garantiza la penetraci\u00f3n de sus \u00f3rdenes en los mercados\r\n                     internacionales.\r\n                  <\/div>\r\n               <\/div>\r\n               <div class=\"mad__item\">\r\n                  <div class=\"mad__icon mad__icon-2\"> <\/div>\r\n                  <h3 class=\"mad__item-title\">Condiciones comerciales ventajosas<\/h3>\r\n                  <div class=\"mad__text\">Creemos que todos los operadores deben disfrutar de las mejores condiciones de negociaci\u00f3n, independientemente del\r\n                     importe del dep\u00f3sito.\r\n                  <\/div>\r\n               <\/div>\r\n               <div class=\"mad__item\">\r\n                  <div class=\"mad__icon mad__icon-3\"> <\/div>\r\n                  <h3 class=\"mad__item-title\">Sin l\u00edmite de operaciones y bonificaciones<\/h3>\r\n                  <div class=\"mad__text\">Pagamos por todas las operaciones y vol\u00famenes de operaciones realizados utilizando bonificaciones sin ning\u00fan l\u00edmite\r\n                  <\/div>\r\n               <\/div>\r\n            <\/div>\r\n         <\/div>\r\n      <\/section>\r\n      <section class=\"bonus\">\r\n         <div class=\"container\">\r\n            <div class=\"bonus__wrap\">\r\n               <h2 class=\"bonus__title\">Bono<\/h2>\r\n               <div class=\"bonus__subtitle\">Si opera con \u00e9xito con grandes lotes (m\u00e1s de un est\u00e1ndar) durante varios meses, podemos proporcionarle un inversor, con\r\n                  el que gestionar\u00e1 una cantidad no inferior a 10.000 d\u00f3lares. De esta manera, sus ingresos ser\u00e1n aproximadamente del 30%\r\n                  al 35% de sus ganancias totales.\r\n               <\/div>\r\n               <a class=\"btn btn_white\" href=\"\/\" target=\"_blank\" rel=\"noopener\">Consigue una bonificaci\u00f3n\r\n               <\/a><img decoding=\"async\"\r\n                  class=\"bonus__img\" src=\"\/wp-content\/themes\/world\/img\/bonus-img.png\" alt=\"\" \/>\r\n            <\/div>\r\n         <\/div>\r\n      <\/section>","protected":false},"excerpt":{"rendered":"Acerca de 24 World Nuestras ofertas de negociaci\u00f3n son las m\u00e1s competitivas del mercado de divisas. Trabajamos con traders bas\u00e1ndonos en los principios de apertura, honestidad y transparencia Nuestra misi\u00f3n Hacemos m\u00e1s que otros para que el forex sea sencillo e intuitivo. Creemos que su relaci\u00f3n con su br\u00f3ker debe ser segura y predecible, por [&hellip;]","protected":false},"author":1,"featured_media":0,"parent":13,"menu_order":0,"comment_status":"closed","ping_status":"closed","template":"","meta":{"footnotes":""},"class_list":["post-15","page","type-page","status-publish","hentry","no-wpautop"],"translation":{"provider":"WPGlobus","version":"2.10.10","language":"es","enabled_languages":["en","nl","es","sv","fr"],"languages":{"en":{"title":true,"content":true,"excerpt":false},"nl":{"title":true,"content":true,"excerpt":false},"es":{"title":true,"content":true,"excerpt":false},"sv":{"title":true,"content":true,"excerpt":false},"fr":{"title":true,"content":true,"excerpt":false}}},"yoast_head":"<!-- This site is optimized with the Yoast SEO plugin v20.6 - https:\/\/yoast.com\/wordpress\/plugins\/seo\/ -->\r\n<title>Acerca de la empresa - 24 World<\/title>\r\n<meta name=\"robots\" content=\"noindex, follow, max-snippet:-1, max-image-preview:large, max-video-preview:-1\" \/>\r\n<meta property=\"og:locale\" content=\"es_ES\" \/>\r\n<meta property=\"og:type\" content=\"article\" \/>\r\n<meta property=\"og:title\" content=\"Acerca de la empresa - 24 World\" \/>\r\n<meta property=\"og:url\" content=\"https:\/\/22-preview.freshtone.ru\/company\/about\/\" \/>\r\n<meta property=\"og:site_name\" content=\"24 World\" \/>\r\n<meta property=\"article:modified_time\" content=\"2023-03-21T09:40:08+00:00\" \/>\r\n<meta property=\"og:image\" content=\"https:\/\/22-preview.freshtone.ru\/wp-content\/uploads\/2022\/09\/Frame-20.png\" \/>\r\n\t<meta property=\"og:image:width\" content=\"1200\" \/>\r\n\t<meta property=\"og:image:height\" content=\"630\" \/>\r\n\t<meta property=\"og:image:type\" content=\"image\/png\" \/>\r\n<meta name=\"twitter:card\" content=\"summary_large_image\" \/>\r\n<meta name=\"twitter:label1\" content=\"Est. reading time\" \/>\n\t<meta name=\"twitter:data1\" content=\"6 minutes\" \/>\r\n<script type=\"application\/ld+json\" class=\"yoast-schema-graph\">{\"@context\":\"https:\/\/schema.org\",\"@graph\":[{\"@type\":\"WebPage\",\"@id\":\"https:\/\/22-preview.freshtone.ru\/company\/about\/\",\"url\":\"https:\/\/22-preview.freshtone.ru\/company\/about\/\",\"name\":\"Acerca de la empresa - 24 World\",\"isPartOf\":{\"@id\":\"https:\/\/22-preview.freshtone.ru\/#website\"},\"datePublished\":\"2022-09-22T10:48:30+00:00\",\"dateModified\":\"2023-03-21T09:40:08+00:00\",\"breadcrumb\":{\"@id\":\"https:\/\/22-preview.freshtone.ru\/company\/about\/#breadcrumb\"},\"inLanguage\":\"es-ES\",\"potentialAction\":[{\"@type\":\"ReadAction\",\"target\":[\"https:\/\/22-preview.freshtone.ru\/company\/about\/\"]}]},{\"@type\":\"BreadcrumbList\",\"@id\":\"https:\/\/22-preview.freshtone.ru\/company\/about\/#breadcrumb\",\"itemListElement\":[{\"@type\":\"ListItem\",\"position\":1,\"name\":\"Home\",\"item\":\"https:\/\/22-preview.freshtone.ru\/\"},{\"@type\":\"ListItem\",\"position\":2,\"name\":\"Company\",\"item\":\"https:\/\/22-preview.freshtone.ru\/company\/\"},{\"@type\":\"ListItem\",\"position\":3,\"name\":\"About company\"}]},{\"@type\":\"WebSite\",\"@id\":\"https:\/\/22-preview.freshtone.ru\/#website\",\"url\":\"https:\/\/22-preview.freshtone.ru\/\",\"name\":\"24 World\",\"description\":\"Online Forex CFD provider\",\"potentialAction\":[{\"@type\":\"SearchAction\",\"target\":{\"@type\":\"EntryPoint\",\"urlTemplate\":\"https:\/\/22-preview.freshtone.ru\/?s={search_term_string}\"},\"query-input\":\"required name=search_term_string\"}],\"inLanguage\":\"es-ES\"}]}<\/script>\r\n<!-- \/ Yoast SEO plugin. -->","yoast_head_json":{"title":"Acerca de la empresa - 24 World","robots":{"index":"noindex","follow":"follow","max-snippet":"max-snippet:-1","max-image-preview":"max-image-preview:large","max-video-preview":"max-video-preview:-1"},"og_locale":"es_ES","og_type":"article","og_title":"Acerca de la empresa - 24 World","og_url":"https:\/\/22-preview.freshtone.ru\/company\/about\/","og_site_name":"24 World","article_modified_time":"2023-03-21T09:40:08+00:00","og_image":[{"width":1200,"height":630,"url":"https:\/\/22-preview.freshtone.ru\/wp-content\/uploads\/2022\/09\/Frame-20.png","type":"image\/png"}],"twitter_card":"summary_large_image","twitter_misc":{"Est. reading time":"6 minutes"},"schema":{"@context":"https:\/\/schema.org","@graph":[{"@type":"WebPage","@id":"https:\/\/22-preview.freshtone.ru\/company\/about\/","url":"https:\/\/22-preview.freshtone.ru\/company\/about\/","name":"Acerca de la empresa - 24 World","isPartOf":{"@id":"https:\/\/22-preview.freshtone.ru\/#website"},"datePublished":"2022-09-22T10:48:30+00:00","dateModified":"2023-03-21T09:40:08+00:00","breadcrumb":{"@id":"https:\/\/22-preview.freshtone.ru\/company\/about\/#breadcrumb"},"inLanguage":"es-ES","potentialAction":[{"@type":"ReadAction","target":["https:\/\/22-preview.freshtone.ru\/company\/about\/"]}]},{"@type":"BreadcrumbList","@id":"https:\/\/22-preview.freshtone.ru\/company\/about\/#breadcrumb","itemListElement":[{"@type":"ListItem","position":1,"name":"Home","item":"https:\/\/22-preview.freshtone.ru\/"},{"@type":"ListItem","position":2,"name":"Company","item":"https:\/\/22-preview.freshtone.ru\/company\/"},{"@type":"ListItem","position":3,"name":"About company"}]},{"@type":"WebSite","@id":"https:\/\/22-preview.freshtone.ru\/#website","url":"https:\/\/22-preview.freshtone.ru\/","name":"24 World","description":"Online Forex CFD provider","potentialAction":[{"@type":"SearchAction","target":{"@type":"EntryPoint","urlTemplate":"https:\/\/22-preview.freshtone.ru\/?s={search_term_string}"},"query-input":"required name=search_term_string"}],"inLanguage":"es-ES"}]}},"_links":{"self":[{"href":"https:\/\/22-preview.freshtone.ru\/es\/wp-json\/wp\/v2\/pages\/15","targetHints":{"allow":["GET"]}}],"collection":[{"href":"https:\/\/22-preview.freshtone.ru\/es\/wp-json\/wp\/v2\/pages"}],"about":[{"href":"https:\/\/22-preview.freshtone.ru\/es\/wp-json\/wp\/v2\/types\/page"}],"author":[{"embeddable":true,"href":"https:\/\/22-preview.freshtone.ru\/es\/wp-json\/wp\/v2\/users\/1"}],"replies":[{"embeddable":true,"href":"https:\/\/22-preview.freshtone.ru\/es\/wp-json\/wp\/v2\/comments?post=15"}],"version-history":[{"count":17,"href":"https:\/\/22-preview.freshtone.ru\/es\/wp-json\/wp\/v2\/pages\/15\/revisions"}],"predecessor-version":[{"id":274,"href":"https:\/\/22-preview.freshtone.ru\/es\/wp-json\/wp\/v2\/pages\/15\/revisions\/274"}],"up":[{"embeddable":true,"href":"https:\/\/22-preview.freshtone.ru\/es\/wp-json\/wp\/v2\/pages\/13"}],"wp:attachment":[{"href":"https:\/\/22-preview.freshtone.ru\/es\/wp-json\/wp\/v2\/media?parent=15"}],"curies":[{"name":"wp","href":"https:\/\/api.w.org\/{rel}","templated":true}]}}