{"id":2,"date":"2022-09-22T10:16:46","date_gmt":"2022-09-22T07:16:46","guid":{"rendered":"http:\/\/3.test.freshtone.ru\/?page_id=2"},"modified":"2023-12-13T17:14:03","modified_gmt":"2023-12-13T14:14:03","slug":"main","status":"publish","type":"page","link":"https:\/\/22-preview.freshtone.ru\/es\/","title":{"rendered":"24 World"},"content":{"rendered":"<section class=\"fs\">\r\n<div class=\"container\">\r\n<div class=\"fs__wrap\">\r\n<div class=\"fs__text\">\r\n<h1 class=\"section__title\">La elecci\u00f3n correcta para invertir<\/h1>\r\n<div class=\"fs__subtitle\">Con nuestras plataformas de negociaci\u00f3n, nuestros clientes tienen acceso a todos los datos financieros instant\u00e1neos,\r\nan\u00e1lisis de mercado y oportunidades de inversi\u00f3n en todo el mundo<\/div>\r\n<a class=\"btn\" href=\"\/\" target=\"_blank\" rel=\"noopener\">Empezar a invertir\r\n<\/a>\r\n\r\n<\/div>\r\n<img decoding=\"async\" class=\"fs__img\" src=\"\/wp-content\/themes\/world\/img\/fs-img.png\" alt=\"\" \/>\r\n\r\n<\/div>\r\n<\/div>\r\n<\/section><section class=\"wm\">\r\n<div class=\"container\">\r\n<div class=\"wm__wrap\">\r\n<div class=\"wm__first\">\r\n<h2 class=\"section__title wm__title\">Mercados mundiales a su lado<\/h2>\r\n<div class=\"wm__subtitle\">Los muchos a\u00f1os de experiencia de 24 World nos permiten ofrecer a nuestros clientes un acceso de alta calidad a los\r\nmercados financieros sin la intervenci\u00f3n de operadores<\/div>\r\n<\/div>\r\n<div class=\"wm__2nd\">\r\n<ul class=\"wm__list\">\r\n \t<li class=\"wm__l-item\">\r\n<div class=\"wm__icon wm__icon-1\"><\/div>\r\n<div class=\"wm__item-text\">\r\n<h3 class=\"wm__item-title\">Fiable<\/h3>\r\n<div class=\"wm__item-subtitle\">Autenticaci\u00f3n de dos factores y verificaci\u00f3n completa<\/div>\r\n<\/div><\/li>\r\n \t<li class=\"wm__l-item\">\r\n<div class=\"wm__icon wm__icon-2\"><\/div>\r\n<div class=\"wm__item-text\">\r\n<h3 class=\"wm__item-title\">C\u00f3modo<\/h3>\r\n<div class=\"wm__item-subtitle\">Dep\u00f3sito y retirada en el menor tiempo posible con una comisi\u00f3n del 0 al 2%.<\/div>\r\n<\/div><\/li>\r\n \t<li class=\"wm__l-item\">\r\n<div class=\"wm__icon wm__icon-3\"><\/div>\r\n<div class=\"wm__item-text\">\r\n<h3 class=\"wm__item-title\">Rentable<\/h3>\r\n<div class=\"wm__item-subtitle\">Hasta el 30% del diferencial, las comisiones m\u00e1s bajas<\/div>\r\n<\/div><\/li>\r\n \t<li class=\"wm__l-item\">\r\n<div class=\"wm__icon wm__icon-4\"><\/div>\r\n<div class=\"wm__item-text\">\r\n<h3 class=\"wm__item-title\">Disponible<\/h3>\r\n<div class=\"wm__item-subtitle\">Una amplia gama de instrumentos de negociaci\u00f3n<\/div>\r\n<\/div><\/li>\r\n<\/ul>\r\n<\/div>\r\n<\/div>\r\n<\/div>\r\n<\/section><section class=\"discover\">\r\n<div class=\"container\">\r\n<div class=\"discover__wrap\">\r\n<div class=\"discover__1st\">\r\n<h2 class=\"section__title discover__title\">Descubra un mundo de posibilidades<\/h2>\r\n<div class=\"discover__subtitle\">\r\n<div>Opere con 24 World con un apalancamiento de hasta 1:400, sin swap (isl\u00e1mico), spreads bajos y los mejores spreads\r\nbrutos.<\/div>\r\n<div>24 World es un proveedor de CFDs de Forex en l\u00ednea de elecci\u00f3n para operadores de gran volumen, robots y scalping.\r\nNuestro sistema de liquidez diverso y propio mantiene spreads ajustados 24 horas al d\u00eda, 5 d\u00edas a la semana.<\/div>\r\n<\/div>\r\n<a class=\"btn\" href=\"\/\" target=\"_blank\" rel=\"noopener\">Empezar a invertir\r\n<\/a>\r\n\r\n<\/div>\r\n<div class=\"discover__2nd\"><\/div>\r\n<\/div>\r\n<\/div>\r\n<\/section><section class=\"types\">\r\n<div class=\"container\">\r\n<div class=\"types__wrap\">\r\n<div class=\"types__1st\">\r\n<h2 class=\"section__title types__title\">Tipos de cuenta<\/h2>\r\n<div class=\"types__subtitle\">Explore distintos tipos de cuenta para operar en el mercado que desee<\/div>\r\n<a class=\"btn btn_white\" href=\"\/\" target=\"_blank\" rel=\"noopener\">Empezar a operar\r\n<\/a>\r\n\r\n<\/div>\r\n<div class=\"types__col\">\r\n<div class=\"types__icon types__icon-1\"><\/div>\r\n<div class=\"types__title\">\r\n<h3>Micro: $5,000<\/h3>\r\n<\/div>\r\n<ul class=\"types__list\">\r\n \t<li>Leverage &#8211; 1:1 \u2013 1:5<\/li>\r\n \t<li>The minimum lot size is 0.01<\/li>\r\n \t<li>Hedging<\/li>\r\n \t<li>Personal manager<\/li>\r\n<\/ul>\r\n<\/div>\r\n<div class=\"types__col\">\r\n<div class=\"types__icon types__icon-2\"><\/div>\r\n<div class=\"types__title\">\r\n<h3>Standard: $25,000<\/h3>\r\n<\/div>\r\n<ul class=\"types__list\">\r\n \t<li>Leverage &#8211; 1:5 \u2013 1:10<\/li>\r\n \t<li>The minimum lot size is 0.01<\/li>\r\n \t<li>Hedging<\/li>\r\n \t<li>Personal manager<\/li>\r\n \t<li>Technical analysis<\/li>\r\n<\/ul>\r\n<\/div>\r\n<div class=\"types__col\">\r\n<div class=\"types__icon types__icon-3\"><\/div>\r\n<div class=\"types__title\">\r\n<h3>Classic: $50,000<\/h3>\r\n<\/div>\r\n<ul class=\"types__list\">\r\n \t<li>Leverage &#8211; 1:10 \u2013 1:50<\/li>\r\n \t<li>The minimum lot size is 0.01<\/li>\r\n \t<li>Hedging<\/li>\r\n \t<li>Personal manager<\/li>\r\n \t<li>Technical analysis<\/li>\r\n<\/ul>\r\n<\/div>\r\n<div class=\"types__col\">\r\n<div class=\"types__icon types__icon-1\"><\/div>\r\n<div class=\"types__title\">\r\n<h3>Pro: $100,000<\/h3>\r\n<\/div>\r\n<ul class=\"types__list\">\r\n \t<li>Leverage &#8211; 1:50 \u2013 1:250<\/li>\r\n \t<li>The minimum lot size is 0.01<\/li>\r\n \t<li>Hedging<\/li>\r\n \t<li>Personal manager<\/li>\r\n \t<li>Technical analysis<\/li>\r\n \t<li>Individual trading conditions<\/li>\r\n<\/ul>\r\n<\/div>\r\n<\/div>\r\n<\/div>\r\n<\/section><section class=\"pluses\">\r\n<div class=\"container\">\r\n<div class=\"pluses__wrap\">\r\n<h2 class=\"section__title\">Plataforma de negociaci\u00f3n 24 World<\/h2>\r\n<div class=\"pluses__subtitle\">Mejore sus resultados comerciales con nuestra tecnolog\u00eda punta<\/div>\r\n<ul class=\"pluses__list\">\r\n \t<li><span class=\"c\"> <span class=\"counter1\">0<\/span><span class=\"c\"> ms<\/span><\/span>Velocidad de ejecuci\u00f3n<\/li>\r\n \t<li><span class=\"c\">1:<span class=\"counter2\">1<\/span><\/span><span class=\"c\">Aproveche\r\n<\/span><\/li>\r\n \t<li><span class=\"counter3\">0<\/span><span class=\"c\">Art\u00edculos\r\n<\/span><\/li>\r\n \t<li><span class=\"c\"> <span class=\"counter4\">0<\/span><span class=\"c\"> +<\/span><\/span><span class=\"c\">Instrumentos de negociaci\u00f3n\r\n<\/span><\/li>\r\n<\/ul>\r\n<a class=\"btn btn_white\" href=\"\/\" target=\"_blank\" rel=\"noopener\">Abrir una cuenta\r\n<\/a>\r\n\r\n<\/div>\r\n<\/div>\r\n<\/section><section class=\"t-platforms\">\r\n<div class=\"container\">\r\n<div class=\"t-platforms__wrap\">\r\n<div class=\"t-platforms__text\">\r\n<h2 class=\"section__title\">Para su comodidad,\r\nproporcionaremos plataformas de negociaci\u00f3n<\/h2>\r\n<div>Obtenga un flujo de cotizaciones de alta calidad y una c\u00f3moda cuenta personal de operador para un control total de sus\r\ncuentas. La plataforma contiene un sistema incorporado de ejecuci\u00f3n de \u00f3rdenes y protege sus datos de accesos no\r\nautorizados &#8211; toda la informaci\u00f3n est\u00e1 disponible s\u00f3lo para usted. Comience a trabajar ahora mismo: eval\u00fae las\r\nposibilidades de trabajar con su propia cuenta en el terminal del operador.<\/div>\r\n<a class=\"btn t-platforms__btn\" href=\"\/es\/trading\/trading-platform\">M\u00e1s\r\n<\/a>\r\n\r\n<\/div>\r\n<img decoding=\"async\" class=\"t-platforms__img\" src=\"\/wp-content\/themes\/world\/img\/platforms-img.png\" alt=\"\" \/>\r\n\r\n<\/div>\r\n<\/div>\r\n<\/section><section class=\"calend\">\r\n<div class=\"container\">\r\n<h2 class=\"section__title\">Calendario econ\u00f3mico<\/h2>\r\n<div class=\"calend__subtitle\">Trabajar en los mercados financieros utilizando el calendario econ\u00f3mico &#8211; utilizar cualquier herramienta y estrategia de\r\nnegociaci\u00f3n<\/div>\r\n<div><script src=\"https:\/\/api.marketcheese.com\/widgets\/calendar\/widget.js\" data-config='{\"language\":\"en\",\"timezone\":3,\"upload\":\"none\",\"rowCount\":20,\"devSource\":\"WDT\"}'> <\/script><\/div>\r\n<\/div>\r\n<\/section><section class=\"mc\">\r\n<div class=\"container\">\r\n<h2 class=\"section__title\">Estado del mercado<\/h2>\r\n<div class=\"mc__subtitle\">El estado actual del mercado de instrumentos financieros en el mercado. Permite averiguar el precio para un momento\r\nconcreto y ver la din\u00e1mica para distintos periodos.<\/div>\r\n<div class=\"mc__widget\"><script src=\"https:\/\/api.marketcheese.com\/widgets\/markets\/widget.js\" data-config='{\"devSource\":\"WDT\",\"language\":\"en\",\"orientation\":\"auto\",\"defaultPeriod\":\"week\",\"adaptive\":true,\"groups\":[{\"name\":\"Forex\",\"symbols\":\"42,48,57,68,87\"},{\"name\":\"Futures\",\"symbols\":\"127,129,187,188\"},{\"name\":\"US Stocks\",\"symbols\":\"11,27,30,35,196\"}]}'> <\/script><\/div>\r\n<\/div>\r\n<\/section>\n    <section class=\"news\">\n      <div class=\"container\"> \n        <div class=\"news__wrap news__wrap-main\">\n          <div class=\"news__1st\">\n            <h2 class=\"section__title\">Noticias del mercado<\/h2>\n            <div class=\"news__subtitle\">Siga las noticias y mant\u00e9ngase al d\u00eda de los \u00faltimos acontecimientos que afectan a la econom\u00eda en el mundo<\/div>\n\t\t\t<a class=\"btn btn_white\" href=\"\/news\">Leer todas las noticias<\/a>\n          <\/div>\n\t\t  \t\t\t  <div class=\"news__item\"> \n\t\t\t\t<div class=\"news__item-date\">22.12.2023<\/div>\n\t\t\t\t<h3 class=\"news__item-title\">White House: Nippon-U.S. Steel deal deserves &#8216;serious scrutiny&#8217;<\/h3>\n\t\t\t\t<div class=\"news__item-text\"><p>The White House on Thursday said Nippon Steel Corp&#8217;s $14.9 billion proposed acquisition of U.S. Steel Corp deserves &#8220;serious scrutiny,&#8221; given the company&#8217;s core role in U.S. steel production that is critical to national security. In its first substantive statement on the deal, the White House said it viewed a strong domestic steel industry as [&hellip;]<\/p>\n<\/div>\n\t\t\t\t<a href=\"https:\/\/22-preview.freshtone.ru\/es\/white-house-nippon-u-s-steel-deal-deserves-serious-scrutiny\/\"><\/a>\n\t\t\t  <\/div>\n\t\t\t\t\t\t  <div class=\"news__item\"> \n\t\t\t\t<div class=\"news__item-date\">22.12.2023<\/div>\n\t\t\t\t<h3 class=\"news__item-title\">Cybertruck designer says Tesla stainless steel pickup is no experiment<\/h3>\n\t\t\t\t<div class=\"news__item-text\"><p>The angular, polarizing design of the Cybertruck will help boost the Tesla (NASDAQ:TSLA) brand, the electric vehicle maker&#8217;s chief designer said on Thursday, adding that the pickup was no experiment. &#8220;Love it or hate it, it&#8217;s a conversation starter, and it gets people talking about the brand,&#8221; Tesla Chief Designer Franz von Holzhausen said at [&hellip;]<\/p>\n<\/div>\n\t\t\t\t<a href=\"https:\/\/22-preview.freshtone.ru\/es\/cybertruck-designer-says-tesla-stainless-steel-pickup-is-no-experiment\/\"><\/a>\n\t\t\t  <\/div>\n\t\t\t\t\t\t  <div class=\"news__item\"> \n\t\t\t\t<div class=\"news__item-date\">22.12.2023<\/div>\n\t\t\t\t<h3 class=\"news__item-title\">Boeing&#8217;s first Dreamliner delivery to China since 2019 to land Friday<\/h3>\n\t\t\t\t<div class=\"news__item-text\"><p>Boeing (NYSE:BA)&#8217;s first direct delivery of a 787 Dreamliner to China since 2019 is set to land in Shanghai on Friday, a step that could hasten the end of China&#8217;s freeze on deliveries of the firm&#8217;s profitable 737 MAX after more than four years. Privately owned Chinese carrier Juneyao Airlines on Thursday took delivery of [&hellip;]<\/p>\n<\/div>\n\t\t\t\t<a href=\"https:\/\/22-preview.freshtone.ru\/es\/boeings-first-dreamliner-delivery-to-china-since-2019-to-land-friday\/\"><\/a>\n\t\t\t  <\/div>\n\t\t\t\t\t\t  <div class=\"news__item\"> \n\t\t\t\t<div class=\"news__item-date\">22.12.2023<\/div>\n\t\t\t\t<h3 class=\"news__item-title\">Dollar index slips to 1-week low; traders eye Friday&#8217;s U.S. inflation report<\/h3>\n\t\t\t\t<div class=\"news__item-text\"><p>The dollar hit a one-week low against a basket of major currencies on Thursday as U.S. equities rebounded from the prior day&#8217;s sell-off and investors braced for Friday&#8217;s U.S. inflation data for clues to the path of future Federal Reserve policy. Data earlier Thursday showed gross domestic product increased at a 4.9% annualized rate last [&hellip;]<\/p>\n<\/div>\n\t\t\t\t<a href=\"https:\/\/22-preview.freshtone.ru\/es\/dollar-index-slips-to-1-week-low-traders-eye-fridays-u-s-inflation-report\/\"><\/a>\n\t\t\t  <\/div>\n\t\t\t\t\t\t\t\n        <\/div>\n      <\/div>\n    <\/section>\r\n\r\n<section class=\"steps\">\r\n<div class=\"container\">\r\n<h2 class=\"steps__title\">Pasos sencillos para empezar a operar<\/h2>\r\n<div class=\"steps__wrap\">\r\n\r\n<img decoding=\"async\" class=\"steps__img\" src=\"\/wp-content\/themes\/world\/img\/steps-img.png\" alt=\"\" \/>\r\n<div class=\"steps__list-wrap\">\r\n<div class=\"steps__list\">\r\n<div class=\"steps__item\">\r\n<div class=\"steps__icon\">1<\/div>\r\n<div class=\"steps__text\">\r\n<h3 class=\"steps__item-title\">Inscripci\u00f3n<\/h3>\r\n<div class=\"steps__item-subtitle\">Reg\u00edstrese e inicie sesi\u00f3n en su cuenta personal<\/div>\r\n<a class=\"btn steps__btn\" href=\"\/\" target=\"_blank\" rel=\"noopener\">Reg\u00edstrese en\r\n<\/a>\r\n\r\n<\/div>\r\n<\/div>\r\n<div class=\"steps__item\">\r\n<div class=\"steps__icon\">2<\/div>\r\n<div class=\"steps__text\">\r\n<h3 class=\"steps__item-title\">Recargar su cuenta<\/h3>\r\n<div class=\"steps__item-subtitle\">Elija un tipo de cuenta que le convenga y rec\u00e1rguela de la forma que le resulte m\u00e1s c\u00f3moda, r\u00e1pida y segura<\/div>\r\n<\/div>\r\n<\/div>\r\n<div class=\"steps__item\">\r\n<div class=\"steps__icon\">3<\/div>\r\n<div class=\"steps__text\">\r\n<h3 class=\"steps__item-title\">Empezar a operar<\/h3>\r\n<div class=\"steps__item-subtitle\">Empezar a operar y ganar en el mercado de divisas y criptomonedas<\/div>\r\n<\/div>\r\n<\/div>\r\n<\/div>\r\n<\/div>\r\n<\/div>\r\n<\/div>\r\n<\/section><section class=\"ww\">\r\n<div class=\"container\">\r\n<div class=\"ww__wrap\">\r\n<div class=\"ww__text\">\r\n<h2 class=\"ww__title\">Trabaja con 24 World de forma f\u00e1cil y c\u00f3moda<\/h2>\r\n<div class=\"ww__subtitle\">S\u00f3lo tiene que elegir el m\u00e9todo de ingreso y retirada que m\u00e1s le convenga<\/div>\r\n<a class=\"btn btn_white\" href=\"\/\" target=\"_blank\" rel=\"noopener\">Abrir una cuenta\r\n<\/a>\r\n\r\n<\/div>\r\n<img decoding=\"async\" class=\"ww__img\" src=\"\/wp-content\/themes\/world\/img\/ww-img_mobile.png\" alt=\"\" \/>\r\n\r\n<\/div>\r\n<\/div>\r\n<\/section>","protected":false},"excerpt":{"rendered":"<p>La elecci\u00f3n correcta para invertir Con nuestras plataformas de negociaci\u00f3n, nuestros clientes tienen acceso a todos los datos financieros instant\u00e1neos, an\u00e1lisis de mercado y oportunidades de inversi\u00f3n en todo el mundo Empezar a invertir Mercados mundiales a su lado Los muchos a\u00f1os de experiencia de 24 World nos permiten ofrecer a nuestros clientes un acceso [&hellip;]<\/p>\n","protected":false},"author":1,"featured_media":0,"parent":0,"menu_order":0,"comment_status":"closed","ping_status":"closed","template":"","meta":{"footnotes":""},"class_list":["post-2","page","type-page","status-publish","hentry","no-wpautop"],"translation":{"provider":"WPGlobus","version":"2.10.10","language":"es","enabled_languages":["en","nl","es","sv","fr"],"languages":{"en":{"title":true,"content":true,"excerpt":false},"nl":{"title":true,"content":true,"excerpt":false},"es":{"title":true,"content":true,"excerpt":false},"sv":{"title":true,"content":true,"excerpt":false},"fr":{"title":true,"content":true,"excerpt":false}}},"yoast_head":"<!-- This site is optimized with the Yoast SEO plugin v20.6 - https:\/\/yoast.com\/wordpress\/plugins\/seo\/ -->\r\n<title>24 World - 24 World<\/title>\r\n<meta name=\"robots\" content=\"noindex, follow, max-snippet:-1, max-image-preview:large, max-video-preview:-1\" \/>\r\n<meta property=\"og:locale\" content=\"es_ES\" \/>\r\n<meta property=\"og:type\" content=\"article\" \/>\r\n<meta property=\"og:title\" content=\"24 World - 24 World\" \/>\r\n<meta property=\"og:url\" content=\"https:\/\/22-preview.freshtone.ru\/\" \/>\r\n<meta property=\"og:site_name\" content=\"24 World\" \/>\r\n<meta property=\"article:modified_time\" content=\"2023-12-13T14:14:03+00:00\" \/>\r\n<meta property=\"og:image\" content=\"https:\/\/22-preview.freshtone.ru\/wp-content\/uploads\/2022\/09\/Frame-20.png\" \/>\r\n\t<meta property=\"og:image:width\" content=\"1200\" \/>\r\n\t<meta property=\"og:image:height\" content=\"630\" \/>\r\n\t<meta property=\"og:image:type\" content=\"image\/png\" \/>\r\n<meta name=\"twitter:card\" content=\"summary_large_image\" \/>\r\n<meta name=\"twitter:label1\" content=\"Est. reading time\" \/>\n\t<meta name=\"twitter:data1\" content=\"4 minutes\" \/>\r\n<script type=\"application\/ld+json\" class=\"yoast-schema-graph\">{\"@context\":\"https:\/\/schema.org\",\"@graph\":[{\"@type\":\"WebPage\",\"@id\":\"https:\/\/22-preview.freshtone.ru\/\",\"url\":\"https:\/\/22-preview.freshtone.ru\/\",\"name\":\"24 World - 24 World\",\"isPartOf\":{\"@id\":\"https:\/\/22-preview.freshtone.ru\/#website\"},\"datePublished\":\"2022-09-22T07:16:46+00:00\",\"dateModified\":\"2023-12-13T14:14:03+00:00\",\"breadcrumb\":{\"@id\":\"https:\/\/22-preview.freshtone.ru\/#breadcrumb\"},\"inLanguage\":\"es-ES\",\"potentialAction\":[{\"@type\":\"ReadAction\",\"target\":[\"https:\/\/22-preview.freshtone.ru\/\"]}]},{\"@type\":\"BreadcrumbList\",\"@id\":\"https:\/\/22-preview.freshtone.ru\/#breadcrumb\",\"itemListElement\":[{\"@type\":\"ListItem\",\"position\":1,\"name\":\"Home\",\"item\":\"https:\/\/22-preview.freshtone.ru\/\"},{\"@type\":\"ListItem\",\"position\":2,\"name\":\"24 World\"}]},{\"@type\":\"WebSite\",\"@id\":\"https:\/\/22-preview.freshtone.ru\/#website\",\"url\":\"https:\/\/22-preview.freshtone.ru\/\",\"name\":\"24 World\",\"description\":\"Online Forex CFD provider\",\"potentialAction\":[{\"@type\":\"SearchAction\",\"target\":{\"@type\":\"EntryPoint\",\"urlTemplate\":\"https:\/\/22-preview.freshtone.ru\/?s={search_term_string}\"},\"query-input\":\"required name=search_term_string\"}],\"inLanguage\":\"es-ES\"}]}<\/script>\r\n<!-- \/ Yoast SEO plugin. -->","yoast_head_json":{"title":"24 World - 24 World","robots":{"index":"noindex","follow":"follow","max-snippet":"max-snippet:-1","max-image-preview":"max-image-preview:large","max-video-preview":"max-video-preview:-1"},"og_locale":"es_ES","og_type":"article","og_title":"24 World - 24 World","og_url":"https:\/\/22-preview.freshtone.ru\/","og_site_name":"24 World","article_modified_time":"2023-12-13T14:14:03+00:00","og_image":[{"width":1200,"height":630,"url":"https:\/\/22-preview.freshtone.ru\/wp-content\/uploads\/2022\/09\/Frame-20.png","type":"image\/png"}],"twitter_card":"summary_large_image","twitter_misc":{"Est. reading time":"4 minutes"},"schema":{"@context":"https:\/\/schema.org","@graph":[{"@type":"WebPage","@id":"https:\/\/22-preview.freshtone.ru\/","url":"https:\/\/22-preview.freshtone.ru\/","name":"24 World - 24 World","isPartOf":{"@id":"https:\/\/22-preview.freshtone.ru\/#website"},"datePublished":"2022-09-22T07:16:46+00:00","dateModified":"2023-12-13T14:14:03+00:00","breadcrumb":{"@id":"https:\/\/22-preview.freshtone.ru\/#breadcrumb"},"inLanguage":"es-ES","potentialAction":[{"@type":"ReadAction","target":["https:\/\/22-preview.freshtone.ru\/"]}]},{"@type":"BreadcrumbList","@id":"https:\/\/22-preview.freshtone.ru\/#breadcrumb","itemListElement":[{"@type":"ListItem","position":1,"name":"Home","item":"https:\/\/22-preview.freshtone.ru\/"},{"@type":"ListItem","position":2,"name":"24 World"}]},{"@type":"WebSite","@id":"https:\/\/22-preview.freshtone.ru\/#website","url":"https:\/\/22-preview.freshtone.ru\/","name":"24 World","description":"Online Forex CFD provider","potentialAction":[{"@type":"SearchAction","target":{"@type":"EntryPoint","urlTemplate":"https:\/\/22-preview.freshtone.ru\/?s={search_term_string}"},"query-input":"required name=search_term_string"}],"inLanguage":"es-ES"}]}},"_links":{"self":[{"href":"https:\/\/22-preview.freshtone.ru\/es\/wp-json\/wp\/v2\/pages\/2","targetHints":{"allow":["GET"]}}],"collection":[{"href":"https:\/\/22-preview.freshtone.ru\/es\/wp-json\/wp\/v2\/pages"}],"about":[{"href":"https:\/\/22-preview.freshtone.ru\/es\/wp-json\/wp\/v2\/types\/page"}],"author":[{"embeddable":true,"href":"https:\/\/22-preview.freshtone.ru\/es\/wp-json\/wp\/v2\/users\/1"}],"replies":[{"embeddable":true,"href":"https:\/\/22-preview.freshtone.ru\/es\/wp-json\/wp\/v2\/comments?post=2"}],"version-history":[{"count":52,"href":"https:\/\/22-preview.freshtone.ru\/es\/wp-json\/wp\/v2\/pages\/2\/revisions"}],"predecessor-version":[{"id":1182,"href":"https:\/\/22-preview.freshtone.ru\/es\/wp-json\/wp\/v2\/pages\/2\/revisions\/1182"}],"wp:attachment":[{"href":"https:\/\/22-preview.freshtone.ru\/es\/wp-json\/wp\/v2\/media?parent=2"}],"curies":[{"name":"wp","href":"https:\/\/api.w.org\/{rel}","templated":true}]}}