{"id":33,"date":"2022-09-22T14:06:31","date_gmt":"2022-09-22T11:06:31","guid":{"rendered":"http:\/\/3.test.freshtone.ru\/?page_id=33"},"modified":"2023-08-10T13:02:44","modified_gmt":"2023-08-10T10:02:44","slug":"contacts","status":"publish","type":"page","link":"https:\/\/22-preview.freshtone.ru\/es\/contacts\/","title":{"rendered":"Contactos"},"content":{"rendered":"<div class=\"intro contacts-intro\">\r\n<div class=\"container\">\r\n<h1 class=\"intro__title\">Contactos<\/h1>\r\n<\/div>\r\n<\/div>\r\n<section class=\"contacts\">\r\n<div class=\"container\">\r\n<div class=\"contacts__wrap\">\r\n<div class=\"contacts__contacts\">\r\n<h3 class=\"contacts__title\">Cont\u00e1ctenos<\/h3>\r\n<ul class=\"contacts__list\">\r\n<li><a href=\"tel:+41315202168\">+(41) 31 5202168<\/a><\/li>\r\n \t<li><a href=\"mailto:support@invest24world.com\">support@invest24world.com<\/a><\/li>\r\n \t<li>Av. des Morgines 10, 1213 Lancy, Switzerland<\/li>\r\n<\/ul>\r\n<div>Cons\u00faltenos cualquier duda que tenga, nuestro equipo de asistencia trabaja 24 horas al d\u00eda, 7 d\u00edas a la semana, y estar\u00e1\r\nencantado de ayudarle.<\/div>\r\n<\/div>\r\n<div class=\"contacts__map\"><iframe loading=\"lazy\" style=\"border: 0;\" src=\"https:\/\/www.google.com\/maps\/embed?pb=!1m18!1m12!1m3!1d2762.016602729864!2d6.109034676711201!3d46.19022828470465!2m3!1f0!2f0!3f0!3m2!1i1024!2i768!4f13.1!3m3!1m2!1s0x478c7b489860cc7f%3A0xf98dfcdcfcf868b5!2sAv.%20des%20Morgines%2010%2C%201213%20Petit-Lancy%2C%20Switzerland!5e0!3m2!1sen!2sde!4v1683110648337!5m2!1sen!2sde\" width=\"100%\" height=\"100%\" allowfullscreen=\"allowfullscreen\"><\/iframe><\/div>\r\n<\/div>\r\n<\/div>\r\n<\/section><section class=\"earn-banner\">\r\n<div class=\"container\">\r\n<div class=\"earn-banner__wrap\">\r\n<h2 class=\"earn-banner__title\">\u00a1Gana con 24 World y alcanza tus objetivos!<\/h2>\r\n<a class=\"btn btn_white\" href=\"\/\" target=\"_blank\" rel=\"noopener\">Abrir una cuenta\r\n<\/a><img decoding=\"async\" class=\"earn-banner__img\" src=\"\/wp-content\/themes\/world\/img\/earn-banner-img.png\" alt=\"earn-banner-img\" \/>\r\n\r\n<\/div>\r\n<\/div>\r\n<\/section>","protected":false},"excerpt":{"rendered":"Contactos Cont\u00e1ctenos Av. des Morgines 10, 1213 Lancy, Switzerland Cons\u00faltenos cualquier duda que tenga, nuestro equipo de asistencia trabaja 24 horas al d\u00eda, 7 d\u00edas a la semana, y estar\u00e1 encantado de ayudarle. \u00a1Gana con 24 World y alcanza tus objetivos! Abrir una cuenta","protected":false},"author":1,"featured_media":0,"parent":0,"menu_order":0,"comment_status":"closed","ping_status":"closed","template":"","meta":{"footnotes":""},"class_list":["post-33","page","type-page","status-publish","hentry","no-wpautop"],"translation":{"provider":"WPGlobus","version":"2.10.10","language":"es","enabled_languages":["en","nl","es","sv","fr"],"languages":{"en":{"title":true,"content":true,"excerpt":false},"nl":{"title":true,"content":true,"excerpt":false},"es":{"title":true,"content":true,"excerpt":false},"sv":{"title":true,"content":true,"excerpt":false},"fr":{"title":true,"content":true,"excerpt":false}}},"yoast_head":"<!-- This site is optimized with the Yoast SEO plugin v20.6 - https:\/\/yoast.com\/wordpress\/plugins\/seo\/ -->\r\n<title>Contactos - 24 World<\/title>\r\n<meta name=\"robots\" content=\"noindex, follow, max-snippet:-1, max-image-preview:large, max-video-preview:-1\" \/>\r\n<meta property=\"og:locale\" content=\"es_ES\" \/>\r\n<meta property=\"og:type\" content=\"article\" \/>\r\n<meta property=\"og:title\" content=\"Contactos - 24 World\" \/>\r\n<meta property=\"og:url\" content=\"https:\/\/22-preview.freshtone.ru\/contacts\/\" \/>\r\n<meta property=\"og:site_name\" content=\"24 World\" \/>\r\n<meta property=\"article:modified_time\" content=\"2023-08-10T10:02:44+00:00\" \/>\r\n<meta property=\"og:image\" content=\"https:\/\/22-preview.freshtone.ru\/wp-content\/uploads\/2022\/09\/Frame-20.png\" \/>\r\n\t<meta property=\"og:image:width\" content=\"1200\" \/>\r\n\t<meta property=\"og:image:height\" content=\"630\" \/>\r\n\t<meta property=\"og:image:type\" content=\"image\/png\" \/>\r\n<meta name=\"twitter:card\" content=\"summary_large_image\" \/>\r\n<meta name=\"twitter:label1\" content=\"Est. reading time\" \/>\n\t<meta name=\"twitter:data1\" content=\"1 minute\" \/>\r\n<script type=\"application\/ld+json\" class=\"yoast-schema-graph\">{\"@context\":\"https:\/\/schema.org\",\"@graph\":[{\"@type\":\"WebPage\",\"@id\":\"https:\/\/22-preview.freshtone.ru\/contacts\/\",\"url\":\"https:\/\/22-preview.freshtone.ru\/contacts\/\",\"name\":\"Contactos - 24 World\",\"isPartOf\":{\"@id\":\"https:\/\/22-preview.freshtone.ru\/#website\"},\"datePublished\":\"2022-09-22T11:06:31+00:00\",\"dateModified\":\"2023-08-10T10:02:44+00:00\",\"breadcrumb\":{\"@id\":\"https:\/\/22-preview.freshtone.ru\/contacts\/#breadcrumb\"},\"inLanguage\":\"es-ES\",\"potentialAction\":[{\"@type\":\"ReadAction\",\"target\":[\"https:\/\/22-preview.freshtone.ru\/contacts\/\"]}]},{\"@type\":\"BreadcrumbList\",\"@id\":\"https:\/\/22-preview.freshtone.ru\/contacts\/#breadcrumb\",\"itemListElement\":[{\"@type\":\"ListItem\",\"position\":1,\"name\":\"Home\",\"item\":\"https:\/\/22-preview.freshtone.ru\/\"},{\"@type\":\"ListItem\",\"position\":2,\"name\":\"Contacts\"}]},{\"@type\":\"WebSite\",\"@id\":\"https:\/\/22-preview.freshtone.ru\/#website\",\"url\":\"https:\/\/22-preview.freshtone.ru\/\",\"name\":\"24 World\",\"description\":\"Online Forex CFD provider\",\"potentialAction\":[{\"@type\":\"SearchAction\",\"target\":{\"@type\":\"EntryPoint\",\"urlTemplate\":\"https:\/\/22-preview.freshtone.ru\/?s={search_term_string}\"},\"query-input\":\"required name=search_term_string\"}],\"inLanguage\":\"es-ES\"}]}<\/script>\r\n<!-- \/ Yoast SEO plugin. -->","yoast_head_json":{"title":"Contactos - 24 World","robots":{"index":"noindex","follow":"follow","max-snippet":"max-snippet:-1","max-image-preview":"max-image-preview:large","max-video-preview":"max-video-preview:-1"},"og_locale":"es_ES","og_type":"article","og_title":"Contactos - 24 World","og_url":"https:\/\/22-preview.freshtone.ru\/contacts\/","og_site_name":"24 World","article_modified_time":"2023-08-10T10:02:44+00:00","og_image":[{"width":1200,"height":630,"url":"https:\/\/22-preview.freshtone.ru\/wp-content\/uploads\/2022\/09\/Frame-20.png","type":"image\/png"}],"twitter_card":"summary_large_image","twitter_misc":{"Est. reading time":"1 minute"},"schema":{"@context":"https:\/\/schema.org","@graph":[{"@type":"WebPage","@id":"https:\/\/22-preview.freshtone.ru\/contacts\/","url":"https:\/\/22-preview.freshtone.ru\/contacts\/","name":"Contactos - 24 World","isPartOf":{"@id":"https:\/\/22-preview.freshtone.ru\/#website"},"datePublished":"2022-09-22T11:06:31+00:00","dateModified":"2023-08-10T10:02:44+00:00","breadcrumb":{"@id":"https:\/\/22-preview.freshtone.ru\/contacts\/#breadcrumb"},"inLanguage":"es-ES","potentialAction":[{"@type":"ReadAction","target":["https:\/\/22-preview.freshtone.ru\/contacts\/"]}]},{"@type":"BreadcrumbList","@id":"https:\/\/22-preview.freshtone.ru\/contacts\/#breadcrumb","itemListElement":[{"@type":"ListItem","position":1,"name":"Home","item":"https:\/\/22-preview.freshtone.ru\/"},{"@type":"ListItem","position":2,"name":"Contacts"}]},{"@type":"WebSite","@id":"https:\/\/22-preview.freshtone.ru\/#website","url":"https:\/\/22-preview.freshtone.ru\/","name":"24 World","description":"Online Forex CFD provider","potentialAction":[{"@type":"SearchAction","target":{"@type":"EntryPoint","urlTemplate":"https:\/\/22-preview.freshtone.ru\/?s={search_term_string}"},"query-input":"required name=search_term_string"}],"inLanguage":"es-ES"}]}},"_links":{"self":[{"href":"https:\/\/22-preview.freshtone.ru\/es\/wp-json\/wp\/v2\/pages\/33","targetHints":{"allow":["GET"]}}],"collection":[{"href":"https:\/\/22-preview.freshtone.ru\/es\/wp-json\/wp\/v2\/pages"}],"about":[{"href":"https:\/\/22-preview.freshtone.ru\/es\/wp-json\/wp\/v2\/types\/page"}],"author":[{"embeddable":true,"href":"https:\/\/22-preview.freshtone.ru\/es\/wp-json\/wp\/v2\/users\/1"}],"replies":[{"embeddable":true,"href":"https:\/\/22-preview.freshtone.ru\/es\/wp-json\/wp\/v2\/comments?post=33"}],"version-history":[{"count":31,"href":"https:\/\/22-preview.freshtone.ru\/es\/wp-json\/wp\/v2\/pages\/33\/revisions"}],"predecessor-version":[{"id":787,"href":"https:\/\/22-preview.freshtone.ru\/es\/wp-json\/wp\/v2\/pages\/33\/revisions\/787"}],"wp:attachment":[{"href":"https:\/\/22-preview.freshtone.ru\/es\/wp-json\/wp\/v2\/media?parent=33"}],"curies":[{"name":"wp","href":"https:\/\/api.w.org\/{rel}","templated":true}]}}