{"id":38,"date":"2022-09-22T14:08:13","date_gmt":"2022-09-22T11:08:13","guid":{"rendered":"http:\/\/3.test.freshtone.ru\/?page_id=38"},"modified":"2023-10-10T12:13:57","modified_gmt":"2023-10-10T09:13:57","slug":"market-analytics","status":"publish","type":"page","link":"https:\/\/22-preview.freshtone.ru\/es\/analytics\/market-analytics\/","title":{"rendered":"An\u00e1lisis del mercado"},"content":{"rendered":"<div class=\"intro analytics-intro\">\r\n    <div class=\"container\">\r\n        <h1 class=\"intro__title\">An\u00e1lisis del mercado\r\n<\/h1>\r\n    <\/div>\r\n<\/div>\r\n<section class=\"def-section\">\r\n    <div class=\"container\">\r\n        <h2 class=\"def-section__title\">Consulta de mercado\r\n<\/h2>\r\n        <div class=\"def-section__subtitle\">\r\n            Estado actual del mercado de instrumentos financieros en el mercado.Proporciona un precio para un momento espec\u00edfico y\r\n            le permite ver la din\u00e1mica en diferentes per\u00edodos.\r\n\r\n        <\/div>\r\n        <div class=\"def-section__conditions\">\r\n            <script src=\"https:\/\/api.marketcheese.com\/widgets\/markets\/widget.js\"\r\n                data-config='{\"devSource\":\"WDT\",\"language\":\"en\",\"orientation\":\"auto\",\"defaultPeriod\":\"week\",\"adaptive\":true,\"groups\":[{\"name\":\"Forex\",\"symbols\":\"42,48,57,68,87\"},{\"name\":\"Futures\",\"symbols\":\"127,129,187,188\"},{\"name\":\"US Stocks\",\"symbols\":\"11,27,30,35,196\"}]}'><\/script>\r\n        <\/div>\r\n    <\/div>\r\n<\/section>\r\n<section class=\"def-section def-section_gray\">\r\n    <div class=\"container\">\r\n        <h2 class=\"def-section__title\">Presupuestos en l\u00ednea\r\n<\/h2>\r\n        <div class=\"def-section__subtitle\">\r\n        Cotizaciones de los mercados financieros con informaci\u00f3n adicional y gr\u00e1ficos\r\n\r\n        <\/div>\r\n        <div>\r\n            <script src=\"https:\/\/api.marketcheese.com\/widgets\/quotes\/widget.js\"\r\n                data-config='{\"devSource\":\"WDT\",\"language\":\"en\",\"lastColumn\":\"todayIncrement\",\"adaptive\":true,\"groups\":[{\"name\":\"Forex\",\"symbols\":\"42,48,57,68,87\"},{\"name\":\"Futures\",\"symbols\":\"127,129,187,188\"},{\"name\":\"US Stocks\",\"symbols\":\"11,27,30,35,196\"}]}'><\/script>\r\n        <\/div>\r\n    <\/div>\r\n<\/section>\r\n<section class=\"two-col\">\r\n    <div class=\"container\">\r\n        <div class=\"two-col__wrap\">\r\n            <div class=\"two-col__item\">\r\n                <h2 class=\"two-col__title\">L\u00edderes del mercado\r\n<\/h2>\r\n                <div class=\"two-col__item-subtitle\">\r\n                    Tome decisiones de negociaci\u00f3n r\u00e1pidas basadas en las puntuaciones de los l\u00edderes del mercado\r\n\r\n                <\/div>\r\n                <div>\r\n                    <script src=\"https:\/\/api.marketcheese.com\/widgets\/leaders\/widget.js\"\r\n                        data-config='{\"language\":\"en\",\"devSource\":\"WDT\"}'><\/script>\r\n                <\/div>\r\n            <\/div>\r\n            <div class=\"two-col__item\">\r\n                <h2 class=\"two-col__title\">Hechos relevantes\r\n<\/h2>\r\n                <div class=\"two-col__item-subtitle\">\r\n                    Principales acontecimientos econ\u00f3micos mundiales y reacci\u00f3n de los mercados en tiempo real\r\n\r\n                <\/div>\r\n                <div>\r\n                    <script src=\"https:\/\/api.marketcheese.com\/widgets\/notifier\/widget.js\"\r\n                        data-config='{\"language\":\"en\",\"period\":\"all\",\"multipleIndicators\":true,\"adaptive\":true,\"devSource\":\"WDT\"}'><\/script>\r\n                <\/div>\r\n            <\/div>\r\n        <\/div>\r\n    <\/div>\r\n<\/section>\r\n<section class=\"def-section def-section_gray\">\r\n    <div class=\"container\">\r\n        <h2 class=\"def-section__title\">Previsiones de mercado\r\n<\/h2>\r\n        <div class=\"def-section__subtitle\">\r\n        Ideas comerciales, predicciones, hip\u00f3tesis y resultados de an\u00e1lisis de operadores y analistas de todo el mundo.\r\n\r\n        <\/div>\r\n        <div>\r\n            <script src=\"https:\/\/api.marketcheese.com\/widgets\/forecasts\/widget.js\"\r\n                data-config='{\"language\":\"en\",\"orientation\":\"horizontal\",\"maxRows\":2,\"devSource\":\"WDT\"}'><\/script>\r\n        <\/div>\r\n    <\/div>\r\n<\/section>\r\n<section class=\"def-section def-section_chart\">\r\n    <div class=\"container\">\r\n        <h2 class=\"def-section__title\">Gr\u00e1ficos en l\u00ednea\r\n<\/h2>\r\n        <div class=\"def-section__subtitle\">\r\n            Utilizar la principal herramienta de los operadores: el an\u00e1lisis t\u00e9cnico en el gr\u00e1fico de un instrumento financiero.\r\n\r\n        <\/div>\r\n        <div>\r\n            <script src=\"https:\/\/api.marketcheese.com\/widgets\/chart\/widget.js\"\r\n                data-config='{\"timeframe\":\"H1\",\"barStyle\":\"Candle\",\"offset\":30,\"colorScheme\":\"light\",\"language\":\"en\",\"symbolsEnabled\":true,\"showTools\":true,\"symbol\":\"EURUSD\",\"devSource\":\"WDT\"}'><\/script>\r\n        <\/div>\r\n    <\/div>\r\n<\/section>","protected":false},"excerpt":{"rendered":"An\u00e1lisis del mercado Consulta de mercado Estado actual del mercado de instrumentos financieros en el mercado.Proporciona un precio para un momento espec\u00edfico y le permite ver la din\u00e1mica en diferentes per\u00edodos. Presupuestos en l\u00ednea Cotizaciones de los mercados financieros con informaci\u00f3n adicional y gr\u00e1ficos L\u00edderes del mercado Tome decisiones de negociaci\u00f3n r\u00e1pidas basadas en las [&hellip;]","protected":false},"author":1,"featured_media":0,"parent":36,"menu_order":0,"comment_status":"closed","ping_status":"closed","template":"","meta":{"footnotes":""},"class_list":["post-38","page","type-page","status-publish","hentry","no-wpautop"],"translation":{"provider":"WPGlobus","version":"2.10.10","language":"es","enabled_languages":["en","nl","es","sv","fr"],"languages":{"en":{"title":true,"content":true,"excerpt":false},"nl":{"title":true,"content":true,"excerpt":false},"es":{"title":true,"content":true,"excerpt":false},"sv":{"title":true,"content":true,"excerpt":false},"fr":{"title":true,"content":true,"excerpt":false}}},"yoast_head":"<!-- This site is optimized with the Yoast SEO plugin v20.6 - https:\/\/yoast.com\/wordpress\/plugins\/seo\/ -->\r\n<title>An\u00e1lisis del mercado - 24 World<\/title>\r\n<meta name=\"robots\" content=\"noindex, follow, max-snippet:-1, max-image-preview:large, max-video-preview:-1\" \/>\r\n<meta property=\"og:locale\" content=\"es_ES\" \/>\r\n<meta property=\"og:type\" content=\"article\" \/>\r\n<meta property=\"og:title\" content=\"An\u00e1lisis del mercado - 24 World\" \/>\r\n<meta property=\"og:url\" content=\"https:\/\/22-preview.freshtone.ru\/analytics\/market-analytics\/\" \/>\r\n<meta property=\"og:site_name\" content=\"24 World\" \/>\r\n<meta property=\"article:modified_time\" content=\"2023-10-10T09:13:57+00:00\" \/>\r\n<meta property=\"og:image\" content=\"https:\/\/22-preview.freshtone.ru\/wp-content\/uploads\/2022\/09\/Frame-20.png\" \/>\r\n\t<meta property=\"og:image:width\" content=\"1200\" \/>\r\n\t<meta property=\"og:image:height\" content=\"630\" \/>\r\n\t<meta property=\"og:image:type\" content=\"image\/png\" \/>\r\n<meta name=\"twitter:card\" content=\"summary_large_image\" \/>\r\n<meta name=\"twitter:label1\" content=\"Est. reading time\" \/>\n\t<meta name=\"twitter:data1\" content=\"1 minute\" \/>\r\n<script type=\"application\/ld+json\" class=\"yoast-schema-graph\">{\"@context\":\"https:\/\/schema.org\",\"@graph\":[{\"@type\":\"WebPage\",\"@id\":\"https:\/\/22-preview.freshtone.ru\/analytics\/market-analytics\/\",\"url\":\"https:\/\/22-preview.freshtone.ru\/analytics\/market-analytics\/\",\"name\":\"An\u00e1lisis del mercado - 24 World\",\"isPartOf\":{\"@id\":\"https:\/\/22-preview.freshtone.ru\/#website\"},\"datePublished\":\"2022-09-22T11:08:13+00:00\",\"dateModified\":\"2023-10-10T09:13:57+00:00\",\"breadcrumb\":{\"@id\":\"https:\/\/22-preview.freshtone.ru\/analytics\/market-analytics\/#breadcrumb\"},\"inLanguage\":\"es-ES\",\"potentialAction\":[{\"@type\":\"ReadAction\",\"target\":[\"https:\/\/22-preview.freshtone.ru\/analytics\/market-analytics\/\"]}]},{\"@type\":\"BreadcrumbList\",\"@id\":\"https:\/\/22-preview.freshtone.ru\/analytics\/market-analytics\/#breadcrumb\",\"itemListElement\":[{\"@type\":\"ListItem\",\"position\":1,\"name\":\"Home\",\"item\":\"https:\/\/22-preview.freshtone.ru\/\"},{\"@type\":\"ListItem\",\"position\":2,\"name\":\"Analytics\",\"item\":\"https:\/\/22-preview.freshtone.ru\/analytics\/\"},{\"@type\":\"ListItem\",\"position\":3,\"name\":\"Market analytics\"}]},{\"@type\":\"WebSite\",\"@id\":\"https:\/\/22-preview.freshtone.ru\/#website\",\"url\":\"https:\/\/22-preview.freshtone.ru\/\",\"name\":\"24 World\",\"description\":\"Online Forex CFD provider\",\"potentialAction\":[{\"@type\":\"SearchAction\",\"target\":{\"@type\":\"EntryPoint\",\"urlTemplate\":\"https:\/\/22-preview.freshtone.ru\/?s={search_term_string}\"},\"query-input\":\"required name=search_term_string\"}],\"inLanguage\":\"es-ES\"}]}<\/script>\r\n<!-- \/ Yoast SEO plugin. -->","yoast_head_json":{"title":"An\u00e1lisis del mercado - 24 World","robots":{"index":"noindex","follow":"follow","max-snippet":"max-snippet:-1","max-image-preview":"max-image-preview:large","max-video-preview":"max-video-preview:-1"},"og_locale":"es_ES","og_type":"article","og_title":"An\u00e1lisis del mercado - 24 World","og_url":"https:\/\/22-preview.freshtone.ru\/analytics\/market-analytics\/","og_site_name":"24 World","article_modified_time":"2023-10-10T09:13:57+00:00","og_image":[{"width":1200,"height":630,"url":"https:\/\/22-preview.freshtone.ru\/wp-content\/uploads\/2022\/09\/Frame-20.png","type":"image\/png"}],"twitter_card":"summary_large_image","twitter_misc":{"Est. reading time":"1 minute"},"schema":{"@context":"https:\/\/schema.org","@graph":[{"@type":"WebPage","@id":"https:\/\/22-preview.freshtone.ru\/analytics\/market-analytics\/","url":"https:\/\/22-preview.freshtone.ru\/analytics\/market-analytics\/","name":"An\u00e1lisis del mercado - 24 World","isPartOf":{"@id":"https:\/\/22-preview.freshtone.ru\/#website"},"datePublished":"2022-09-22T11:08:13+00:00","dateModified":"2023-10-10T09:13:57+00:00","breadcrumb":{"@id":"https:\/\/22-preview.freshtone.ru\/analytics\/market-analytics\/#breadcrumb"},"inLanguage":"es-ES","potentialAction":[{"@type":"ReadAction","target":["https:\/\/22-preview.freshtone.ru\/analytics\/market-analytics\/"]}]},{"@type":"BreadcrumbList","@id":"https:\/\/22-preview.freshtone.ru\/analytics\/market-analytics\/#breadcrumb","itemListElement":[{"@type":"ListItem","position":1,"name":"Home","item":"https:\/\/22-preview.freshtone.ru\/"},{"@type":"ListItem","position":2,"name":"Analytics","item":"https:\/\/22-preview.freshtone.ru\/analytics\/"},{"@type":"ListItem","position":3,"name":"Market analytics"}]},{"@type":"WebSite","@id":"https:\/\/22-preview.freshtone.ru\/#website","url":"https:\/\/22-preview.freshtone.ru\/","name":"24 World","description":"Online Forex CFD provider","potentialAction":[{"@type":"SearchAction","target":{"@type":"EntryPoint","urlTemplate":"https:\/\/22-preview.freshtone.ru\/?s={search_term_string}"},"query-input":"required name=search_term_string"}],"inLanguage":"es-ES"}]}},"_links":{"self":[{"href":"https:\/\/22-preview.freshtone.ru\/es\/wp-json\/wp\/v2\/pages\/38","targetHints":{"allow":["GET"]}}],"collection":[{"href":"https:\/\/22-preview.freshtone.ru\/es\/wp-json\/wp\/v2\/pages"}],"about":[{"href":"https:\/\/22-preview.freshtone.ru\/es\/wp-json\/wp\/v2\/types\/page"}],"author":[{"embeddable":true,"href":"https:\/\/22-preview.freshtone.ru\/es\/wp-json\/wp\/v2\/users\/1"}],"replies":[{"embeddable":true,"href":"https:\/\/22-preview.freshtone.ru\/es\/wp-json\/wp\/v2\/comments?post=38"}],"version-history":[{"count":10,"href":"https:\/\/22-preview.freshtone.ru\/es\/wp-json\/wp\/v2\/pages\/38\/revisions"}],"predecessor-version":[{"id":976,"href":"https:\/\/22-preview.freshtone.ru\/es\/wp-json\/wp\/v2\/pages\/38\/revisions\/976"}],"up":[{"embeddable":true,"href":"https:\/\/22-preview.freshtone.ru\/es\/wp-json\/wp\/v2\/pages\/36"}],"wp:attachment":[{"href":"https:\/\/22-preview.freshtone.ru\/es\/wp-json\/wp\/v2\/media?parent=38"}],"curies":[{"name":"wp","href":"https:\/\/api.w.org\/{rel}","templated":true}]}}