{"id":44,"date":"2022-09-22T14:11:39","date_gmt":"2022-09-22T11:11:39","guid":{"rendered":"http:\/\/3.test.freshtone.ru\/?page_id=44"},"modified":"2023-03-21T13:00:42","modified_gmt":"2023-03-21T10:00:42","slug":"fundamental-analysis","status":"publish","type":"page","link":"https:\/\/22-preview.freshtone.ru\/es\/analytics\/fundamental-analysis\/","title":{"rendered":"An\u00e1lisis fundamental"},"content":{"rendered":"<div class=\"intro f-analysis-intro\">\r\n    <div class=\"container\">\r\n        <h1 class=\"intro__title\">An\u00e1lisis fundamental\r\n<\/h1>\r\n    <\/div>\r\n<\/div>\r\n<section class=\"two-columns\">\r\n    <div class=\"container\">\r\n        <h2 class=\"two-columns__title\">An\u00e1lisis fundamental de divisas\r\n<\/h2>\r\n        <div class=\"two-columns__wrap\">\r\n            <div>\r\n                Como en cualquier mercado, en los mercados de capitales y monetarios los inversores arriesgan su dinero evaluando los\r\n                posibles beneficios y riesgos futuros. Al otro lado de estos mercados est\u00e1n los gobiernos, las empresas y otras\r\n                instituciones que captan fondos para sus actividades. Los participantes en el mercado eval\u00faan constantemente tanto los\r\n                beneficios potenciales que pueden obtenerse de estas inversiones como el riesgo que debe tenerse en cuenta.\r\n\r\n            <\/div>\r\n            <div>\r\n                El resultado de esta valoraci\u00f3n se ve influido por la nueva informaci\u00f3n que llega al mercado continuamente. Los cambios\r\n                en las estimaciones de beneficios\/balances de riesgo provocan cambios en los activos de negociaci\u00f3n en los mercados.\r\n                \u00bfQu\u00e9 informaci\u00f3n merece la pena vigilar?\r\n\r\n            <\/div>\r\n        <\/div>\r\n    <\/div>\r\n<\/section>\r\n<section class=\"dropdown\">\r\n    <div class=\"container\">\r\n        <h2 class=\"dropdown__title\">Tipos de informaci\u00f3n que pueden seguirse\r\n<\/h2>\r\n        <div class=\"dropdown__list\">\r\n            <div class=\"dropdown__item\">\r\n                <h3 class=\"dropdown__item-title\">Pol\u00edtica monetaria\r\n<\/h3>\r\n                <div class=\"dropdown__item-text\">\r\n                    La pol\u00edtica monetaria mantenida por los bancos centrales afecta directamente a los mercados de capitales y monetarios\r\n                    porque regula la oferta de dinero y, por tanto, afecta directamente a su valor.\r\n\r\n                <\/div>\r\n            <\/div>\r\n            <div class=\"dropdown__item\">\r\n                <h3 class=\"dropdown__item-title\">La relaci\u00f3n econ\u00f3mica\r\n<\/h3>\r\n                <div class=\"dropdown__item-text\">\r\n                    Las relaciones econ\u00f3micas tienen un gran impacto en c\u00f3mo los inversores perciben los mercados locales. Si un pa\u00eds tiene\r\n                    unas relaciones comerciales s\u00f3lidas, los inversores lo consideran econ\u00f3micamente estable y con posibilidades de obtener\r\n                    mayores beneficios.\r\n\r\n                <\/div>\r\n            <\/div>\r\n            <div class=\"dropdown__item\">\r\n                <h3 class=\"dropdown__item-title\">Informes de situaci\u00f3n\/empresa\r\n<\/h3>\r\n                <div class=\"dropdown__item-text\">\r\n                    Un factor importante que afecta a los mercados de capitales es la situaci\u00f3n econ\u00f3mica actual de cada empresa. Una\r\n                    situaci\u00f3n econ\u00f3mica positiva de una empresa puede animar a los inversores a invertir su capital en sus acciones. Una\r\n                    mala situaci\u00f3n econ\u00f3mica, a su vez, obliga a los inversores a trasladar sus activos a otras empresas y\/o a retirar\r\n                    finalmente el capital de ese pa\u00eds.\r\n\r\n                <\/div>\r\n            <\/div>\r\n            <div class=\"dropdown__item\">\r\n                <h3 class=\"dropdown__item-title\">Legislaci\u00f3n e impuestos\r\n<\/h3>\r\n                <div class=\"dropdown__item-text\">\r\n                Los actos jur\u00eddicos, ya sean locales o internacionales, pueden tener efectos a medio o largo plazo en los mercados de\r\n                capitales. Los actos jur\u00eddicos pueden crear barreras, o viceversa, servir de inspiraci\u00f3n para la inversi\u00f3n econ\u00f3mica\r\n                extranjera.\r\n\r\n                <\/div>\r\n            <\/div>\r\n            <div class=\"dropdown__item\">\r\n                <h3 class=\"dropdown__item-title\">Condiciones meteorol\u00f3gicas\r\n<\/h3>\r\n                <div class=\"dropdown__item-text\">\r\n                    Condiciones meteorol\u00f3gicasEl tiempo tiene un impacto directo en los precios de los productos b\u00e1sicos, lo que a su vez\r\n                    afecta a las empresas que utilizan estos productos como materias primas. El aumento de los precios de los productos\r\n                    b\u00e1sicos tambi\u00e9n incrementa el coste de producci\u00f3n. Esto, a su vez, dependiendo del tipo de negocio y empresa, conduce a\r\n                    menores beneficios y tiene un impacto negativo en las cuentas de la empresa. El empeoramiento de la situaci\u00f3n econ\u00f3mica\r\n                    provoca una ca\u00edda de los precios de las acciones, lo que a su vez obliga a los inversores a retirar capital de esa\r\n                    empresa.\r\n\r\n                <\/div>\r\n            <\/div>\r\n            <div class=\"dropdown__item\">\r\n                <h3 class=\"dropdown__item-title\">La situaci\u00f3n pol\u00edtica\r\n<\/h3>\r\n                <div class=\"dropdown__item-text\">\r\n                    Las situaciones o condiciones pol\u00edticas tienen un impacto significativo en los mercados de capitales. Cuando un pa\u00eds\r\n                    tiene una situaci\u00f3n pol\u00edtica estable (pol\u00edtica exterior o interior &#8211; internacional), los inversores se sienten c\u00f3modos\r\n                    invirtiendo en ese pa\u00eds. En cambio, en tiempos de inestabilidad pol\u00edtica, los operadores pueden reaccionar retirando\r\n                    dinero de ese mercado o regi\u00f3n.\r\n\r\n                <\/div>\r\n            <\/div>\r\n            <div class=\"dropdown__item\">\r\n                <h3 class=\"dropdown__item-title\">Recesi\u00f3n econ\u00f3mica\r\n<\/h3>\r\n                <div class=\"dropdown__item-text\">\r\n                Una recesi\u00f3n econ\u00f3mica puede tener or\u00edgenes muy diversos. Puede ser financiera (por ejemplo, crisis bancaria),\r\n                relacionada con las materias primas (por ejemplo, crisis del petr\u00f3leo), pol\u00edtica, etc. Es habitual que durante una\r\n                recesi\u00f3n la gente tienda a retirar capital del mercado para &#8220;salvarse del peor momento&#8221;. Por tanto, los sectores m\u00e1s\r\n                expuestos al riesgo son la banca y las finanzas, los viajes, la automoci\u00f3n, etc.\r\n\r\n                <\/div>\r\n            <\/div>\r\n            <div class=\"dropdown__item\">\r\n                <h3 class=\"dropdown__item-title\">Crecimiento econ\u00f3mico\r\n<\/h3>\r\n                <div class=\"dropdown__item-text\">\r\nLa situaci\u00f3n de crecimiento econ\u00f3mico en un pa\u00eds o regi\u00f3n es favorable para las empresas que venden sus productos a los\r\nconsumidores de esa zona. Por lo general, el crecimiento econ\u00f3mico significa que los consumidores son m\u00e1s optimistas y\r\nse encuentran en una mejor posici\u00f3n econ\u00f3mica, por lo que pueden permitirse m\u00e1s y est\u00e1n predispuestos a realizar compras\r\nreales. El aumento previsto de los beneficios de las empresas que venden cada vez m\u00e1s de sus productos puede atraer a\r\ninversores locales y extranjeros que crean demanda, cuya consecuencia es un aumento del precio de las acciones de la\r\nempresa.\r\n\r\n                <\/div>\r\n            <\/div>\r\n            <div class=\"dropdown__item\">\r\n                <h3 class=\"dropdown__item-title\">Confianza\r\n<\/h3>\r\n                <div class=\"dropdown__item-text\">\r\n                    El indicador de confianza refleja el panorama general de c\u00f3mo los residentes de un pa\u00eds perciben las perspectivas de\r\n                    futuro. Tambi\u00e9n es uno de los factores que tienen en cuenta los bancos centrales a la hora de configurar su pol\u00edtica\r\n                    monetaria. En general, una confianza elevada significa que los clientes son m\u00e1s optimistas y est\u00e1n dispuestos a gastar\r\n                    m\u00e1s en consumo y, en consecuencia, las empresas podr\u00e1n vender m\u00e1s productos y generar mayores beneficios. En\r\n                    consecuencia, las perspectivas de futuro atractivas de las empresas pueden atraer a los inversores, que creen que los\r\n                    precios de las acciones subir\u00e1n en el futuro.\r\n\r\n                <\/div>\r\n            <\/div>\r\n            <div class=\"dropdown__item\">\r\n                <h3 class=\"dropdown__item-title\">Eventos\r\n<\/h3>\r\n                <div class=\"dropdown__item-text\">\r\n                    Los acontecimientos puntuales pueden tener un impacto significativo en los mercados de capitales. Un buen ejemplo es la\r\n                    organizaci\u00f3n de los Juegos Ol\u00edmpicos, que requiere grandes inversiones en infraestructuras para atraer turistas a la\r\n                    regi\u00f3n, y que supone un incentivo positivo para las empresas implicadas. Por otro lado est\u00e1n los acontecimientos\r\n                    negativos, como los atentados terroristas. Por supuesto, se trata de acontecimientos poco frecuentes, pero poco despu\u00e9s\r\n                    del atentado terrorista del 11 de septiembre en EE.UU., los principales mercados burs\u00e1tiles se cerraron debido a las\r\n                    nefastas consecuencias para el mercado de capitales. Los acontecimientos en una empresa no suelen afectar a los mercados\r\n                    en general, aunque hay excepciones. Un ejemplo de tal excepci\u00f3n es el caso Enron, en el que m\u00e1s de 20.000 empleados\r\n                    fueron despedidos debido a acusaciones de fraude financiero, tras lo cual ENRON quebr\u00f3. Lo que importa no es el n\u00famero\r\n                    de empleados despedidos, sino la envergadura de la empresa, al tratarse de una de las principales compa\u00f1\u00edas energ\u00e9ticas.\r\n                    Los inversores deben seguir los acontecimientos con atenci\u00f3n, ya que las consecuencias en los mercados de capitales no\r\n                    siempre son previsibles.\r\n\r\n                <\/div>\r\n            <\/div>\r\n            <div class=\"dropdown__item\">\r\n                <h3 class=\"dropdown__item-title\">Predicciones de los expertos\r\n<\/h3>\r\n                <div class=\"dropdown__item-text\">\r\n                    Las predicciones de los expertos pueden coincidir o contradecir las expectativas de los inversores. No suelen tener un\r\n                    impacto directo en los mercados de capitales, pero el sentimiento del mercado puede verse afectado cuando los &#8220;expertos&#8221;\r\n                    representan a autoridades nacionales, ya sean pol\u00edticas o monetarias. Cuando las autoridades monetarias hacen\r\n                    declaraciones sobre la econom\u00eda en su conjunto, pueden dar se\u00f1ales sobre futuros discursos o pistas sobre el futuro de\r\n                    la pol\u00edtica monetaria. Esto, a su vez, puede afectar a la oferta monetaria y al tipo de inter\u00e9s (siendo este \u00faltimo el\r\n                    factor m\u00e1s interesante para los inversores extranjeros). Si tiene alguna duda sobre la especificaci\u00f3n de los\r\n                    instrumentos y los mecanismos de mercado, consulte a un asesor financiero independiente.\r\n\r\n                <\/div>\r\n            <\/div>\r\n        <\/div>\r\n    <\/div>\r\n<\/section>","protected":false},"excerpt":{"rendered":"An\u00e1lisis fundamental An\u00e1lisis fundamental de divisas Como en cualquier mercado, en los mercados de capitales y monetarios los inversores arriesgan su dinero evaluando los posibles beneficios y riesgos futuros. Al otro lado de estos mercados est\u00e1n los gobiernos, las empresas y otras instituciones que captan fondos para sus actividades. Los participantes en el mercado eval\u00faan [&hellip;]","protected":false},"author":1,"featured_media":0,"parent":36,"menu_order":0,"comment_status":"closed","ping_status":"closed","template":"","meta":{"footnotes":""},"class_list":["post-44","page","type-page","status-publish","hentry","no-wpautop"],"translation":{"provider":"WPGlobus","version":"2.10.10","language":"es","enabled_languages":["en","nl","es","sv","fr"],"languages":{"en":{"title":true,"content":true,"excerpt":false},"nl":{"title":true,"content":true,"excerpt":false},"es":{"title":true,"content":true,"excerpt":false},"sv":{"title":true,"content":true,"excerpt":false},"fr":{"title":true,"content":true,"excerpt":false}}},"yoast_head":"<!-- This site is optimized with the Yoast SEO plugin v20.6 - https:\/\/yoast.com\/wordpress\/plugins\/seo\/ -->\r\n<title>An\u00e1lisis fundamental - 24 World<\/title>\r\n<meta name=\"robots\" content=\"noindex, follow, max-snippet:-1, max-image-preview:large, max-video-preview:-1\" \/>\r\n<meta property=\"og:locale\" content=\"es_ES\" \/>\r\n<meta property=\"og:type\" content=\"article\" \/>\r\n<meta property=\"og:title\" content=\"An\u00e1lisis fundamental - 24 World\" \/>\r\n<meta property=\"og:url\" content=\"https:\/\/22-preview.freshtone.ru\/analytics\/fundamental-analysis\/\" \/>\r\n<meta property=\"og:site_name\" content=\"24 World\" \/>\r\n<meta property=\"article:modified_time\" content=\"2023-03-21T10:00:42+00:00\" \/>\r\n<meta property=\"og:image\" content=\"https:\/\/22-preview.freshtone.ru\/wp-content\/uploads\/2022\/09\/Frame-20.png\" \/>\r\n\t<meta property=\"og:image:width\" content=\"1200\" \/>\r\n\t<meta property=\"og:image:height\" content=\"630\" \/>\r\n\t<meta property=\"og:image:type\" content=\"image\/png\" \/>\r\n<meta name=\"twitter:card\" content=\"summary_large_image\" \/>\r\n<meta name=\"twitter:label1\" content=\"Est. reading time\" \/>\n\t<meta name=\"twitter:data1\" content=\"26 minutes\" \/>\r\n<script type=\"application\/ld+json\" class=\"yoast-schema-graph\">{\"@context\":\"https:\/\/schema.org\",\"@graph\":[{\"@type\":\"WebPage\",\"@id\":\"https:\/\/22-preview.freshtone.ru\/analytics\/fundamental-analysis\/\",\"url\":\"https:\/\/22-preview.freshtone.ru\/analytics\/fundamental-analysis\/\",\"name\":\"An\u00e1lisis fundamental - 24 World\",\"isPartOf\":{\"@id\":\"https:\/\/22-preview.freshtone.ru\/#website\"},\"datePublished\":\"2022-09-22T11:11:39+00:00\",\"dateModified\":\"2023-03-21T10:00:42+00:00\",\"breadcrumb\":{\"@id\":\"https:\/\/22-preview.freshtone.ru\/analytics\/fundamental-analysis\/#breadcrumb\"},\"inLanguage\":\"es-ES\",\"potentialAction\":[{\"@type\":\"ReadAction\",\"target\":[\"https:\/\/22-preview.freshtone.ru\/analytics\/fundamental-analysis\/\"]}]},{\"@type\":\"BreadcrumbList\",\"@id\":\"https:\/\/22-preview.freshtone.ru\/analytics\/fundamental-analysis\/#breadcrumb\",\"itemListElement\":[{\"@type\":\"ListItem\",\"position\":1,\"name\":\"Home\",\"item\":\"https:\/\/22-preview.freshtone.ru\/\"},{\"@type\":\"ListItem\",\"position\":2,\"name\":\"Analytics\",\"item\":\"https:\/\/22-preview.freshtone.ru\/analytics\/\"},{\"@type\":\"ListItem\",\"position\":3,\"name\":\"Fundamental analysis\"}]},{\"@type\":\"WebSite\",\"@id\":\"https:\/\/22-preview.freshtone.ru\/#website\",\"url\":\"https:\/\/22-preview.freshtone.ru\/\",\"name\":\"24 World\",\"description\":\"Online Forex CFD provider\",\"potentialAction\":[{\"@type\":\"SearchAction\",\"target\":{\"@type\":\"EntryPoint\",\"urlTemplate\":\"https:\/\/22-preview.freshtone.ru\/?s={search_term_string}\"},\"query-input\":\"required name=search_term_string\"}],\"inLanguage\":\"es-ES\"}]}<\/script>\r\n<!-- \/ Yoast SEO plugin. -->","yoast_head_json":{"title":"An\u00e1lisis fundamental - 24 World","robots":{"index":"noindex","follow":"follow","max-snippet":"max-snippet:-1","max-image-preview":"max-image-preview:large","max-video-preview":"max-video-preview:-1"},"og_locale":"es_ES","og_type":"article","og_title":"An\u00e1lisis fundamental - 24 World","og_url":"https:\/\/22-preview.freshtone.ru\/analytics\/fundamental-analysis\/","og_site_name":"24 World","article_modified_time":"2023-03-21T10:00:42+00:00","og_image":[{"width":1200,"height":630,"url":"https:\/\/22-preview.freshtone.ru\/wp-content\/uploads\/2022\/09\/Frame-20.png","type":"image\/png"}],"twitter_card":"summary_large_image","twitter_misc":{"Est. reading time":"26 minutes"},"schema":{"@context":"https:\/\/schema.org","@graph":[{"@type":"WebPage","@id":"https:\/\/22-preview.freshtone.ru\/analytics\/fundamental-analysis\/","url":"https:\/\/22-preview.freshtone.ru\/analytics\/fundamental-analysis\/","name":"An\u00e1lisis fundamental - 24 World","isPartOf":{"@id":"https:\/\/22-preview.freshtone.ru\/#website"},"datePublished":"2022-09-22T11:11:39+00:00","dateModified":"2023-03-21T10:00:42+00:00","breadcrumb":{"@id":"https:\/\/22-preview.freshtone.ru\/analytics\/fundamental-analysis\/#breadcrumb"},"inLanguage":"es-ES","potentialAction":[{"@type":"ReadAction","target":["https:\/\/22-preview.freshtone.ru\/analytics\/fundamental-analysis\/"]}]},{"@type":"BreadcrumbList","@id":"https:\/\/22-preview.freshtone.ru\/analytics\/fundamental-analysis\/#breadcrumb","itemListElement":[{"@type":"ListItem","position":1,"name":"Home","item":"https:\/\/22-preview.freshtone.ru\/"},{"@type":"ListItem","position":2,"name":"Analytics","item":"https:\/\/22-preview.freshtone.ru\/analytics\/"},{"@type":"ListItem","position":3,"name":"Fundamental analysis"}]},{"@type":"WebSite","@id":"https:\/\/22-preview.freshtone.ru\/#website","url":"https:\/\/22-preview.freshtone.ru\/","name":"24 World","description":"Online Forex CFD provider","potentialAction":[{"@type":"SearchAction","target":{"@type":"EntryPoint","urlTemplate":"https:\/\/22-preview.freshtone.ru\/?s={search_term_string}"},"query-input":"required name=search_term_string"}],"inLanguage":"es-ES"}]}},"_links":{"self":[{"href":"https:\/\/22-preview.freshtone.ru\/es\/wp-json\/wp\/v2\/pages\/44","targetHints":{"allow":["GET"]}}],"collection":[{"href":"https:\/\/22-preview.freshtone.ru\/es\/wp-json\/wp\/v2\/pages"}],"about":[{"href":"https:\/\/22-preview.freshtone.ru\/es\/wp-json\/wp\/v2\/types\/page"}],"author":[{"embeddable":true,"href":"https:\/\/22-preview.freshtone.ru\/es\/wp-json\/wp\/v2\/users\/1"}],"replies":[{"embeddable":true,"href":"https:\/\/22-preview.freshtone.ru\/es\/wp-json\/wp\/v2\/comments?post=44"}],"version-history":[{"count":6,"href":"https:\/\/22-preview.freshtone.ru\/es\/wp-json\/wp\/v2\/pages\/44\/revisions"}],"predecessor-version":[{"id":276,"href":"https:\/\/22-preview.freshtone.ru\/es\/wp-json\/wp\/v2\/pages\/44\/revisions\/276"}],"up":[{"embeddable":true,"href":"https:\/\/22-preview.freshtone.ru\/es\/wp-json\/wp\/v2\/pages\/36"}],"wp:attachment":[{"href":"https:\/\/22-preview.freshtone.ru\/es\/wp-json\/wp\/v2\/media?parent=44"}],"curies":[{"name":"wp","href":"https:\/\/api.w.org\/{rel}","templated":true}]}}