{"id":46,"date":"2022-09-22T14:12:39","date_gmt":"2022-09-22T11:12:39","guid":{"rendered":"http:\/\/3.test.freshtone.ru\/?page_id=46"},"modified":"2023-03-21T13:01:41","modified_gmt":"2023-03-21T10:01:41","slug":"technical-analysis","status":"publish","type":"page","link":"https:\/\/22-preview.freshtone.ru\/es\/analytics\/technical-analysis\/","title":{"rendered":"An\u00e1lisis t\u00e9cnico"},"content":{"rendered":"<div class=\"intro t-analysis-intro\">\r\n    <div class=\"container\">\r\n        <h1 class=\"intro__title\">An\u00e1lisis t\u00e9cnico<\/h1>\r\n    <\/div>\r\n<\/div>\r\n<section class=\"two-columns\">\r\n    <div class=\"container\">\r\n        <h2 class=\"two-columns__title\">An\u00e1lisis t\u00e9cnico de divisas\r\n<\/h2>\r\n        <div class=\"two-columns__wrap\">\r\n            <div>\r\n                Se trata de identificar el momento m\u00e1s oportuno para entrar en el mercado con el fin de &#8220;comprar barato, vender caro&#8221;:\r\n                puede ser encontrar un punto de inversi\u00f3n de la tendencia, determinar si su direcci\u00f3n es adecuada para entrar en el\r\n                mercado en ese momento o, por ejemplo, identificar oportunidades potenciales para ganar dinero incluso durante un\r\n                periodo plano. Es posible ganar en una tendencia alcista o alcista, as\u00ed como en una inversi\u00f3n temporal (correcci\u00f3n).\r\n\r\n            <\/div>\r\n            <div>\r\n                En caso de una reversi\u00f3n inesperada del precio en contra de las operaciones abiertas, el operador tiene que determinar\r\n                al menos una hora aproximada de cierre de las operaciones con beneficios. Para ello utiliza el cierre manual, las\r\n                \u00f3rdenes Stop Loss (fijaci\u00f3n de p\u00e9rdidas) y Take Profit (beneficios). La b\u00fasqueda del punto de cierre se realiza sobre la\r\n                base de las mismas reglas del an\u00e1lisis t\u00e9cnico.\r\n\r\n            <\/div>\r\n        <\/div>\r\n    <\/div>\r\n<\/section>\r\n<section class=\"b-rules\">\r\n    <div class=\"container\">\r\n        <h2 class=\"b-rules__title\">Reglas b\u00e1sicas del an\u00e1lisis t\u00e9cnico\r\n<\/h2>\r\n        <div class=\"b-rules__2col\">\r\n            <div>\r\n                Para facilitar el uso del an\u00e1lisis t\u00e9cnico, el per\u00edodo de negociaci\u00f3n desde el inicio de la negociaci\u00f3n el lunes hasta\r\n                su finalizaci\u00f3n el viernes se divide en marcos temporales iguales. Permiten analizar los par\u00e1metros m\u00e1s importantes.\r\n\r\n            <\/div>\r\n            <div>\r\n                Incluyen el precio en la apertura\/cierre del periodo, el precio m\u00ednimo\/m\u00e1ximo y los vol\u00famenes.Las reglas b\u00e1sicas del\r\n                an\u00e1lisis t\u00e9cnico son la base de casi cualquier estrategia de negociaci\u00f3n.\r\n\r\n            <\/div>\r\n        <\/div>\r\n        <div class=\"b-rules__3col\">\r\n            <div class=\"b-rules__3col-item\">\r\n                <h3>Los precios incluyen todo\r\n<\/h3>\r\n                <div>\r\nEn ellas influye absolutamente cualquier factor pol\u00edtico o econ\u00f3mico (a veces incluso clim\u00e1tico). El grado de influencia\r\ndepende de la importancia para el pa\u00eds cuya moneda se negocia\r\n\r\n                <\/div>\r\n            <\/div>\r\n            <div class=\"b-rules__3col-item\">\r\n                <h3>Sujeci\u00f3n de los precios a las tendencias\r\n<\/h3>\r\n                <div>\r\n                    El valor de las divisas cambia constantemente. En consecuencia, los pares de divisas suben y bajan de valor. Durante\r\n                    ciertos periodos puede haber un flat &#8211; un momento de incertidumbre, en el que el precio no var\u00eda mucho con el tiempo\r\n\r\n                <\/div>\r\n            <\/div>\r\n            <div class=\"b-rules__3col-item\">\r\n                <h3>La historia se repite\r\n<\/h3>\r\n                <div>\r\n                    Inversi\u00f3n de tendencia, se observan condiciones de mercado planas en los mismos niveles de precios. Una vez que una\r\n                    tendencia puede repetirse muchas veces, que los comerciantes utilizan en sus sistemas de comercio.\r\n                <\/div>\r\n            <\/div>\r\n        <\/div>\r\n    <\/div>\r\n<\/section>\r\n<section class=\"dropdown\">\r\n    <div class=\"container\">\r\n        <h2 class=\"dropdown__title\">Fundamentos del an\u00e1lisis t\u00e9cnico\r\n<\/h2>\r\n        <div class=\"dropdown__list\">\r\n            <div class=\"dropdown__item\">\r\n                <h3 class=\"dropdown__item-title\">Plazos est\u00e1ndar y no est\u00e1ndar\r\n<\/h3>\r\n                <div class=\"dropdown__item-text\">\r\n                    La plataforma de negociaci\u00f3n ofrece varios marcos temporales est\u00e1ndar, desde M1 (minuto) hasta MN (mes). El gr\u00e1fico se\r\n                    divide en nueve marcos temporales, adem\u00e1s de los ya mencionados M5, M15, M30, H1, H4, D1 y W1. La din\u00e1mica del cambio\r\n                    visual del precio depende del periodo elegido. Los sistemas de negociaci\u00f3n a corto plazo utilizan plazos no superiores a\r\n                    M30. A veces, los operadores utilizan plazos no est\u00e1ndar. Su tarea es compensar las desventajas de los valores t\u00edpicos.\r\n                    Por ejemplo, si el indicador en H1 muestra un valor retrasado, y en M30 est\u00e1 &#8220;apurado&#8221;. Es de suponer que el &#8220;valor\r\n                    medio&#8221;, es decir, el marco temporal M45 deber\u00eda mostrar el momento m\u00e1s preciso para abrir operaciones.\r\n\r\n                <\/div>\r\n            <\/div>\r\n            <div class=\"dropdown__item\">\r\n                <h3 class=\"dropdown__item-title\">Herramientas de an\u00e1lisis t\u00e9cnico\r\n<\/h3>\r\n                <div class=\"dropdown__item-text\">\r\n                    <p>La repetici\u00f3n peri\u00f3dica de acontecimientos anteriores permite prepararse para ellos, detectando una tendencia para\r\n                    volver a tiempo a posiciones anteriores y obtener beneficios. El operador dispone de muchas herramientas: niveles de\r\n                    soporte\/resistencia, canales ascendentes y descendentes. El terminal tiene incorporadas funciones para dibujar las\r\n                    l\u00edneas necesarias en el gr\u00e1fico del par de divisas, se puede acceder a ellas desde el panel &#8220;Herramientas de gr\u00e1ficos&#8221;.\r\n<\/p>\r\n                    <p>Adem\u00e1s de las l\u00edneas est\u00e1ndar, hay herramientas disponibles:\r\n<\/p>\r\n                    <p>Cuadr\u00edcula, abanico, arcos, husos horarios, canal Fibonacci de Gann.\r\n<\/p>\r\n                    <p>Fila de Fourier\r\n<\/p>\r\n                    <p>Estos &#8220;complementos&#8221; de negociaci\u00f3n son un intento de predecir matem\u00e1ticamente los movimientos posteriores de los\r\n                    precios bas\u00e1ndose en el an\u00e1lisis t\u00e9cnico de la din\u00e1mica anterior de la tendencia del mercado. El uso de herramientas de\r\n                    canal le permite operar en momentos de inversi\u00f3n del precio dentro de un canal, teniendo en cuenta la tendencia actual.\r\n                    Las l\u00edneas de canal muestran d\u00f3nde es m\u00e1s probable que se produzca una correcci\u00f3n si el precio se mueve en contra de la\r\n                    tendencia, las l\u00edneas de soporte\/resistencia muestran d\u00f3nde es probable que se produzca un cambio de tendencia, el\r\n                    comienzo de una correcci\u00f3n prolongada. Todas las herramientas de an\u00e1lisis t\u00e9cnico se basan en c\u00e1lculos matem\u00e1ticos y se\r\n                    utilizan principalmente como base para determinar la tendencia, y m\u00e1s concretamente el momento de entrar en el mercado\r\n                    viene determinado por los indicadores.\r\n<\/p>\r\n                <\/div>\r\n            <\/div>\r\n            <div class=\"dropdown__item\">\r\n                <h3 class=\"dropdown__item-title\">Uso de las velas japonesas\r\n<\/h3>\r\n                <div class=\"dropdown__item-text\">\r\n<p>La divisa el an\u00e1lisis implica el seguimiento de los componentes de velas japonesas, tales como:<\/p>\r\n<p>El cuerpo de la vela. El color indica la direcci\u00f3n del movimiento del precio. Por defecto, el color blanco se utiliza\r\n    para las velas alcistas y el negro para las bajistas.<\/p>\r\n<p>El tama\u00f1o de la vela. Indica la fuerza de la presi\u00f3n vendedora\/compradora. Se encuentran velas esquivas cuando el\r\n    precio de apertura es igual al precio de cierre.<\/p>\r\n<p>La presencia de una cola y su tama\u00f1o. Refleja la indecisi\u00f3n de los vendedores\/compradores en el mercado, lo que\r\n    provoca la volatilidad de los precios en torno a un nivel fijo.<\/p>\r\n<p>Diferentes tipos de velas forman formas, y su combinaci\u00f3n se puede utilizar para determinar la tendencia actual o una\r\n    inversi\u00f3n inminente. Si no hay certeza sobre la vela H1, el operador cambia a marcos temporales inferiores y, de\r\n    este modo, proporciona un an\u00e1lisis m\u00e1s preciso del mercado de divisas. Si hablamos de scalping, ocurre lo contrario:\r\n    trabajan principalmente en marcos temporales inferiores, y la tendencia general se observa en los superiores.<\/p>\r\n<p>Las velas tambi\u00e9n muestran la volatilidad del par de divisas. Si pasamos a periodos de H4 y superiores, quedar\u00e1 claro\r\n    en qu\u00e9 rango se mueve el precio este mes o esta semana, si hay riesgo de reversi\u00f3n, de que el mercado entre en un\r\n    plano a largo plazo. El resultado exacto se consigue con la ayuda de herramientas adicionales, b\u00fasqueda de patrones\r\n    e indicadores. Cuando un trader cuenta con la perspectiva a largo plazo, la imagen m\u00e1s din\u00e1mica en el TF inferior al\r\n    H1 permite reaccionar m\u00e1s r\u00e1pido a las se\u00f1ales en el H4 e intervalos superiores.<\/p>\r\n                <\/div>\r\n            <\/div>\r\n            <div class=\"dropdown__item\">\r\n                <h3 class=\"dropdown__item-title\">Cifras gr\u00e1ficas\r\n<\/h3>\r\n                <div class=\"dropdown__item-text\">\r\n<p>Los 10 patrones b\u00e1sicos del an\u00e1lisis t\u00e9cnico<\/p>\r\n<p>Tri\u00e1ngulo. Es alcista, bajista y sim\u00e9trico (este \u00faltimo indica una continuaci\u00f3n de la tendencia anterior).<\/p>\r\n<p>Diamante. Aparece un patr\u00f3n en forma de diamante en el gr\u00e1fico, con las cimas apoyadas en los niveles de\r\n    resistencia\/soporte.<\/p>\r\n<p>Doble techo. Un patr\u00f3n de inversi\u00f3n adecuado para su uso como una herramienta independiente y como una se\u00f1al\r\n    adicional.<\/p>\r\n<p>Cu\u00f1a. Es uno de los patrones de &#8220;larga duraci\u00f3n&#8221;, puede formarse durante un largo periodo, lo que resulta \u00fatil para\r\n    las estrategias de negociaci\u00f3n a largo plazo.<\/p>\r\n<p>Triple fondo. Permite determinar la direcci\u00f3n de la ruptura durante un periodo plano.<\/p>\r\n<p>Triple techo. Una de las herramientas para determinar un punto de cambio de tendencia, que funciona en momentos de\r\n    consolidaci\u00f3n.<\/p>\r\n<p>Doble fondo. Otro patr\u00f3n que indica el cambio de una tendencia bajista a una alcista.<\/p>\r\n<p>Bandera. Observada tras impulsos de noticias, indica su continuaci\u00f3n a lo largo de una direcci\u00f3n previamente\r\n    determinada.<\/p>\r\n<p>Platillo. Una figura utilizada por los amantes del trading a largo plazo.<\/p>\r\n<p>Bander\u00edn. Patr\u00f3n similar a una bandera con una definici\u00f3n parecida.<\/p>\r\n                <\/div>\r\n            <\/div>\r\n            <div class=\"dropdown__item\">\r\n                <h3 class=\"dropdown__item-title\">Tipos de indicadores\r\n<\/h3>\r\n                <div class=\"dropdown__item-text\">\r\n                    <p>Los indicadores se dividen a grandes rasgos en varias categor\u00edas:<\/p>\r\n                    <p>Basado en la tendencia. Muestra la direcci\u00f3n, la fuerza de la tendencia y la probabilidad de cambio.<\/p>\r\n                    <p>Osciladores. Mostrar un modelo matem\u00e1tico para medir la tasa de cambio en el mercado.<\/p>\r\n                    <p>Bill Williams y Vol\u00famenes. Trabajan en una &#8220;teor\u00eda separada&#8221;, pero tienen una eficiencia bastante alta en el comercio\r\n                        a corto y largo plazo.<\/p>\r\n                    <p>La tarea principal de los indicadores es indicar la direcci\u00f3n recomendada para entrar en el mercado (\u00f3rdenes de\r\n                        compra o venta), las lecturas de volatilidad para predecir los beneficios. Sin ellos, un operador tendr\u00e1 que\r\n                        centrarse en se\u00f1ales &#8220;m\u00e1s sencillas&#8221;: niveles de soporte\/resistencia, l\u00edneas de canal de tendencia. Muchas\r\n                        estrategias de negociaci\u00f3n contienen reglas para combinar las lecturas de diferentes indicadores. Cuando aparecen\r\n                        condiciones en uno de ellos (condicionalmente el principal), el operador busca confirmaci\u00f3n en los dem\u00e1s. Y s\u00f3lo si\r\n                        coincide, se toma la decisi\u00f3n de abrir una operaci\u00f3n. Si no, el operador espera la siguiente se\u00f1al del indicador\r\n                        &#8220;principal&#8221;.<\/p>\r\n                <\/div>\r\n            <\/div>\r\n        <\/div>\r\n    <\/div>\r\n<\/section>","protected":false},"excerpt":{"rendered":"An\u00e1lisis t\u00e9cnico An\u00e1lisis t\u00e9cnico de divisas Se trata de identificar el momento m\u00e1s oportuno para entrar en el mercado con el fin de &#8220;comprar barato, vender caro&#8221;: puede ser encontrar un punto de inversi\u00f3n de la tendencia, determinar si su direcci\u00f3n es adecuada para entrar en el mercado en ese momento o, por ejemplo, identificar [&hellip;]","protected":false},"author":1,"featured_media":0,"parent":36,"menu_order":0,"comment_status":"closed","ping_status":"closed","template":"","meta":{"footnotes":""},"class_list":["post-46","page","type-page","status-publish","hentry","no-wpautop"],"translation":{"provider":"WPGlobus","version":"2.10.10","language":"es","enabled_languages":["en","nl","es","sv","fr"],"languages":{"en":{"title":true,"content":true,"excerpt":false},"nl":{"title":true,"content":true,"excerpt":false},"es":{"title":true,"content":true,"excerpt":false},"sv":{"title":true,"content":true,"excerpt":false},"fr":{"title":true,"content":true,"excerpt":false}}},"yoast_head":"<!-- This site is optimized with the Yoast SEO plugin v20.6 - https:\/\/yoast.com\/wordpress\/plugins\/seo\/ -->\r\n<title>An\u00e1lisis t\u00e9cnico - 24 World<\/title>\r\n<meta name=\"robots\" content=\"noindex, follow, max-snippet:-1, max-image-preview:large, max-video-preview:-1\" \/>\r\n<meta property=\"og:locale\" content=\"es_ES\" \/>\r\n<meta property=\"og:type\" content=\"article\" \/>\r\n<meta property=\"og:title\" content=\"An\u00e1lisis t\u00e9cnico - 24 World\" \/>\r\n<meta property=\"og:url\" content=\"https:\/\/22-preview.freshtone.ru\/analytics\/technical-analysis\/\" \/>\r\n<meta property=\"og:site_name\" content=\"24 World\" \/>\r\n<meta property=\"article:modified_time\" content=\"2023-03-21T10:01:41+00:00\" \/>\r\n<meta property=\"og:image\" content=\"https:\/\/22-preview.freshtone.ru\/wp-content\/uploads\/2022\/09\/Frame-20.png\" \/>\r\n\t<meta property=\"og:image:width\" content=\"1200\" \/>\r\n\t<meta property=\"og:image:height\" content=\"630\" \/>\r\n\t<meta property=\"og:image:type\" content=\"image\/png\" \/>\r\n<meta name=\"twitter:card\" content=\"summary_large_image\" \/>\r\n<meta name=\"twitter:label1\" content=\"Est. reading time\" \/>\n\t<meta name=\"twitter:data1\" content=\"34 minutes\" \/>\r\n<script type=\"application\/ld+json\" class=\"yoast-schema-graph\">{\"@context\":\"https:\/\/schema.org\",\"@graph\":[{\"@type\":\"WebPage\",\"@id\":\"https:\/\/22-preview.freshtone.ru\/analytics\/technical-analysis\/\",\"url\":\"https:\/\/22-preview.freshtone.ru\/analytics\/technical-analysis\/\",\"name\":\"An\u00e1lisis t\u00e9cnico - 24 World\",\"isPartOf\":{\"@id\":\"https:\/\/22-preview.freshtone.ru\/#website\"},\"datePublished\":\"2022-09-22T11:12:39+00:00\",\"dateModified\":\"2023-03-21T10:01:41+00:00\",\"breadcrumb\":{\"@id\":\"https:\/\/22-preview.freshtone.ru\/analytics\/technical-analysis\/#breadcrumb\"},\"inLanguage\":\"es-ES\",\"potentialAction\":[{\"@type\":\"ReadAction\",\"target\":[\"https:\/\/22-preview.freshtone.ru\/analytics\/technical-analysis\/\"]}]},{\"@type\":\"BreadcrumbList\",\"@id\":\"https:\/\/22-preview.freshtone.ru\/analytics\/technical-analysis\/#breadcrumb\",\"itemListElement\":[{\"@type\":\"ListItem\",\"position\":1,\"name\":\"Home\",\"item\":\"https:\/\/22-preview.freshtone.ru\/\"},{\"@type\":\"ListItem\",\"position\":2,\"name\":\"Analytics\",\"item\":\"https:\/\/22-preview.freshtone.ru\/analytics\/\"},{\"@type\":\"ListItem\",\"position\":3,\"name\":\"Technical analysis\"}]},{\"@type\":\"WebSite\",\"@id\":\"https:\/\/22-preview.freshtone.ru\/#website\",\"url\":\"https:\/\/22-preview.freshtone.ru\/\",\"name\":\"24 World\",\"description\":\"Online Forex CFD provider\",\"potentialAction\":[{\"@type\":\"SearchAction\",\"target\":{\"@type\":\"EntryPoint\",\"urlTemplate\":\"https:\/\/22-preview.freshtone.ru\/?s={search_term_string}\"},\"query-input\":\"required name=search_term_string\"}],\"inLanguage\":\"es-ES\"}]}<\/script>\r\n<!-- \/ Yoast SEO plugin. -->","yoast_head_json":{"title":"An\u00e1lisis t\u00e9cnico - 24 World","robots":{"index":"noindex","follow":"follow","max-snippet":"max-snippet:-1","max-image-preview":"max-image-preview:large","max-video-preview":"max-video-preview:-1"},"og_locale":"es_ES","og_type":"article","og_title":"An\u00e1lisis t\u00e9cnico - 24 World","og_url":"https:\/\/22-preview.freshtone.ru\/analytics\/technical-analysis\/","og_site_name":"24 World","article_modified_time":"2023-03-21T10:01:41+00:00","og_image":[{"width":1200,"height":630,"url":"https:\/\/22-preview.freshtone.ru\/wp-content\/uploads\/2022\/09\/Frame-20.png","type":"image\/png"}],"twitter_card":"summary_large_image","twitter_misc":{"Est. reading time":"34 minutes"},"schema":{"@context":"https:\/\/schema.org","@graph":[{"@type":"WebPage","@id":"https:\/\/22-preview.freshtone.ru\/analytics\/technical-analysis\/","url":"https:\/\/22-preview.freshtone.ru\/analytics\/technical-analysis\/","name":"An\u00e1lisis t\u00e9cnico - 24 World","isPartOf":{"@id":"https:\/\/22-preview.freshtone.ru\/#website"},"datePublished":"2022-09-22T11:12:39+00:00","dateModified":"2023-03-21T10:01:41+00:00","breadcrumb":{"@id":"https:\/\/22-preview.freshtone.ru\/analytics\/technical-analysis\/#breadcrumb"},"inLanguage":"es-ES","potentialAction":[{"@type":"ReadAction","target":["https:\/\/22-preview.freshtone.ru\/analytics\/technical-analysis\/"]}]},{"@type":"BreadcrumbList","@id":"https:\/\/22-preview.freshtone.ru\/analytics\/technical-analysis\/#breadcrumb","itemListElement":[{"@type":"ListItem","position":1,"name":"Home","item":"https:\/\/22-preview.freshtone.ru\/"},{"@type":"ListItem","position":2,"name":"Analytics","item":"https:\/\/22-preview.freshtone.ru\/analytics\/"},{"@type":"ListItem","position":3,"name":"Technical analysis"}]},{"@type":"WebSite","@id":"https:\/\/22-preview.freshtone.ru\/#website","url":"https:\/\/22-preview.freshtone.ru\/","name":"24 World","description":"Online Forex CFD provider","potentialAction":[{"@type":"SearchAction","target":{"@type":"EntryPoint","urlTemplate":"https:\/\/22-preview.freshtone.ru\/?s={search_term_string}"},"query-input":"required name=search_term_string"}],"inLanguage":"es-ES"}]}},"_links":{"self":[{"href":"https:\/\/22-preview.freshtone.ru\/es\/wp-json\/wp\/v2\/pages\/46","targetHints":{"allow":["GET"]}}],"collection":[{"href":"https:\/\/22-preview.freshtone.ru\/es\/wp-json\/wp\/v2\/pages"}],"about":[{"href":"https:\/\/22-preview.freshtone.ru\/es\/wp-json\/wp\/v2\/types\/page"}],"author":[{"embeddable":true,"href":"https:\/\/22-preview.freshtone.ru\/es\/wp-json\/wp\/v2\/users\/1"}],"replies":[{"embeddable":true,"href":"https:\/\/22-preview.freshtone.ru\/es\/wp-json\/wp\/v2\/comments?post=46"}],"version-history":[{"count":7,"href":"https:\/\/22-preview.freshtone.ru\/es\/wp-json\/wp\/v2\/pages\/46\/revisions"}],"predecessor-version":[{"id":277,"href":"https:\/\/22-preview.freshtone.ru\/es\/wp-json\/wp\/v2\/pages\/46\/revisions\/277"}],"up":[{"embeddable":true,"href":"https:\/\/22-preview.freshtone.ru\/es\/wp-json\/wp\/v2\/pages\/36"}],"wp:attachment":[{"href":"https:\/\/22-preview.freshtone.ru\/es\/wp-json\/wp\/v2\/media?parent=46"}],"curies":[{"name":"wp","href":"https:\/\/api.w.org\/{rel}","templated":true}]}}