{"id":54,"date":"2022-09-22T14:18:09","date_gmt":"2022-09-22T11:18:09","guid":{"rendered":"http:\/\/3.test.freshtone.ru\/?page_id=54"},"modified":"2023-03-17T11:09:33","modified_gmt":"2023-03-17T08:09:33","slug":"consulting-department","status":"publish","type":"page","link":"https:\/\/22-preview.freshtone.ru\/es\/trading\/consulting-department\/","title":{"rendered":"Departamento de asesor\u00eda"},"content":{"rendered":"<div class=\"intro consulting-intro\">\r\n  <div class=\"container\">\r\n    <h1 class=\"intro__title\">Departamento de asesor\u00eda<\/h1>\r\n  <\/div>\r\n<\/div>\r\n<section class=\"two-columns\">\r\n  <div class=\"container\">\r\n    <h2 class=\"two-columns__title\">Consultor\u00eda de gesti\u00f3n<\/h2>\r\n    <div class=\"two-columns__wrap\">\r\n      <div>\r\n        Asesor\u00eda de gesti\u00f3n Supone trabajar en estrecha colaboraci\u00f3n con un experto financiero de la empresa y ofrecer un excelente resultado de ingresos. Este tipo de negociaci\u00f3n se recomienda para los inversores que a\u00fan no tienen mucha experiencia en el comercio en los mercados de valores, pero quieren gestionar su propio capital y tomar decisiones comerciales inteligentes.\r\n      <\/div>\r\n      <div>\r\n        El resultado de esta evaluaci\u00f3n se ve influido por la nueva informaci\u00f3n que va llegando al mercado. Los cambios en los balances beneficio\/riesgo son el resultado de los cambios en los activos de negociaci\u00f3n en los mercados. \u00bfA qu\u00e9 informaci\u00f3n merece la pena prestar atenci\u00f3n?\r\n      <\/div>\r\n    <\/div>\r\n  <\/div>\r\n<\/section>\r\n<section class=\"two-columns two-columns_gray\">\r\n  <div class=\"container\">\r\n    <h2 class=\"two-columns__title\">\u00bfC\u00f3mo funciona?<\/h2>\r\n    <div class=\"two-columns__wrap\">\r\n      <div>\r\n        Todo el trabajo anal\u00edtico del departamento de consultor\u00eda lo gestionan los empleados de la empresa. Vigilan las tendencias del mercado, siguen las noticias y hacen predicciones. Tambi\u00e9n supervisan la cuenta personal del cliente y formulan recomendaciones de actuaci\u00f3n. Todo lo que tiene que hacer es atender una llamada telef\u00f3nica de su gestor de carteras de inversi\u00f3n, escuchar una idea de inversi\u00f3n razonada.\r\n      <\/div>\r\n      <div>\r\n        El asesor le sugerir\u00e1 varias opciones de gesti\u00f3n monetaria, cobertura y condiciones de seguridad y tomar\u00e1 una decisi\u00f3n. Si no quieres aceptar la sugerencia de tu asesor, d\u00edselo y elaborar\u00e1 correcciones o una idea completamente nueva para ti.\r\n      <\/div>\r\n    <\/div>\r\n  <\/div>\r\n<\/section>\r\n<section class=\"c-benefits\">\r\n  <div class=\"container\">\r\n    <h2 class=\"c-benefits__title\">Ventajas de la consultor\u00eda de gesti\u00f3n<\/h2>\r\n    <div class=\"c-benefits__wrap\">\r\n      <ul class=\"custom-list\">\r\n        <li>Carteras de inversi\u00f3n personalizadas<\/li>\r\n        <li>An\u00e1lisis permanente<\/li>\r\n        <li>Recomendaciones oportunas<\/li>\r\n      <\/ul>\r\n      <ul class=\"custom-list\">\r\n        <li>Una oportunidad \u00fanica de aprendizaje<\/li>\r\n        <li>Gesti\u00f3n eficaz de los riesgos<\/li>\r\n        <li>Autonom\u00eda en la toma de decisiones<\/li>\r\n      <\/ul>\r\n    <\/div>\r\n  <\/div>\r\n<\/section>\r\n<section class=\"communicate\">\r\n  <div class=\"container\">\r\n    <h2 class=\"communicate__title\">\u00bfC\u00f3mo se comunica el cliente con un asistente financiero personal?<\/h2>\r\n    <div class=\"communicate__wrap\">\r\n      <div class=\"communicate__item\">\r\n        <div class=\"communicate__item-icon communicate__item-icon-1\"><\/div>\r\n        <h3 class=\"communicate__item-title\">Por llamada<\/h3>\r\n        <div class=\"communicate__text\">\r\n          El gestor de cartera llamar\u00e1 por tel\u00e9fono al cliente a una hora fija y a intervalos regulares para hablar de la situaci\u00f3n actual y de los pr\u00f3ximos pasos a dar. La llamada tambi\u00e9n puede realizarse sin la aprobaci\u00f3n previa del cliente si el asesor tiene ideas de inversi\u00f3n actuales.\r\n        <\/div>\r\n      <\/div>\r\n      <div class=\"communicate__item\">\r\n        <div class=\"communicate__item-icon communicate__item-icon-2\"><\/div>\r\n        <h3 class=\"communicate__item-title\">Recomendaciones SMS<\/h3>\r\n        <div class=\"communicate__text\">\r\n          Si lo desean, los clientes de la empresa pueden elegir los mensajes SMS como forma de recibir recomendaciones e ideas de inversi\u00f3n de sus asesores financieros personales. Los mensajes SMS se env\u00edan al n\u00famero de tel\u00e9fono personal del cliente.\r\n        <\/div>\r\n      <\/div>\r\n      <div class=\"communicate__item\">\r\n        <div class=\"communicate__item-icon communicate__item-icon-3\"><\/div>\r\n        <h3 class=\"communicate__item-title\">E-mail<\/h3>\r\n        <div class=\"communicate__text\">\r\n          Los clientes reciben soluciones de inversi\u00f3n listas durante un largo periodo de tiempo en forma de archivos enviados a la direcci\u00f3n de correo electr\u00f3nico personal del cliente. Estos archivos ya contienen precios de compra\/venta espec\u00edficos para los mercados.\r\n        <\/div>\r\n      <\/div>\r\n    <\/div>\r\n    <p><a class=\"btn btn_white\" href=\"\/es\/contacts\">Obtener consulta<\/a><\/p>\r\n  <\/div>\r\n<\/section>\r\n<section class=\"two-columns\">\r\n  <div class=\"container\">\r\n    <h2 class=\"two-columns__title\">\u00bfCu\u00e1nto capital inicial en gesti\u00f3n de consultor\u00eda puede utilizarse para empezar a operar?<\/h2>\r\n    <div class=\"two-columns__wrap\">\r\n      <div>\r\n        Somos perfectamente conscientes de la importancia de salvaguardar los fondos. Por ello, para que pueda ver el rendimiento de su inversi\u00f3n con un enfoque profesional y comprender los entresijos de los mecanismos del mercado, estamos dispuestos a prestar servicios de asesoramiento sin limitar el umbral m\u00ednimo de la inversi\u00f3n inicial. Puede empezar con cualquier cantidad m\u00ednima. Sin embargo, debe tener en cuenta que los activos m\u00ednimos de inversi\u00f3n no le permiten aprovechar al m\u00e1ximo las oportunidades del mercado, tanto en t\u00e9rminos de rentabilidad como de protecci\u00f3n frente al riesgo.\r\n      <\/div>\r\n      <div>\r\n        Por ejemplo, los activos m\u00ednimos no le permiten trabajar con valores l\u00edquidos por valor de m\u00e1s de 100 d\u00f3lares. Por lo tanto, y partiendo de la base de que nuestros ingresos dependen de los suyos, inevitablemente le sugeriremos que aumente su cartera de inversiones y se convierta en cliente VIP de la Empresa.\r\n      <\/div>\r\n    <\/div>\r\n  <\/div>\r\n<\/section>\r\n<section class=\"two-columns two-columns_gray\">\r\n  <div class=\"container\">\r\n    <h2 class=\"two-columns__title\">\u00bfQu\u00e9 beneficios puede esperar?<\/h2>\r\n    <div class=\"two-columns__wrap\">\r\n      <div>\r\n        No prometemos beneficios, predecimos las situaciones m\u00e1s posibles. Las tendencias del mercado cambiar\u00e1n de una semana a otra, pero con nuestro enfoque de estrategia de inversi\u00f3n inteligente, esperamos sistem\u00e1ticamente beneficios de entre el 2,5% y el 12,7% en un trimestre (90 d\u00edas).\r\n      <\/div>\r\n      <div>\r\n        Los beneficios trimestrales podr\u00edan superar el 15%, pero bas\u00e1ndonos en las estad\u00edsticas de los dos \u00faltimos a\u00f1os, no podemos facilitar esos datos.\r\n      <\/div>\r\n    <\/div>\r\n  <\/div>\r\n<\/section>\r\n<section class=\"tb\">\r\n  <div class=\"container\">\r\n    <h2 class=\"tb__title\">Ventajas de la consultor\u00eda de gesti\u00f3n<\/h2>\r\n    <div class=\"tb__subtitle\">\r\n      Distinguimos cuatro ventajas principales de la consultor\u00eda de gesti\u00f3n, que hacen de este tipo de servicio el m\u00e1s rentable y, en consecuencia, el m\u00e1s popular entre nuestros clientes\r\n    <\/div>\r\n    <div class=\"tb__list\">\r\n      <div class=\"tb__list-item\">\r\n        <div class=\"tb__icon tb__icon-1\"><\/div>\r\n        <h3 class=\"tb__item-title\">Gestionar la cartera de un cliente<\/h3>\r\n      <\/div>\r\n      <div class=\"tb__list-item\">\r\n        <div class=\"tb__icon tb__icon-2\"><\/div>\r\n        <h3 class=\"tb__item-title\">Total transparencia de todas las transacciones<\/h3>\r\n      <\/div>\r\n      <div class=\"tb__list-item\">\r\n        <div class=\"tb__icon tb__icon-3\"><\/div>\r\n        <h3 class=\"tb__item-title\">Contacto permanente con el gestor de la cartera<\/h3>\r\n      <\/div>\r\n      <div class=\"tb__list-item\">\r\n        <div class=\"tb__icon tb__icon-4\"><\/div>\r\n        <h3 class=\"tb__item-title\">Recomendaciones espec\u00edficas de inversi\u00f3n<\/h3>\r\n      <\/div>\r\n    <\/div>\r\n  <\/div>\r\n<\/section>","protected":false},"excerpt":{"rendered":"Departamento de asesor\u00eda Consultor\u00eda de gesti\u00f3n Asesor\u00eda de gesti\u00f3n Supone trabajar en estrecha colaboraci\u00f3n con un experto financiero de la empresa y ofrecer un excelente resultado de ingresos. Este tipo de negociaci\u00f3n se recomienda para los inversores que a\u00fan no tienen mucha experiencia en el comercio en los mercados de valores, pero quieren gestionar su [&hellip;]","protected":false},"author":1,"featured_media":0,"parent":23,"menu_order":0,"comment_status":"closed","ping_status":"closed","template":"","meta":{"footnotes":""},"class_list":["post-54","page","type-page","status-publish","hentry","no-wpautop"],"translation":{"provider":"WPGlobus","version":"2.10.10","language":"es","enabled_languages":["en","nl","es","sv","fr"],"languages":{"en":{"title":true,"content":true,"excerpt":false},"nl":{"title":true,"content":true,"excerpt":false},"es":{"title":true,"content":true,"excerpt":false},"sv":{"title":true,"content":true,"excerpt":false},"fr":{"title":true,"content":true,"excerpt":false}}},"yoast_head":"<!-- This site is optimized with the Yoast SEO plugin v20.6 - https:\/\/yoast.com\/wordpress\/plugins\/seo\/ -->\r\n<title>Departamento de asesor\u00eda - 24 World<\/title>\r\n<meta name=\"robots\" content=\"noindex, follow, max-snippet:-1, max-image-preview:large, max-video-preview:-1\" \/>\r\n<meta property=\"og:locale\" content=\"es_ES\" \/>\r\n<meta property=\"og:type\" content=\"article\" \/>\r\n<meta property=\"og:title\" content=\"Departamento de asesor\u00eda - 24 World\" \/>\r\n<meta property=\"og:url\" content=\"https:\/\/22-preview.freshtone.ru\/trading\/consulting-department\/\" \/>\r\n<meta property=\"og:site_name\" content=\"24 World\" \/>\r\n<meta property=\"article:modified_time\" content=\"2023-03-17T08:09:33+00:00\" \/>\r\n<meta property=\"og:image\" content=\"https:\/\/22-preview.freshtone.ru\/wp-content\/uploads\/2022\/09\/Frame-20.png\" \/>\r\n\t<meta property=\"og:image:width\" content=\"1200\" \/>\r\n\t<meta property=\"og:image:height\" content=\"630\" \/>\r\n\t<meta property=\"og:image:type\" content=\"image\/png\" \/>\r\n<meta name=\"twitter:card\" content=\"summary_large_image\" \/>\r\n<meta name=\"twitter:label1\" content=\"Est. reading time\" \/>\n\t<meta name=\"twitter:data1\" content=\"17 minutes\" \/>\r\n<script type=\"application\/ld+json\" class=\"yoast-schema-graph\">{\"@context\":\"https:\/\/schema.org\",\"@graph\":[{\"@type\":\"WebPage\",\"@id\":\"https:\/\/22-preview.freshtone.ru\/trading\/consulting-department\/\",\"url\":\"https:\/\/22-preview.freshtone.ru\/trading\/consulting-department\/\",\"name\":\"Departamento de asesor\u00eda - 24 World\",\"isPartOf\":{\"@id\":\"https:\/\/22-preview.freshtone.ru\/#website\"},\"datePublished\":\"2022-09-22T11:18:09+00:00\",\"dateModified\":\"2023-03-17T08:09:33+00:00\",\"breadcrumb\":{\"@id\":\"https:\/\/22-preview.freshtone.ru\/trading\/consulting-department\/#breadcrumb\"},\"inLanguage\":\"es-ES\",\"potentialAction\":[{\"@type\":\"ReadAction\",\"target\":[\"https:\/\/22-preview.freshtone.ru\/trading\/consulting-department\/\"]}]},{\"@type\":\"BreadcrumbList\",\"@id\":\"https:\/\/22-preview.freshtone.ru\/trading\/consulting-department\/#breadcrumb\",\"itemListElement\":[{\"@type\":\"ListItem\",\"position\":1,\"name\":\"Home\",\"item\":\"https:\/\/22-preview.freshtone.ru\/\"},{\"@type\":\"ListItem\",\"position\":2,\"name\":\"Trading\",\"item\":\"https:\/\/22-preview.freshtone.ru\/trading\/\"},{\"@type\":\"ListItem\",\"position\":3,\"name\":\"Consulting department\"}]},{\"@type\":\"WebSite\",\"@id\":\"https:\/\/22-preview.freshtone.ru\/#website\",\"url\":\"https:\/\/22-preview.freshtone.ru\/\",\"name\":\"24 World\",\"description\":\"Online Forex CFD provider\",\"potentialAction\":[{\"@type\":\"SearchAction\",\"target\":{\"@type\":\"EntryPoint\",\"urlTemplate\":\"https:\/\/22-preview.freshtone.ru\/?s={search_term_string}\"},\"query-input\":\"required name=search_term_string\"}],\"inLanguage\":\"es-ES\"}]}<\/script>\r\n<!-- \/ Yoast SEO plugin. -->","yoast_head_json":{"title":"Departamento de asesor\u00eda - 24 World","robots":{"index":"noindex","follow":"follow","max-snippet":"max-snippet:-1","max-image-preview":"max-image-preview:large","max-video-preview":"max-video-preview:-1"},"og_locale":"es_ES","og_type":"article","og_title":"Departamento de asesor\u00eda - 24 World","og_url":"https:\/\/22-preview.freshtone.ru\/trading\/consulting-department\/","og_site_name":"24 World","article_modified_time":"2023-03-17T08:09:33+00:00","og_image":[{"width":1200,"height":630,"url":"https:\/\/22-preview.freshtone.ru\/wp-content\/uploads\/2022\/09\/Frame-20.png","type":"image\/png"}],"twitter_card":"summary_large_image","twitter_misc":{"Est. reading time":"17 minutes"},"schema":{"@context":"https:\/\/schema.org","@graph":[{"@type":"WebPage","@id":"https:\/\/22-preview.freshtone.ru\/trading\/consulting-department\/","url":"https:\/\/22-preview.freshtone.ru\/trading\/consulting-department\/","name":"Departamento de asesor\u00eda - 24 World","isPartOf":{"@id":"https:\/\/22-preview.freshtone.ru\/#website"},"datePublished":"2022-09-22T11:18:09+00:00","dateModified":"2023-03-17T08:09:33+00:00","breadcrumb":{"@id":"https:\/\/22-preview.freshtone.ru\/trading\/consulting-department\/#breadcrumb"},"inLanguage":"es-ES","potentialAction":[{"@type":"ReadAction","target":["https:\/\/22-preview.freshtone.ru\/trading\/consulting-department\/"]}]},{"@type":"BreadcrumbList","@id":"https:\/\/22-preview.freshtone.ru\/trading\/consulting-department\/#breadcrumb","itemListElement":[{"@type":"ListItem","position":1,"name":"Home","item":"https:\/\/22-preview.freshtone.ru\/"},{"@type":"ListItem","position":2,"name":"Trading","item":"https:\/\/22-preview.freshtone.ru\/trading\/"},{"@type":"ListItem","position":3,"name":"Consulting department"}]},{"@type":"WebSite","@id":"https:\/\/22-preview.freshtone.ru\/#website","url":"https:\/\/22-preview.freshtone.ru\/","name":"24 World","description":"Online Forex CFD provider","potentialAction":[{"@type":"SearchAction","target":{"@type":"EntryPoint","urlTemplate":"https:\/\/22-preview.freshtone.ru\/?s={search_term_string}"},"query-input":"required name=search_term_string"}],"inLanguage":"es-ES"}]}},"_links":{"self":[{"href":"https:\/\/22-preview.freshtone.ru\/es\/wp-json\/wp\/v2\/pages\/54","targetHints":{"allow":["GET"]}}],"collection":[{"href":"https:\/\/22-preview.freshtone.ru\/es\/wp-json\/wp\/v2\/pages"}],"about":[{"href":"https:\/\/22-preview.freshtone.ru\/es\/wp-json\/wp\/v2\/types\/page"}],"author":[{"embeddable":true,"href":"https:\/\/22-preview.freshtone.ru\/es\/wp-json\/wp\/v2\/users\/1"}],"replies":[{"embeddable":true,"href":"https:\/\/22-preview.freshtone.ru\/es\/wp-json\/wp\/v2\/comments?post=54"}],"version-history":[{"count":8,"href":"https:\/\/22-preview.freshtone.ru\/es\/wp-json\/wp\/v2\/pages\/54\/revisions"}],"predecessor-version":[{"id":257,"href":"https:\/\/22-preview.freshtone.ru\/es\/wp-json\/wp\/v2\/pages\/54\/revisions\/257"}],"up":[{"embeddable":true,"href":"https:\/\/22-preview.freshtone.ru\/es\/wp-json\/wp\/v2\/pages\/23"}],"wp:attachment":[{"href":"https:\/\/22-preview.freshtone.ru\/es\/wp-json\/wp\/v2\/media?parent=54"}],"curies":[{"name":"wp","href":"https:\/\/api.w.org\/{rel}","templated":true}]}}