{"id":57,"date":"2022-09-22T14:19:52","date_gmt":"2022-09-22T11:19:52","guid":{"rendered":"http:\/\/3.test.freshtone.ru\/?page_id=57"},"modified":"2023-03-17T11:13:24","modified_gmt":"2023-03-17T08:13:24","slug":"deposit-and-withdrawal","status":"publish","type":"page","link":"https:\/\/22-preview.freshtone.ru\/es\/trading\/deposit-and-withdrawal\/","title":{"rendered":"Dep\u00f3sito y retirada de fondos"},"content":{"rendered":"<div class=\"intro deposit-intro\">\r\n  <div class=\"container\">\r\n    <h1 class=\"intro__title\">Dep\u00f3sito y retirada de fondos<\/h1>\r\n  <\/div>\r\n<\/div>\r\n<section class=\"verify\">\r\n  <div class=\"container\">\r\n    <h2 class=\"verify__title\">Verificaci\u00f3n<\/h2>\r\n    <div class=\"verify__wrap\">\r\n      <div class=\"verify__item\">\r\n        <div class=\"verify__item-img verify__item-img-1\"><\/div>\r\n        <div class=\"verify__text\">\r\n          <h3 class=\"verify__item-title\">Confirmaci\u00f3n de identidad<\/h3>\r\n          <div>\r\n            DNI, pasaporte, permiso de conducir\r\n          <\/div>\r\n        <\/div>\r\n      <\/div>\r\n      <div class=\"verify__item\">\r\n        <div class=\"verify__item-img verify__item-img-2\"><\/div>\r\n        <div class=\"verify__text\">\r\n          <h3 class=\"verify__item-title\">Confirmaci\u00f3n de la tarjeta<\/h3>\r\n          <div>\r\n            Foto de la tarjeta de d\u00e9bito\/cr\u00e9dito en la que se vean claramente todos los datos de la tarjeta\r\n          <\/div>\r\n        <\/div>\r\n      <\/div>\r\n      <div class=\"verify__item\">\r\n        <div class=\"verify__item-img verify__item-img-3\"><\/div>\r\n        <div class=\"verify__text\">\r\n          <h3 class=\"verify__item-title\">Confirmaci\u00f3n de direcci\u00f3n<\/h3>\r\n          <div>\r\n            Una factura de servicios p\u00fablicos \/ tel\u00e9fono \/ Internet \/ TV (de no m\u00e1s de 3 meses de antig\u00fcedad)\r\n          <\/div>\r\n        <\/div>\r\n      <\/div>\r\n    <\/div>\r\n  <\/div>\r\n<\/section>\r\n<div class=\"d-ways\">\r\n  <div class=\"container\">\r\n    <h2 class=\"d-ways__title\">Formas de ingresar en cuenta<\/h2>\r\n    <div class=\"d-ways__table-wrap\">\r\n      <table class=\"d-ways__table\">\r\n        <thead>\r\n          <tr>\r\n            <td>M\u00e9todos de dep\u00f3sito<\/td>\r\n            <td>Moneda<\/td>\r\n            <td>Tasa de transferencia<\/td>\r\n            <td>Importe m\u00ednimo (USD)<\/td>\r\n            <td>Hora de la transferencia<\/td>\r\n          <\/tr>\r\n        <\/thead>\r\n        <tbody>\r\n          <tr>\r\n            <td>VISA<\/td>\r\n            <td>USD, EUR, GPB<\/td>\r\n            <td>0%<\/td>\r\n            <td>250<\/td>\r\n            <td>Instantly<\/td>\r\n          <\/tr>\r\n          <tr>\r\n            <td>VISA ELECTRON<\/td>\r\n            <td>USD, EUR<\/td>\r\n            <td>0%<\/td>\r\n            <td>250<\/td>\r\n            <td>Instantly<\/td>\r\n          <\/tr>\r\n          <tr>\r\n            <td>MASTER CARD<\/td>\r\n            <td>USD, EUR<\/td>\r\n            <td>0%<\/td>\r\n            <td>250<\/td>\r\n            <td>Instantly<\/td>\r\n          <\/tr>\r\n          <tr>\r\n            <td>Cryptocurrency<\/td>\r\n            <td>BTC<\/td>\r\n            <td>0%<\/td>\r\n            <td>250<\/td>\r\n            <td>Without confirmation<\/td>\r\n          <\/tr>\r\n          <tr>\r\n            <td>Credit and debit cards<\/td>\r\n            <td>USD, EUR<\/td>\r\n            <td>0%<\/td>\r\n            <td>1<\/td>\r\n            <td>From 3 to 5 banking days<\/td>\r\n          <\/tr>\r\n          <tr>\r\n            <td>Paypall<\/td>\r\n            <td>USD, EUR<\/td>\r\n            <td>0%<\/td>\r\n            <td>1<\/td>\r\n            <td>Up to 24 hours<\/td>\r\n          <\/tr>\r\n        <\/tbody>\r\n      <\/table>\r\n    <\/div>\r\n  <\/div>\r\n<\/div>\r\n<section class=\"start-banner\">\r\n  <div class=\"container\">\r\n    <div class=\"start-banner__wrap\">\r\n      <h2 class=\"start-banner__title\">Empezar a operar<\/h2>\r\n      <div class=\"start-banner__subtitle\">\r\n        Gane dinero operando en mercados financieros y criptomonedas\r\n      <\/div>\r\n      <p><a class=\"btn btn_white\" href=\"\/\">Abrir una cuenta<\/a> <img decoding=\"async\" class=\"start-banner__img\" src=\"\/wp-content\/themes\/world\/img\/start-banner-img.png\" alt=\"start-banner-img\"><\/p>\r\n    <\/div>\r\n  <\/div>\r\n<\/section>","protected":false},"excerpt":{"rendered":"Dep\u00f3sito y retirada de fondos Verificaci\u00f3n Confirmaci\u00f3n de identidad DNI, pasaporte, permiso de conducir Confirmaci\u00f3n de la tarjeta Foto de la tarjeta de d\u00e9bito\/cr\u00e9dito en la que se vean claramente todos los datos de la tarjeta Confirmaci\u00f3n de direcci\u00f3n Una factura de servicios p\u00fablicos \/ tel\u00e9fono \/ Internet \/ TV (de no m\u00e1s de 3 [&hellip;]","protected":false},"author":1,"featured_media":0,"parent":23,"menu_order":0,"comment_status":"closed","ping_status":"closed","template":"","meta":{"footnotes":""},"class_list":["post-57","page","type-page","status-publish","hentry","no-wpautop"],"translation":{"provider":"WPGlobus","version":"2.10.10","language":"es","enabled_languages":["en","nl","es","sv","fr"],"languages":{"en":{"title":true,"content":true,"excerpt":false},"nl":{"title":true,"content":true,"excerpt":false},"es":{"title":true,"content":true,"excerpt":false},"sv":{"title":true,"content":true,"excerpt":false},"fr":{"title":true,"content":true,"excerpt":false}}},"yoast_head":"<!-- This site is optimized with the Yoast SEO plugin v20.6 - https:\/\/yoast.com\/wordpress\/plugins\/seo\/ -->\r\n<title>Dep\u00f3sito y retirada de fondos - 24 World<\/title>\r\n<meta name=\"robots\" content=\"noindex, follow, max-snippet:-1, max-image-preview:large, max-video-preview:-1\" \/>\r\n<meta property=\"og:locale\" content=\"es_ES\" \/>\r\n<meta property=\"og:type\" content=\"article\" \/>\r\n<meta property=\"og:title\" content=\"Dep\u00f3sito y retirada de fondos - 24 World\" \/>\r\n<meta property=\"og:url\" content=\"https:\/\/22-preview.freshtone.ru\/trading\/deposit-and-withdrawal\/\" \/>\r\n<meta property=\"og:site_name\" content=\"24 World\" \/>\r\n<meta property=\"article:modified_time\" content=\"2023-03-17T08:13:24+00:00\" \/>\r\n<meta property=\"og:image\" content=\"https:\/\/22-preview.freshtone.ru\/wp-content\/uploads\/2022\/09\/Frame-20.png\" \/>\r\n\t<meta property=\"og:image:width\" content=\"1200\" \/>\r\n\t<meta property=\"og:image:height\" content=\"630\" \/>\r\n\t<meta property=\"og:image:type\" content=\"image\/png\" \/>\r\n<meta name=\"twitter:card\" content=\"summary_large_image\" \/>\r\n<meta name=\"twitter:label1\" content=\"Est. reading time\" \/>\n\t<meta name=\"twitter:data1\" content=\"3 minutes\" \/>\r\n<script type=\"application\/ld+json\" class=\"yoast-schema-graph\">{\"@context\":\"https:\/\/schema.org\",\"@graph\":[{\"@type\":\"WebPage\",\"@id\":\"https:\/\/22-preview.freshtone.ru\/trading\/deposit-and-withdrawal\/\",\"url\":\"https:\/\/22-preview.freshtone.ru\/trading\/deposit-and-withdrawal\/\",\"name\":\"Dep\u00f3sito y retirada de fondos - 24 World\",\"isPartOf\":{\"@id\":\"https:\/\/22-preview.freshtone.ru\/#website\"},\"datePublished\":\"2022-09-22T11:19:52+00:00\",\"dateModified\":\"2023-03-17T08:13:24+00:00\",\"breadcrumb\":{\"@id\":\"https:\/\/22-preview.freshtone.ru\/trading\/deposit-and-withdrawal\/#breadcrumb\"},\"inLanguage\":\"es-ES\",\"potentialAction\":[{\"@type\":\"ReadAction\",\"target\":[\"https:\/\/22-preview.freshtone.ru\/trading\/deposit-and-withdrawal\/\"]}]},{\"@type\":\"BreadcrumbList\",\"@id\":\"https:\/\/22-preview.freshtone.ru\/trading\/deposit-and-withdrawal\/#breadcrumb\",\"itemListElement\":[{\"@type\":\"ListItem\",\"position\":1,\"name\":\"Home\",\"item\":\"https:\/\/22-preview.freshtone.ru\/\"},{\"@type\":\"ListItem\",\"position\":2,\"name\":\"Trading\",\"item\":\"https:\/\/22-preview.freshtone.ru\/trading\/\"},{\"@type\":\"ListItem\",\"position\":3,\"name\":\"Deposit and withdrawal\"}]},{\"@type\":\"WebSite\",\"@id\":\"https:\/\/22-preview.freshtone.ru\/#website\",\"url\":\"https:\/\/22-preview.freshtone.ru\/\",\"name\":\"24 World\",\"description\":\"Online Forex CFD provider\",\"potentialAction\":[{\"@type\":\"SearchAction\",\"target\":{\"@type\":\"EntryPoint\",\"urlTemplate\":\"https:\/\/22-preview.freshtone.ru\/?s={search_term_string}\"},\"query-input\":\"required name=search_term_string\"}],\"inLanguage\":\"es-ES\"}]}<\/script>\r\n<!-- \/ Yoast SEO plugin. -->","yoast_head_json":{"title":"Dep\u00f3sito y retirada de fondos - 24 World","robots":{"index":"noindex","follow":"follow","max-snippet":"max-snippet:-1","max-image-preview":"max-image-preview:large","max-video-preview":"max-video-preview:-1"},"og_locale":"es_ES","og_type":"article","og_title":"Dep\u00f3sito y retirada de fondos - 24 World","og_url":"https:\/\/22-preview.freshtone.ru\/trading\/deposit-and-withdrawal\/","og_site_name":"24 World","article_modified_time":"2023-03-17T08:13:24+00:00","og_image":[{"width":1200,"height":630,"url":"https:\/\/22-preview.freshtone.ru\/wp-content\/uploads\/2022\/09\/Frame-20.png","type":"image\/png"}],"twitter_card":"summary_large_image","twitter_misc":{"Est. reading time":"3 minutes"},"schema":{"@context":"https:\/\/schema.org","@graph":[{"@type":"WebPage","@id":"https:\/\/22-preview.freshtone.ru\/trading\/deposit-and-withdrawal\/","url":"https:\/\/22-preview.freshtone.ru\/trading\/deposit-and-withdrawal\/","name":"Dep\u00f3sito y retirada de fondos - 24 World","isPartOf":{"@id":"https:\/\/22-preview.freshtone.ru\/#website"},"datePublished":"2022-09-22T11:19:52+00:00","dateModified":"2023-03-17T08:13:24+00:00","breadcrumb":{"@id":"https:\/\/22-preview.freshtone.ru\/trading\/deposit-and-withdrawal\/#breadcrumb"},"inLanguage":"es-ES","potentialAction":[{"@type":"ReadAction","target":["https:\/\/22-preview.freshtone.ru\/trading\/deposit-and-withdrawal\/"]}]},{"@type":"BreadcrumbList","@id":"https:\/\/22-preview.freshtone.ru\/trading\/deposit-and-withdrawal\/#breadcrumb","itemListElement":[{"@type":"ListItem","position":1,"name":"Home","item":"https:\/\/22-preview.freshtone.ru\/"},{"@type":"ListItem","position":2,"name":"Trading","item":"https:\/\/22-preview.freshtone.ru\/trading\/"},{"@type":"ListItem","position":3,"name":"Deposit and withdrawal"}]},{"@type":"WebSite","@id":"https:\/\/22-preview.freshtone.ru\/#website","url":"https:\/\/22-preview.freshtone.ru\/","name":"24 World","description":"Online Forex CFD provider","potentialAction":[{"@type":"SearchAction","target":{"@type":"EntryPoint","urlTemplate":"https:\/\/22-preview.freshtone.ru\/?s={search_term_string}"},"query-input":"required name=search_term_string"}],"inLanguage":"es-ES"}]}},"_links":{"self":[{"href":"https:\/\/22-preview.freshtone.ru\/es\/wp-json\/wp\/v2\/pages\/57","targetHints":{"allow":["GET"]}}],"collection":[{"href":"https:\/\/22-preview.freshtone.ru\/es\/wp-json\/wp\/v2\/pages"}],"about":[{"href":"https:\/\/22-preview.freshtone.ru\/es\/wp-json\/wp\/v2\/types\/page"}],"author":[{"embeddable":true,"href":"https:\/\/22-preview.freshtone.ru\/es\/wp-json\/wp\/v2\/users\/1"}],"replies":[{"embeddable":true,"href":"https:\/\/22-preview.freshtone.ru\/es\/wp-json\/wp\/v2\/comments?post=57"}],"version-history":[{"count":11,"href":"https:\/\/22-preview.freshtone.ru\/es\/wp-json\/wp\/v2\/pages\/57\/revisions"}],"predecessor-version":[{"id":259,"href":"https:\/\/22-preview.freshtone.ru\/es\/wp-json\/wp\/v2\/pages\/57\/revisions\/259"}],"up":[{"embeddable":true,"href":"https:\/\/22-preview.freshtone.ru\/es\/wp-json\/wp\/v2\/pages\/23"}],"wp:attachment":[{"href":"https:\/\/22-preview.freshtone.ru\/es\/wp-json\/wp\/v2\/media?parent=57"}],"curies":[{"name":"wp","href":"https:\/\/api.w.org\/{rel}","templated":true}]}}