{"id":15,"date":"2022-09-22T13:48:30","date_gmt":"2022-09-22T10:48:30","guid":{"rendered":"http:\/\/3.test.freshtone.ru\/?page_id=15"},"modified":"2023-03-21T12:40:08","modified_gmt":"2023-03-21T09:40:08","slug":"about","status":"publish","type":"page","link":"https:\/\/22-preview.freshtone.ru\/fr\/company\/about\/","title":{"rendered":"A propos de l&#8217;entreprise"},"content":{"rendered":"<div class=\"intro about-intro\">\r\n    <div class=\"container\">\r\n        <h1 class=\"intro__title\">\u00c0 propos de 24 World<\/h1>\r\n        <div class=\"intro__subtitle\">Nos offres de trading sont les plus comp\u00e9titives du march\u00e9 des changes. Nous travaillons avec les traders sur la base\r\n        des principes d&#8217;ouverture, d&#8217;honn\u00eatet\u00e9 et de transparence.<\/div>\r\n    <\/div>\r\n<\/div>\r\n<section class=\"mission\">\r\n    <div class=\"container\">\r\n        <div class=\"mission__wrap\">\r\n            <div class=\"mission__text\">\r\n                <h2 class=\"section__title\">Notre mission<\/h2>\r\n                <div class=\"mission__subtitle\">\r\n                    <p>Nous faisons plus que d&#8217;autres pour rendre le forex simple et intuitif. Nous pensons que votre relation avec votre\r\n                    courtier doit \u00eatre s\u00fbre et pr\u00e9visible, c&#8217;est pourquoi nous prenons soin de rendre nos activit\u00e9s aussi transparentes que\r\n                    possible, et nous nous effor\u00e7ons de garantir que toutes les conditions g\u00e9n\u00e9rales sont clairement affich\u00e9es sur notre\r\n                    site Web.<\/p>\r\n                    <p>Nous comprenons qu&#8217;une grande partie de votre succ\u00e8s d\u00e9pend de nous et nous mettons tout en \u0153uvre pour fournir une\r\n                    ex\u00e9cution rapide, les meilleurs spreads et une excellente assistance technique.<\/p>\r\n                <\/div><a class=\"btn btn_white\" href=\"\/\" target=\"_blank\" rel=\"noopener\">Ouvrir un compte<\/a>\r\n            <\/div><img decoding=\"async\" class=\"mission__img\" src=\"\/wp-content\/themes\/world\/img\/logo_white.svg\" alt=\"\" \/>\r\n        <\/div>\r\n    <\/div>\r\n<\/section>\r\n<section class=\"mad\">\r\n    <div class=\"container\">\r\n        <h2 class=\"mad__title\">Nos principaux avantages<\/h2>\r\n        <div class=\"mad__list\">\r\n            <div class=\"mad__item\">\r\n                <div class=\"mad__icon mad__icon-1\"> <\/div>\r\n                <h3 class=\"mad__item-title\">Technologie<\/h3>\r\n                <div class=\"mad__text\">Nous utilisons la technologie STP pour ex\u00e9cuter vos ordres, ce qui garantit la p\u00e9n\u00e9tration de vos ordres sur les march\u00e9s internationaux.<\/div>\r\n            <\/div>\r\n            <div class=\"mad__item\">\r\n                <div class=\"mad__icon mad__icon-2\"> <\/div>\r\n                <h3 class=\"mad__item-title\">Des conditions commerciales avantageuses<\/h3>\r\n                <div class=\"mad__text\">Nous pensons que chaque trader doit b\u00e9n\u00e9ficier des meilleures conditions de trading, quel que soit le montant de son\r\n                d\u00e9p\u00f4t.<\/div>\r\n            <\/div>\r\n            <div class=\"mad__item\">\r\n                <div class=\"mad__icon mad__icon-3\"> <\/div>\r\n                <h3 class=\"mad__item-title\">Pas de limite sur les transactions et les bonus<\/h3>\r\n                <div class=\"mad__text\">Nous payons pour toutes les transactions et tous les volumes de transactions effectu\u00e9s avec des bonus sans aucune\r\n                limite.<\/div>\r\n            <\/div>\r\n        <\/div>\r\n    <\/div>\r\n<\/section>\r\n<section class=\"bonus\">\r\n    <div class=\"container\">\r\n        <div class=\"bonus__wrap\">\r\n            <h2 class=\"bonus__title\">Bonus<\/h2>\r\n            <div class=\"bonus__subtitle\">Si vous n\u00e9gociez avec succ\u00e8s des lots importants (plus d&#8217;un \u00e9talon) pendant plusieurs mois, nous pouvons vous fournir un investisseur, avec lequel vous g\u00e9rerez un montant d&#8217;au moins 10 000 dollars. De cette mani\u00e8re, votre revenu sera d&#8217;environ 30 \u00e0 35 % de vos gains totaux.<\/div><a class=\"btn btn_white\" href=\"\/\" target=\"_blank\" rel=\"noopener\">Obtenez un bonus<\/a><img decoding=\"async\" class=\"bonus__img\" src=\"\/wp-content\/themes\/world\/img\/bonus-img.png\" alt=\"\" \/>\r\n        <\/div>\r\n    <\/div>\r\n<\/section>","protected":false},"excerpt":{"rendered":"\u00c0 propos de 24 World Nos offres de trading sont les plus comp\u00e9titives du march\u00e9 des changes. Nous travaillons avec les traders sur la base des principes d&#8217;ouverture, d&#8217;honn\u00eatet\u00e9 et de transparence. Notre mission Nous faisons plus que d&#8217;autres pour rendre le forex simple et intuitif. Nous pensons que votre relation avec votre courtier doit [&hellip;]","protected":false},"author":1,"featured_media":0,"parent":13,"menu_order":0,"comment_status":"closed","ping_status":"closed","template":"","meta":{"footnotes":""},"class_list":["post-15","page","type-page","status-publish","hentry","no-wpautop"],"translation":{"provider":"WPGlobus","version":"2.10.10","language":"fr","enabled_languages":["en","nl","es","sv","fr"],"languages":{"en":{"title":true,"content":true,"excerpt":false},"nl":{"title":true,"content":true,"excerpt":false},"es":{"title":true,"content":true,"excerpt":false},"sv":{"title":true,"content":true,"excerpt":false},"fr":{"title":true,"content":true,"excerpt":false}}},"yoast_head":"<!-- This site is optimized with the Yoast SEO plugin v20.6 - https:\/\/yoast.com\/wordpress\/plugins\/seo\/ -->\r\n<title>A propos de l&#039;entreprise - 24 World<\/title>\r\n<meta name=\"robots\" content=\"noindex, follow, max-snippet:-1, max-image-preview:large, max-video-preview:-1\" \/>\r\n<meta property=\"og:locale\" content=\"fr_FR\" \/>\r\n<meta property=\"og:type\" content=\"article\" \/>\r\n<meta property=\"og:title\" content=\"A propos de l&#039;entreprise - 24 World\" \/>\r\n<meta property=\"og:url\" content=\"https:\/\/22-preview.freshtone.ru\/company\/about\/\" \/>\r\n<meta property=\"og:site_name\" content=\"24 World\" \/>\r\n<meta property=\"article:modified_time\" content=\"2023-03-21T09:40:08+00:00\" \/>\r\n<meta property=\"og:image\" content=\"https:\/\/22-preview.freshtone.ru\/wp-content\/uploads\/2022\/09\/Frame-20.png\" \/>\r\n\t<meta property=\"og:image:width\" content=\"1200\" \/>\r\n\t<meta property=\"og:image:height\" content=\"630\" \/>\r\n\t<meta property=\"og:image:type\" content=\"image\/png\" \/>\r\n<meta name=\"twitter:card\" content=\"summary_large_image\" \/>\r\n<meta name=\"twitter:label1\" content=\"Est. reading time\" \/>\n\t<meta name=\"twitter:data1\" content=\"6 minutes\" \/>\r\n<script type=\"application\/ld+json\" class=\"yoast-schema-graph\">{\"@context\":\"https:\/\/schema.org\",\"@graph\":[{\"@type\":\"WebPage\",\"@id\":\"https:\/\/22-preview.freshtone.ru\/company\/about\/\",\"url\":\"https:\/\/22-preview.freshtone.ru\/company\/about\/\",\"name\":\"A propos de l'entreprise - 24 World\",\"isPartOf\":{\"@id\":\"https:\/\/22-preview.freshtone.ru\/#website\"},\"datePublished\":\"2022-09-22T10:48:30+00:00\",\"dateModified\":\"2023-03-21T09:40:08+00:00\",\"breadcrumb\":{\"@id\":\"https:\/\/22-preview.freshtone.ru\/company\/about\/#breadcrumb\"},\"inLanguage\":\"fr-FR\",\"potentialAction\":[{\"@type\":\"ReadAction\",\"target\":[\"https:\/\/22-preview.freshtone.ru\/company\/about\/\"]}]},{\"@type\":\"BreadcrumbList\",\"@id\":\"https:\/\/22-preview.freshtone.ru\/company\/about\/#breadcrumb\",\"itemListElement\":[{\"@type\":\"ListItem\",\"position\":1,\"name\":\"Home\",\"item\":\"https:\/\/22-preview.freshtone.ru\/\"},{\"@type\":\"ListItem\",\"position\":2,\"name\":\"Company\",\"item\":\"https:\/\/22-preview.freshtone.ru\/company\/\"},{\"@type\":\"ListItem\",\"position\":3,\"name\":\"About company\"}]},{\"@type\":\"WebSite\",\"@id\":\"https:\/\/22-preview.freshtone.ru\/#website\",\"url\":\"https:\/\/22-preview.freshtone.ru\/\",\"name\":\"24 World\",\"description\":\"Online Forex CFD provider\",\"potentialAction\":[{\"@type\":\"SearchAction\",\"target\":{\"@type\":\"EntryPoint\",\"urlTemplate\":\"https:\/\/22-preview.freshtone.ru\/?s={search_term_string}\"},\"query-input\":\"required name=search_term_string\"}],\"inLanguage\":\"fr-FR\"}]}<\/script>\r\n<!-- \/ Yoast SEO plugin. -->","yoast_head_json":{"title":"A propos de l'entreprise - 24 World","robots":{"index":"noindex","follow":"follow","max-snippet":"max-snippet:-1","max-image-preview":"max-image-preview:large","max-video-preview":"max-video-preview:-1"},"og_locale":"fr_FR","og_type":"article","og_title":"A propos de l'entreprise - 24 World","og_url":"https:\/\/22-preview.freshtone.ru\/company\/about\/","og_site_name":"24 World","article_modified_time":"2023-03-21T09:40:08+00:00","og_image":[{"width":1200,"height":630,"url":"https:\/\/22-preview.freshtone.ru\/wp-content\/uploads\/2022\/09\/Frame-20.png","type":"image\/png"}],"twitter_card":"summary_large_image","twitter_misc":{"Est. reading time":"6 minutes"},"schema":{"@context":"https:\/\/schema.org","@graph":[{"@type":"WebPage","@id":"https:\/\/22-preview.freshtone.ru\/company\/about\/","url":"https:\/\/22-preview.freshtone.ru\/company\/about\/","name":"A propos de l'entreprise - 24 World","isPartOf":{"@id":"https:\/\/22-preview.freshtone.ru\/#website"},"datePublished":"2022-09-22T10:48:30+00:00","dateModified":"2023-03-21T09:40:08+00:00","breadcrumb":{"@id":"https:\/\/22-preview.freshtone.ru\/company\/about\/#breadcrumb"},"inLanguage":"fr-FR","potentialAction":[{"@type":"ReadAction","target":["https:\/\/22-preview.freshtone.ru\/company\/about\/"]}]},{"@type":"BreadcrumbList","@id":"https:\/\/22-preview.freshtone.ru\/company\/about\/#breadcrumb","itemListElement":[{"@type":"ListItem","position":1,"name":"Home","item":"https:\/\/22-preview.freshtone.ru\/"},{"@type":"ListItem","position":2,"name":"Company","item":"https:\/\/22-preview.freshtone.ru\/company\/"},{"@type":"ListItem","position":3,"name":"About company"}]},{"@type":"WebSite","@id":"https:\/\/22-preview.freshtone.ru\/#website","url":"https:\/\/22-preview.freshtone.ru\/","name":"24 World","description":"Online Forex CFD provider","potentialAction":[{"@type":"SearchAction","target":{"@type":"EntryPoint","urlTemplate":"https:\/\/22-preview.freshtone.ru\/?s={search_term_string}"},"query-input":"required name=search_term_string"}],"inLanguage":"fr-FR"}]}},"_links":{"self":[{"href":"https:\/\/22-preview.freshtone.ru\/fr\/wp-json\/wp\/v2\/pages\/15","targetHints":{"allow":["GET"]}}],"collection":[{"href":"https:\/\/22-preview.freshtone.ru\/fr\/wp-json\/wp\/v2\/pages"}],"about":[{"href":"https:\/\/22-preview.freshtone.ru\/fr\/wp-json\/wp\/v2\/types\/page"}],"author":[{"embeddable":true,"href":"https:\/\/22-preview.freshtone.ru\/fr\/wp-json\/wp\/v2\/users\/1"}],"replies":[{"embeddable":true,"href":"https:\/\/22-preview.freshtone.ru\/fr\/wp-json\/wp\/v2\/comments?post=15"}],"version-history":[{"count":17,"href":"https:\/\/22-preview.freshtone.ru\/fr\/wp-json\/wp\/v2\/pages\/15\/revisions"}],"predecessor-version":[{"id":274,"href":"https:\/\/22-preview.freshtone.ru\/fr\/wp-json\/wp\/v2\/pages\/15\/revisions\/274"}],"up":[{"embeddable":true,"href":"https:\/\/22-preview.freshtone.ru\/fr\/wp-json\/wp\/v2\/pages\/13"}],"wp:attachment":[{"href":"https:\/\/22-preview.freshtone.ru\/fr\/wp-json\/wp\/v2\/media?parent=15"}],"curies":[{"name":"wp","href":"https:\/\/api.w.org\/{rel}","templated":true}]}}