{"id":2,"date":"2022-09-22T10:16:46","date_gmt":"2022-09-22T07:16:46","guid":{"rendered":"http:\/\/3.test.freshtone.ru\/?page_id=2"},"modified":"2023-12-13T17:14:03","modified_gmt":"2023-12-13T14:14:03","slug":"main","status":"publish","type":"page","link":"https:\/\/22-preview.freshtone.ru\/fr\/","title":{"rendered":"24 World"},"content":{"rendered":"<section class=\"fs\">\r\n<div class=\"container\">\r\n<div class=\"fs__wrap\">\r\n<div class=\"fs__text\">\r\n<h1 class=\"section__title\">Le bon choix pour l&#8217;investissement<\/h1>\r\n<div class=\"fs__subtitle\">Gr\u00e2ce \u00e0 nos plateformes de n\u00e9gociation, nos clients ont acc\u00e8s \u00e0 toutes les donn\u00e9es financi\u00e8res instantan\u00e9es, aux\r\nanalyses de march\u00e9 et aux opportunit\u00e9s d&#8217;investissement dans le monde entier.<\/div>\r\n<a class=\"btn\" href=\"\/\" target=\"_blank\" rel=\"noopener\">Commencer \u00e0 investir<\/a>\r\n\r\n<\/div>\r\n<img decoding=\"async\" class=\"fs__img\" src=\"\/wp-content\/themes\/world\/img\/fs-img.png\" alt=\"\" \/>\r\n\r\n<\/div>\r\n<\/div>\r\n<\/section><section class=\"wm\">\r\n<div class=\"container\">\r\n<div class=\"wm__wrap\">\r\n<div class=\"wm__first\">\r\n<h2 class=\"section__title wm__title\">Les march\u00e9s mondiaux \u00e0 vos c\u00f4t\u00e9s<\/h2>\r\n<div class=\"wm__subtitle\">Les nombreuses ann\u00e9es d&#8217;exp\u00e9rience de 24 World nous permettent de fournir \u00e0 nos clients un acc\u00e8s de haute qualit\u00e9 aux march\u00e9s financiers sans l&#8217;intervention de courtiers.<\/div>\r\n<\/div>\r\n<div class=\"wm__2nd\">\r\n<ul class=\"wm__list\">\r\n \t<li class=\"wm__l-item\">\r\n<div class=\"wm__icon wm__icon-1\"><\/div>\r\n<div class=\"wm__item-text\">\r\n<h3 class=\"wm__item-title\">Fiable<\/h3>\r\n<div class=\"wm__item-subtitle\">Authentification \u00e0 deux facteurs et v\u00e9rification compl\u00e8te<\/div>\r\n<\/div><\/li>\r\n \t<li class=\"wm__l-item\">\r\n<div class=\"wm__icon wm__icon-2\"><\/div>\r\n<div class=\"wm__item-text\">\r\n<h3 class=\"wm__item-title\">Rentable<\/h3>\r\n<div class=\"wm__item-subtitle\">Jusqu&#8217;\u00e0 30 % de l&#8217;\u00e9cart, les commissions les plus basses<\/div>\r\n<\/div><\/li>\r\n \t<li class=\"wm__l-item\">\r\n<div class=\"wm__icon wm__icon-3\"><\/div>\r\n<div class=\"wm__item-text\">\r\n<h3 class=\"wm__item-title\">Confortable<\/h3>\r\n<div class=\"wm__item-subtitle\">D\u00e9p\u00f4t et retrait dans les plus brefs d\u00e9lais avec une commission de 0 \u00e0 2%.<\/div>\r\n<\/div><\/li>\r\n \t<li class=\"wm__l-item\">\r\n<div class=\"wm__icon wm__icon-4\"><\/div>\r\n<div class=\"wm__item-text\">\r\n<h3 class=\"wm__item-title\">Disponible<\/h3>\r\n<div class=\"wm__item-subtitle\">Une large gamme d&#8217;instruments de n\u00e9gociation<\/div>\r\n<\/div><\/li>\r\n<\/ul>\r\n<\/div>\r\n<\/div>\r\n<\/div>\r\n<\/section><section class=\"discover\">\r\n<div class=\"container\">\r\n<div class=\"discover__wrap\">\r\n<div class=\"discover__1st\">\r\n<h2 class=\"section__title discover__title\">D\u00e9couvrez le monde des possibilit\u00e9s<\/h2>\r\n<div class=\"discover__subtitle\">\r\n<div>Tradez avec 24 World avec un effet de levier allant jusqu&#8217;\u00e0 1:400, pas de swap (islamique), des spreads bas et les\r\nmeilleurs spreads bruts.<\/div>\r\n<div>24 World est un fournisseur de CFD Forex en ligne de choix pour les traders de gros volumes, les robots et le scalping.\r\nNotre syst\u00e8me de liquidit\u00e9 diversifi\u00e9 et propri\u00e9taire maintient des \u00e9carts serr\u00e9s 24 heures par jour, 5 jours par\r\nsemaine.<\/div>\r\n<\/div>\r\n<a class=\"btn\" href=\"\/\" target=\"_blank\" rel=\"noopener\">Commencer \u00e0 investir<\/a>\r\n\r\n<\/div>\r\n<div class=\"discover__2nd\"><\/div>\r\n<\/div>\r\n<\/div>\r\n<\/section><section class=\"types\">\r\n<div class=\"container\">\r\n<div class=\"types__wrap\">\r\n<div class=\"types__1st\">\r\n<h2 class=\"section__title types__title\">Types de comptes<\/h2>\r\n<div class=\"types__subtitle\">Explorez les diff\u00e9rents types de comptes pour n\u00e9gocier sur le march\u00e9 que vous visez.<\/div>\r\n<a class=\"btn btn_white\" href=\"\/\" target=\"_blank\" rel=\"noopener\">Commencer \u00e0 n\u00e9gocier<\/a>\r\n\r\n<\/div>\r\n<div class=\"types__col\">\r\n<div class=\"types__icon types__icon-1\"><\/div>\r\n<div class=\"types__title\">\r\n<h3>Micro: $5,000<\/h3>\r\n<\/div>\r\n<ul class=\"types__list\">\r\n \t<li>Leverage &#8211; 1:1 \u2013 1:5<\/li>\r\n \t<li>The minimum lot size is 0.01<\/li>\r\n \t<li>Hedging<\/li>\r\n \t<li>Personal manager<\/li>\r\n<\/ul>\r\n<\/div>\r\n<div class=\"types__col\">\r\n<div class=\"types__icon types__icon-2\"><\/div>\r\n<div class=\"types__title\">\r\n<h3>Standard: $25,000<\/h3>\r\n<\/div>\r\n<ul class=\"types__list\">\r\n \t<li>Leverage &#8211; 1:5 \u2013 1:10<\/li>\r\n \t<li>The minimum lot size is 0.01<\/li>\r\n \t<li>Hedging<\/li>\r\n \t<li>Personal manager<\/li>\r\n \t<li>Technical analysis<\/li>\r\n<\/ul>\r\n<\/div>\r\n<div class=\"types__col\">\r\n<div class=\"types__icon types__icon-3\"><\/div>\r\n<div class=\"types__title\">\r\n<h3>Classic: $50,000<\/h3>\r\n<\/div>\r\n<ul class=\"types__list\">\r\n \t<li>Leverage -1:10 \u2013 1:50<\/li>\r\n \t<li>The minimum lot size is 0.01<\/li>\r\n \t<li>Hedging<\/li>\r\n \t<li>Personal manager<\/li>\r\n \t<li>Technical analysis<\/li>\r\n<\/ul>\r\n<\/div>\r\n<div class=\"types__col\">\r\n<div class=\"types__icon types__icon-1\"><\/div>\r\n<div class=\"types__title\">\r\n<h3>Pro: $100,000<\/h3>\r\n<\/div>\r\n<ul class=\"types__list\">\r\n \t<li>Leverage &#8211; 1:50 \u2013 1:250<\/li>\r\n \t<li>The minimum lot size is 0.01<\/li>\r\n \t<li>Hedging<\/li>\r\n \t<li>Personal manager<\/li>\r\n \t<li>Technical analysis<\/li>\r\n \t<li>Individual trading conditions<\/li>\r\n<\/ul>\r\n<\/div>\r\n<\/div>\r\n<\/div>\r\n<\/section><section class=\"pluses\">\r\n<div class=\"container\">\r\n<div class=\"pluses__wrap\">\r\n<h2 class=\"section__title\">24 Plate-forme de n\u00e9gociation mondiale<\/h2>\r\n<div class=\"pluses__subtitle\">Am\u00e9liorez vos r\u00e9sultats de trading gr\u00e2ce \u00e0 notre technologie de pointe<\/div>\r\n<ul class=\"pluses__list\">\r\n \t<li><span class=\"c\"> <span class=\"counter1\">0<\/span><span class=\"c\"> ms<\/span><\/span>Vitesse d&#8217;ex\u00e9cution<\/li>\r\n \t<li><span class=\"c\">1:<span class=\"counter2\">1<\/span><\/span><span class=\"c\">Levier<\/span><\/li>\r\n \t<li><span class=\"counter3\">0<\/span><span class=\"c\">Articles<\/span><\/li>\r\n \t<li><span class=\"c\"> <span class=\"counter4\">0<\/span><span class=\"c\"> +<\/span><\/span><span class=\"c\">Instruments de trading<\/span><\/li>\r\n<\/ul>\r\n<a class=\"btn btn_white\" href=\"\/\" target=\"_blank\" rel=\"noopener\">Ouvrir un compte<\/a>\r\n\r\n<\/div>\r\n<\/div>\r\n<\/section><section class=\"t-platforms\">\r\n<div class=\"container\">\r\n<div class=\"t-platforms__wrap\">\r\n<div class=\"t-platforms__text\">\r\n<h2 class=\"section__title\">Pour votre commodit\u00e9,\r\nnous fournirons des plates-formes de n\u00e9gociation<\/h2>\r\n<div>B\u00e9n\u00e9ficiez d&#8217;un flux de cotations de haute qualit\u00e9 et d&#8217;un compte personnel de trader pratique pour un contr\u00f4le total de\r\nvos comptes. La plateforme contient un syst\u00e8me int\u00e9gr\u00e9 d&#8217;ex\u00e9cution des ordres et prot\u00e8ge vos donn\u00e9es contre tout acc\u00e8s\r\nnon autoris\u00e9 &#8211; toutes les informations ne sont accessibles qu&#8217;\u00e0 vous. Commencez \u00e0 travailler d\u00e8s maintenant &#8211; \u00e9valuez\r\nles possibilit\u00e9s de travailler sur votre propre compte dans le terminal du trader.<\/div>\r\n<a class=\"btn t-platforms__btn\" href=\"\/fr\/trading\/trading-platform\">Plus de d\u00e9tails<\/a>\r\n\r\n<\/div>\r\n<img decoding=\"async\" class=\"t-platforms__img\" src=\"\/wp-content\/themes\/world\/img\/platforms-img.png\" alt=\"\" \/>\r\n\r\n<\/div>\r\n<\/div>\r\n<\/section><section class=\"calend\">\r\n<div class=\"container\">\r\n<h2 class=\"section__title\">Calendrier \u00e9conomique<\/h2>\r\n<div class=\"calend__subtitle\">Travailler sur les march\u00e9s financiers \u00e0 l&#8217;aide du calendrier \u00e9conomique &#8211; utiliser tous les outils et strat\u00e9gies de\r\ntrading<\/div>\r\n<div><script src=\"https:\/\/api.marketcheese.com\/widgets\/calendar\/widget.js\" data-config='{\"language\":\"en\",\"timezone\":3,\"upload\":\"none\",\"rowCount\":20,\"devSource\":\"WDT\"}'> <\/script><\/div>\r\n<\/div>\r\n<\/section><section class=\"mc\">\r\n<div class=\"container\">\r\n<h2 class=\"section__title\">\u00c9tat du march\u00e9<\/h2>\r\n<div class=\"mc__subtitle\">L&#8217;\u00e9tat actuel du march\u00e9 des instruments financiers sur le march\u00e9. Permet de conna\u00eetre le prix \u00e0 un moment pr\u00e9cis et de\r\nvoir la dynamique pour diff\u00e9rentes p\u00e9riodes.<\/div>\r\n<div class=\"mc__widget\"><script src=\"https:\/\/api.marketcheese.com\/widgets\/markets\/widget.js\" data-config='{\"devSource\":\"WDT\",\"language\":\"en\",\"orientation\":\"auto\",\"defaultPeriod\":\"week\",\"adaptive\":true,\"groups\":[{\"name\":\"Forex\",\"symbols\":\"42,48,57,68,87\"},{\"name\":\"Futures\",\"symbols\":\"127,129,187,188\"},{\"name\":\"US Stocks\",\"symbols\":\"11,27,30,35,196\"}]}'> <\/script><\/div>\r\n<\/div>\r\n<\/section>\n    <section class=\"news\">\n      <div class=\"container\"> \n        <div class=\"news__wrap news__wrap-main\">\n          <div class=\"news__1st\">\n            <h2 class=\"section__title\">Nouvelles du march\u00e9<\/h2>\n            <div class=\"news__subtitle\">Suivez l'actualit\u00e9 et restez au courant des derniers d\u00e9veloppements affectant l'\u00e9conomie dans le monde.<\/div>\n\t\t\t<a class=\"btn btn_white\" href=\"\/news\">Lire toutes les actualit\u00e9s<\/a>\n          <\/div>\n\t\t  \t\t\t  <div class=\"news__item\"> \n\t\t\t\t<div class=\"news__item-date\">22.12.2023<\/div>\n\t\t\t\t<h3 class=\"news__item-title\">White House: Nippon-U.S. Steel deal deserves &#8216;serious scrutiny&#8217;<\/h3>\n\t\t\t\t<div class=\"news__item-text\"><p>The White House on Thursday said Nippon Steel Corp&#8217;s $14.9 billion proposed acquisition of U.S. Steel Corp deserves &#8220;serious scrutiny,&#8221; given the company&#8217;s core role in U.S. steel production that is critical to national security. In its first substantive statement on the deal, the White House said it viewed a strong domestic steel industry as [&hellip;]<\/p>\n<\/div>\n\t\t\t\t<a href=\"https:\/\/22-preview.freshtone.ru\/fr\/white-house-nippon-u-s-steel-deal-deserves-serious-scrutiny\/\"><\/a>\n\t\t\t  <\/div>\n\t\t\t\t\t\t  <div class=\"news__item\"> \n\t\t\t\t<div class=\"news__item-date\">22.12.2023<\/div>\n\t\t\t\t<h3 class=\"news__item-title\">Cybertruck designer says Tesla stainless steel pickup is no experiment<\/h3>\n\t\t\t\t<div class=\"news__item-text\"><p>The angular, polarizing design of the Cybertruck will help boost the Tesla (NASDAQ:TSLA) brand, the electric vehicle maker&#8217;s chief designer said on Thursday, adding that the pickup was no experiment. &#8220;Love it or hate it, it&#8217;s a conversation starter, and it gets people talking about the brand,&#8221; Tesla Chief Designer Franz von Holzhausen said at [&hellip;]<\/p>\n<\/div>\n\t\t\t\t<a href=\"https:\/\/22-preview.freshtone.ru\/fr\/cybertruck-designer-says-tesla-stainless-steel-pickup-is-no-experiment\/\"><\/a>\n\t\t\t  <\/div>\n\t\t\t\t\t\t  <div class=\"news__item\"> \n\t\t\t\t<div class=\"news__item-date\">22.12.2023<\/div>\n\t\t\t\t<h3 class=\"news__item-title\">Boeing&#8217;s first Dreamliner delivery to China since 2019 to land Friday<\/h3>\n\t\t\t\t<div class=\"news__item-text\"><p>Boeing (NYSE:BA)&#8217;s first direct delivery of a 787 Dreamliner to China since 2019 is set to land in Shanghai on Friday, a step that could hasten the end of China&#8217;s freeze on deliveries of the firm&#8217;s profitable 737 MAX after more than four years. Privately owned Chinese carrier Juneyao Airlines on Thursday took delivery of [&hellip;]<\/p>\n<\/div>\n\t\t\t\t<a href=\"https:\/\/22-preview.freshtone.ru\/fr\/boeings-first-dreamliner-delivery-to-china-since-2019-to-land-friday\/\"><\/a>\n\t\t\t  <\/div>\n\t\t\t\t\t\t  <div class=\"news__item\"> \n\t\t\t\t<div class=\"news__item-date\">22.12.2023<\/div>\n\t\t\t\t<h3 class=\"news__item-title\">Dollar index slips to 1-week low; traders eye Friday&#8217;s U.S. inflation report<\/h3>\n\t\t\t\t<div class=\"news__item-text\"><p>The dollar hit a one-week low against a basket of major currencies on Thursday as U.S. equities rebounded from the prior day&#8217;s sell-off and investors braced for Friday&#8217;s U.S. inflation data for clues to the path of future Federal Reserve policy. Data earlier Thursday showed gross domestic product increased at a 4.9% annualized rate last [&hellip;]<\/p>\n<\/div>\n\t\t\t\t<a href=\"https:\/\/22-preview.freshtone.ru\/fr\/dollar-index-slips-to-1-week-low-traders-eye-fridays-u-s-inflation-report\/\"><\/a>\n\t\t\t  <\/div>\n\t\t\t\t\t\t\t\n        <\/div>\n      <\/div>\n    <\/section>\r\n\r\n<section class=\"steps\">\r\n<div class=\"container\">\r\n<h2 class=\"steps__title\">Des \u00e9tapes simples pour commencer \u00e0 n\u00e9gocier<\/h2>\r\n<div class=\"steps__wrap\">\r\n\r\n<img decoding=\"async\" class=\"steps__img\" src=\"\/wp-content\/themes\/world\/img\/steps-img.png\" alt=\"\" \/>\r\n<div class=\"steps__list-wrap\">\r\n<div class=\"steps__list\">\r\n<div class=\"steps__item\">\r\n<div class=\"steps__icon\">1<\/div>\r\n<div class=\"steps__text\">\r\n<h3 class=\"steps__item-title\">Inscription<\/h3>\r\n<div class=\"steps__item-subtitle\">S&#8217;inscrire et se connecter \u00e0 son compte personnel<\/div>\r\n<a class=\"btn steps__btn\" href=\"\/\" target=\"_blank\" rel=\"noopener\">Registre<\/a>\r\n\r\n<\/div>\r\n<\/div>\r\n<div class=\"steps__item\">\r\n<div class=\"steps__icon\">2<\/div>\r\n<div class=\"steps__text\">\r\n<h3 class=\"steps__item-title\">Rechargez votre compte<\/h3>\r\n<div class=\"steps__item-subtitle\">Choisissez un type de compte qui vous convient et alimentez-le de la mani\u00e8re qui vous convient, rapidement et en toute\r\ns\u00e9curit\u00e9.<\/div>\r\n<\/div>\r\n<\/div>\r\n<div class=\"steps__item\">\r\n<div class=\"steps__icon\">3<\/div>\r\n<div class=\"steps__text\">\r\n<h3 class=\"steps__item-title\">Commencer \u00e0 n\u00e9gocier<\/h3>\r\n<div class=\"steps__item-subtitle\">Commencez \u00e0 n\u00e9gocier et \u00e0 gagner sur le march\u00e9 du Forex et des crypto-monnaies<\/div>\r\n<\/div>\r\n<\/div>\r\n<\/div>\r\n<\/div>\r\n<\/div>\r\n<\/div>\r\n<\/section><section class=\"ww\">\r\n<div class=\"container\">\r\n<div class=\"ww__wrap\">\r\n<div class=\"ww__text\">\r\n<h2 class=\"ww__title\">Travailler avec 24 World de mani\u00e8re simple et pratique<\/h2>\r\n<div class=\"ww__subtitle\">Choisissez simplement la m\u00e9thode de d\u00e9p\u00f4t et de retrait qui vous convient<\/div>\r\n<a class=\"btn btn_white\" href=\"\/\" target=\"_blank\" rel=\"noopener\">Ouvrir un compte<\/a>\r\n\r\n<\/div>\r\n<img decoding=\"async\" class=\"ww__img\" src=\"\/wp-content\/themes\/world\/img\/ww-img_mobile.png\" alt=\"\" \/>\r\n\r\n<\/div>\r\n<\/div>\r\n<\/section>","protected":false},"excerpt":{"rendered":"<p>Le bon choix pour l&#8217;investissement Gr\u00e2ce \u00e0 nos plateformes de n\u00e9gociation, nos clients ont acc\u00e8s \u00e0 toutes les donn\u00e9es financi\u00e8res instantan\u00e9es, aux analyses de march\u00e9 et aux opportunit\u00e9s d&#8217;investissement dans le monde entier. Commencer \u00e0 investir Les march\u00e9s mondiaux \u00e0 vos c\u00f4t\u00e9s Les nombreuses ann\u00e9es d&#8217;exp\u00e9rience de 24 World nous permettent de fournir \u00e0 nos [&hellip;]<\/p>\n","protected":false},"author":1,"featured_media":0,"parent":0,"menu_order":0,"comment_status":"closed","ping_status":"closed","template":"","meta":{"footnotes":""},"class_list":["post-2","page","type-page","status-publish","hentry","no-wpautop"],"translation":{"provider":"WPGlobus","version":"2.10.10","language":"fr","enabled_languages":["en","nl","es","sv","fr"],"languages":{"en":{"title":true,"content":true,"excerpt":false},"nl":{"title":true,"content":true,"excerpt":false},"es":{"title":true,"content":true,"excerpt":false},"sv":{"title":true,"content":true,"excerpt":false},"fr":{"title":true,"content":true,"excerpt":false}}},"yoast_head":"<!-- This site is optimized with the Yoast SEO plugin v20.6 - https:\/\/yoast.com\/wordpress\/plugins\/seo\/ -->\r\n<title>24 World - 24 World<\/title>\r\n<meta name=\"robots\" content=\"noindex, follow, max-snippet:-1, max-image-preview:large, max-video-preview:-1\" \/>\r\n<meta property=\"og:locale\" content=\"fr_FR\" \/>\r\n<meta property=\"og:type\" content=\"article\" \/>\r\n<meta property=\"og:title\" content=\"24 World - 24 World\" \/>\r\n<meta property=\"og:url\" content=\"https:\/\/22-preview.freshtone.ru\/\" \/>\r\n<meta property=\"og:site_name\" content=\"24 World\" \/>\r\n<meta property=\"article:modified_time\" content=\"2023-12-13T14:14:03+00:00\" \/>\r\n<meta property=\"og:image\" content=\"https:\/\/22-preview.freshtone.ru\/wp-content\/uploads\/2022\/09\/Frame-20.png\" \/>\r\n\t<meta property=\"og:image:width\" content=\"1200\" \/>\r\n\t<meta property=\"og:image:height\" content=\"630\" \/>\r\n\t<meta property=\"og:image:type\" content=\"image\/png\" \/>\r\n<meta name=\"twitter:card\" content=\"summary_large_image\" \/>\r\n<meta name=\"twitter:label1\" content=\"Est. reading time\" \/>\n\t<meta name=\"twitter:data1\" content=\"4 minutes\" \/>\r\n<script type=\"application\/ld+json\" class=\"yoast-schema-graph\">{\"@context\":\"https:\/\/schema.org\",\"@graph\":[{\"@type\":\"WebPage\",\"@id\":\"https:\/\/22-preview.freshtone.ru\/\",\"url\":\"https:\/\/22-preview.freshtone.ru\/\",\"name\":\"24 World - 24 World\",\"isPartOf\":{\"@id\":\"https:\/\/22-preview.freshtone.ru\/#website\"},\"datePublished\":\"2022-09-22T07:16:46+00:00\",\"dateModified\":\"2023-12-13T14:14:03+00:00\",\"breadcrumb\":{\"@id\":\"https:\/\/22-preview.freshtone.ru\/#breadcrumb\"},\"inLanguage\":\"fr-FR\",\"potentialAction\":[{\"@type\":\"ReadAction\",\"target\":[\"https:\/\/22-preview.freshtone.ru\/\"]}]},{\"@type\":\"BreadcrumbList\",\"@id\":\"https:\/\/22-preview.freshtone.ru\/#breadcrumb\",\"itemListElement\":[{\"@type\":\"ListItem\",\"position\":1,\"name\":\"Home\",\"item\":\"https:\/\/22-preview.freshtone.ru\/\"},{\"@type\":\"ListItem\",\"position\":2,\"name\":\"24 World\"}]},{\"@type\":\"WebSite\",\"@id\":\"https:\/\/22-preview.freshtone.ru\/#website\",\"url\":\"https:\/\/22-preview.freshtone.ru\/\",\"name\":\"24 World\",\"description\":\"Online Forex CFD provider\",\"potentialAction\":[{\"@type\":\"SearchAction\",\"target\":{\"@type\":\"EntryPoint\",\"urlTemplate\":\"https:\/\/22-preview.freshtone.ru\/?s={search_term_string}\"},\"query-input\":\"required name=search_term_string\"}],\"inLanguage\":\"fr-FR\"}]}<\/script>\r\n<!-- \/ Yoast SEO plugin. -->","yoast_head_json":{"title":"24 World - 24 World","robots":{"index":"noindex","follow":"follow","max-snippet":"max-snippet:-1","max-image-preview":"max-image-preview:large","max-video-preview":"max-video-preview:-1"},"og_locale":"fr_FR","og_type":"article","og_title":"24 World - 24 World","og_url":"https:\/\/22-preview.freshtone.ru\/","og_site_name":"24 World","article_modified_time":"2023-12-13T14:14:03+00:00","og_image":[{"width":1200,"height":630,"url":"https:\/\/22-preview.freshtone.ru\/wp-content\/uploads\/2022\/09\/Frame-20.png","type":"image\/png"}],"twitter_card":"summary_large_image","twitter_misc":{"Est. reading time":"4 minutes"},"schema":{"@context":"https:\/\/schema.org","@graph":[{"@type":"WebPage","@id":"https:\/\/22-preview.freshtone.ru\/","url":"https:\/\/22-preview.freshtone.ru\/","name":"24 World - 24 World","isPartOf":{"@id":"https:\/\/22-preview.freshtone.ru\/#website"},"datePublished":"2022-09-22T07:16:46+00:00","dateModified":"2023-12-13T14:14:03+00:00","breadcrumb":{"@id":"https:\/\/22-preview.freshtone.ru\/#breadcrumb"},"inLanguage":"fr-FR","potentialAction":[{"@type":"ReadAction","target":["https:\/\/22-preview.freshtone.ru\/"]}]},{"@type":"BreadcrumbList","@id":"https:\/\/22-preview.freshtone.ru\/#breadcrumb","itemListElement":[{"@type":"ListItem","position":1,"name":"Home","item":"https:\/\/22-preview.freshtone.ru\/"},{"@type":"ListItem","position":2,"name":"24 World"}]},{"@type":"WebSite","@id":"https:\/\/22-preview.freshtone.ru\/#website","url":"https:\/\/22-preview.freshtone.ru\/","name":"24 World","description":"Online Forex CFD provider","potentialAction":[{"@type":"SearchAction","target":{"@type":"EntryPoint","urlTemplate":"https:\/\/22-preview.freshtone.ru\/?s={search_term_string}"},"query-input":"required name=search_term_string"}],"inLanguage":"fr-FR"}]}},"_links":{"self":[{"href":"https:\/\/22-preview.freshtone.ru\/fr\/wp-json\/wp\/v2\/pages\/2","targetHints":{"allow":["GET"]}}],"collection":[{"href":"https:\/\/22-preview.freshtone.ru\/fr\/wp-json\/wp\/v2\/pages"}],"about":[{"href":"https:\/\/22-preview.freshtone.ru\/fr\/wp-json\/wp\/v2\/types\/page"}],"author":[{"embeddable":true,"href":"https:\/\/22-preview.freshtone.ru\/fr\/wp-json\/wp\/v2\/users\/1"}],"replies":[{"embeddable":true,"href":"https:\/\/22-preview.freshtone.ru\/fr\/wp-json\/wp\/v2\/comments?post=2"}],"version-history":[{"count":52,"href":"https:\/\/22-preview.freshtone.ru\/fr\/wp-json\/wp\/v2\/pages\/2\/revisions"}],"predecessor-version":[{"id":1182,"href":"https:\/\/22-preview.freshtone.ru\/fr\/wp-json\/wp\/v2\/pages\/2\/revisions\/1182"}],"wp:attachment":[{"href":"https:\/\/22-preview.freshtone.ru\/fr\/wp-json\/wp\/v2\/media?parent=2"}],"curies":[{"name":"wp","href":"https:\/\/api.w.org\/{rel}","templated":true}]}}