{"id":38,"date":"2022-09-22T14:08:13","date_gmt":"2022-09-22T11:08:13","guid":{"rendered":"http:\/\/3.test.freshtone.ru\/?page_id=38"},"modified":"2023-10-10T12:13:57","modified_gmt":"2023-10-10T09:13:57","slug":"market-analytics","status":"publish","type":"page","link":"https:\/\/22-preview.freshtone.ru\/fr\/analytics\/market-analytics\/","title":{"rendered":"Analyse du march\u00e9"},"content":{"rendered":"<div class=\"intro analytics-intro\">\r\n    <div class=\"container\">\r\n        <h1 class=\"intro__title\">Analyse du march\u00e9<\/h1>\r\n    <\/div>\r\n<\/div>\r\n<section class=\"def-section\">\r\n    <div class=\"container\">\r\n        <h2 class=\"def-section__title\">Conditions du march\u00e9<\/h2>\r\n        <div class=\"def-section__subtitle\">Fournit un prix pour un moment pr\u00e9cis et permet de voir la dynamique sur diff\u00e9rentes p\u00e9riodes.<\/div>\r\n        <div class=\"def-section__conditions\">\r\n            <script src=\"https:\/\/api.marketcheese.com\/widgets\/markets\/widget.js\"\r\n                data-config='{\"devSource\":\"WDT\",\"language\":\"en\",\"orientation\":\"auto\",\"defaultPeriod\":\"week\",\"adaptive\":true,\"groups\":[{\"name\":\"Forex\",\"symbols\":\"42,48,57,68,87\"},{\"name\":\"Futures\",\"symbols\":\"127,129,187,188\"},{\"name\":\"US Stocks\",\"symbols\":\"11,27,30,35,196\"}]}'><\/script>\r\n        <\/div>\r\n    <\/div>\r\n<\/section>\r\n<section class=\"def-section def-section_gray\">\r\n    <div class=\"container\">\r\n        <h2 class=\"def-section__title\">Citations en ligne<\/h2>\r\n        <div class=\"def-section__subtitle\">Cotations des march\u00e9s financiers avec informations compl\u00e9mentaires et graphiques<\/div>\r\n        <div>\r\n            <script src=\"https:\/\/api.marketcheese.com\/widgets\/quotes\/widget.js\"\r\n                data-config='{\"devSource\":\"WDT\",\"language\":\"en\",\"lastColumn\":\"todayIncrement\",\"adaptive\":true,\"groups\":[{\"name\":\"Forex\",\"symbols\":\"42,48,57,68,87\"},{\"name\":\"Futures\",\"symbols\":\"127,129,187,188\"},{\"name\":\"US Stocks\",\"symbols\":\"11,27,30,35,196\"}]}'><\/script>\r\n        <\/div>\r\n    <\/div>\r\n<\/section>\r\n<section class=\"two-col\">\r\n    <div class=\"container\">\r\n        <div class=\"two-col__wrap\">\r\n            <div class=\"two-col__item\">\r\n                <h2 class=\"two-col__title\">Les leaders du march\u00e9<\/h2>\r\n                <div class=\"two-col__item-subtitle\">Prendre des d\u00e9cisions de trading rapides sur la base des scores des leaders du march\u00e9<\/div>\r\n                <div>\r\n                    <script src=\"https:\/\/api.marketcheese.com\/widgets\/leaders\/widget.js\"\r\n                        data-config='{\"language\":\"en\",\"devSource\":\"WDT\"}'><\/script>\r\n                <\/div>\r\n            <\/div>\r\n            <div class=\"two-col__item\">\r\n                <h2 class=\"two-col__title\">Faits marquants<\/h2>\r\n                <div class=\"two-col__item-subtitle\">Principaux \u00e9v\u00e9nements \u00e9conomiques mondiaux et r\u00e9actions des march\u00e9s en temps r\u00e9el<\/div>\r\n                <div>\r\n                    <script src=\"https:\/\/api.marketcheese.com\/widgets\/notifier\/widget.js\"\r\n                        data-config='{\"language\":\"en\",\"period\":\"all\",\"multipleIndicators\":true,\"adaptive\":true,\"devSource\":\"WDT\"}'><\/script>\r\n                <\/div>\r\n            <\/div>\r\n        <\/div>\r\n    <\/div>\r\n<\/section>\r\n<section class=\"def-section def-section_gray\">\r\n    <div class=\"container\">\r\n        <h2 class=\"def-section__title\">Pr\u00e9visions du march\u00e9<\/h2>\r\n        <div class=\"def-section__subtitle\">Id\u00e9es commerciales, pr\u00e9dictions, hypoth\u00e8ses, r\u00e9sultats d&#8217;analyse de la part de traders et d&#8217;analystes du monde entier.<\/div>\r\n        <div>\r\n            <script src=\"https:\/\/api.marketcheese.com\/widgets\/forecasts\/widget.js\"\r\n                data-config='{\"language\":\"en\",\"orientation\":\"horizontal\",\"maxRows\":2,\"devSource\":\"WDT\"}'><\/script>\r\n        <\/div>\r\n    <\/div>\r\n<\/section>\r\n<section class=\"def-section def-section_chart\">\r\n    <div class=\"container\">\r\n        <h2 class=\"def-section__title\">Graphiques en ligne<\/h2>\r\n        <div class=\"def-section__subtitle\">Utiliser l&#8217;outil principal des traders &#8211; l&#8217;analyse technique sur le graphique d&#8217;un instrument financier<\/div>\r\n        <div>\r\n            <script src=\"https:\/\/api.marketcheese.com\/widgets\/chart\/widget.js\"\r\n                data-config='{\"timeframe\":\"H1\",\"barStyle\":\"Candle\",\"offset\":30,\"colorScheme\":\"light\",\"language\":\"en\",\"symbolsEnabled\":true,\"showTools\":true,\"symbol\":\"EURUSD\",\"devSource\":\"WDT\"}'><\/script>\r\n        <\/div>\r\n    <\/div>\r\n<\/section>","protected":false},"excerpt":{"rendered":"Analyse du march\u00e9 Conditions du march\u00e9 Fournit un prix pour un moment pr\u00e9cis et permet de voir la dynamique sur diff\u00e9rentes p\u00e9riodes. Citations en ligne Cotations des march\u00e9s financiers avec informations compl\u00e9mentaires et graphiques Les leaders du march\u00e9 Prendre des d\u00e9cisions de trading rapides sur la base des scores des leaders du march\u00e9 Faits marquants [&hellip;]","protected":false},"author":1,"featured_media":0,"parent":36,"menu_order":0,"comment_status":"closed","ping_status":"closed","template":"","meta":{"footnotes":""},"class_list":["post-38","page","type-page","status-publish","hentry","no-wpautop"],"translation":{"provider":"WPGlobus","version":"2.10.10","language":"fr","enabled_languages":["en","nl","es","sv","fr"],"languages":{"en":{"title":true,"content":true,"excerpt":false},"nl":{"title":true,"content":true,"excerpt":false},"es":{"title":true,"content":true,"excerpt":false},"sv":{"title":true,"content":true,"excerpt":false},"fr":{"title":true,"content":true,"excerpt":false}}},"yoast_head":"<!-- This site is optimized with the Yoast SEO plugin v20.6 - https:\/\/yoast.com\/wordpress\/plugins\/seo\/ -->\r\n<title>Analyse du march\u00e9 - 24 World<\/title>\r\n<meta name=\"robots\" content=\"noindex, follow, max-snippet:-1, max-image-preview:large, max-video-preview:-1\" \/>\r\n<meta property=\"og:locale\" content=\"fr_FR\" \/>\r\n<meta property=\"og:type\" content=\"article\" \/>\r\n<meta property=\"og:title\" content=\"Analyse du march\u00e9 - 24 World\" \/>\r\n<meta property=\"og:url\" content=\"https:\/\/22-preview.freshtone.ru\/analytics\/market-analytics\/\" \/>\r\n<meta property=\"og:site_name\" content=\"24 World\" \/>\r\n<meta property=\"article:modified_time\" content=\"2023-10-10T09:13:57+00:00\" \/>\r\n<meta property=\"og:image\" content=\"https:\/\/22-preview.freshtone.ru\/wp-content\/uploads\/2022\/09\/Frame-20.png\" \/>\r\n\t<meta property=\"og:image:width\" content=\"1200\" \/>\r\n\t<meta property=\"og:image:height\" content=\"630\" \/>\r\n\t<meta property=\"og:image:type\" content=\"image\/png\" \/>\r\n<meta name=\"twitter:card\" content=\"summary_large_image\" \/>\r\n<meta name=\"twitter:label1\" content=\"Est. reading time\" \/>\n\t<meta name=\"twitter:data1\" content=\"1 minute\" \/>\r\n<script type=\"application\/ld+json\" class=\"yoast-schema-graph\">{\"@context\":\"https:\/\/schema.org\",\"@graph\":[{\"@type\":\"WebPage\",\"@id\":\"https:\/\/22-preview.freshtone.ru\/analytics\/market-analytics\/\",\"url\":\"https:\/\/22-preview.freshtone.ru\/analytics\/market-analytics\/\",\"name\":\"Analyse du march\u00e9 - 24 World\",\"isPartOf\":{\"@id\":\"https:\/\/22-preview.freshtone.ru\/#website\"},\"datePublished\":\"2022-09-22T11:08:13+00:00\",\"dateModified\":\"2023-10-10T09:13:57+00:00\",\"breadcrumb\":{\"@id\":\"https:\/\/22-preview.freshtone.ru\/analytics\/market-analytics\/#breadcrumb\"},\"inLanguage\":\"fr-FR\",\"potentialAction\":[{\"@type\":\"ReadAction\",\"target\":[\"https:\/\/22-preview.freshtone.ru\/analytics\/market-analytics\/\"]}]},{\"@type\":\"BreadcrumbList\",\"@id\":\"https:\/\/22-preview.freshtone.ru\/analytics\/market-analytics\/#breadcrumb\",\"itemListElement\":[{\"@type\":\"ListItem\",\"position\":1,\"name\":\"Home\",\"item\":\"https:\/\/22-preview.freshtone.ru\/\"},{\"@type\":\"ListItem\",\"position\":2,\"name\":\"Analytics\",\"item\":\"https:\/\/22-preview.freshtone.ru\/analytics\/\"},{\"@type\":\"ListItem\",\"position\":3,\"name\":\"Market analytics\"}]},{\"@type\":\"WebSite\",\"@id\":\"https:\/\/22-preview.freshtone.ru\/#website\",\"url\":\"https:\/\/22-preview.freshtone.ru\/\",\"name\":\"24 World\",\"description\":\"Online Forex CFD provider\",\"potentialAction\":[{\"@type\":\"SearchAction\",\"target\":{\"@type\":\"EntryPoint\",\"urlTemplate\":\"https:\/\/22-preview.freshtone.ru\/?s={search_term_string}\"},\"query-input\":\"required name=search_term_string\"}],\"inLanguage\":\"fr-FR\"}]}<\/script>\r\n<!-- \/ Yoast SEO plugin. -->","yoast_head_json":{"title":"Analyse du march\u00e9 - 24 World","robots":{"index":"noindex","follow":"follow","max-snippet":"max-snippet:-1","max-image-preview":"max-image-preview:large","max-video-preview":"max-video-preview:-1"},"og_locale":"fr_FR","og_type":"article","og_title":"Analyse du march\u00e9 - 24 World","og_url":"https:\/\/22-preview.freshtone.ru\/analytics\/market-analytics\/","og_site_name":"24 World","article_modified_time":"2023-10-10T09:13:57+00:00","og_image":[{"width":1200,"height":630,"url":"https:\/\/22-preview.freshtone.ru\/wp-content\/uploads\/2022\/09\/Frame-20.png","type":"image\/png"}],"twitter_card":"summary_large_image","twitter_misc":{"Est. reading time":"1 minute"},"schema":{"@context":"https:\/\/schema.org","@graph":[{"@type":"WebPage","@id":"https:\/\/22-preview.freshtone.ru\/analytics\/market-analytics\/","url":"https:\/\/22-preview.freshtone.ru\/analytics\/market-analytics\/","name":"Analyse du march\u00e9 - 24 World","isPartOf":{"@id":"https:\/\/22-preview.freshtone.ru\/#website"},"datePublished":"2022-09-22T11:08:13+00:00","dateModified":"2023-10-10T09:13:57+00:00","breadcrumb":{"@id":"https:\/\/22-preview.freshtone.ru\/analytics\/market-analytics\/#breadcrumb"},"inLanguage":"fr-FR","potentialAction":[{"@type":"ReadAction","target":["https:\/\/22-preview.freshtone.ru\/analytics\/market-analytics\/"]}]},{"@type":"BreadcrumbList","@id":"https:\/\/22-preview.freshtone.ru\/analytics\/market-analytics\/#breadcrumb","itemListElement":[{"@type":"ListItem","position":1,"name":"Home","item":"https:\/\/22-preview.freshtone.ru\/"},{"@type":"ListItem","position":2,"name":"Analytics","item":"https:\/\/22-preview.freshtone.ru\/analytics\/"},{"@type":"ListItem","position":3,"name":"Market analytics"}]},{"@type":"WebSite","@id":"https:\/\/22-preview.freshtone.ru\/#website","url":"https:\/\/22-preview.freshtone.ru\/","name":"24 World","description":"Online Forex CFD provider","potentialAction":[{"@type":"SearchAction","target":{"@type":"EntryPoint","urlTemplate":"https:\/\/22-preview.freshtone.ru\/?s={search_term_string}"},"query-input":"required name=search_term_string"}],"inLanguage":"fr-FR"}]}},"_links":{"self":[{"href":"https:\/\/22-preview.freshtone.ru\/fr\/wp-json\/wp\/v2\/pages\/38","targetHints":{"allow":["GET"]}}],"collection":[{"href":"https:\/\/22-preview.freshtone.ru\/fr\/wp-json\/wp\/v2\/pages"}],"about":[{"href":"https:\/\/22-preview.freshtone.ru\/fr\/wp-json\/wp\/v2\/types\/page"}],"author":[{"embeddable":true,"href":"https:\/\/22-preview.freshtone.ru\/fr\/wp-json\/wp\/v2\/users\/1"}],"replies":[{"embeddable":true,"href":"https:\/\/22-preview.freshtone.ru\/fr\/wp-json\/wp\/v2\/comments?post=38"}],"version-history":[{"count":10,"href":"https:\/\/22-preview.freshtone.ru\/fr\/wp-json\/wp\/v2\/pages\/38\/revisions"}],"predecessor-version":[{"id":976,"href":"https:\/\/22-preview.freshtone.ru\/fr\/wp-json\/wp\/v2\/pages\/38\/revisions\/976"}],"up":[{"embeddable":true,"href":"https:\/\/22-preview.freshtone.ru\/fr\/wp-json\/wp\/v2\/pages\/36"}],"wp:attachment":[{"href":"https:\/\/22-preview.freshtone.ru\/fr\/wp-json\/wp\/v2\/media?parent=38"}],"curies":[{"name":"wp","href":"https:\/\/api.w.org\/{rel}","templated":true}]}}