{"id":44,"date":"2022-09-22T14:11:39","date_gmt":"2022-09-22T11:11:39","guid":{"rendered":"http:\/\/3.test.freshtone.ru\/?page_id=44"},"modified":"2023-03-21T13:00:42","modified_gmt":"2023-03-21T10:00:42","slug":"fundamental-analysis","status":"publish","type":"page","link":"https:\/\/22-preview.freshtone.ru\/fr\/analytics\/fundamental-analysis\/","title":{"rendered":"Analyse fondamentale"},"content":{"rendered":"<div class=\"intro f-analysis-intro\">\r\n    <div class=\"container\">\r\n        <h1 class=\"intro__title\">Analyse fondamentale<\/h1>\r\n    <\/div>\r\n<\/div>\r\n<section class=\"two-columns\">\r\n    <div class=\"container\">\r\n        <h2 class=\"two-columns__title\">Analyse fondamentale du Forex<\/h2>\r\n        <div class=\"two-columns__wrap\">\r\n            <div>Comme sur n&#8217;importe quel march\u00e9, sur les march\u00e9s des capitaux et les march\u00e9s mon\u00e9taires, les investisseurs risquent\r\n                leur argent en \u00e9valuant les b\u00e9n\u00e9fices et les risques potentiels futurs. De l&#8217;autre c\u00f4t\u00e9 de ces march\u00e9s se trouvent\r\n                les gouvernements, les entreprises et d&#8217;autres institutions qui collectent des fonds pour leurs activit\u00e9s. Les\r\n                acteurs du march\u00e9 \u00e9valuent en permanence les b\u00e9n\u00e9fices potentiels qui peuvent \u00eatre tir\u00e9s de ces investissements et\r\n                les risques qui doivent \u00eatre pris en compte.<\/div>\r\n            <div>Le r\u00e9sultat de cette \u00e9valuation est influenc\u00e9 par les nouvelles informations qui arrivent en permanence sur le\r\n                march\u00e9. Les changements dans les estimations des b\u00e9n\u00e9fices\/les \u00e9quilibres des risques entra\u00eenent des changements\r\n                dans les actifs de n\u00e9gociation sur les march\u00e9s. Quelles sont les informations qui m\u00e9ritent d&#8217;\u00eatre surveill\u00e9es ?\r\n            <\/div>\r\n        <\/div>\r\n    <\/div>\r\n<\/section>\r\n<section class=\"dropdown\">\r\n    <div class=\"container\">\r\n        <h2 class=\"dropdown__title\">Types d&#8217;informations pouvant \u00eatre suivies<\/h2>\r\n        <div class=\"dropdown__list\">\r\n            <div class=\"dropdown__item\">\r\n                <h3 class=\"dropdown__item-title\">Politique mon\u00e9taire<\/h3>\r\n                <div class=\"dropdown__item-text\">La politique mon\u00e9taire men\u00e9e par les banques centrales affecte directement les march\u00e9s financiers et mon\u00e9taires car elle\r\n                r\u00e9gule l&#8217;offre de monnaie et affecte donc directement sa valeur.<\/div>\r\n            <\/div>\r\n            <div class=\"dropdown__item\">\r\n                <h3 class=\"dropdown__item-title\">La relation \u00e9conomique<\/h3>\r\n                <div class=\"dropdown__item-text\">Les relations \u00e9conomiques ont un impact majeur sur la fa\u00e7on dont les investisseurs per\u00e7oivent les march\u00e9s locaux. Si un\r\n                pays entretient de solides relations commerciales, les investisseurs le consid\u00e8rent comme \u00e9conomiquement stable et\r\n                susceptible d&#8217;accro\u00eetre leurs b\u00e9n\u00e9fices.<\/div>\r\n            <\/div>\r\n            <div class=\"dropdown__item\">\r\n                <h3 class=\"dropdown__item-title\">Rapports sur la situation\/l&#8217;entreprise<\/h3>\r\n                <div class=\"dropdown__item-text\">La situation \u00e9conomique actuelle des entreprises est un facteur important qui influe sur les march\u00e9s des capitaux. La\r\n                situation \u00e9conomique positive d&#8217;une entreprise peut encourager les investisseurs \u00e0 placer leurs capitaux dans ses\r\n                actions. Une mauvaise situation \u00e9conomique, quant \u00e0 elle, oblige les investisseurs \u00e0 d\u00e9placer leurs actifs vers d&#8217;autres\r\n                entreprises et\/ou \u00e0 retirer leurs capitaux de ce pays.<\/div>\r\n            <\/div>\r\n            <div class=\"dropdown__item\">\r\n                <h3 class=\"dropdown__item-title\">Lois et imp\u00f4ts<\/h3>\r\n                <div class=\"dropdown__item-text\">Les actes juridiques, qu&#8217;ils soient locaux ou internationaux, peuvent avoir des effets \u00e0 moyen ou \u00e0 long terme sur les\r\n                march\u00e9s des capitaux. Les actes juridiques peuvent cr\u00e9er des obstacles ou, au contraire, inspirer les investissements\r\n                \u00e9conomiques \u00e9trangers.<\/div>\r\n            <\/div>\r\n            <div class=\"dropdown__item\">\r\n                <h3 class=\"dropdown__item-title\">Conditions m\u00e9t\u00e9orologiques<\/h3>\r\n                <div class=\"dropdown__item-text\">Conditions m\u00e9t\u00e9orologiquesLes conditions m\u00e9t\u00e9orologiques ont un impact direct sur les prix des produits de base, ce qui\r\n                affecte les entreprises qui utilisent ces produits comme mati\u00e8res premi\u00e8res. L&#8217;augmentation des prix des mati\u00e8res\r\n                premi\u00e8res entra\u00eene \u00e9galement une hausse des co\u00fbts de production. Selon le type d&#8217;activit\u00e9 et d&#8217;entreprise, cela entra\u00eene\r\n                une baisse des b\u00e9n\u00e9fices et a un impact n\u00e9gatif sur les comptes de l&#8217;entreprise. La d\u00e9gradation de la situation\r\n                \u00e9conomique entra\u00eene une baisse des cours des actions, ce qui oblige les investisseurs \u00e0 retirer leurs capitaux de\r\n                l&#8217;entreprise.<\/div>\r\n            <\/div>\r\n            <div class=\"dropdown__item\">\r\n                <h3 class=\"dropdown__item-title\">La situation politique<\/h3>\r\n                <div class=\"dropdown__item-text\">Les situations ou conditions politiques ont un impact significatif sur les march\u00e9s des capitaux. Lorsqu&#8217;un pays a une\r\n                situation politique stable (politique \u00e9trang\u00e8re ou nationale &#8211; politique internationale), les investisseurs sont \u00e0\r\n                l&#8217;aise pour investir dans ce pays. En revanche, en p\u00e9riode d&#8217;instabilit\u00e9 politique, les op\u00e9rateurs peuvent r\u00e9agir en\r\n                retirant leur argent de ce march\u00e9 ou de cette r\u00e9gion.<\/div>\r\n            <\/div>\r\n            <div class=\"dropdown__item\">\r\n                <h3 class=\"dropdown__item-title\">R\u00e9cession \u00e9conomique<\/h3>\r\n                <div class=\"dropdown__item-text\">Une r\u00e9cession \u00e9conomique peut avoir des origines tr\u00e8s diverses. Elle peut \u00eatre financi\u00e8re (crise bancaire, par exemple),\r\n                li\u00e9e aux mati\u00e8res premi\u00e8res (crise p\u00e9troli\u00e8re, par exemple), politique, etc. Il est courant qu&#8217;au cours d&#8217;une r\u00e9cession,\r\n                les gens aient tendance \u00e0 retirer leurs capitaux du march\u00e9 afin de &#8220;se sauver du pire&#8221;. Par cons\u00e9quent, les secteurs les\r\n                plus expos\u00e9s au risque sont la banque et la finance, les voyages, l&#8217;automobile, etc.<\/div>\r\n            <\/div>\r\n            <div class=\"dropdown__item\">\r\n                <h3 class=\"dropdown__item-title\">Croissance \u00e9conomique<\/h3>\r\n                <div class=\"dropdown__item-text\">La croissance \u00e9conomique La croissance \u00e9conomique signifie g\u00e9n\u00e9ralement que les consommateurs sont plus optimistes et\r\n                dans une meilleure situation \u00e9conomique, qu&#8217;ils peuvent donc se permettre plus de choses et qu&#8217;ils sont pr\u00e9dispos\u00e9s \u00e0\r\n                faire des achats r\u00e9els. L&#8217;augmentation attendue des b\u00e9n\u00e9fices des entreprises qui vendent de plus en plus de produits\r\n                peut attirer des investisseurs locaux et \u00e9trangers qui cr\u00e9ent une demande, ce qui a pour cons\u00e9quence une augmentation du\r\n                cours de l&#8217;action de l&#8217;entreprise.<\/div>\r\n            <\/div>\r\n            <div class=\"dropdown__item\">\r\n                <h3 class=\"dropdown__item-title\">Confiance<\/h3>\r\n                <div class=\"dropdown__item-text\">L&#8217;indicateur de confiance refl\u00e8te l&#8217;image globale de la mani\u00e8re dont les r\u00e9sidents d&#8217;un pays per\u00e7oivent les perspectives\r\n                d&#8217;avenir. C&#8217;est \u00e9galement l&#8217;un des facteurs pris en compte par les banques centrales dans l&#8217;\u00e9laboration de leur\r\n                politique mon\u00e9taire. En g\u00e9n\u00e9ral, un niveau de confiance \u00e9lev\u00e9 signifie que les clients sont plus optimistes et pr\u00eats \u00e0\r\n                d\u00e9penser davantage pour la consommation et, par cons\u00e9quent, les entreprises seront en mesure de vendre plus de produits\r\n                et de g\u00e9n\u00e9rer des b\u00e9n\u00e9fices plus \u00e9lev\u00e9s. Par cons\u00e9quent, les entreprises dont les perspectives d&#8217;avenir sont attrayantes\r\n                peuvent attirer les investisseurs, qui pensent que le prix des actions augmentera \u00e0 l&#8217;avenir.<\/div>\r\n                <\/p>\r\n            <\/div>\r\n            <div class=\"dropdown__item\">\r\n                <h3 class=\"dropdown__item-title\">Ev\u00e9nements<\/h3>\r\n                <div class=\"dropdown__item-text\">Les \u00e9v\u00e9nements ponctuels peuvent avoir un impact significatif sur les march\u00e9s des capitaux. Un bon exemple est\r\n                l&#8217;organisation des Jeux olympiques, qui n\u00e9cessite d&#8217;importants investissements dans les infrastructures afin d&#8217;attirer\r\n                les touristes dans la r\u00e9gion, et qui a un effet positif sur les entreprises concern\u00e9es. D&#8217;un autre c\u00f4t\u00e9, il y a les\r\n                \u00e9v\u00e9nements n\u00e9gatifs, tels que les attaques terroristes. Il s&#8217;agit bien s\u00fbr d&#8217;\u00e9v\u00e9nements rares, mais peu apr\u00e8s l&#8217;attaque\r\n                terroriste du 11 septembre aux \u00c9tats-Unis, les principaux march\u00e9s boursiers ont \u00e9t\u00e9 ferm\u00e9s en raison des cons\u00e9quences\r\n                d\u00e9sastreuses pour le march\u00e9 des capitaux. Les \u00e9v\u00e9nements survenant dans une entreprise n&#8217;affectent g\u00e9n\u00e9ralement pas les\r\n                march\u00e9s en g\u00e9n\u00e9ral, bien qu&#8217;il y ait des exceptions. L&#8217;affaire Enron en est un exemple : plus de 20 000 employ\u00e9s ont \u00e9t\u00e9\r\n                licenci\u00e9s \u00e0 la suite d&#8217;all\u00e9gations de fraude financi\u00e8re, apr\u00e8s quoi ENRON a fait faillite. Ce n&#8217;est pas le nombre de\r\n                salari\u00e9s licenci\u00e9s qui importe, mais la taille de l&#8217;entreprise, qui est l&#8217;une des principales soci\u00e9t\u00e9s du secteur de\r\n                l&#8217;\u00e9nergie. Les investisseurs doivent suivre les \u00e9v\u00e9nements avec attention, car les cons\u00e9quences sur les march\u00e9s\r\n                financiers ne sont pas toujours pr\u00e9visibles.<\/div>\r\n            <\/div>\r\n            <div class=\"dropdown__item\">\r\n                <h3 class=\"dropdown__item-title\">Pr\u00e9visions des experts<\/h3>\r\n                <div class=\"dropdown__item-text\">Les pr\u00e9visions des experts peuvent correspondre aux attentes des investisseurs ou les contredire. Ils n&#8217;ont g\u00e9n\u00e9ralement\r\n                pas d&#8217;impact direct sur les march\u00e9s financiers, mais le sentiment du march\u00e9 peut \u00eatre affect\u00e9 lorsque les &#8220;experts&#8221;\r\n                repr\u00e9sentent des autorit\u00e9s nationales &#8211; politiques ou mon\u00e9taires. Lorsque les autorit\u00e9s mon\u00e9taires font des d\u00e9clarations\r\n                sur l&#8217;\u00e9conomie dans son ensemble, elles peuvent donner des signaux sur les discours \u00e0 venir ou des indications sur\r\n                l&#8217;avenir de la politique mon\u00e9taire. Cela peut \u00e0 son tour affecter la masse mon\u00e9taire et le taux d&#8217;int\u00e9r\u00eat (ce dernier\r\n                \u00e9tant le facteur le plus int\u00e9ressant pour les investisseurs \u00e9trangers). Veuillez demander l&#8217;avis d&#8217;un conseiller\r\n                financier ind\u00e9pendant si vous avez des doutes sur la sp\u00e9cification des instruments et des m\u00e9canismes de march\u00e9.<\/div>\r\n            <\/div>\r\n        <\/div>\r\n    <\/div>\r\n<\/section>","protected":false},"excerpt":{"rendered":"Analyse fondamentale Analyse fondamentale du Forex Comme sur n&#8217;importe quel march\u00e9, sur les march\u00e9s des capitaux et les march\u00e9s mon\u00e9taires, les investisseurs risquent leur argent en \u00e9valuant les b\u00e9n\u00e9fices et les risques potentiels futurs. De l&#8217;autre c\u00f4t\u00e9 de ces march\u00e9s se trouvent les gouvernements, les entreprises et d&#8217;autres institutions qui collectent des fonds pour leurs [&hellip;]","protected":false},"author":1,"featured_media":0,"parent":36,"menu_order":0,"comment_status":"closed","ping_status":"closed","template":"","meta":{"footnotes":""},"class_list":["post-44","page","type-page","status-publish","hentry","no-wpautop"],"translation":{"provider":"WPGlobus","version":"2.10.10","language":"fr","enabled_languages":["en","nl","es","sv","fr"],"languages":{"en":{"title":true,"content":true,"excerpt":false},"nl":{"title":true,"content":true,"excerpt":false},"es":{"title":true,"content":true,"excerpt":false},"sv":{"title":true,"content":true,"excerpt":false},"fr":{"title":true,"content":true,"excerpt":false}}},"yoast_head":"<!-- This site is optimized with the Yoast SEO plugin v20.6 - https:\/\/yoast.com\/wordpress\/plugins\/seo\/ -->\r\n<title>Analyse fondamentale - 24 World<\/title>\r\n<meta name=\"robots\" content=\"noindex, follow, max-snippet:-1, max-image-preview:large, max-video-preview:-1\" \/>\r\n<meta property=\"og:locale\" content=\"fr_FR\" \/>\r\n<meta property=\"og:type\" content=\"article\" \/>\r\n<meta property=\"og:title\" content=\"Analyse fondamentale - 24 World\" \/>\r\n<meta property=\"og:url\" content=\"https:\/\/22-preview.freshtone.ru\/analytics\/fundamental-analysis\/\" \/>\r\n<meta property=\"og:site_name\" content=\"24 World\" \/>\r\n<meta property=\"article:modified_time\" content=\"2023-03-21T10:00:42+00:00\" \/>\r\n<meta property=\"og:image\" content=\"https:\/\/22-preview.freshtone.ru\/wp-content\/uploads\/2022\/09\/Frame-20.png\" \/>\r\n\t<meta property=\"og:image:width\" content=\"1200\" \/>\r\n\t<meta property=\"og:image:height\" content=\"630\" \/>\r\n\t<meta property=\"og:image:type\" content=\"image\/png\" \/>\r\n<meta name=\"twitter:card\" content=\"summary_large_image\" \/>\r\n<meta name=\"twitter:label1\" content=\"Est. reading time\" \/>\n\t<meta name=\"twitter:data1\" content=\"26 minutes\" \/>\r\n<script type=\"application\/ld+json\" class=\"yoast-schema-graph\">{\"@context\":\"https:\/\/schema.org\",\"@graph\":[{\"@type\":\"WebPage\",\"@id\":\"https:\/\/22-preview.freshtone.ru\/analytics\/fundamental-analysis\/\",\"url\":\"https:\/\/22-preview.freshtone.ru\/analytics\/fundamental-analysis\/\",\"name\":\"Analyse fondamentale - 24 World\",\"isPartOf\":{\"@id\":\"https:\/\/22-preview.freshtone.ru\/#website\"},\"datePublished\":\"2022-09-22T11:11:39+00:00\",\"dateModified\":\"2023-03-21T10:00:42+00:00\",\"breadcrumb\":{\"@id\":\"https:\/\/22-preview.freshtone.ru\/analytics\/fundamental-analysis\/#breadcrumb\"},\"inLanguage\":\"fr-FR\",\"potentialAction\":[{\"@type\":\"ReadAction\",\"target\":[\"https:\/\/22-preview.freshtone.ru\/analytics\/fundamental-analysis\/\"]}]},{\"@type\":\"BreadcrumbList\",\"@id\":\"https:\/\/22-preview.freshtone.ru\/analytics\/fundamental-analysis\/#breadcrumb\",\"itemListElement\":[{\"@type\":\"ListItem\",\"position\":1,\"name\":\"Home\",\"item\":\"https:\/\/22-preview.freshtone.ru\/\"},{\"@type\":\"ListItem\",\"position\":2,\"name\":\"Analytics\",\"item\":\"https:\/\/22-preview.freshtone.ru\/analytics\/\"},{\"@type\":\"ListItem\",\"position\":3,\"name\":\"Fundamental analysis\"}]},{\"@type\":\"WebSite\",\"@id\":\"https:\/\/22-preview.freshtone.ru\/#website\",\"url\":\"https:\/\/22-preview.freshtone.ru\/\",\"name\":\"24 World\",\"description\":\"Online Forex CFD provider\",\"potentialAction\":[{\"@type\":\"SearchAction\",\"target\":{\"@type\":\"EntryPoint\",\"urlTemplate\":\"https:\/\/22-preview.freshtone.ru\/?s={search_term_string}\"},\"query-input\":\"required name=search_term_string\"}],\"inLanguage\":\"fr-FR\"}]}<\/script>\r\n<!-- \/ Yoast SEO plugin. -->","yoast_head_json":{"title":"Analyse fondamentale - 24 World","robots":{"index":"noindex","follow":"follow","max-snippet":"max-snippet:-1","max-image-preview":"max-image-preview:large","max-video-preview":"max-video-preview:-1"},"og_locale":"fr_FR","og_type":"article","og_title":"Analyse fondamentale - 24 World","og_url":"https:\/\/22-preview.freshtone.ru\/analytics\/fundamental-analysis\/","og_site_name":"24 World","article_modified_time":"2023-03-21T10:00:42+00:00","og_image":[{"width":1200,"height":630,"url":"https:\/\/22-preview.freshtone.ru\/wp-content\/uploads\/2022\/09\/Frame-20.png","type":"image\/png"}],"twitter_card":"summary_large_image","twitter_misc":{"Est. reading time":"26 minutes"},"schema":{"@context":"https:\/\/schema.org","@graph":[{"@type":"WebPage","@id":"https:\/\/22-preview.freshtone.ru\/analytics\/fundamental-analysis\/","url":"https:\/\/22-preview.freshtone.ru\/analytics\/fundamental-analysis\/","name":"Analyse fondamentale - 24 World","isPartOf":{"@id":"https:\/\/22-preview.freshtone.ru\/#website"},"datePublished":"2022-09-22T11:11:39+00:00","dateModified":"2023-03-21T10:00:42+00:00","breadcrumb":{"@id":"https:\/\/22-preview.freshtone.ru\/analytics\/fundamental-analysis\/#breadcrumb"},"inLanguage":"fr-FR","potentialAction":[{"@type":"ReadAction","target":["https:\/\/22-preview.freshtone.ru\/analytics\/fundamental-analysis\/"]}]},{"@type":"BreadcrumbList","@id":"https:\/\/22-preview.freshtone.ru\/analytics\/fundamental-analysis\/#breadcrumb","itemListElement":[{"@type":"ListItem","position":1,"name":"Home","item":"https:\/\/22-preview.freshtone.ru\/"},{"@type":"ListItem","position":2,"name":"Analytics","item":"https:\/\/22-preview.freshtone.ru\/analytics\/"},{"@type":"ListItem","position":3,"name":"Fundamental analysis"}]},{"@type":"WebSite","@id":"https:\/\/22-preview.freshtone.ru\/#website","url":"https:\/\/22-preview.freshtone.ru\/","name":"24 World","description":"Online Forex CFD provider","potentialAction":[{"@type":"SearchAction","target":{"@type":"EntryPoint","urlTemplate":"https:\/\/22-preview.freshtone.ru\/?s={search_term_string}"},"query-input":"required name=search_term_string"}],"inLanguage":"fr-FR"}]}},"_links":{"self":[{"href":"https:\/\/22-preview.freshtone.ru\/fr\/wp-json\/wp\/v2\/pages\/44","targetHints":{"allow":["GET"]}}],"collection":[{"href":"https:\/\/22-preview.freshtone.ru\/fr\/wp-json\/wp\/v2\/pages"}],"about":[{"href":"https:\/\/22-preview.freshtone.ru\/fr\/wp-json\/wp\/v2\/types\/page"}],"author":[{"embeddable":true,"href":"https:\/\/22-preview.freshtone.ru\/fr\/wp-json\/wp\/v2\/users\/1"}],"replies":[{"embeddable":true,"href":"https:\/\/22-preview.freshtone.ru\/fr\/wp-json\/wp\/v2\/comments?post=44"}],"version-history":[{"count":6,"href":"https:\/\/22-preview.freshtone.ru\/fr\/wp-json\/wp\/v2\/pages\/44\/revisions"}],"predecessor-version":[{"id":276,"href":"https:\/\/22-preview.freshtone.ru\/fr\/wp-json\/wp\/v2\/pages\/44\/revisions\/276"}],"up":[{"embeddable":true,"href":"https:\/\/22-preview.freshtone.ru\/fr\/wp-json\/wp\/v2\/pages\/36"}],"wp:attachment":[{"href":"https:\/\/22-preview.freshtone.ru\/fr\/wp-json\/wp\/v2\/media?parent=44"}],"curies":[{"name":"wp","href":"https:\/\/api.w.org\/{rel}","templated":true}]}}