{"id":46,"date":"2022-09-22T14:12:39","date_gmt":"2022-09-22T11:12:39","guid":{"rendered":"http:\/\/3.test.freshtone.ru\/?page_id=46"},"modified":"2023-03-21T13:01:41","modified_gmt":"2023-03-21T10:01:41","slug":"technical-analysis","status":"publish","type":"page","link":"https:\/\/22-preview.freshtone.ru\/fr\/analytics\/technical-analysis\/","title":{"rendered":"Analyse technique"},"content":{"rendered":"<div class=\"intro t-analysis-intro\">\r\n    <div class=\"container\">\r\n        <h1 class=\"intro__title\">Analyse technique<\/h1>\r\n    <\/div>\r\n<\/div>\r\n<section class=\"two-columns\">\r\n    <div class=\"container\">\r\n        <h2 class=\"two-columns__title\">Analyse technique du Forex<\/h2>\r\n        <div class=\"two-columns__wrap\">\r\n            <div>Il s&#8217;agit d&#8217;identifier le moment le plus opportun pour entrer sur le march\u00e9 afin d&#8217;acheter au plus bas et de vendre\r\n                au plus haut. Il peut s&#8217;agir de trouver un point de renversement de tendance, de d\u00e9terminer si sa direction est\r\n                appropri\u00e9e pour entrer sur le march\u00e9 en ce moment ou, par exemple, d&#8217;identifier les opportunit\u00e9s potentielles de\r\n                gagner de l&#8217;argent m\u00eame pendant une p\u00e9riode de stagnation. Il est possible de gagner de l&#8217;argent sur une tendance\r\n                haussi\u00e8re ou une tendance \u00e0 la hausse, ainsi que sur un renversement temporaire (correction).<\/div>\r\n            <div>En cas de retournement inattendu des cours par rapport aux transactions en cours, le trader doit d\u00e9terminer au\r\n                moins une heure approximative de cl\u00f4ture des transactions avec profit. Ils utilisent la cl\u00f4ture manuelle, les ordres\r\n                Stop Loss (fixation des pertes) et Take Profit (profit). La recherche du point de cl\u00f4ture est effectu\u00e9e sur la base\r\n                des m\u00eames r\u00e8gles d&#8217;analyse technique.<\/div>\r\n        <\/div>\r\n    <\/div>\r\n<\/section>\r\n<section class=\"b-rules\">\r\n    <div class=\"container\">\r\n        <h2 class=\"b-rules__title\">Les r\u00e8gles de base de l&#8217;analyse technique<\/h2>\r\n        <div class=\"b-rules__2col\">\r\n            <div>Pour faciliter l&#8217;utilisation de l&#8217;analyse technique, la p\u00e9riode de n\u00e9gociation allant du d\u00e9but des op\u00e9rations le\r\n                lundi \u00e0 la fin des op\u00e9rations le vendredi est divis\u00e9e en p\u00e9riodes de temps \u00e9gales. Elles permettent d&#8217;analyser les\r\n                param\u00e8tres les plus importants.<\/div>\r\n            <div>Elles comprennent le prix \u00e0 l&#8217;ouverture\/\u00e0 la fermeture de la p\u00e9riode, le prix minimum\/maximum et les volumes.Les\r\n                r\u00e8gles de base de l&#8217;analyse technique constituent la base de presque toutes les strat\u00e9gies de trading.<\/div>\r\n        <\/div>\r\n        <div class=\"b-rules__3col\">\r\n            <div class=\"b-rules__3col-item\">\r\n                <h3>Les prix comprennent tout<\/h3>\r\n                <div>Ils sont influenc\u00e9s par n&#8217;importe quel facteur politique ou \u00e9conomique (parfois m\u00eame climatique). Le degr\u00e9 d&#8217;influence\r\n                d\u00e9pend de l&#8217;importance pour le pays dont la monnaie est n\u00e9goci\u00e9e<\/div>\r\n            <\/div>\r\n            <div class=\"b-rules__3col-item\">\r\n                <h3>Soumettre les prix aux tendances<\/h3>\r\n                <div>La valeur des devises varie constamment. Par cons\u00e9quent, la valeur des paires de devises augmente et diminue. Pendant\r\n                certaines p\u00e9riodes, il peut y avoir un &#8220;flat&#8221; &#8211; une p\u00e9riode d&#8217;incertitude, o\u00f9 le prix ne change pas beaucoup au fil du\r\n                temps<\/div>\r\n            <\/div>\r\n            <div class=\"b-rules__3col-item\">\r\n                <h3>L&#8217;histoire se r\u00e9p\u00e8te<\/h3>\r\n                <div>La tendance s&#8217;inverse, des conditions de march\u00e9 plates sont observ\u00e9es aux m\u00eames niveaux de prix. Une fois qu&#8217;une\r\n                tendance peut se r\u00e9p\u00e9ter plusieurs fois, les traders l&#8217;utilisent dans leurs syst\u00e8mes de trading.<\/div>\r\n            <\/div>\r\n        <\/div>\r\n    <\/div>\r\n<\/section>\r\n<section class=\"dropdown\">\r\n    <div class=\"container\">\r\n        <h2 class=\"dropdown__title\">Principes de l&#8217;analyse technique<\/h2>\r\n        <div class=\"dropdown__list\">\r\n            <div class=\"dropdown__item\">\r\n                <h3 class=\"dropdown__item-title\">D\u00e9lais standard et non standard<\/h3>\r\n                <div class=\"dropdown__item-text\">La plateforme de n\u00e9gociation propose plusieurs p\u00e9riodes standard &#8211; de M1 (minute) \u00e0 MN (mois). Le graphique est divis\u00e9\r\n                en neuf p\u00e9riodes, en plus des p\u00e9riodes M5, M15, M30, H1, H4, D1 et W1 d\u00e9j\u00e0 mentionn\u00e9es. La dynamique de la variation\r\n                visuelle des prix d\u00e9pend de la p\u00e9riode choisie. Les syst\u00e8mes de trading \u00e0 court terme utilisent des p\u00e9riodes ne\r\n                d\u00e9passant pas M30. Les traders utilisent parfois des p\u00e9riodes non standard. Leur t\u00e2che consiste \u00e0 compenser les\r\n                inconv\u00e9nients des valeurs typiques. Par exemple, si l&#8217;indicateur sur H1 montre une valeur retard\u00e9e, et sur M30 il est\r\n                &#8220;pr\u00e9cipit\u00e9&#8221;. On peut supposer que la &#8220;valeur moyenne&#8221;, c&#8217;est-\u00e0-dire le cadre temporel M45, devrait indiquer le moment le\r\n                plus pr\u00e9cis pour ouvrir des transactions.<\/div>\r\n                <\/p>\r\n            <\/div>\r\n            <div class=\"dropdown__item\">\r\n                <h3 class=\"dropdown__item-title\">Outils d&#8217;analyse technique<\/h3>\r\n                <div class=\"dropdown__item-text\">\r\n                    <p>La r\u00e9p\u00e9tition p\u00e9riodique d&#8217;\u00e9v\u00e9nements ant\u00e9rieurs permet de s&#8217;y pr\u00e9parer, de d\u00e9tecter une tendance pour revenir \u00e0\r\n                        temps sur des positions ant\u00e9rieures et d&#8217;engranger des b\u00e9n\u00e9fices. Le trader dispose de nombreux outils : niveaux de\r\n                        support\/r\u00e9sistance, canaux ascendants et descendants. Le terminal dispose de fonctions int\u00e9gr\u00e9es pour tracer les\r\n                        lignes n\u00e9cessaires sur le graphique de la paire de devises, accessibles \u00e0 partir du panneau &#8220;Outils graphiques&#8221;.<\/p>\r\n                    <p>En plus des lignes standard, des outils sont disponibles :<\/p>\r\n                    <p>Grille, \u00e9ventail, arcs, fuseaux horaires, canal de Fibonacci de Gann.<\/p>\r\n                    <p>Ligne de Fourier<\/p>\r\n                    <p>Ces &#8220;compl\u00e9ments&#8221; de trading tentent de pr\u00e9dire math\u00e9matiquement les mouvements de prix ult\u00e9rieurs sur la base d&#8217;une\r\n                        analyse technique de la dynamique des tendances ant\u00e9rieures du march\u00e9. L&#8217;utilisation d&#8217;outils de canal vous permet\r\n                        de n\u00e9gocier aux moments o\u00f9 les prix s&#8217;inversent \u00e0 l&#8217;int\u00e9rieur d&#8217;un canal, en tenant compte de la tendance actuelle.\r\n                        Les lignes de canal indiquent o\u00f9 une correction est le plus susceptible de se produire si le prix \u00e9volue \u00e0\r\n                        l&#8217;encontre de la tendance, les lignes de support\/r\u00e9sistance indiquent o\u00f9 un changement de tendance est susceptible\r\n                        de se produire, c&#8217;est-\u00e0-dire le d\u00e9but d&#8217;une correction prolong\u00e9e. Tous les outils d&#8217;analyse technique sont bas\u00e9s sur\r\n                        des calculs math\u00e9matiques et sont utilis\u00e9s principalement comme base pour d\u00e9terminer la tendance, et plus\r\n                        pr\u00e9cis\u00e9ment le moment d&#8217;entrer sur le march\u00e9 est d\u00e9termin\u00e9 par les indicateurs.<\/p>\r\n                <\/div>\r\n            <\/div>\r\n            <div class=\"dropdown__item\">\r\n                <h3 class=\"dropdown__item-title\">Utiliser les chandeliers japonais<\/h3>\r\n                <div class=\"dropdown__item-text\">\r\n                    <p>L&#8217;analyse forex consiste \u00e0 surveiller les composantes des chandeliers japonais telles que :<\/p>\r\n                    <p>Le corps de la bougie. La couleur indique la direction du mouvement du prix. Par d\u00e9faut, le blanc est utilis\u00e9 pour\r\n                        les bougies ascendantes et le noir pour les bougies descendantes.<\/p>\r\n                    <p>La taille de la bougie. Elle indique la force de la pression des vendeurs\/acheteurs. On parle de bougies douteuses\r\n                        lorsque le cours d&#8217;ouverture est \u00e9gal au cours de cl\u00f4ture.<\/p>\r\n                    <p>La pr\u00e9sence d&#8217;une queue et sa taille. Refl\u00e8te l&#8217;ind\u00e9cision des vendeurs\/acheteurs sur le march\u00e9, qui entra\u00eene une\r\n                        volatilit\u00e9 des prix autour d&#8217;un niveau fixe.<\/p>\r\n                    <p>Diff\u00e9rents types de bougies forment des formes, et leur combinaison peut \u00eatre utilis\u00e9e pour d\u00e9terminer la tendance\r\n                        actuelle ou un renversement imminent. S&#8217;il n&#8217;y a pas de certitude concernant la bougie H1, le trader passe \u00e0 des\r\n                        \u00e9chelles de temps inf\u00e9rieures et fournit ainsi une analyse plus pr\u00e9cise du trading sur le Forex. Si nous parlons de\r\n                        scalping, c&#8217;est l&#8217;inverse qui est vrai &#8211; ils travaillent principalement sur des \u00e9chelles de temps inf\u00e9rieures, et la\r\n                        tendance g\u00e9n\u00e9rale est observ\u00e9e sur des \u00e9chelles de temps sup\u00e9rieures.<\/p>\r\n                    <p>Les chandeliers montrent \u00e9galement la volatilit\u00e9 de la paire de devises. Si nous passons \u00e0 des p\u00e9riodes de H4 et\r\n                        plus, nous verrons clairement dans quelle fourchette le prix \u00e9volue ce mois-ci ou cette semaine, s&#8217;il y a un risque\r\n                        de renversement, si le march\u00e9 entre dans une phase de stagnation \u00e0 long terme. Le r\u00e9sultat exact est obtenu avec\r\n                        l&#8217;aide d&#8217;outils suppl\u00e9mentaires, la recherche de mod\u00e8les et d&#8217;indicateurs. Lorsqu&#8217;un trader compte sur les\r\n                        perspectives \u00e0 long terme, l&#8217;image plus dynamique sur les TF inf\u00e9rieurs \u00e0 H1 permet de r\u00e9agir plus rapidement aux\r\n                        signaux sur les intervalles H4 et sup\u00e9rieurs.<\/p>\r\n                <\/div>\r\n            <\/div>\r\n            <div class=\"dropdown__item\">\r\n                <h3 class=\"dropdown__item-title\">Figures graphiques<\/h3>\r\n                <div class=\"dropdown__item-text\">\r\n                    <p>Les 10 mod\u00e8les de base de l&#8217;analyse technique<\/p>\r\n                    <p>Triangle. It is bullish, bearish and symmetrical (the latter indicates a continuation of the previous trend).<\/p>\r\n                    <p>Diamant. Un motif en forme de diamant appara\u00eet sur le graphique, avec les sommets reposant sur des niveaux de\r\n                        r\u00e9sistance\/support.<\/p>\r\n                    <p>Double Top. Un sch\u00e9ma de renversement qui peut \u00eatre utilis\u00e9 \u00e0 la fois comme un outil autonome et comme un signal\r\n                        suppl\u00e9mentaire.<\/p>\r\n                    <p>Wedge (coin). Il s&#8217;agit de l&#8217;un des sch\u00e9mas &#8220;\u00e0 long terme&#8221;, qui peut se former sur une longue p\u00e9riode, ce qui est\r\n                        utile pour les strat\u00e9gies de trading \u00e0 long terme.<\/p>\r\n                    <p>Triple bottom. Permet de d\u00e9terminer le sens de la rupture lors d&#8217;une p\u00e9riode de stagnation.<\/p>\r\n                    <p>Triple sommet. L&#8217;un des outils permettant de d\u00e9terminer un point de renversement de tendance, qui fonctionne dans les\r\n                        moments de consolidation.<\/p>\r\n                    <p>Double fond. Autre sch\u00e9ma indiquant le passage d&#8217;une tendance baissi\u00e8re \u00e0 une tendance haussi\u00e8re.<\/p>\r\n                    <p>Drapeau. Observ\u00e9 apr\u00e8s des impulsions de nouvelles, indique sa poursuite dans une direction pr\u00e9alablement d\u00e9termin\u00e9e.\r\n                    <\/p>\r\n                    <p>Soucoupe. Une figure utilis\u00e9e par les amateurs de trading \u00e0 long terme.<\/p>\r\n                    <p>Fanion. Un motif similaire \u00e0 un drapeau avec une d\u00e9finition similaire.<\/p>\r\n                <\/div>\r\n            <\/div>\r\n            <div class=\"dropdown__item\">\r\n                <h3 class=\"dropdown__item-title\">Types d&#8217;indicateurs<\/h3>\r\n                <div class=\"dropdown__item-text\">\r\n                    <p>Les indicateurs sont divis\u00e9s en plusieurs cat\u00e9gories :<\/p>\r\n                    <p>Bas\u00e9 sur la tendance. Indique la direction, la force de la tendance, la probabilit\u00e9 de renversement.<\/p>\r\n                    <p>Oscillateurs. Afficher un mod\u00e8le math\u00e9matique permettant de mesurer le taux de variation du march\u00e9.<\/p>\r\n                    <p>Bill Williams et Volumes. Ils reposent sur une &#8220;th\u00e9orie distincte&#8221; mais sont tr\u00e8s efficaces pour les op\u00e9rations \u00e0\r\n                        court et \u00e0 long terme.<\/p>\r\n                    <p>La t\u00e2che principale des indicateurs est d&#8217;indiquer la direction recommand\u00e9e pour entrer sur le march\u00e9 (ordres d&#8217;achat\r\n                        ou de vente), la lecture de la volatilit\u00e9 pour pr\u00e9dire les b\u00e9n\u00e9fices. Sans eux, le trader devra se concentrer sur\r\n                        des signaux plus &#8220;simples&#8221; &#8211; niveaux de support\/r\u00e9sistance, lignes de canaux de tendance. De nombreuses strat\u00e9gies\r\n                        de trading contiennent des r\u00e8gles permettant de combiner les relev\u00e9s de diff\u00e9rents indicateurs. Lorsque des\r\n                        conditions apparaissent sur l&#8217;un d&#8217;entre eux (conditionnellement le principal), le trader attend une confirmation\r\n                        sur les autres. Ce n&#8217;est qu&#8217;en cas de co\u00efncidence que la d\u00e9cision d&#8217;ouvrir une transaction est prise. Dans le cas\r\n                        contraire, le trader attend le prochain signal de l&#8217;indicateur &#8220;principal&#8221;.<\/p>\r\n                <\/div>\r\n            <\/div>\r\n        <\/div>\r\n    <\/div>\r\n<\/section>","protected":false},"excerpt":{"rendered":"Analyse technique Analyse technique du Forex Il s&#8217;agit d&#8217;identifier le moment le plus opportun pour entrer sur le march\u00e9 afin d&#8217;acheter au plus bas et de vendre au plus haut. Il peut s&#8217;agir de trouver un point de renversement de tendance, de d\u00e9terminer si sa direction est appropri\u00e9e pour entrer sur le march\u00e9 en ce [&hellip;]","protected":false},"author":1,"featured_media":0,"parent":36,"menu_order":0,"comment_status":"closed","ping_status":"closed","template":"","meta":{"footnotes":""},"class_list":["post-46","page","type-page","status-publish","hentry","no-wpautop"],"translation":{"provider":"WPGlobus","version":"2.10.10","language":"fr","enabled_languages":["en","nl","es","sv","fr"],"languages":{"en":{"title":true,"content":true,"excerpt":false},"nl":{"title":true,"content":true,"excerpt":false},"es":{"title":true,"content":true,"excerpt":false},"sv":{"title":true,"content":true,"excerpt":false},"fr":{"title":true,"content":true,"excerpt":false}}},"yoast_head":"<!-- This site is optimized with the Yoast SEO plugin v20.6 - https:\/\/yoast.com\/wordpress\/plugins\/seo\/ -->\r\n<title>Analyse technique - 24 World<\/title>\r\n<meta name=\"robots\" content=\"noindex, follow, max-snippet:-1, max-image-preview:large, max-video-preview:-1\" \/>\r\n<meta property=\"og:locale\" content=\"fr_FR\" \/>\r\n<meta property=\"og:type\" content=\"article\" \/>\r\n<meta property=\"og:title\" content=\"Analyse technique - 24 World\" \/>\r\n<meta property=\"og:url\" content=\"https:\/\/22-preview.freshtone.ru\/analytics\/technical-analysis\/\" \/>\r\n<meta property=\"og:site_name\" content=\"24 World\" \/>\r\n<meta property=\"article:modified_time\" content=\"2023-03-21T10:01:41+00:00\" \/>\r\n<meta property=\"og:image\" content=\"https:\/\/22-preview.freshtone.ru\/wp-content\/uploads\/2022\/09\/Frame-20.png\" \/>\r\n\t<meta property=\"og:image:width\" content=\"1200\" \/>\r\n\t<meta property=\"og:image:height\" content=\"630\" \/>\r\n\t<meta property=\"og:image:type\" content=\"image\/png\" \/>\r\n<meta name=\"twitter:card\" content=\"summary_large_image\" \/>\r\n<meta name=\"twitter:label1\" content=\"Est. reading time\" \/>\n\t<meta name=\"twitter:data1\" content=\"34 minutes\" \/>\r\n<script type=\"application\/ld+json\" class=\"yoast-schema-graph\">{\"@context\":\"https:\/\/schema.org\",\"@graph\":[{\"@type\":\"WebPage\",\"@id\":\"https:\/\/22-preview.freshtone.ru\/analytics\/technical-analysis\/\",\"url\":\"https:\/\/22-preview.freshtone.ru\/analytics\/technical-analysis\/\",\"name\":\"Analyse technique - 24 World\",\"isPartOf\":{\"@id\":\"https:\/\/22-preview.freshtone.ru\/#website\"},\"datePublished\":\"2022-09-22T11:12:39+00:00\",\"dateModified\":\"2023-03-21T10:01:41+00:00\",\"breadcrumb\":{\"@id\":\"https:\/\/22-preview.freshtone.ru\/analytics\/technical-analysis\/#breadcrumb\"},\"inLanguage\":\"fr-FR\",\"potentialAction\":[{\"@type\":\"ReadAction\",\"target\":[\"https:\/\/22-preview.freshtone.ru\/analytics\/technical-analysis\/\"]}]},{\"@type\":\"BreadcrumbList\",\"@id\":\"https:\/\/22-preview.freshtone.ru\/analytics\/technical-analysis\/#breadcrumb\",\"itemListElement\":[{\"@type\":\"ListItem\",\"position\":1,\"name\":\"Home\",\"item\":\"https:\/\/22-preview.freshtone.ru\/\"},{\"@type\":\"ListItem\",\"position\":2,\"name\":\"Analytics\",\"item\":\"https:\/\/22-preview.freshtone.ru\/analytics\/\"},{\"@type\":\"ListItem\",\"position\":3,\"name\":\"Technical analysis\"}]},{\"@type\":\"WebSite\",\"@id\":\"https:\/\/22-preview.freshtone.ru\/#website\",\"url\":\"https:\/\/22-preview.freshtone.ru\/\",\"name\":\"24 World\",\"description\":\"Online Forex CFD provider\",\"potentialAction\":[{\"@type\":\"SearchAction\",\"target\":{\"@type\":\"EntryPoint\",\"urlTemplate\":\"https:\/\/22-preview.freshtone.ru\/?s={search_term_string}\"},\"query-input\":\"required name=search_term_string\"}],\"inLanguage\":\"fr-FR\"}]}<\/script>\r\n<!-- \/ Yoast SEO plugin. -->","yoast_head_json":{"title":"Analyse technique - 24 World","robots":{"index":"noindex","follow":"follow","max-snippet":"max-snippet:-1","max-image-preview":"max-image-preview:large","max-video-preview":"max-video-preview:-1"},"og_locale":"fr_FR","og_type":"article","og_title":"Analyse technique - 24 World","og_url":"https:\/\/22-preview.freshtone.ru\/analytics\/technical-analysis\/","og_site_name":"24 World","article_modified_time":"2023-03-21T10:01:41+00:00","og_image":[{"width":1200,"height":630,"url":"https:\/\/22-preview.freshtone.ru\/wp-content\/uploads\/2022\/09\/Frame-20.png","type":"image\/png"}],"twitter_card":"summary_large_image","twitter_misc":{"Est. reading time":"34 minutes"},"schema":{"@context":"https:\/\/schema.org","@graph":[{"@type":"WebPage","@id":"https:\/\/22-preview.freshtone.ru\/analytics\/technical-analysis\/","url":"https:\/\/22-preview.freshtone.ru\/analytics\/technical-analysis\/","name":"Analyse technique - 24 World","isPartOf":{"@id":"https:\/\/22-preview.freshtone.ru\/#website"},"datePublished":"2022-09-22T11:12:39+00:00","dateModified":"2023-03-21T10:01:41+00:00","breadcrumb":{"@id":"https:\/\/22-preview.freshtone.ru\/analytics\/technical-analysis\/#breadcrumb"},"inLanguage":"fr-FR","potentialAction":[{"@type":"ReadAction","target":["https:\/\/22-preview.freshtone.ru\/analytics\/technical-analysis\/"]}]},{"@type":"BreadcrumbList","@id":"https:\/\/22-preview.freshtone.ru\/analytics\/technical-analysis\/#breadcrumb","itemListElement":[{"@type":"ListItem","position":1,"name":"Home","item":"https:\/\/22-preview.freshtone.ru\/"},{"@type":"ListItem","position":2,"name":"Analytics","item":"https:\/\/22-preview.freshtone.ru\/analytics\/"},{"@type":"ListItem","position":3,"name":"Technical analysis"}]},{"@type":"WebSite","@id":"https:\/\/22-preview.freshtone.ru\/#website","url":"https:\/\/22-preview.freshtone.ru\/","name":"24 World","description":"Online Forex CFD provider","potentialAction":[{"@type":"SearchAction","target":{"@type":"EntryPoint","urlTemplate":"https:\/\/22-preview.freshtone.ru\/?s={search_term_string}"},"query-input":"required name=search_term_string"}],"inLanguage":"fr-FR"}]}},"_links":{"self":[{"href":"https:\/\/22-preview.freshtone.ru\/fr\/wp-json\/wp\/v2\/pages\/46","targetHints":{"allow":["GET"]}}],"collection":[{"href":"https:\/\/22-preview.freshtone.ru\/fr\/wp-json\/wp\/v2\/pages"}],"about":[{"href":"https:\/\/22-preview.freshtone.ru\/fr\/wp-json\/wp\/v2\/types\/page"}],"author":[{"embeddable":true,"href":"https:\/\/22-preview.freshtone.ru\/fr\/wp-json\/wp\/v2\/users\/1"}],"replies":[{"embeddable":true,"href":"https:\/\/22-preview.freshtone.ru\/fr\/wp-json\/wp\/v2\/comments?post=46"}],"version-history":[{"count":7,"href":"https:\/\/22-preview.freshtone.ru\/fr\/wp-json\/wp\/v2\/pages\/46\/revisions"}],"predecessor-version":[{"id":277,"href":"https:\/\/22-preview.freshtone.ru\/fr\/wp-json\/wp\/v2\/pages\/46\/revisions\/277"}],"up":[{"embeddable":true,"href":"https:\/\/22-preview.freshtone.ru\/fr\/wp-json\/wp\/v2\/pages\/36"}],"wp:attachment":[{"href":"https:\/\/22-preview.freshtone.ru\/fr\/wp-json\/wp\/v2\/media?parent=46"}],"curies":[{"name":"wp","href":"https:\/\/api.w.org\/{rel}","templated":true}]}}