{"id":54,"date":"2022-09-22T14:18:09","date_gmt":"2022-09-22T11:18:09","guid":{"rendered":"http:\/\/3.test.freshtone.ru\/?page_id=54"},"modified":"2023-03-17T11:09:33","modified_gmt":"2023-03-17T08:09:33","slug":"consulting-department","status":"publish","type":"page","link":"https:\/\/22-preview.freshtone.ru\/fr\/trading\/consulting-department\/","title":{"rendered":"Service de conseil"},"content":{"rendered":"<div class=\"intro consulting-intro\">\r\n    <div class=\"container\">\r\n        <h1 class=\"intro__title\">Service de conseil<\/h1>\r\n    <\/div>\r\n<\/div>\r\n<section class=\"two-columns\">\r\n    <div class=\"container\">\r\n        <h2 class=\"two-columns__title\">Conseil en gestion<\/h2>\r\n        <div class=\"two-columns__wrap\">\r\n            <div>Une fa\u00e7on unique de gagner de l&#8217;argent sur les march\u00e9s financiers. Il s&#8217;agit de travailler en \u00e9troite collaboration avec\r\n            un expert financier de la soci\u00e9t\u00e9 et d&#8217;offrir un excellent r\u00e9sultat en termes de revenus. Ce type de trading est\r\n            recommand\u00e9 aux investisseurs qui n&#8217;ont pas encore beaucoup d&#8217;exp\u00e9rience dans le trading sur les march\u00e9s boursiers, mais\r\n            qui veulent g\u00e9rer leur propre capital et prendre des d\u00e9cisions de trading intelligentes.<\/div>\r\n            <div>Le r\u00e9sultat de cette \u00e9valuation est influenc\u00e9 par les nouvelles informations qui ne cessent d&#8217;arriver sur le march\u00e9. Les\r\n            changements dans les \u00e9quilibres b\u00e9n\u00e9fices\/risques sont le r\u00e9sultat des changements dans les actifs n\u00e9goci\u00e9s sur les\r\n            march\u00e9s. Quelles sont les informations \u00e0 surveiller ?<\/div>\r\n        <\/div>\r\n    <\/div>\r\n<\/section>\r\n<section class=\"two-columns two-columns_gray\">\r\n    <div class=\"container\">\r\n        <h2 class=\"two-columns__title\">Comment cela fonctionne-t-il ?<\/h2>\r\n        <div class=\"two-columns__wrap\">\r\n            <div>Tout le travail d&#8217;analyse au sein du d\u00e9partement de conseil est g\u00e9r\u00e9 par les employ\u00e9s de l&#8217;entreprise. Ils surveillent\r\n            les tendances du march\u00e9, suivent l&#8217;actualit\u00e9 et font des pr\u00e9visions. Ils surveillent \u00e9galement le compte personnel du\r\n            client et formulent des recommandations sur les mesures \u00e0 prendre. Il vous suffit de recevoir un appel t\u00e9l\u00e9phonique de\r\n            votre gestionnaire de portefeuille d&#8217;investissement et d&#8217;\u00e9couter une id\u00e9e d&#8217;investissement raisonn\u00e9e.<\/div>\r\n            <div>Le consultant vous proposera plusieurs options en mati\u00e8re de gestion financi\u00e8re, de couverture et de conditions de\r\n            s\u00e9curit\u00e9 et prendra une d\u00e9cision. Si vous ne souhaitez pas accepter la proposition de votre consultant, dites-le-lui et\r\n            il vous proposera des corrections ou une id\u00e9e enti\u00e8rement nouvelle.<\/div>\r\n        <\/div>\r\n    <\/div>\r\n<\/section>\r\n<section class=\"c-benefits\">\r\n    <div class=\"container\">\r\n        <h2 class=\"c-benefits__title\">Les avantages du conseil en gestion<\/h2>\r\n        <div class=\"c-benefits__wrap\">\r\n            <ul class=\"custom-list\">\r\n                <li>Portefeuilles d&#8217;investissement personnalis\u00e9s<\/li>\r\n                <li>Analyse permanente<\/li>\r\n                <li>Recommandations en temps utile<\/li>\r\n            <\/ul>\r\n            <ul class=\"custom-list\">\r\n                <li>Une occasion unique d&#8217;apprentissage<\/li>\r\n                <li>Gestion efficace des risques<\/li>\r\n                <li>Autonomie dans la prise de d\u00e9cision<\/li>\r\n            <\/ul>\r\n        <\/div>\r\n    <\/div>\r\n<\/section>\r\n<section class=\"communicate\">\r\n    <div class=\"container\">\r\n        <h2 class=\"communicate__title\">Comment le client communique-t-il avec un assistant financier personnel ?<\/h2>\r\n        <div class=\"communicate__wrap\">\r\n            <div class=\"communicate__item\">\r\n                <div class=\"communicate__item-icon communicate__item-icon-1\"><\/div>\r\n                <h3 class=\"communicate__item-title\">Par appel<\/h3>\r\n                <div class=\"communicate__text\">Le gestionnaire de portefeuille appellera le client au t\u00e9l\u00e9phone \u00e0 une heure fixe et \u00e0 intervalles r\u00e9guliers pour discuter de la situation actuelle et des prochaines mesures \u00e0 prendre. L&#8217;appel peut \u00e9galement \u00eatre effectu\u00e9 sans l&#8217;accord pr\u00e9alable du client si le conseiller a des id\u00e9es d&#8217;investissement actuelles.<\/div>\r\n            <\/div>\r\n            <div class=\"communicate__item\">\r\n                <div class=\"communicate__item-icon communicate__item-icon-2\"><\/div>\r\n                <h3 class=\"communicate__item-title\">Recommandations par SMS<\/h3>\r\n                <div class=\"communicate__text\">Les clients de la soci\u00e9t\u00e9 peuvent, s&#8217;ils le souhaitent, choisir les messages SMS comme moyen de recevoir des recommandations et des id\u00e9es d&#8217;investissement de la part de leurs conseillers financiers personnels. Les SMS sont\r\n                envoy\u00e9s au num\u00e9ro de t\u00e9l\u00e9phone personnel du client.<\/div>\r\n            <\/div>\r\n            <div class=\"communicate__item\">\r\n                <div class=\"communicate__item-icon communicate__item-icon-3\"><\/div>\r\n                <h3 class=\"communicate__item-title\">E-mail<\/h3>\r\n                <div class=\"communicate__text\">Les clients re\u00e7oivent des solutions d&#8217;investissement pr\u00eates \u00e0 l&#8217;emploi sur une longue p\u00e9riode, sous la forme de fichiers envoy\u00e9s \u00e0 l&#8217;adresse \u00e9lectronique personnelle du client. Ces fichiers contiennent d\u00e9j\u00e0 des prix d&#8217;achat\/de vente sp\u00e9cifiques pour les march\u00e9s.<\/div>\r\n            <\/div>\r\n        <\/div><a class=\"btn btn_white\" href=\"\/fr\/contacts\">Obtenir une consultation<\/a>\r\n    <\/div>\r\n<\/section>\r\n<section class=\"two-columns\">\r\n    <div class=\"container\">\r\n        <h2 class=\"two-columns__title\">Quel est le montant du capital de d\u00e9part en gestion-conseil qui peut \u00eatre utilis\u00e9 pour d\u00e9marrer une activit\u00e9 commerciale\r\n        ?<\/h2>\r\n        <div class=\"two-columns__wrap\">\r\n            <div>Nous sommes parfaitement conscients de l&#8217;importance de la protection des fonds. C&#8217;est pourquoi, afin de vous permettre\r\n            de rentabiliser votre investissement par une approche professionnelle et de comprendre les subtilit\u00e9s des m\u00e9canismes du\r\n            march\u00e9, nous sommes pr\u00eats \u00e0 vous fournir des services de conseil sans limiter le seuil minimum de l&#8217;investissement\r\n            initial. Vous pouvez commencer avec n&#8217;importe quel montant minimum. Vous devez cependant \u00eatre conscient qu&#8217;un\r\n            investissement minimum ne vous permet pas de profiter au maximum des opportunit\u00e9s du march\u00e9, tant en termes de\r\n            rentabilit\u00e9 qu&#8217;en termes de protection contre les risques.<\/div>\r\n            <div>Par exemple, les actifs minimums ne vous permettent pas de travailler avec des titres liquides d&#8217;une valeur sup\u00e9rieure \u00e0\r\n            100 dollars. Par cons\u00e9quent, et compte tenu du fait que nos revenus d\u00e9pendent des v\u00f4tres, nous vous proposerons\r\n            in\u00e9vitablement d&#8217;augmenter votre portefeuille d&#8217;investissements et de devenir un client VIP de la soci\u00e9t\u00e9.<\/div>\r\n        <\/div>\r\n    <\/div>\r\n<\/section>\r\n<section class=\"two-columns two-columns_gray\">\r\n    <div class=\"container\">\r\n        <h2 class=\"two-columns__title\">Quel profit pouvez-vous en attendre ?<\/h2>\r\n        <div class=\"two-columns__wrap\">\r\n            <div>Nous ne promettons pas de b\u00e9n\u00e9fices, mais nous pr\u00e9voyons les situations les plus possibles. Les tendances du march\u00e9\r\n            changent d&#8217;une semaine \u00e0 l&#8217;autre, mais avec notre approche de strat\u00e9gie d&#8217;investissement intelligente, nous pr\u00e9voyons\r\n            syst\u00e9matiquement des b\u00e9n\u00e9fices compris entre 2,5 % et 12,7 % sur un trimestre (90 jours).<\/div>\r\n            <div>Les b\u00e9n\u00e9fices trimestriels pourraient d\u00e9passer 15 %, mais sur la base des statistiques des deux derni\u00e8res ann\u00e9es, nous\r\n            ne pouvons pas fournir de telles donn\u00e9es.<\/div>\r\n        <\/div>\r\n    <\/div>\r\n<\/section>\r\n<section class=\"tb\">\r\n    <div class=\"container\">\r\n        <h2 class=\"tb__title\">Les avantages du conseil en gestion<\/h2>\r\n        <div class=\"tb__subtitle\">Nous distinguons quatre avantages principaux du conseil en gestion, qui font de ce type de service le plus rentable et,\r\n        par cons\u00e9quent, le plus populaire aupr\u00e8s de nos clients<\/div>\r\n        <div class=\"tb__list\">\r\n            <div class=\"tb__list-item\">\r\n                <div class=\"tb__icon tb__icon-1\"> <\/div>\r\n                <h3 class=\"tb__item-title\">Gestion du portefeuille d&#8217;un client<\/h3>\r\n            <\/div>\r\n            <div class=\"tb__list-item\">\r\n                <div class=\"tb__icon tb__icon-2\"> <\/div>\r\n                <h3 class=\"tb__item-title\">Transparence totale de toutes les transactions<\/h3>\r\n            <\/div>\r\n            <div class=\"tb__list-item\">\r\n                <div class=\"tb__icon tb__icon-3\"> <\/div>\r\n                <h3 class=\"tb__item-title\">Contact permanent avec le gestionnaire de portefeuille<\/h3>\r\n            <\/div>\r\n            <div class=\"tb__list-item\">\r\n                <div class=\"tb__icon tb__icon-4\"> <\/div>\r\n                <h3 class=\"tb__item-title\">Recommandations d&#8217;investissement sp\u00e9cifiques<\/h3>\r\n            <\/div>\r\n        <\/div>\r\n    <\/div>\r\n<\/section>","protected":false},"excerpt":{"rendered":"Service de conseil Conseil en gestion Une fa\u00e7on unique de gagner de l&#8217;argent sur les march\u00e9s financiers. Il s&#8217;agit de travailler en \u00e9troite collaboration avec un expert financier de la soci\u00e9t\u00e9 et d&#8217;offrir un excellent r\u00e9sultat en termes de revenus. Ce type de trading est recommand\u00e9 aux investisseurs qui n&#8217;ont pas encore beaucoup d&#8217;exp\u00e9rience dans [&hellip;]","protected":false},"author":1,"featured_media":0,"parent":23,"menu_order":0,"comment_status":"closed","ping_status":"closed","template":"","meta":{"footnotes":""},"class_list":["post-54","page","type-page","status-publish","hentry","no-wpautop"],"translation":{"provider":"WPGlobus","version":"2.10.10","language":"fr","enabled_languages":["en","nl","es","sv","fr"],"languages":{"en":{"title":true,"content":true,"excerpt":false},"nl":{"title":true,"content":true,"excerpt":false},"es":{"title":true,"content":true,"excerpt":false},"sv":{"title":true,"content":true,"excerpt":false},"fr":{"title":true,"content":true,"excerpt":false}}},"yoast_head":"<!-- This site is optimized with the Yoast SEO plugin v20.6 - https:\/\/yoast.com\/wordpress\/plugins\/seo\/ -->\r\n<title>Service de conseil - 24 World<\/title>\r\n<meta name=\"robots\" content=\"noindex, follow, max-snippet:-1, max-image-preview:large, max-video-preview:-1\" \/>\r\n<meta property=\"og:locale\" content=\"fr_FR\" \/>\r\n<meta property=\"og:type\" content=\"article\" \/>\r\n<meta property=\"og:title\" content=\"Service de conseil - 24 World\" \/>\r\n<meta property=\"og:url\" content=\"https:\/\/22-preview.freshtone.ru\/trading\/consulting-department\/\" \/>\r\n<meta property=\"og:site_name\" content=\"24 World\" \/>\r\n<meta property=\"article:modified_time\" content=\"2023-03-17T08:09:33+00:00\" \/>\r\n<meta property=\"og:image\" content=\"https:\/\/22-preview.freshtone.ru\/wp-content\/uploads\/2022\/09\/Frame-20.png\" \/>\r\n\t<meta property=\"og:image:width\" content=\"1200\" \/>\r\n\t<meta property=\"og:image:height\" content=\"630\" \/>\r\n\t<meta property=\"og:image:type\" content=\"image\/png\" \/>\r\n<meta name=\"twitter:card\" content=\"summary_large_image\" \/>\r\n<meta name=\"twitter:label1\" content=\"Est. reading time\" \/>\n\t<meta name=\"twitter:data1\" content=\"17 minutes\" \/>\r\n<script type=\"application\/ld+json\" class=\"yoast-schema-graph\">{\"@context\":\"https:\/\/schema.org\",\"@graph\":[{\"@type\":\"WebPage\",\"@id\":\"https:\/\/22-preview.freshtone.ru\/trading\/consulting-department\/\",\"url\":\"https:\/\/22-preview.freshtone.ru\/trading\/consulting-department\/\",\"name\":\"Service de conseil - 24 World\",\"isPartOf\":{\"@id\":\"https:\/\/22-preview.freshtone.ru\/#website\"},\"datePublished\":\"2022-09-22T11:18:09+00:00\",\"dateModified\":\"2023-03-17T08:09:33+00:00\",\"breadcrumb\":{\"@id\":\"https:\/\/22-preview.freshtone.ru\/trading\/consulting-department\/#breadcrumb\"},\"inLanguage\":\"fr-FR\",\"potentialAction\":[{\"@type\":\"ReadAction\",\"target\":[\"https:\/\/22-preview.freshtone.ru\/trading\/consulting-department\/\"]}]},{\"@type\":\"BreadcrumbList\",\"@id\":\"https:\/\/22-preview.freshtone.ru\/trading\/consulting-department\/#breadcrumb\",\"itemListElement\":[{\"@type\":\"ListItem\",\"position\":1,\"name\":\"Home\",\"item\":\"https:\/\/22-preview.freshtone.ru\/\"},{\"@type\":\"ListItem\",\"position\":2,\"name\":\"Trading\",\"item\":\"https:\/\/22-preview.freshtone.ru\/trading\/\"},{\"@type\":\"ListItem\",\"position\":3,\"name\":\"Consulting department\"}]},{\"@type\":\"WebSite\",\"@id\":\"https:\/\/22-preview.freshtone.ru\/#website\",\"url\":\"https:\/\/22-preview.freshtone.ru\/\",\"name\":\"24 World\",\"description\":\"Online Forex CFD provider\",\"potentialAction\":[{\"@type\":\"SearchAction\",\"target\":{\"@type\":\"EntryPoint\",\"urlTemplate\":\"https:\/\/22-preview.freshtone.ru\/?s={search_term_string}\"},\"query-input\":\"required name=search_term_string\"}],\"inLanguage\":\"fr-FR\"}]}<\/script>\r\n<!-- \/ Yoast SEO plugin. -->","yoast_head_json":{"title":"Service de conseil - 24 World","robots":{"index":"noindex","follow":"follow","max-snippet":"max-snippet:-1","max-image-preview":"max-image-preview:large","max-video-preview":"max-video-preview:-1"},"og_locale":"fr_FR","og_type":"article","og_title":"Service de conseil - 24 World","og_url":"https:\/\/22-preview.freshtone.ru\/trading\/consulting-department\/","og_site_name":"24 World","article_modified_time":"2023-03-17T08:09:33+00:00","og_image":[{"width":1200,"height":630,"url":"https:\/\/22-preview.freshtone.ru\/wp-content\/uploads\/2022\/09\/Frame-20.png","type":"image\/png"}],"twitter_card":"summary_large_image","twitter_misc":{"Est. reading time":"17 minutes"},"schema":{"@context":"https:\/\/schema.org","@graph":[{"@type":"WebPage","@id":"https:\/\/22-preview.freshtone.ru\/trading\/consulting-department\/","url":"https:\/\/22-preview.freshtone.ru\/trading\/consulting-department\/","name":"Service de conseil - 24 World","isPartOf":{"@id":"https:\/\/22-preview.freshtone.ru\/#website"},"datePublished":"2022-09-22T11:18:09+00:00","dateModified":"2023-03-17T08:09:33+00:00","breadcrumb":{"@id":"https:\/\/22-preview.freshtone.ru\/trading\/consulting-department\/#breadcrumb"},"inLanguage":"fr-FR","potentialAction":[{"@type":"ReadAction","target":["https:\/\/22-preview.freshtone.ru\/trading\/consulting-department\/"]}]},{"@type":"BreadcrumbList","@id":"https:\/\/22-preview.freshtone.ru\/trading\/consulting-department\/#breadcrumb","itemListElement":[{"@type":"ListItem","position":1,"name":"Home","item":"https:\/\/22-preview.freshtone.ru\/"},{"@type":"ListItem","position":2,"name":"Trading","item":"https:\/\/22-preview.freshtone.ru\/trading\/"},{"@type":"ListItem","position":3,"name":"Consulting department"}]},{"@type":"WebSite","@id":"https:\/\/22-preview.freshtone.ru\/#website","url":"https:\/\/22-preview.freshtone.ru\/","name":"24 World","description":"Online Forex CFD provider","potentialAction":[{"@type":"SearchAction","target":{"@type":"EntryPoint","urlTemplate":"https:\/\/22-preview.freshtone.ru\/?s={search_term_string}"},"query-input":"required name=search_term_string"}],"inLanguage":"fr-FR"}]}},"_links":{"self":[{"href":"https:\/\/22-preview.freshtone.ru\/fr\/wp-json\/wp\/v2\/pages\/54","targetHints":{"allow":["GET"]}}],"collection":[{"href":"https:\/\/22-preview.freshtone.ru\/fr\/wp-json\/wp\/v2\/pages"}],"about":[{"href":"https:\/\/22-preview.freshtone.ru\/fr\/wp-json\/wp\/v2\/types\/page"}],"author":[{"embeddable":true,"href":"https:\/\/22-preview.freshtone.ru\/fr\/wp-json\/wp\/v2\/users\/1"}],"replies":[{"embeddable":true,"href":"https:\/\/22-preview.freshtone.ru\/fr\/wp-json\/wp\/v2\/comments?post=54"}],"version-history":[{"count":8,"href":"https:\/\/22-preview.freshtone.ru\/fr\/wp-json\/wp\/v2\/pages\/54\/revisions"}],"predecessor-version":[{"id":257,"href":"https:\/\/22-preview.freshtone.ru\/fr\/wp-json\/wp\/v2\/pages\/54\/revisions\/257"}],"up":[{"embeddable":true,"href":"https:\/\/22-preview.freshtone.ru\/fr\/wp-json\/wp\/v2\/pages\/23"}],"wp:attachment":[{"href":"https:\/\/22-preview.freshtone.ru\/fr\/wp-json\/wp\/v2\/media?parent=54"}],"curies":[{"name":"wp","href":"https:\/\/api.w.org\/{rel}","templated":true}]}}