{"id":15,"date":"2022-09-22T13:48:30","date_gmt":"2022-09-22T10:48:30","guid":{"rendered":"http:\/\/3.test.freshtone.ru\/?page_id=15"},"modified":"2023-03-21T12:40:08","modified_gmt":"2023-03-21T09:40:08","slug":"about","status":"publish","type":"page","link":"https:\/\/22-preview.freshtone.ru\/sv\/company\/about\/","title":{"rendered":"Om f\u00f6retaget"},"content":{"rendered":"<div class=\"intro about-intro\">\r\n    <div class=\"container\">\r\n        <h1 class=\"intro__title\">Om 24 World\r\n<\/h1>\r\n        <div class=\"intro__subtitle\">V\u00e5ra handelserbjudanden \u00e4r de mest konkurrenskraftiga p\u00e5 valutamarknaden. Vi arbetar med handlare utifr\u00e5n principerna om \u00f6ppenhet, \u00e4rlighet och transparens.\r\n<\/div>\r\n    <\/div>\r\n<\/div>\r\n<section class=\"mission\">\r\n    <div class=\"container\">\r\n        <div class=\"mission__wrap\">\r\n            <div class=\"mission__text\">\r\n                <h2 class=\"section__title\">V\u00e5rt uppdrag<\/h2>\r\n                <div class=\"mission__subtitle\">\r\n<p>Vi g\u00f6r mer \u00e4n andra f\u00f6r att g\u00f6ra forex enkelt och intuitivt. Vi anser att din relation med din m\u00e4klare ska vara s\u00e4ker\r\n    och f\u00f6ruts\u00e4gbar, vilket \u00e4r anledningen till att vi l\u00e4gger stor vikt vid att g\u00f6ra v\u00e5r verksamhet s\u00e5 transparent som\r\n    m\u00f6jligt och g\u00f6r allt f\u00f6r att se till att alla villkor tydligt visas p\u00e5 v\u00e5r webbplats.<\/p>\r\n<p>Vi f\u00f6rst\u00e5r att en stor del av din framg\u00e5ng beror p\u00e5 oss och vi g\u00f6r allt vi kan f\u00f6r att tillhandah\u00e5lla snabbt\r\n    genomf\u00f6rande, de b\u00e4sta spridningarna och utm\u00e4rkt teknisk support.<\/p>\r\n                <\/div><a class=\"btn btn_white\" href=\"\/\" target=\"_blank\" rel=\"noopener\">\u00d6ppna ett konto<\/a>\r\n            <\/div><img decoding=\"async\" class=\"mission__img\" src=\"\/wp-content\/themes\/world\/img\/logo_white.svg\" alt=\"\" \/>\r\n        <\/div>\r\n    <\/div>\r\n<\/section>\r\n<section class=\"mad\">\r\n    <div class=\"container\">\r\n        <h2 class=\"mad__title\">Our main advantages<\/h2>\r\n        <div class=\"mad__list\">\r\n            <div class=\"mad__item\">\r\n                <div class=\"mad__icon mad__icon-1\"> <\/div>\r\n                <h3 class=\"mad__item-title\">Teknik<\/h3>\r\n                <div class=\"mad__text\">Vi anv\u00e4nder STP-teknik f\u00f6r att utf\u00f6ra dina order, vilket ger dig en garanterad penetration av dina order p\u00e5\r\n                internationella marknader.<\/div>\r\n            <\/div>\r\n            <div class=\"mad__item\">\r\n                <div class=\"mad__icon mad__icon-2\"> <\/div>\r\n                <h3 class=\"mad__item-title\">F\u00f6rdelaktiga handelsvillkor<\/h3>\r\n                <div class=\"mad__text\">Vi anser att varje n\u00e4ringsidkare b\u00f6r f\u00e5 de b\u00e4sta handelsvillkoren, oberoende av storleken p\u00e5 ins\u00e4ttningen.<\/div>\r\n            <\/div>\r\n            <div class=\"mad__item\">\r\n                <div class=\"mad__icon mad__icon-3\"> <\/div>\r\n                <h3 class=\"mad__item-title\">Ingen gr\u00e4ns f\u00f6r handel och bonusar<\/h3>\r\n                <div class=\"mad__text\">Vi betalar f\u00f6r alla aff\u00e4rer och handelsvolymer som g\u00f6rs med hj\u00e4lp av bonusar utan n\u00e5gra begr\u00e4nsningar.<\/div>\r\n            <\/div>\r\n        <\/div>\r\n    <\/div>\r\n<\/section>\r\n<section class=\"bonus\">\r\n    <div class=\"container\">\r\n        <div class=\"bonus__wrap\">\r\n            <h2 class=\"bonus__title\">Bonus<\/h2>\r\n            <div class=\"bonus__subtitle\">Om du har handlat framg\u00e5ngsrikt med stora partier (mer \u00e4n en standard) i flera m\u00e5nader kan vi ge dig en investerare, och\r\n            med den kommer du att hantera ett belopp p\u00e5 minst 10 000 dollar. P\u00e5 s\u00e5 s\u00e4tt kommer din inkomst att vara ungef\u00e4r 30-35 %\r\n            av dina totala int\u00e4kter.<\/div><a class=\"btn btn_white\" href=\"\/\" target=\"_blank\" rel=\"noopener\">F\u00e5 en bonus<\/a><img decoding=\"async\" class=\"bonus__img\" src=\"\/wp-content\/themes\/world\/img\/bonus-img.png\" alt=\"\" \/>\r\n        <\/div>\r\n    <\/div>\r\n<\/section>","protected":false},"excerpt":{"rendered":"Om 24 World V\u00e5ra handelserbjudanden \u00e4r de mest konkurrenskraftiga p\u00e5 valutamarknaden. Vi arbetar med handlare utifr\u00e5n principerna om \u00f6ppenhet, \u00e4rlighet och transparens. V\u00e5rt uppdrag Vi g\u00f6r mer \u00e4n andra f\u00f6r att g\u00f6ra forex enkelt och intuitivt. Vi anser att din relation med din m\u00e4klare ska vara s\u00e4ker och f\u00f6ruts\u00e4gbar, vilket \u00e4r anledningen till att vi [&hellip;]","protected":false},"author":1,"featured_media":0,"parent":13,"menu_order":0,"comment_status":"closed","ping_status":"closed","template":"","meta":{"footnotes":""},"class_list":["post-15","page","type-page","status-publish","hentry","no-wpautop"],"translation":{"provider":"WPGlobus","version":"2.10.10","language":"sv","enabled_languages":["en","nl","es","sv","fr"],"languages":{"en":{"title":true,"content":true,"excerpt":false},"nl":{"title":true,"content":true,"excerpt":false},"es":{"title":true,"content":true,"excerpt":false},"sv":{"title":true,"content":true,"excerpt":false},"fr":{"title":true,"content":true,"excerpt":false}}},"yoast_head":"<!-- This site is optimized with the Yoast SEO plugin v20.6 - https:\/\/yoast.com\/wordpress\/plugins\/seo\/ -->\r\n<title>Om f\u00f6retaget - 24 World<\/title>\r\n<meta name=\"robots\" content=\"noindex, follow, max-snippet:-1, max-image-preview:large, max-video-preview:-1\" \/>\r\n<meta property=\"og:locale\" content=\"sv_SE\" \/>\r\n<meta property=\"og:type\" content=\"article\" \/>\r\n<meta property=\"og:title\" content=\"Om f\u00f6retaget - 24 World\" \/>\r\n<meta property=\"og:url\" content=\"https:\/\/22-preview.freshtone.ru\/company\/about\/\" \/>\r\n<meta property=\"og:site_name\" content=\"24 World\" \/>\r\n<meta property=\"article:modified_time\" content=\"2023-03-21T09:40:08+00:00\" \/>\r\n<meta property=\"og:image\" content=\"https:\/\/22-preview.freshtone.ru\/wp-content\/uploads\/2022\/09\/Frame-20.png\" \/>\r\n\t<meta property=\"og:image:width\" content=\"1200\" \/>\r\n\t<meta property=\"og:image:height\" content=\"630\" \/>\r\n\t<meta property=\"og:image:type\" content=\"image\/png\" \/>\r\n<meta name=\"twitter:card\" content=\"summary_large_image\" \/>\r\n<meta name=\"twitter:label1\" content=\"Est. reading time\" \/>\n\t<meta name=\"twitter:data1\" content=\"6 minutes\" \/>\r\n<script type=\"application\/ld+json\" class=\"yoast-schema-graph\">{\"@context\":\"https:\/\/schema.org\",\"@graph\":[{\"@type\":\"WebPage\",\"@id\":\"https:\/\/22-preview.freshtone.ru\/company\/about\/\",\"url\":\"https:\/\/22-preview.freshtone.ru\/company\/about\/\",\"name\":\"Om f\u00f6retaget - 24 World\",\"isPartOf\":{\"@id\":\"https:\/\/22-preview.freshtone.ru\/#website\"},\"datePublished\":\"2022-09-22T10:48:30+00:00\",\"dateModified\":\"2023-03-21T09:40:08+00:00\",\"breadcrumb\":{\"@id\":\"https:\/\/22-preview.freshtone.ru\/company\/about\/#breadcrumb\"},\"inLanguage\":\"sv-SE\",\"potentialAction\":[{\"@type\":\"ReadAction\",\"target\":[\"https:\/\/22-preview.freshtone.ru\/company\/about\/\"]}]},{\"@type\":\"BreadcrumbList\",\"@id\":\"https:\/\/22-preview.freshtone.ru\/company\/about\/#breadcrumb\",\"itemListElement\":[{\"@type\":\"ListItem\",\"position\":1,\"name\":\"Home\",\"item\":\"https:\/\/22-preview.freshtone.ru\/\"},{\"@type\":\"ListItem\",\"position\":2,\"name\":\"Company\",\"item\":\"https:\/\/22-preview.freshtone.ru\/company\/\"},{\"@type\":\"ListItem\",\"position\":3,\"name\":\"About company\"}]},{\"@type\":\"WebSite\",\"@id\":\"https:\/\/22-preview.freshtone.ru\/#website\",\"url\":\"https:\/\/22-preview.freshtone.ru\/\",\"name\":\"24 World\",\"description\":\"Online Forex CFD provider\",\"potentialAction\":[{\"@type\":\"SearchAction\",\"target\":{\"@type\":\"EntryPoint\",\"urlTemplate\":\"https:\/\/22-preview.freshtone.ru\/?s={search_term_string}\"},\"query-input\":\"required name=search_term_string\"}],\"inLanguage\":\"sv-SE\"}]}<\/script>\r\n<!-- \/ Yoast SEO plugin. -->","yoast_head_json":{"title":"Om f\u00f6retaget - 24 World","robots":{"index":"noindex","follow":"follow","max-snippet":"max-snippet:-1","max-image-preview":"max-image-preview:large","max-video-preview":"max-video-preview:-1"},"og_locale":"sv_SE","og_type":"article","og_title":"Om f\u00f6retaget - 24 World","og_url":"https:\/\/22-preview.freshtone.ru\/company\/about\/","og_site_name":"24 World","article_modified_time":"2023-03-21T09:40:08+00:00","og_image":[{"width":1200,"height":630,"url":"https:\/\/22-preview.freshtone.ru\/wp-content\/uploads\/2022\/09\/Frame-20.png","type":"image\/png"}],"twitter_card":"summary_large_image","twitter_misc":{"Est. reading time":"6 minutes"},"schema":{"@context":"https:\/\/schema.org","@graph":[{"@type":"WebPage","@id":"https:\/\/22-preview.freshtone.ru\/company\/about\/","url":"https:\/\/22-preview.freshtone.ru\/company\/about\/","name":"Om f\u00f6retaget - 24 World","isPartOf":{"@id":"https:\/\/22-preview.freshtone.ru\/#website"},"datePublished":"2022-09-22T10:48:30+00:00","dateModified":"2023-03-21T09:40:08+00:00","breadcrumb":{"@id":"https:\/\/22-preview.freshtone.ru\/company\/about\/#breadcrumb"},"inLanguage":"sv-SE","potentialAction":[{"@type":"ReadAction","target":["https:\/\/22-preview.freshtone.ru\/company\/about\/"]}]},{"@type":"BreadcrumbList","@id":"https:\/\/22-preview.freshtone.ru\/company\/about\/#breadcrumb","itemListElement":[{"@type":"ListItem","position":1,"name":"Home","item":"https:\/\/22-preview.freshtone.ru\/"},{"@type":"ListItem","position":2,"name":"Company","item":"https:\/\/22-preview.freshtone.ru\/company\/"},{"@type":"ListItem","position":3,"name":"About company"}]},{"@type":"WebSite","@id":"https:\/\/22-preview.freshtone.ru\/#website","url":"https:\/\/22-preview.freshtone.ru\/","name":"24 World","description":"Online Forex CFD provider","potentialAction":[{"@type":"SearchAction","target":{"@type":"EntryPoint","urlTemplate":"https:\/\/22-preview.freshtone.ru\/?s={search_term_string}"},"query-input":"required name=search_term_string"}],"inLanguage":"sv-SE"}]}},"_links":{"self":[{"href":"https:\/\/22-preview.freshtone.ru\/sv\/wp-json\/wp\/v2\/pages\/15","targetHints":{"allow":["GET"]}}],"collection":[{"href":"https:\/\/22-preview.freshtone.ru\/sv\/wp-json\/wp\/v2\/pages"}],"about":[{"href":"https:\/\/22-preview.freshtone.ru\/sv\/wp-json\/wp\/v2\/types\/page"}],"author":[{"embeddable":true,"href":"https:\/\/22-preview.freshtone.ru\/sv\/wp-json\/wp\/v2\/users\/1"}],"replies":[{"embeddable":true,"href":"https:\/\/22-preview.freshtone.ru\/sv\/wp-json\/wp\/v2\/comments?post=15"}],"version-history":[{"count":17,"href":"https:\/\/22-preview.freshtone.ru\/sv\/wp-json\/wp\/v2\/pages\/15\/revisions"}],"predecessor-version":[{"id":274,"href":"https:\/\/22-preview.freshtone.ru\/sv\/wp-json\/wp\/v2\/pages\/15\/revisions\/274"}],"up":[{"embeddable":true,"href":"https:\/\/22-preview.freshtone.ru\/sv\/wp-json\/wp\/v2\/pages\/13"}],"wp:attachment":[{"href":"https:\/\/22-preview.freshtone.ru\/sv\/wp-json\/wp\/v2\/media?parent=15"}],"curies":[{"name":"wp","href":"https:\/\/api.w.org\/{rel}","templated":true}]}}