{"id":19,"date":"2022-09-22T13:56:03","date_gmt":"2022-09-22T10:56:03","guid":{"rendered":"http:\/\/3.test.freshtone.ru\/?page_id=19"},"modified":"2023-12-26T11:59:13","modified_gmt":"2023-12-26T08:59:13","slug":"documents","status":"publish","type":"page","link":"https:\/\/22-preview.freshtone.ru\/sv\/company\/documents\/","title":{"rendered":"Dokument"},"content":{"rendered":"<div class=\"intro docs-intro\">\r\n    <div class=\"container\">\r\n        <h1 class=\"intro__title\">Dokument<\/h1>\r\n    <\/div>\r\n<\/div>\r\n<section class=\"docs\">\r\n    <div class=\"container\">\r\n        <ul class=\"docs__list\">\r\n            <li>\r\n                <div class=\"docs__icon\"><\/div>\r\n                <h3 class=\"docs__item-title\">Avtal med kunden<\/h3>\r\n                <div class=\"docs__arrow\"><\/div>\r\n                <p><a href=\"http:\/\/invest24world.com\/wp-content\/uploads\/2023\/05\/Client-Agreement.pdf\" target=\"_blank\" rel=\"noopener\"><\/a><\/p>\r\n            <\/li>\r\n            <li>\r\n                <div class=\"docs__icon\"><\/div>\r\n                <h3 class=\"docs__item-title\">Policyn f\u00f6r AML och KYC<\/h3>\r\n                <div class=\"docs__arrow\"><\/div>\r\n                <p><a href=\"http:\/\/invest24world.com\/wp-content\/uploads\/2023\/05\/AML-and-KYC-policy.pdf\" target=\"_blank\" rel=\"noopener\"><\/a><\/p>\r\n            <\/li>\r\n            <li>\r\n                <div class=\"docs__icon\"><\/div>\r\n                <h3 class=\"docs__item-title\">Integritetspolicy<\/h3>\r\n                <div class=\"docs__arrow\"><\/div>\r\n                <p><a href=\"http:\/\/invest24world.com\/wp-content\/uploads\/2023\/05\/Privacy-Policy.pdf\" target=\"_blank\" rel=\"noopener\"><\/a><\/p>\r\n            <\/li>\r\n            <li>\r\n                <div class=\"docs__icon\"><\/div>\r\n                <h3 class=\"docs__item-title\">Information om risker<\/h3>\r\n                <div class=\"docs__arrow\"><\/div>\r\n                <p><a href=\"http:\/\/invest24world.com\/wp-content\/uploads\/2023\/05\/Risk-Disclosure.pdf\" target=\"_blank\" rel=\"noopener\"><\/a><\/p>\r\n            <\/li>\r\n            <li>\r\n                <div class=\"docs__icon\"><\/div>\r\n                <h3 class=\"docs__item-title\">\u00c5terbetalningspolicy<\/h3>\r\n                <div class=\"docs__arrow\"><\/div>\r\n                <p><a href=\"http:\/\/invest24world.com\/wp-content\/uploads\/2023\/05\/Refund-policy.pdf\" target=\"_blank\" rel=\"noopener\"><\/a><\/p>\r\n            <\/li>\r\n        <\/ul>\r\n    <\/div>\r\n<\/section>\r\n<section class=\"ww\">\r\n    <div class=\"container\">\r\n        <div class=\"ww__wrap\">\r\n            <div class=\"ww__text\">\r\n                <h2 class=\"ww__title\">Arbeta med 24 World p\u00e5 ett enkelt och bekv\u00e4mt s\u00e4tt<\/h2>\r\n                <div class=\"ww__subtitle\">\r\n                    V\u00e4lj bara den ins\u00e4ttnings- och uttagsmetod som passar dig.\r\n                <\/div>\r\n                <p><a class=\"btn btn_white\" href=\"\/\" target=\"_blank\" rel=\"noopener\">\u00d6ppna ett konto<\/a><\/p>\r\n            <\/div>\r\n            <p><img decoding=\"async\" class=\"ww__img\" src=\"\/wp-content\/themes\/world\/img\/ww-img_mobile.png\" alt=\"ww-img_mobile\"><\/p>\r\n        <\/div>\r\n    <\/div>\r\n<\/section>","protected":false},"excerpt":{"rendered":"Dokument Avtal med kunden Policyn f\u00f6r AML och KYC Integritetspolicy Information om risker \u00c5terbetalningspolicy Arbeta med 24 World p\u00e5 ett enkelt och bekv\u00e4mt s\u00e4tt V\u00e4lj bara den ins\u00e4ttnings- och uttagsmetod som passar dig. \u00d6ppna ett konto","protected":false},"author":1,"featured_media":0,"parent":13,"menu_order":0,"comment_status":"closed","ping_status":"closed","template":"","meta":{"footnotes":""},"class_list":["post-19","page","type-page","status-publish","hentry","no-wpautop"],"translation":{"provider":"WPGlobus","version":"2.10.10","language":"sv","enabled_languages":["en","nl","es","sv","fr"],"languages":{"en":{"title":true,"content":true,"excerpt":false},"nl":{"title":true,"content":true,"excerpt":false},"es":{"title":true,"content":true,"excerpt":false},"sv":{"title":true,"content":true,"excerpt":false},"fr":{"title":true,"content":true,"excerpt":false}}},"yoast_head":"<!-- This site is optimized with the Yoast SEO plugin v20.6 - https:\/\/yoast.com\/wordpress\/plugins\/seo\/ -->\r\n<title>Dokument - 24 World<\/title>\r\n<meta name=\"robots\" content=\"noindex, follow, max-snippet:-1, max-image-preview:large, max-video-preview:-1\" \/>\r\n<meta property=\"og:locale\" content=\"sv_SE\" \/>\r\n<meta property=\"og:type\" content=\"article\" \/>\r\n<meta property=\"og:title\" content=\"Dokument - 24 World\" \/>\r\n<meta property=\"og:url\" content=\"https:\/\/22-preview.freshtone.ru\/company\/documents\/\" \/>\r\n<meta property=\"og:site_name\" content=\"24 World\" \/>\r\n<meta property=\"article:modified_time\" content=\"2023-12-26T08:59:13+00:00\" \/>\r\n<meta property=\"og:image\" content=\"https:\/\/22-preview.freshtone.ru\/wp-content\/uploads\/2022\/09\/Frame-20.png\" \/>\r\n\t<meta property=\"og:image:width\" content=\"1200\" \/>\r\n\t<meta property=\"og:image:height\" content=\"630\" \/>\r\n\t<meta property=\"og:image:type\" content=\"image\/png\" \/>\r\n<meta name=\"twitter:card\" content=\"summary_large_image\" \/>\r\n<meta name=\"twitter:label1\" content=\"Est. reading time\" \/>\n\t<meta name=\"twitter:data1\" content=\"1 minute\" \/>\r\n<script type=\"application\/ld+json\" class=\"yoast-schema-graph\">{\"@context\":\"https:\/\/schema.org\",\"@graph\":[{\"@type\":\"WebPage\",\"@id\":\"https:\/\/22-preview.freshtone.ru\/company\/documents\/\",\"url\":\"https:\/\/22-preview.freshtone.ru\/company\/documents\/\",\"name\":\"Dokument - 24 World\",\"isPartOf\":{\"@id\":\"https:\/\/22-preview.freshtone.ru\/#website\"},\"datePublished\":\"2022-09-22T10:56:03+00:00\",\"dateModified\":\"2023-12-26T08:59:13+00:00\",\"breadcrumb\":{\"@id\":\"https:\/\/22-preview.freshtone.ru\/company\/documents\/#breadcrumb\"},\"inLanguage\":\"sv-SE\",\"potentialAction\":[{\"@type\":\"ReadAction\",\"target\":[\"https:\/\/22-preview.freshtone.ru\/company\/documents\/\"]}]},{\"@type\":\"BreadcrumbList\",\"@id\":\"https:\/\/22-preview.freshtone.ru\/company\/documents\/#breadcrumb\",\"itemListElement\":[{\"@type\":\"ListItem\",\"position\":1,\"name\":\"Home\",\"item\":\"https:\/\/22-preview.freshtone.ru\/\"},{\"@type\":\"ListItem\",\"position\":2,\"name\":\"Company\",\"item\":\"https:\/\/22-preview.freshtone.ru\/company\/\"},{\"@type\":\"ListItem\",\"position\":3,\"name\":\"Documents\"}]},{\"@type\":\"WebSite\",\"@id\":\"https:\/\/22-preview.freshtone.ru\/#website\",\"url\":\"https:\/\/22-preview.freshtone.ru\/\",\"name\":\"24 World\",\"description\":\"Online Forex CFD provider\",\"potentialAction\":[{\"@type\":\"SearchAction\",\"target\":{\"@type\":\"EntryPoint\",\"urlTemplate\":\"https:\/\/22-preview.freshtone.ru\/?s={search_term_string}\"},\"query-input\":\"required name=search_term_string\"}],\"inLanguage\":\"sv-SE\"}]}<\/script>\r\n<!-- \/ Yoast SEO plugin. -->","yoast_head_json":{"title":"Dokument - 24 World","robots":{"index":"noindex","follow":"follow","max-snippet":"max-snippet:-1","max-image-preview":"max-image-preview:large","max-video-preview":"max-video-preview:-1"},"og_locale":"sv_SE","og_type":"article","og_title":"Dokument - 24 World","og_url":"https:\/\/22-preview.freshtone.ru\/company\/documents\/","og_site_name":"24 World","article_modified_time":"2023-12-26T08:59:13+00:00","og_image":[{"width":1200,"height":630,"url":"https:\/\/22-preview.freshtone.ru\/wp-content\/uploads\/2022\/09\/Frame-20.png","type":"image\/png"}],"twitter_card":"summary_large_image","twitter_misc":{"Est. reading time":"1 minute"},"schema":{"@context":"https:\/\/schema.org","@graph":[{"@type":"WebPage","@id":"https:\/\/22-preview.freshtone.ru\/company\/documents\/","url":"https:\/\/22-preview.freshtone.ru\/company\/documents\/","name":"Dokument - 24 World","isPartOf":{"@id":"https:\/\/22-preview.freshtone.ru\/#website"},"datePublished":"2022-09-22T10:56:03+00:00","dateModified":"2023-12-26T08:59:13+00:00","breadcrumb":{"@id":"https:\/\/22-preview.freshtone.ru\/company\/documents\/#breadcrumb"},"inLanguage":"sv-SE","potentialAction":[{"@type":"ReadAction","target":["https:\/\/22-preview.freshtone.ru\/company\/documents\/"]}]},{"@type":"BreadcrumbList","@id":"https:\/\/22-preview.freshtone.ru\/company\/documents\/#breadcrumb","itemListElement":[{"@type":"ListItem","position":1,"name":"Home","item":"https:\/\/22-preview.freshtone.ru\/"},{"@type":"ListItem","position":2,"name":"Company","item":"https:\/\/22-preview.freshtone.ru\/company\/"},{"@type":"ListItem","position":3,"name":"Documents"}]},{"@type":"WebSite","@id":"https:\/\/22-preview.freshtone.ru\/#website","url":"https:\/\/22-preview.freshtone.ru\/","name":"24 World","description":"Online Forex CFD provider","potentialAction":[{"@type":"SearchAction","target":{"@type":"EntryPoint","urlTemplate":"https:\/\/22-preview.freshtone.ru\/?s={search_term_string}"},"query-input":"required name=search_term_string"}],"inLanguage":"sv-SE"}]}},"_links":{"self":[{"href":"https:\/\/22-preview.freshtone.ru\/sv\/wp-json\/wp\/v2\/pages\/19","targetHints":{"allow":["GET"]}}],"collection":[{"href":"https:\/\/22-preview.freshtone.ru\/sv\/wp-json\/wp\/v2\/pages"}],"about":[{"href":"https:\/\/22-preview.freshtone.ru\/sv\/wp-json\/wp\/v2\/types\/page"}],"author":[{"embeddable":true,"href":"https:\/\/22-preview.freshtone.ru\/sv\/wp-json\/wp\/v2\/users\/1"}],"replies":[{"embeddable":true,"href":"https:\/\/22-preview.freshtone.ru\/sv\/wp-json\/wp\/v2\/comments?post=19"}],"version-history":[{"count":12,"href":"https:\/\/22-preview.freshtone.ru\/sv\/wp-json\/wp\/v2\/pages\/19\/revisions"}],"predecessor-version":[{"id":1221,"href":"https:\/\/22-preview.freshtone.ru\/sv\/wp-json\/wp\/v2\/pages\/19\/revisions\/1221"}],"up":[{"embeddable":true,"href":"https:\/\/22-preview.freshtone.ru\/sv\/wp-json\/wp\/v2\/pages\/13"}],"wp:attachment":[{"href":"https:\/\/22-preview.freshtone.ru\/sv\/wp-json\/wp\/v2\/media?parent=19"}],"curies":[{"name":"wp","href":"https:\/\/api.w.org\/{rel}","templated":true}]}}