{"id":2,"date":"2022-09-22T10:16:46","date_gmt":"2022-09-22T07:16:46","guid":{"rendered":"http:\/\/3.test.freshtone.ru\/?page_id=2"},"modified":"2023-12-13T17:14:03","modified_gmt":"2023-12-13T14:14:03","slug":"main","status":"publish","type":"page","link":"https:\/\/22-preview.freshtone.ru\/sv\/","title":{"rendered":"24 World"},"content":{"rendered":"<section class=\"fs\">\r\n<div class=\"container\">\r\n<div class=\"fs__wrap\">\r\n<div class=\"fs__text\">\r\n<h1 class=\"section__title\">R\u00e4tt val f\u00f6r investeringar<\/h1>\r\n<div class=\"fs__subtitle\">Med v\u00e5ra handelsplattformar har v\u00e5ra kunder tillg\u00e5ng till omedelbar finansiell information,\r\nmarknadsanalyser och investeringsm\u00f6jligheter \u00f6ver hela v\u00e4rlden.<\/div>\r\n<a class=\"btn\" href=\"\/\" target=\"_blank\" rel=\"noopener\">B\u00f6rja investera<\/a>\r\n\r\n<\/div>\r\n<img decoding=\"async\" class=\"fs__img\" src=\"\/wp-content\/themes\/world\/img\/fs-img.png\" alt=\"fs-img\" \/>\r\n\r\n<\/div>\r\n<\/div>\r\n<\/section><section class=\"wm\">\r\n<div class=\"container\">\r\n<div class=\"wm__wrap\">\r\n<div class=\"wm__first\">\r\n<h2 class=\"section__title wm__title\">V\u00e4rldsmarknaderna precis bredvid dig<\/h2>\r\n<div class=\"wm__subtitle\">24 Worlds m\u00e5ng\u00e5riga erfarenhet g\u00f6r det m\u00f6jligt f\u00f6r oss att ge v\u00e5ra kunder h\u00f6gkvalitativ tillg\u00e5ng\r\ntill de finansiella marknaderna utan att beh\u00f6va ingripa som handlare.<\/div>\r\n<\/div>\r\n<div class=\"wm__2nd\">\r\n<ul class=\"wm__list\">\r\n \t<li class=\"wm__l-item\">\r\n<div class=\"wm__icon wm__icon-1\"><\/div>\r\n<div class=\"wm__item-text\">\r\n<h3 class=\"wm__item-title\">P\u00e5litlig<\/h3>\r\n<div class=\"wm__item-subtitle\">Tv\u00e5faktorsautentisering och fullst\u00e4ndig verifiering<\/div>\r\n<\/div><\/li>\r\n \t<li class=\"wm__l-item\">\r\n<div class=\"wm__icon wm__icon-2\"><\/div>\r\n<div class=\"wm__item-text\">\r\n<h3 class=\"wm__item-title\">L\u00f6nsam<\/h3>\r\n<div class=\"wm__item-subtitle\">Upp till 30 % av spridningen, de l\u00e4gsta provisionerna<\/div>\r\n<\/div><\/li>\r\n \t<li class=\"wm__l-item\">\r\n<div class=\"wm__icon wm__icon-3\"><\/div>\r\n<div class=\"wm__item-text\">\r\n<h3 class=\"wm__item-title\">Bekv\u00e4mt<\/h3>\r\n<div class=\"wm__item-subtitle\">Ins\u00e4ttning och uttag p\u00e5 kortast m\u00f6jliga tid med en provision fr\u00e5n 0 till 2 %.<\/div>\r\n<\/div><\/li>\r\n \t<li class=\"wm__l-item\">\r\n<div class=\"wm__icon wm__icon-4\"><\/div>\r\n<div class=\"wm__item-text\">\r\n<h3 class=\"wm__item-title\">Tillg\u00e4nglig<\/h3>\r\n<div class=\"wm__item-subtitle\">Ett brett utbud av handelsinstrument<\/div>\r\n<\/div><\/li>\r\n<\/ul>\r\n<\/div>\r\n<\/div>\r\n<\/div>\r\n<\/section><section class=\"discover\">\r\n<div class=\"container\">\r\n<div class=\"discover__wrap\">\r\n<div class=\"discover__1st\">\r\n<h2 class=\"section__title discover__title\">Uppt\u00e4ck en v\u00e4rld av m\u00f6jligheter<\/h2>\r\n<div class=\"discover__subtitle\">\r\n<div>Handla med 24 World med upp till 1:400 h\u00e4vst\u00e5ngseffekt, ingen swap (islamisk), l\u00e5ga spreadar och\r\nde b\u00e4sta r\u00e5spreadarna.<\/div>\r\n<div>24 World \u00e4r en online Forex CFD-leverant\u00f6r som \u00e4r det b\u00e4sta valet f\u00f6r h\u00f6gvolymhandlare, robotar\r\noch scalping. V\u00e5rt m\u00e5ngsidiga och egenutvecklade likviditetssystem uppr\u00e4tth\u00e5ller sn\u00e4va spreadar\r\n24 timmar om dygnet, 5 dagar i veckan.<\/div>\r\n<\/div>\r\n<a class=\"btn\" href=\"\/\" target=\"_blank\" rel=\"noopener\">B\u00f6rja investera<\/a>\r\n\r\n<\/div>\r\n<div class=\"discover__2nd\"><\/div>\r\n<\/div>\r\n<\/div>\r\n<\/section><section class=\"types\">\r\n<div class=\"container\">\r\n<div class=\"types__wrap\">\r\n<div class=\"types__1st\">\r\n<h2 class=\"section__title types__title\">Kontotyper<\/h2>\r\n<div class=\"types__subtitle\">Utforska olika kontotyper f\u00f6r att handla p\u00e5 din \u00f6nskade marknad<\/div>\r\n<a class=\"btn btn_white\" href=\"\/\" target=\"_blank\" rel=\"noopener\">B\u00f6rja\r\nhandla<\/a>\r\n\r\n<\/div>\r\n<div class=\"types__col\">\r\n<div class=\"types__icon types__icon-1\"><\/div>\r\n<div class=\"types__title\">\r\n<h3>Micro: $5,000<\/h3>\r\n<\/div>\r\n<ul class=\"types__list\">\r\n \t<li>Leverage &#8211; 1:1 \u2013 1:5<\/li>\r\n \t<li>The minimum lot size is 0.01<\/li>\r\n \t<li>Hedging<\/li>\r\n \t<li>Personal manager<\/li>\r\n<\/ul>\r\n<\/div>\r\n<div class=\"types__col\">\r\n<div class=\"types__icon types__icon-2\"><\/div>\r\n<div class=\"types__title\">\r\n<h3>Standard: $25,000<\/h3>\r\n<\/div>\r\n<ul class=\"types__list\">\r\n \t<li>Leverage &#8211; 1:5 \u2013 1:10<\/li>\r\n \t<li>The minimum lot size is 0.01<\/li>\r\n \t<li>Hedging<\/li>\r\n \t<li>Personal manager<\/li>\r\n \t<li>Technical analysis<\/li>\r\n<\/ul>\r\n<\/div>\r\n<div class=\"types__col\">\r\n<div class=\"types__icon types__icon-3\"><\/div>\r\n<div class=\"types__title\">\r\n<h3>Classic: $50,000<\/h3>\r\n<\/div>\r\n<ul class=\"types__list\">\r\n \t<li>Leverage &#8211; 1:10 \u2013 1:50<\/li>\r\n \t<li>The minimum lot size is 0.01<\/li>\r\n \t<li>Hedging<\/li>\r\n \t<li>Personal manager<\/li>\r\n \t<li>Technical analysis<\/li>\r\n<\/ul>\r\n<\/div>\r\n<div class=\"types__col\">\r\n<div class=\"types__icon types__icon-1\"><\/div>\r\n<div class=\"types__title\">\r\n<h3>Pro: $100,000<\/h3>\r\n<\/div>\r\n<ul class=\"types__list\">\r\n \t<li>Leverage &#8211; 1:50 \u2013 1:250<\/li>\r\n \t<li>The minimum lot size is 0.01<\/li>\r\n \t<li>Hedging<\/li>\r\n \t<li>Personal manager<\/li>\r\n \t<li>Technical analysis<\/li>\r\n \t<li>Individual trading conditions<\/li>\r\n<\/ul>\r\n<\/div>\r\n<\/div>\r\n<\/div>\r\n<\/section><section class=\"pluses\">\r\n<div class=\"container\">\r\n<div class=\"pluses__wrap\">\r\n<h2 class=\"section__title\">24 World handelsplattform<\/h2>\r\n<div class=\"pluses__subtitle\">F\u00f6rb\u00e4ttra dina handelsresultat med v\u00e5r banbrytande teknik<\/div>\r\n<ul class=\"pluses__list\">\r\n \t<li><span class=\"c\"><span class=\"counter1\">0<\/span><span class=\"c\"> ms<\/span><\/span>Hastighet vid\r\ngenomf\u00f6randet<\/li>\r\n \t<li><span class=\"c\">1:<span class=\"counter2\">1<\/span><\/span><span class=\"c\">Utnyttjande<\/span><\/li>\r\n \t<li><span class=\"counter3\">0<\/span><span class=\"c\">Artiklar<\/span><\/li>\r\n \t<li><span class=\"c\"> <span class=\"counter4\">0<\/span><span class=\"c\"> +<\/span><\/span><span class=\"c\">Handels instrument<\/span><\/li>\r\n<\/ul>\r\n<a class=\"btn btn_white\" href=\"\/\" target=\"_blank\" rel=\"noopener\">\u00d6ppna ett konto<\/a>\r\n\r\n<\/div>\r\n<\/div>\r\n<\/section><section class=\"t-platforms\">\r\n<div class=\"container\">\r\n<div class=\"t-platforms__wrap\">\r\n<div class=\"t-platforms__text\">\r\n<h2 class=\"section__title\">F\u00f6r din bekv\u00e4mlighet,\r\nVi kommer att tillhandah\u00e5lla handelsplattformar.<\/h2>\r\n<div>F\u00e5 en h\u00f6gkvalitativ str\u00f6m av kurser och ett bekv\u00e4mt personligt konto f\u00f6r n\u00e4ringsidkare f\u00f6r full\r\nkontroll \u00f6ver dina konton. Plattformen inneh\u00e5ller ett inbyggt system f\u00f6r orderutf\u00f6rande och skyddar\r\ndina data fr\u00e5n obeh\u00f6rig \u00e5tkomst &#8211; all information \u00e4r endast tillg\u00e4nglig f\u00f6r dig. B\u00f6rja arbeta redan\r\nnu &#8211; utv\u00e4rdera m\u00f6jligheterna att arbeta p\u00e5 ditt eget konto i n\u00e4ringsidkarens terminal.<\/div>\r\n<a class=\"btn t-platforms__btn\" href=\"\/sv\/trading\/trading-platform\">Mer<\/a>\r\n\r\n<\/div>\r\n<img decoding=\"async\" class=\"t-platforms__img\" src=\"\/wp-content\/themes\/world\/img\/platforms-img.png\" alt=\"platforms-img\" \/>\r\n\r\n<\/div>\r\n<\/div>\r\n<\/section><section class=\"calend\">\r\n<div class=\"container\">\r\n<h2 class=\"section__title\">Ekonomisk kalender<\/h2>\r\n<div class=\"calend__subtitle\">Arbeta p\u00e5 finansmarknaderna med hj\u00e4lp av den ekonomiska kalendern &#8211; anv\u00e4nda alla handelsverktyg och\r\nstrategier.<\/div>\r\n<div><script src=\"https:\/\/api.marketcheese.com\/widgets\/calendar\/widget.js\" data-config='{\"language\":\"en\",\"timezone\":3,\"upload\":\"none\",\"rowCount\":20,\"devSource\":\"WDT\"}'><\/script><\/div>\r\n<\/div>\r\n<\/section><section class=\"mc\">\r\n<div class=\"container\">\r\n<h2 class=\"section__title\">Marknadsf\u00f6rh\u00e5llanden<\/h2>\r\n<div class=\"mc__subtitle\">Det aktuella l\u00e4get p\u00e5 marknaden f\u00f6r finansiella instrument p\u00e5 marknaden. G\u00f6r det m\u00f6jligt att ta reda p\u00e5\r\npriset f\u00f6r en viss tid och se dynamiken f\u00f6r olika perioder.<\/div>\r\n<div class=\"mc__widget\"><script src=\"https:\/\/api.marketcheese.com\/widgets\/markets\/widget.js\" data-config='{\"devSource\":\"WDT\",\"language\":\"en\",\"orientation\":\"auto\",\"defaultPeriod\":\"week\",\"adaptive\":true,\"groups\":[{\"name\":\"Forex\",\"symbols\":\"42,48,57,68,87\"},{\"name\":\"Futures\",\"symbols\":\"127,129,187,188\"},{\"name\":\"US Stocks\",\"symbols\":\"11,27,30,35,196\"}]}'><\/script><\/div>\r\n<\/div>\r\n<\/section>\n    <section class=\"news\">\n      <div class=\"container\"> \n        <div class=\"news__wrap news__wrap-main\">\n          <div class=\"news__1st\">\n            <h2 class=\"section__title\">Marknadsnyheter<\/h2>\n            <div class=\"news__subtitle\">F\u00f6lj nyheterna och h\u00e5ll dig uppdaterad om den senaste utvecklingen som p\u00e5verkar ekonomin i v\u00e4rlden.<\/div>\n\t\t\t<a class=\"btn btn_white\" href=\"\/news\">L\u00e4s alla nyheter<\/a>\n          <\/div>\n\t\t  \t\t\t  <div class=\"news__item\"> \n\t\t\t\t<div class=\"news__item-date\">22.12.2023<\/div>\n\t\t\t\t<h3 class=\"news__item-title\">White House: Nippon-U.S. Steel deal deserves &#8216;serious scrutiny&#8217;<\/h3>\n\t\t\t\t<div class=\"news__item-text\"><p>The White House on Thursday said Nippon Steel Corp&#8217;s $14.9 billion proposed acquisition of U.S. Steel Corp deserves &#8220;serious scrutiny,&#8221; given the company&#8217;s core role in U.S. steel production that is critical to national security. In its first substantive statement on the deal, the White House said it viewed a strong domestic steel industry as [&hellip;]<\/p>\n<\/div>\n\t\t\t\t<a href=\"https:\/\/22-preview.freshtone.ru\/sv\/white-house-nippon-u-s-steel-deal-deserves-serious-scrutiny\/\"><\/a>\n\t\t\t  <\/div>\n\t\t\t\t\t\t  <div class=\"news__item\"> \n\t\t\t\t<div class=\"news__item-date\">22.12.2023<\/div>\n\t\t\t\t<h3 class=\"news__item-title\">Cybertruck designer says Tesla stainless steel pickup is no experiment<\/h3>\n\t\t\t\t<div class=\"news__item-text\"><p>The angular, polarizing design of the Cybertruck will help boost the Tesla (NASDAQ:TSLA) brand, the electric vehicle maker&#8217;s chief designer said on Thursday, adding that the pickup was no experiment. &#8220;Love it or hate it, it&#8217;s a conversation starter, and it gets people talking about the brand,&#8221; Tesla Chief Designer Franz von Holzhausen said at [&hellip;]<\/p>\n<\/div>\n\t\t\t\t<a href=\"https:\/\/22-preview.freshtone.ru\/sv\/cybertruck-designer-says-tesla-stainless-steel-pickup-is-no-experiment\/\"><\/a>\n\t\t\t  <\/div>\n\t\t\t\t\t\t  <div class=\"news__item\"> \n\t\t\t\t<div class=\"news__item-date\">22.12.2023<\/div>\n\t\t\t\t<h3 class=\"news__item-title\">Boeing&#8217;s first Dreamliner delivery to China since 2019 to land Friday<\/h3>\n\t\t\t\t<div class=\"news__item-text\"><p>Boeing (NYSE:BA)&#8217;s first direct delivery of a 787 Dreamliner to China since 2019 is set to land in Shanghai on Friday, a step that could hasten the end of China&#8217;s freeze on deliveries of the firm&#8217;s profitable 737 MAX after more than four years. Privately owned Chinese carrier Juneyao Airlines on Thursday took delivery of [&hellip;]<\/p>\n<\/div>\n\t\t\t\t<a href=\"https:\/\/22-preview.freshtone.ru\/sv\/boeings-first-dreamliner-delivery-to-china-since-2019-to-land-friday\/\"><\/a>\n\t\t\t  <\/div>\n\t\t\t\t\t\t  <div class=\"news__item\"> \n\t\t\t\t<div class=\"news__item-date\">22.12.2023<\/div>\n\t\t\t\t<h3 class=\"news__item-title\">Dollar index slips to 1-week low; traders eye Friday&#8217;s U.S. inflation report<\/h3>\n\t\t\t\t<div class=\"news__item-text\"><p>The dollar hit a one-week low against a basket of major currencies on Thursday as U.S. equities rebounded from the prior day&#8217;s sell-off and investors braced for Friday&#8217;s U.S. inflation data for clues to the path of future Federal Reserve policy. Data earlier Thursday showed gross domestic product increased at a 4.9% annualized rate last [&hellip;]<\/p>\n<\/div>\n\t\t\t\t<a href=\"https:\/\/22-preview.freshtone.ru\/sv\/dollar-index-slips-to-1-week-low-traders-eye-fridays-u-s-inflation-report\/\"><\/a>\n\t\t\t  <\/div>\n\t\t\t\t\t\t\t\n        <\/div>\n      <\/div>\n    <\/section>\r\n\r\n<section class=\"steps\">\r\n<div class=\"container\">\r\n<h2 class=\"steps__title\">L\u00e4tta steg f\u00f6r att b\u00f6rja handla<\/h2>\r\n<div class=\"steps__wrap\">\r\n\r\n<img decoding=\"async\" class=\"steps__img\" src=\"\/wp-content\/themes\/world\/img\/steps-img.png\" alt=\"steps-img\" \/>\r\n<div class=\"steps__list-wrap\">\r\n<div class=\"steps__list\">\r\n<div class=\"steps__item\">\r\n<div class=\"steps__icon\">1<\/div>\r\n<div class=\"steps__text\">\r\n<h3 class=\"steps__item-title\">Registrering<\/h3>\r\n<div class=\"steps__item-subtitle\">Registrera dig och logga in p\u00e5 ditt personliga konto<\/div>\r\n<a class=\"btn steps__btn\" href=\"\/\" target=\"_blank\" rel=\"noopener\">Registrera<\/a>\r\n\r\n<\/div>\r\n<\/div>\r\n<div class=\"steps__item\">\r\n<div class=\"steps__icon\">2<\/div>\r\n<div class=\"steps__text\">\r\n<h3 class=\"steps__item-title\">Fyll p\u00e5 ditt konto<\/h3>\r\n<div class=\"steps__item-subtitle\">V\u00e4lj en l\u00e4mplig typ av konto och fyll p\u00e5 det p\u00e5 ett s\u00e4tt som passar dig, snabbt och\r\ns\u00e4kert.<\/div>\r\n<\/div>\r\n<\/div>\r\n<div class=\"steps__item\">\r\n<div class=\"steps__icon\">3<\/div>\r\n<div class=\"steps__text\">\r\n<h3 class=\"steps__item-title\">B\u00f6rja handla<\/h3>\r\n<div class=\"steps__item-subtitle\">B\u00f6rja handla och tj\u00e4na pengar p\u00e5 Forex- och kryptovalutamarknaden<\/div>\r\n<\/div>\r\n<\/div>\r\n<\/div>\r\n<\/div>\r\n<\/div>\r\n<\/div>\r\n<\/section><section class=\"ww\">\r\n<div class=\"container\">\r\n<div class=\"ww__wrap\">\r\n<div class=\"ww__text\">\r\n<h2 class=\"ww__title\">Arbeta med 24 World p\u00e5 ett enkelt och bekv\u00e4mt s\u00e4tt<\/h2>\r\n<div class=\"ww__subtitle\">V\u00e4lj bara den ins\u00e4ttnings- och uttagsmetod som passar dig.<\/div>\r\n<a class=\"btn btn_white\" href=\"\/\" target=\"_blank\" rel=\"noopener\">\u00d6ppna ett\r\nkonto<\/a>\r\n\r\n<\/div>\r\n<img decoding=\"async\" class=\"ww__img\" src=\"\/wp-content\/themes\/world\/img\/ww-img_mobile.png\" alt=\"ww-img_mobile\" \/>\r\n\r\n<\/div>\r\n<\/div>\r\n<\/section>","protected":false},"excerpt":{"rendered":"<p>R\u00e4tt val f\u00f6r investeringar Med v\u00e5ra handelsplattformar har v\u00e5ra kunder tillg\u00e5ng till omedelbar finansiell information, marknadsanalyser och investeringsm\u00f6jligheter \u00f6ver hela v\u00e4rlden. B\u00f6rja investera V\u00e4rldsmarknaderna precis bredvid dig 24 Worlds m\u00e5ng\u00e5riga erfarenhet g\u00f6r det m\u00f6jligt f\u00f6r oss att ge v\u00e5ra kunder h\u00f6gkvalitativ tillg\u00e5ng till de finansiella marknaderna utan att beh\u00f6va ingripa som handlare. P\u00e5litlig Tv\u00e5faktorsautentisering och [&hellip;]<\/p>\n","protected":false},"author":1,"featured_media":0,"parent":0,"menu_order":0,"comment_status":"closed","ping_status":"closed","template":"","meta":{"footnotes":""},"class_list":["post-2","page","type-page","status-publish","hentry","no-wpautop"],"translation":{"provider":"WPGlobus","version":"2.10.10","language":"sv","enabled_languages":["en","nl","es","sv","fr"],"languages":{"en":{"title":true,"content":true,"excerpt":false},"nl":{"title":true,"content":true,"excerpt":false},"es":{"title":true,"content":true,"excerpt":false},"sv":{"title":true,"content":true,"excerpt":false},"fr":{"title":true,"content":true,"excerpt":false}}},"yoast_head":"<!-- This site is optimized with the Yoast SEO plugin v20.6 - https:\/\/yoast.com\/wordpress\/plugins\/seo\/ -->\r\n<title>24 World - 24 World<\/title>\r\n<meta name=\"robots\" content=\"noindex, follow, max-snippet:-1, max-image-preview:large, max-video-preview:-1\" \/>\r\n<meta property=\"og:locale\" content=\"sv_SE\" \/>\r\n<meta property=\"og:type\" content=\"article\" \/>\r\n<meta property=\"og:title\" content=\"24 World - 24 World\" \/>\r\n<meta property=\"og:url\" content=\"https:\/\/22-preview.freshtone.ru\/\" \/>\r\n<meta property=\"og:site_name\" content=\"24 World\" \/>\r\n<meta property=\"article:modified_time\" content=\"2023-12-13T14:14:03+00:00\" \/>\r\n<meta property=\"og:image\" content=\"https:\/\/22-preview.freshtone.ru\/wp-content\/uploads\/2022\/09\/Frame-20.png\" \/>\r\n\t<meta property=\"og:image:width\" content=\"1200\" \/>\r\n\t<meta property=\"og:image:height\" content=\"630\" \/>\r\n\t<meta property=\"og:image:type\" content=\"image\/png\" \/>\r\n<meta name=\"twitter:card\" content=\"summary_large_image\" \/>\r\n<meta name=\"twitter:label1\" content=\"Est. reading time\" \/>\n\t<meta name=\"twitter:data1\" content=\"4 minutes\" \/>\r\n<script type=\"application\/ld+json\" class=\"yoast-schema-graph\">{\"@context\":\"https:\/\/schema.org\",\"@graph\":[{\"@type\":\"WebPage\",\"@id\":\"https:\/\/22-preview.freshtone.ru\/\",\"url\":\"https:\/\/22-preview.freshtone.ru\/\",\"name\":\"24 World - 24 World\",\"isPartOf\":{\"@id\":\"https:\/\/22-preview.freshtone.ru\/#website\"},\"datePublished\":\"2022-09-22T07:16:46+00:00\",\"dateModified\":\"2023-12-13T14:14:03+00:00\",\"breadcrumb\":{\"@id\":\"https:\/\/22-preview.freshtone.ru\/#breadcrumb\"},\"inLanguage\":\"sv-SE\",\"potentialAction\":[{\"@type\":\"ReadAction\",\"target\":[\"https:\/\/22-preview.freshtone.ru\/\"]}]},{\"@type\":\"BreadcrumbList\",\"@id\":\"https:\/\/22-preview.freshtone.ru\/#breadcrumb\",\"itemListElement\":[{\"@type\":\"ListItem\",\"position\":1,\"name\":\"Home\",\"item\":\"https:\/\/22-preview.freshtone.ru\/\"},{\"@type\":\"ListItem\",\"position\":2,\"name\":\"24 World\"}]},{\"@type\":\"WebSite\",\"@id\":\"https:\/\/22-preview.freshtone.ru\/#website\",\"url\":\"https:\/\/22-preview.freshtone.ru\/\",\"name\":\"24 World\",\"description\":\"Online Forex CFD provider\",\"potentialAction\":[{\"@type\":\"SearchAction\",\"target\":{\"@type\":\"EntryPoint\",\"urlTemplate\":\"https:\/\/22-preview.freshtone.ru\/?s={search_term_string}\"},\"query-input\":\"required name=search_term_string\"}],\"inLanguage\":\"sv-SE\"}]}<\/script>\r\n<!-- \/ Yoast SEO plugin. -->","yoast_head_json":{"title":"24 World - 24 World","robots":{"index":"noindex","follow":"follow","max-snippet":"max-snippet:-1","max-image-preview":"max-image-preview:large","max-video-preview":"max-video-preview:-1"},"og_locale":"sv_SE","og_type":"article","og_title":"24 World - 24 World","og_url":"https:\/\/22-preview.freshtone.ru\/","og_site_name":"24 World","article_modified_time":"2023-12-13T14:14:03+00:00","og_image":[{"width":1200,"height":630,"url":"https:\/\/22-preview.freshtone.ru\/wp-content\/uploads\/2022\/09\/Frame-20.png","type":"image\/png"}],"twitter_card":"summary_large_image","twitter_misc":{"Est. reading time":"4 minutes"},"schema":{"@context":"https:\/\/schema.org","@graph":[{"@type":"WebPage","@id":"https:\/\/22-preview.freshtone.ru\/","url":"https:\/\/22-preview.freshtone.ru\/","name":"24 World - 24 World","isPartOf":{"@id":"https:\/\/22-preview.freshtone.ru\/#website"},"datePublished":"2022-09-22T07:16:46+00:00","dateModified":"2023-12-13T14:14:03+00:00","breadcrumb":{"@id":"https:\/\/22-preview.freshtone.ru\/#breadcrumb"},"inLanguage":"sv-SE","potentialAction":[{"@type":"ReadAction","target":["https:\/\/22-preview.freshtone.ru\/"]}]},{"@type":"BreadcrumbList","@id":"https:\/\/22-preview.freshtone.ru\/#breadcrumb","itemListElement":[{"@type":"ListItem","position":1,"name":"Home","item":"https:\/\/22-preview.freshtone.ru\/"},{"@type":"ListItem","position":2,"name":"24 World"}]},{"@type":"WebSite","@id":"https:\/\/22-preview.freshtone.ru\/#website","url":"https:\/\/22-preview.freshtone.ru\/","name":"24 World","description":"Online Forex CFD provider","potentialAction":[{"@type":"SearchAction","target":{"@type":"EntryPoint","urlTemplate":"https:\/\/22-preview.freshtone.ru\/?s={search_term_string}"},"query-input":"required name=search_term_string"}],"inLanguage":"sv-SE"}]}},"_links":{"self":[{"href":"https:\/\/22-preview.freshtone.ru\/sv\/wp-json\/wp\/v2\/pages\/2","targetHints":{"allow":["GET"]}}],"collection":[{"href":"https:\/\/22-preview.freshtone.ru\/sv\/wp-json\/wp\/v2\/pages"}],"about":[{"href":"https:\/\/22-preview.freshtone.ru\/sv\/wp-json\/wp\/v2\/types\/page"}],"author":[{"embeddable":true,"href":"https:\/\/22-preview.freshtone.ru\/sv\/wp-json\/wp\/v2\/users\/1"}],"replies":[{"embeddable":true,"href":"https:\/\/22-preview.freshtone.ru\/sv\/wp-json\/wp\/v2\/comments?post=2"}],"version-history":[{"count":52,"href":"https:\/\/22-preview.freshtone.ru\/sv\/wp-json\/wp\/v2\/pages\/2\/revisions"}],"predecessor-version":[{"id":1182,"href":"https:\/\/22-preview.freshtone.ru\/sv\/wp-json\/wp\/v2\/pages\/2\/revisions\/1182"}],"wp:attachment":[{"href":"https:\/\/22-preview.freshtone.ru\/sv\/wp-json\/wp\/v2\/media?parent=2"}],"curies":[{"name":"wp","href":"https:\/\/api.w.org\/{rel}","templated":true}]}}