{"id":25,"date":"2022-09-22T14:01:32","date_gmt":"2022-09-22T11:01:32","guid":{"rendered":"http:\/\/3.test.freshtone.ru\/?page_id=25"},"modified":"2023-03-17T10:49:41","modified_gmt":"2023-03-17T07:49:41","slug":"trading-platform","status":"publish","type":"page","link":"https:\/\/22-preview.freshtone.ru\/sv\/trading\/trading-platform\/","title":{"rendered":"Handels plattform"},"content":{"rendered":"    <div class=\"intro platform-intro\">\r\n        <div class=\"container\">\r\n            <h1 class=\"intro__title\">Handels plattform\r\n<\/h1>\r\n            <div class=\"intro__subtitle\">\r\n                Gr\u00e4nssnittet p\u00e5 v\u00e5ra handelsplattformar \u00e4r anv\u00e4ndarv\u00e4nligt, funktionellt och begripligt f\u00f6r alla. Handeln hos oss sker\r\n                via handelsterminalen UTIP Trader.\r\n\r\n            <\/div>\r\n        <\/div>\r\n    <\/div>\r\n    <section class=\"benefits\">\r\n        <div class=\"container\">\r\n            <div class=\"benefits__wrap\">\r\n                <div class=\"benefits__item\">\r\n                    <div class=\"benefits__icon benefits__icon-1\"><\/div>\r\n                    <h3 class=\"benefits__title\">Den b\u00e4sta plattformen\r\n<\/h3>\r\n                    <div>\r\n                        under utm\u00e4rkta f\u00f6rh\u00e5llanden\r\n\r\n                    <\/div>\r\n                <\/div>\r\n                <div class=\"benefits__item\">\r\n                    <div class=\"benefits__icon benefits__icon-2\"><\/div>\r\n                    <h3 class=\"benefits__title\">M\u00e4klare\r\n<\/h3>\r\n                    <div>\r\n                        runtom i v\u00e4rlden\r\n\r\n                    <\/div>\r\n                <\/div>\r\n                <div class=\"benefits__item\">\r\n                    <div class=\"benefits__icon benefits__icon-3\"><\/div>\r\n                    <h3 class=\"benefits__title\">IFX Expo<\/h3>\r\n                    <div>\r\n                        deltagare\r\n\r\n                    <\/div>\r\n                <\/div>\r\n                <div class=\"benefits__item\">\r\n                    <div class=\"benefits__icon benefits__icon-4\"><\/div>\r\n                    <h3 class=\"benefits__title\">Erfarenhet\r\n<\/h3>\r\n                    <div>\r\n                        i Forex-branschen\r\n\r\n                    <\/div>\r\n                <\/div>\r\n            <\/div>\r\n        <\/div>\r\n    <\/section>\r\n    <section class=\"discover oclick\">\r\n        <div class=\"container\">\r\n            <div class=\"discover__wrap\">\r\n                <div class=\"discover__1st\">\r\n                    <h2 class=\"section__title discover__title\">Handla med 1 klick\r\n<\/h2>\r\n                    <div class=\"discover__subtitle oclick__subtitle\">\r\n<p>24 World \u00e4r en enhetlig och anv\u00e4ndarv\u00e4nlig plattform f\u00f6r arbete p\u00e5 Forex-marknaden.<\/p>\r\n<p>En handelsplattform \u00e4r en n\u00e4ringsidkares viktigaste verktyg som ger en anslutning till en server och en m\u00f6jlighet att\r\n    g\u00f6ra vinst. Plattformarna installeras p\u00e5 en dator, surfplatta eller smartphone.<\/p>\r\n                        <p><a class=\"btn\" href=\"\/\" target=\"_blank\" rel=\"noopener\">B\u00f6rja investera\r\n<\/a>\r\n                        <\/p>\r\n                    <\/div>\r\n                <\/div>\r\n                <div class=\"discover__2nd oclick__2nd\"><\/div>\r\n            <\/div>\r\n        <\/div>\r\n    <\/section>\r\n    <section class=\"platforms\">\r\n        <div class=\"container\">\r\n            <h2 class=\"platforms__title\">F\u00f6r din bekv\u00e4mlighet kommer vi att tillhandah\u00e5lla handelsplattformar\r\n<\/h2>\r\n            <div class=\"platforms__wrap\">\r\n                <div class=\"platforms__item platforms__item-1\">\r\n                    <div class=\"platforms__item-text\">\r\n                        <h3 class=\"platforms__item-title\">Snygg och modern webbterminal f\u00f6r n\u00e4ringsidkare\r\n<\/h3>\r\n                        <div class=\"platforms__item-subtitle\">\r\n                        Du f\u00e5r marknadspriser av h\u00f6g kvalitet och en bekv\u00e4m handlareplats f\u00f6r full kontroll \u00f6ver dina konton. Kom ig\u00e5ng nu &#8211;\r\n                        prova det p\u00e5 ditt eget konto i handlarterminalen.\r\n\r\n                        <\/div>\r\n                        <p><a class=\"btn app-btn\" href=\"\/\" target=\"_blank\" rel=\"noopener\"><br>\r\n                                <svg xmlns=\"http:\/\/www.w3.org\/2000\/svg\" xmlns:v=\"https:\/\/vecta.io\/nano\" width=\"20\"\r\n                                    height=\"20\" fill=\"none\">\r\n                                    <path\r\n                                        d=\"M16.58 8.877c-.117-.027-.224-.087-.308-.172s-.142-.194-.165-.312c-.3-1.433-.955-2.662-1.921-3.594A6 6 0 0 0 10 3.125c-1.387 0-2.666.457-3.698 1.32-.705.596-1.266 1.344-1.641 2.188-.04.091-.102.17-.179.232s-.168.105-.265.125c-1.055.22-1.995.677-2.702 1.323C.523 9.214 0 10.446 0 11.875a4.82 4.82 0 0 0 1.582 3.617c.982.892 2.307 1.383 3.731 1.383h10.156c1.264 0 2.353-.335 3.148-.968.905-.721 1.383-1.791 1.383-3.095 0-2.249-1.641-3.538-3.42-3.936zm-3.719-.349l-4.211 5c-.058.069-.129.124-.21.162s-.169.059-.259.06h-.011c-.087 0-.174-.018-.254-.054s-.152-.087-.21-.152l-1.793-1.987c-.225-.25-.227-.638.012-.875.06-.06.132-.106.21-.138s.163-.046.247-.044.168.022.245.057.146.086.202.149l1.324 1.468 3.75-4.453c.053-.063.118-.115.191-.152s.152-.061.234-.068.164.002.242.027.151.065.214.118.114.118.152.191.061.153.068.234-.002.164-.027.242-.065.151-.118.214v.001z\"\r\n                                        fill=\"#fff\"><\/path>\r\n                                <\/svg><span>Till Webtrader\r\n<\/span><\/a><\/p>\r\n                    <\/div>\r\n                    <p><img decoding=\"async\" src=\"\/wp-content\/themes\/world\/img\/platforms-img-1.png\" alt=\"platforms-img-1\"><\/p>\r\n                <\/div>\r\n                <div class=\"platforms__item platforms__item-2\">\r\n                    <div class=\"platforms__item-text\">\r\n                        <h3 class=\"platforms__item-title\">Mobil version av terminalen och \u00e5tkomst fr\u00e5n vilken plats som helst p\u00e5 n\u00e4tet\r\n\r\n                        <\/h3>\r\n                        <div class=\"platforms__item-subtitle\">\r\n    Den mobila terminalen har utvecklats specifikt f\u00f6r aktiv handel och maximal frihet. Den fullst\u00e4ndiga listan \u00f6ver\r\n    funktioner \u00e4r densamma som i den &#8220;stora&#8221; versionen av programvaran. Installera mobilappen fr\u00e5n den officiella butiken.\r\n\r\n                        <\/div>\r\n                    <\/div>\r\n                    <p><img decoding=\"async\" src=\"\/wp-content\/themes\/world\/img\/platforms-img-2.png\" alt=\"platforms-img-2\"><\/p>\r\n                    <div class=\"platforms__mobile-btns\">\r\n                        <a class=\"btn btn_white app-btn\" href=\"\/\" target=\"_blank\" rel=\"noopener\"><svg\r\n                                xmlns=\"http:\/\/www.w3.org\/2000\/svg\" xmlns:xlink=\"http:\/\/www.w3.org\/1999\/xlink\"\r\n                                xmlns:v=\"https:\/\/vecta.io\/nano\" width=\"20\" height=\"20\" fill=\"none\">\r\n                                <g clip-path=\"url(#A)\" fill=\"#000\">\r\n                                    <use xlink:href=\"#B\"><\/use>\r\n                                    <use xlink:href=\"#B\"><\/use>\r\n                                <\/g>\r\n                                <defs>\r\n                                    <clippath id=\"A\">\r\n                                        <path fill=\"#fff\" d=\"M0 0h20v20H0z\"><\/path>\r\n                                    <\/clippath>\r\n                                    <path id=\"B\"\r\n                                        d=\"M13.977.01c-.042-.047-1.574.019-2.906 1.465S9.944 4.578 9.974 4.62s1.9.109 3.094-1.572.953-2.989.91-3.038zm4.143 14.666c-.06-.12-2.906-1.542-2.641-4.277s2.094-3.486 2.122-3.568-.746-.988-1.567-1.446c-.603-.323-1.27-.509-1.954-.543-.135-.004-.604-.119-1.568.145l-2.46.759c-.395.022-1.57-.653-2.834-.831-.809-.156-1.666.164-2.28.41s-1.777.942-2.592 2.796-.389 4.788-.084 5.7.781 2.405 1.591 3.495c.72 1.23 1.675 2.084 2.074 2.374s1.524.482 2.304.084c.628-.385 1.76-.606 2.208-.59s1.326.192 2.227.674c.714.246 1.389.144 2.065-.131s1.655-1.324 2.798-3.447c.434-.988.631-1.521.591-1.603z\">\r\n                                    <\/path>\r\n                                <\/defs>\r\n                            <\/svg><span>App Store<\/span><\/a><a class=\"btn btn_white app-btn\" href=\"\/\"\r\n                            target=\"_blank\" rel=\"noopener\"><br>\r\n                            <svg xmlns=\"http:\/\/www.w3.org\/2000\/svg\" xmlns:v=\"https:\/\/vecta.io\/nano\" width=\"20\" height=\"22\"\r\n                                fill=\"none\">\r\n                                <g clip-path=\"url(#A)\">\r\n                                    <path\r\n                                        d=\"M3.41.555l11.931 6.86-2.557 2.557L3.41.555zM.938 0L11.89 10.909.939 21.818c-.289-.126-.532-.335-.7-.602s-.25-.577-.238-.892v.003V1.492L0 1.433A1.56 1.56 0 0 1 .929.005l.01-.004L.938 0zm18.111 9.631c.376.279.617.723.617 1.222v.059-.003c.023.244-.017.49-.118.713s-.257.417-.454.562l-.004.003-2.557 1.448-2.769-2.726 2.77-2.77 2.515 1.492zM3.41 21.264l9.375-9.417 2.557 2.557-11.932 6.86z\"\r\n                                        fill=\"#000\"><\/path>\r\n                                <\/g>\r\n                                <defs>\r\n                                    <clippath id=\"A\">\r\n                                        <path fill=\"#fff\" d=\"M0 0h20v21.818H0z\"><\/path>\r\n                                    <\/clippath>\r\n                                <\/defs>\r\n                            <\/svg><span>Google play<\/span><\/a>\r\n                    <\/div>\r\n                <\/div>\r\n                <div class=\"platforms__item platforms__item-3\">\r\n                    <div>\r\n                        <div class=\"platforms__item-text\">\r\n                            <h3 class=\"platforms__item-title\">Bekv\u00e4m terminal f\u00f6r professionella handlare\r\n<\/h3>\r\n                            <div class=\"platforms__item-subtitle\">\r\nEn klassisk plattform f\u00f6r handel med modern teknik. Multifunktionell och produktiv till\u00e4mpning.\r\n\r\n                            <\/div>\r\n                        <\/div>\r\n                        <div class=\"platforms__terminals-wrap\">\r\n                            <a class=\"btn app-btn\" href=\"\/\"><svg width=\"20\" height=\"20\"\r\n                                    viewbox=\"0 0 20 20\" fill=\"none\" xmlns=\"http:\/\/www.w3.org\/2000\/svg\">\r\n                                    <g clip-path=\"url(#clip0_590_1451)\">\r\n                                        <path\r\n                                            d=\"M13.9774 0.0100088C13.9349 -0.0374912 12.4037 0.0287588 11.0712 1.47501C9.73866 2.92001 9.94366 4.57751 9.97366 4.62001C10.0037 4.66251 11.8737 4.72876 13.0674 3.04751C14.2612 1.36626 14.0199 0.0587588 13.9774 0.0100088ZM18.1199 14.6763C18.0599 14.5563 15.2137 13.1338 15.4787 10.3988C15.7437 7.66251 17.5724 6.91251 17.6012 6.83126C17.6299 6.75001 16.8549 5.84376 16.0337 5.38501C15.4307 5.06157 14.7633 4.87627 14.0799 4.84251C13.9449 4.83876 13.4762 4.72376 12.5124 4.98751C11.8774 5.16126 10.4462 5.72376 10.0524 5.74626C9.65741 5.76876 8.48241 5.09376 7.21866 4.91501C6.40991 4.75876 5.55241 5.07876 4.93866 5.32501C4.32616 5.57001 3.16116 6.26751 2.34616 8.12126C1.53116 9.97376 1.95741 12.9088 2.26241 13.8213C2.56741 14.7325 3.04366 16.2263 3.85366 17.3163C4.57366 18.5463 5.52866 19.4 5.92741 19.69C6.32616 19.98 7.45116 20.1725 8.23116 19.7738C8.85866 19.3888 9.99116 19.1675 10.4387 19.1838C10.8849 19.2 11.7649 19.3763 12.6662 19.8575C13.3799 20.1038 14.0549 20.0013 14.7312 19.7263C15.4074 19.45 16.3862 18.4025 17.5287 16.2788C17.9624 15.2913 18.1599 14.7575 18.1199 14.6763Z\"\r\n                                            fill=\"white\"><\/path>\r\n                                        <path\r\n                                            d=\"M13.9774 0.0100088C13.9349 -0.0374912 12.4037 0.0287588 11.0712 1.47501C9.73866 2.92001 9.94366 4.57751 9.97366 4.62001C10.0037 4.66251 11.8737 4.72876 13.0674 3.04751C14.2612 1.36626 14.0199 0.0587588 13.9774 0.0100088ZM18.1199 14.6763C18.0599 14.5563 15.2137 13.1338 15.4787 10.3988C15.7437 7.66251 17.5724 6.91251 17.6012 6.83126C17.6299 6.75001 16.8549 5.84376 16.0337 5.38501C15.4307 5.06157 14.7633 4.87627 14.0799 4.84251C13.9449 4.83876 13.4762 4.72376 12.5124 4.98751C11.8774 5.16126 10.4462 5.72376 10.0524 5.74626C9.65741 5.76876 8.48241 5.09376 7.21866 4.91501C6.40991 4.75876 5.55241 5.07876 4.93866 5.32501C4.32616 5.57001 3.16116 6.26751 2.34616 8.12126C1.53116 9.97376 1.95741 12.9088 2.26241 13.8213C2.56741 14.7325 3.04366 16.2263 3.85366 17.3163C4.57366 18.5463 5.52866 19.4 5.92741 19.69C6.32616 19.98 7.45116 20.1725 8.23116 19.7738C8.85866 19.3888 9.99116 19.1675 10.4387 19.1838C10.8849 19.2 11.7649 19.3763 12.6662 19.8575C13.3799 20.1038 14.0549 20.0013 14.7312 19.7263C15.4074 19.45 16.3862 18.4025 17.5287 16.2788C17.9624 15.2913 18.1599 14.7575 18.1199 14.6763Z\"\r\n                                            fill=\"white\"><\/path>\r\n                                    <\/g>\r\n                                    <defs>\r\n                                        <clippath id=\"clip0_590_1451\">\r\n                                            <rect width=\"20\" height=\"20\" fill=\"white\"><\/rect>\r\n                                        <\/clippath>\r\n                                    <\/defs>\r\n                                <\/svg><span>MacOS<\/span><\/a><a class=\"btn app-btn\" href=\"\/\"><svg\r\n                                    xmlns=\"http:\/\/www.w3.org\/2000\/svg\" xmlns:v=\"https:\/\/vecta.io\/nano\" width=\"20\"\r\n                                    height=\"20\" fill=\"none\">\r\n                                    <g clip-path=\"url(#A)\">\r\n                                        <path\r\n                                            d=\"M0 2.874l8.125-1.122v7.874H0V2.874zm9.124-1.25L20 0v9.498H9.124V1.624zM0 10.502h8.125v7.874L0 17.249v-6.748zm9.124 0H20V20L9.252 18.499l-.127-7.998z\"\r\n                                            fill=\"#fff\"><\/path>\r\n                                    <\/g>\r\n                                    <defs>\r\n                                        <clippath id=\"A\">\r\n                                            <path fill=\"#fff\" d=\"M0 0h20v20H0z\"><\/path>\r\n                                        <\/clippath>\r\n                                    <\/defs>\r\n                                <\/svg><span>Windows<\/span><\/a>\r\n                        <\/div>\r\n                    <\/div>\r\n                    <p><img decoding=\"async\" src=\"\/wp-content\/themes\/world\/img\/platforms-img-3.png\" alt=\"platforms-img-3\"><\/p>\r\n                <\/div>\r\n            <\/div>\r\n        <\/div>\r\n    <\/section>","protected":false},"excerpt":{"rendered":"Handels plattform Gr\u00e4nssnittet p\u00e5 v\u00e5ra handelsplattformar \u00e4r anv\u00e4ndarv\u00e4nligt, funktionellt och begripligt f\u00f6r alla. Handeln hos oss sker via handelsterminalen UTIP Trader. Den b\u00e4sta plattformen under utm\u00e4rkta f\u00f6rh\u00e5llanden M\u00e4klare runtom i v\u00e4rlden IFX Expo deltagare Erfarenhet i Forex-branschen Handla med 1 klick 24 World \u00e4r en enhetlig och anv\u00e4ndarv\u00e4nlig plattform f\u00f6r arbete p\u00e5 Forex-marknaden. En handelsplattform [&hellip;]","protected":false},"author":1,"featured_media":0,"parent":23,"menu_order":0,"comment_status":"closed","ping_status":"closed","template":"","meta":{"footnotes":""},"class_list":["post-25","page","type-page","status-publish","hentry","no-wpautop"],"translation":{"provider":"WPGlobus","version":"2.10.10","language":"sv","enabled_languages":["en","nl","es","sv","fr"],"languages":{"en":{"title":true,"content":true,"excerpt":false},"nl":{"title":true,"content":true,"excerpt":false},"es":{"title":true,"content":true,"excerpt":false},"sv":{"title":true,"content":true,"excerpt":false},"fr":{"title":true,"content":true,"excerpt":false}}},"yoast_head":"<!-- This site is optimized with the Yoast SEO plugin v20.6 - https:\/\/yoast.com\/wordpress\/plugins\/seo\/ -->\r\n<title>Handels plattform - 24 World<\/title>\r\n<meta name=\"robots\" content=\"noindex, follow, max-snippet:-1, max-image-preview:large, max-video-preview:-1\" \/>\r\n<meta property=\"og:locale\" content=\"sv_SE\" \/>\r\n<meta property=\"og:type\" content=\"article\" \/>\r\n<meta property=\"og:title\" content=\"Handels plattform - 24 World\" \/>\r\n<meta property=\"og:url\" content=\"https:\/\/22-preview.freshtone.ru\/trading\/trading-platform\/\" \/>\r\n<meta property=\"og:site_name\" content=\"24 World\" \/>\r\n<meta property=\"article:modified_time\" content=\"2023-03-17T07:49:41+00:00\" \/>\r\n<meta property=\"og:image\" content=\"https:\/\/22-preview.freshtone.ru\/wp-content\/uploads\/2022\/09\/Frame-20.png\" \/>\r\n\t<meta property=\"og:image:width\" content=\"1200\" \/>\r\n\t<meta property=\"og:image:height\" content=\"630\" \/>\r\n\t<meta property=\"og:image:type\" content=\"image\/png\" \/>\r\n<meta name=\"twitter:card\" content=\"summary_large_image\" \/>\r\n<meta name=\"twitter:label1\" content=\"Est. reading time\" \/>\n\t<meta name=\"twitter:data1\" content=\"6 minutes\" \/>\r\n<script type=\"application\/ld+json\" class=\"yoast-schema-graph\">{\"@context\":\"https:\/\/schema.org\",\"@graph\":[{\"@type\":\"WebPage\",\"@id\":\"https:\/\/22-preview.freshtone.ru\/trading\/trading-platform\/\",\"url\":\"https:\/\/22-preview.freshtone.ru\/trading\/trading-platform\/\",\"name\":\"Handels plattform - 24 World\",\"isPartOf\":{\"@id\":\"https:\/\/22-preview.freshtone.ru\/#website\"},\"datePublished\":\"2022-09-22T11:01:32+00:00\",\"dateModified\":\"2023-03-17T07:49:41+00:00\",\"breadcrumb\":{\"@id\":\"https:\/\/22-preview.freshtone.ru\/trading\/trading-platform\/#breadcrumb\"},\"inLanguage\":\"sv-SE\",\"potentialAction\":[{\"@type\":\"ReadAction\",\"target\":[\"https:\/\/22-preview.freshtone.ru\/trading\/trading-platform\/\"]}]},{\"@type\":\"BreadcrumbList\",\"@id\":\"https:\/\/22-preview.freshtone.ru\/trading\/trading-platform\/#breadcrumb\",\"itemListElement\":[{\"@type\":\"ListItem\",\"position\":1,\"name\":\"Home\",\"item\":\"https:\/\/22-preview.freshtone.ru\/\"},{\"@type\":\"ListItem\",\"position\":2,\"name\":\"Trading\",\"item\":\"https:\/\/22-preview.freshtone.ru\/trading\/\"},{\"@type\":\"ListItem\",\"position\":3,\"name\":\"Trading platform\"}]},{\"@type\":\"WebSite\",\"@id\":\"https:\/\/22-preview.freshtone.ru\/#website\",\"url\":\"https:\/\/22-preview.freshtone.ru\/\",\"name\":\"24 World\",\"description\":\"Online Forex CFD provider\",\"potentialAction\":[{\"@type\":\"SearchAction\",\"target\":{\"@type\":\"EntryPoint\",\"urlTemplate\":\"https:\/\/22-preview.freshtone.ru\/?s={search_term_string}\"},\"query-input\":\"required name=search_term_string\"}],\"inLanguage\":\"sv-SE\"}]}<\/script>\r\n<!-- \/ Yoast SEO plugin. -->","yoast_head_json":{"title":"Handels plattform - 24 World","robots":{"index":"noindex","follow":"follow","max-snippet":"max-snippet:-1","max-image-preview":"max-image-preview:large","max-video-preview":"max-video-preview:-1"},"og_locale":"sv_SE","og_type":"article","og_title":"Handels plattform - 24 World","og_url":"https:\/\/22-preview.freshtone.ru\/trading\/trading-platform\/","og_site_name":"24 World","article_modified_time":"2023-03-17T07:49:41+00:00","og_image":[{"width":1200,"height":630,"url":"https:\/\/22-preview.freshtone.ru\/wp-content\/uploads\/2022\/09\/Frame-20.png","type":"image\/png"}],"twitter_card":"summary_large_image","twitter_misc":{"Est. reading time":"6 minutes"},"schema":{"@context":"https:\/\/schema.org","@graph":[{"@type":"WebPage","@id":"https:\/\/22-preview.freshtone.ru\/trading\/trading-platform\/","url":"https:\/\/22-preview.freshtone.ru\/trading\/trading-platform\/","name":"Handels plattform - 24 World","isPartOf":{"@id":"https:\/\/22-preview.freshtone.ru\/#website"},"datePublished":"2022-09-22T11:01:32+00:00","dateModified":"2023-03-17T07:49:41+00:00","breadcrumb":{"@id":"https:\/\/22-preview.freshtone.ru\/trading\/trading-platform\/#breadcrumb"},"inLanguage":"sv-SE","potentialAction":[{"@type":"ReadAction","target":["https:\/\/22-preview.freshtone.ru\/trading\/trading-platform\/"]}]},{"@type":"BreadcrumbList","@id":"https:\/\/22-preview.freshtone.ru\/trading\/trading-platform\/#breadcrumb","itemListElement":[{"@type":"ListItem","position":1,"name":"Home","item":"https:\/\/22-preview.freshtone.ru\/"},{"@type":"ListItem","position":2,"name":"Trading","item":"https:\/\/22-preview.freshtone.ru\/trading\/"},{"@type":"ListItem","position":3,"name":"Trading platform"}]},{"@type":"WebSite","@id":"https:\/\/22-preview.freshtone.ru\/#website","url":"https:\/\/22-preview.freshtone.ru\/","name":"24 World","description":"Online Forex CFD provider","potentialAction":[{"@type":"SearchAction","target":{"@type":"EntryPoint","urlTemplate":"https:\/\/22-preview.freshtone.ru\/?s={search_term_string}"},"query-input":"required name=search_term_string"}],"inLanguage":"sv-SE"}]}},"_links":{"self":[{"href":"https:\/\/22-preview.freshtone.ru\/sv\/wp-json\/wp\/v2\/pages\/25","targetHints":{"allow":["GET"]}}],"collection":[{"href":"https:\/\/22-preview.freshtone.ru\/sv\/wp-json\/wp\/v2\/pages"}],"about":[{"href":"https:\/\/22-preview.freshtone.ru\/sv\/wp-json\/wp\/v2\/types\/page"}],"author":[{"embeddable":true,"href":"https:\/\/22-preview.freshtone.ru\/sv\/wp-json\/wp\/v2\/users\/1"}],"replies":[{"embeddable":true,"href":"https:\/\/22-preview.freshtone.ru\/sv\/wp-json\/wp\/v2\/comments?post=25"}],"version-history":[{"count":12,"href":"https:\/\/22-preview.freshtone.ru\/sv\/wp-json\/wp\/v2\/pages\/25\/revisions"}],"predecessor-version":[{"id":254,"href":"https:\/\/22-preview.freshtone.ru\/sv\/wp-json\/wp\/v2\/pages\/25\/revisions\/254"}],"up":[{"embeddable":true,"href":"https:\/\/22-preview.freshtone.ru\/sv\/wp-json\/wp\/v2\/pages\/23"}],"wp:attachment":[{"href":"https:\/\/22-preview.freshtone.ru\/sv\/wp-json\/wp\/v2\/media?parent=25"}],"curies":[{"name":"wp","href":"https:\/\/api.w.org\/{rel}","templated":true}]}}