{"id":38,"date":"2022-09-22T14:08:13","date_gmt":"2022-09-22T11:08:13","guid":{"rendered":"http:\/\/3.test.freshtone.ru\/?page_id=38"},"modified":"2023-10-10T12:13:57","modified_gmt":"2023-10-10T09:13:57","slug":"market-analytics","status":"publish","type":"page","link":"https:\/\/22-preview.freshtone.ru\/sv\/analytics\/market-analytics\/","title":{"rendered":"Marknadsanalyser"},"content":{"rendered":"<div class=\"intro analytics-intro\">\r\n    <div class=\"container\">\r\n        <h1 class=\"intro__title\">Marknadsanalyser\r\n<\/h1>\r\n        <\/p>\r\n    <\/div>\r\n<\/div>\r\n<section class=\"def-section\">\r\n    <div class=\"container\">\r\n        <h2 class=\"def-section__title\">Marknadskondtition\r\n\r\n<\/h2>\r\n        <div class=\"def-section__subtitle\">Aktuellt l\u00e4ge p\u00e5 marknaden f\u00f6r finansiella instrument p\u00e5 marknaden.Ger ett pris f\u00f6r en viss tid och g\u00f6r det m\u00f6jligt att\r\n        se dynamiken under olika perioder.\r\n<\/div>\r\n        <div class=\"def-section__conditions\">\r\n            <script src=\"https:\/\/api.marketcheese.com\/widgets\/markets\/widget.js\"\r\n                data-config='{\"devSource\":\"WDT\",\"language\":\"en\",\"orientation\":\"auto\",\"defaultPeriod\":\"week\",\"adaptive\":true,\"groups\":[{\"name\":\"Forex\",\"symbols\":\"42,48,57,68,87\"},{\"name\":\"Futures\",\"symbols\":\"127,129,187,188\"},{\"name\":\"US Stocks\",\"symbols\":\"11,27,30,35,196\"}]}'><\/script>\r\n        <\/div>\r\n        <\/p>\r\n    <\/div>\r\n<\/section>\r\n<section class=\"def-section def-section_gray\">\r\n    <div class=\"container\">\r\n        <h2 class=\"def-section__title\">Citat p\u00e5 n\u00e4tet\r\n<\/h2>\r\n        <div class=\"def-section__subtitle\">Finansiella marknadskurser med ytterligare information och diagram.\r\n<\/div>\r\n        <div>\r\n            <script src=\"https:\/\/api.marketcheese.com\/widgets\/quotes\/widget.js\"\r\n                data-config='{\"devSource\":\"WDT\",\"language\":\"en\",\"lastColumn\":\"todayIncrement\",\"adaptive\":true,\"groups\":[{\"name\":\"Forex\",\"symbols\":\"42,48,57,68,87\"},{\"name\":\"Futures\",\"symbols\":\"127,129,187,188\"},{\"name\":\"US Stocks\",\"symbols\":\"11,27,30,35,196\"}]}'><\/script>\r\n        <\/div>\r\n        <\/p>\r\n    <\/div>\r\n<\/section>\r\n<section class=\"two-col\">\r\n    <div class=\"container\">\r\n        <div class=\"two-col__wrap\">\r\n            <div class=\"two-col__item\">\r\n                <h2 class=\"two-col__title\">Marknadsledare\r\n<\/h2>\r\n                <div class=\"two-col__item-subtitle\">Ta snabba handelsbeslut baserat p\u00e5 marknadsledarnas resultat\r\n<\/div>\r\n                <div>\r\n                    <script src=\"https:\/\/api.marketcheese.com\/widgets\/leaders\/widget.js\"\r\n                        data-config='{\"language\":\"en\",\"devSource\":\"WDT\"}'><\/script>\r\n                <\/div>\r\n                <\/p>\r\n            <\/div>\r\n            <div class=\"two-col__item\">\r\n                <h2 class=\"two-col__title\">Viktiga h\u00e4ndelser\r\n<\/h2>\r\n                <div class=\"two-col__item-subtitle\">Viktiga ekonomiska h\u00e4ndelser i v\u00e4rlden och marknadens reaktioner i realtid\r\n<\/div>\r\n                <div>\r\n                    <script src=\"https:\/\/api.marketcheese.com\/widgets\/notifier\/widget.js\"\r\n                        data-config='{\"language\":\"en\",\"period\":\"all\",\"multipleIndicators\":true,\"adaptive\":true,\"devSource\":\"WDT\"}'><\/script>\r\n                <\/div>\r\n                <\/p>\r\n            <\/div>\r\n        <\/div>\r\n    <\/div>\r\n<\/section>\r\n<section class=\"def-section def-section_gray\">\r\n    <div class=\"container\">\r\n        <h2 class=\"def-section__title\">Marknadsprognoser\r\n<\/h2>\r\n        <div class=\"def-section__subtitle\">Handelsid\u00e9er, f\u00f6ruts\u00e4gelser, hypoteser, analysresultat fr\u00e5n handlare och analytiker fr\u00e5n hela v\u00e4rlden.\r\n<\/div>\r\n        <div>\r\n            <script src=\"https:\/\/api.marketcheese.com\/widgets\/forecasts\/widget.js\"\r\n                data-config='{\"language\":\"en\",\"orientation\":\"horizontal\",\"maxRows\":2,\"devSource\":\"WDT\"}'><\/script>\r\n        <\/div>\r\n        <\/p>\r\n    <\/div>\r\n<\/section>\r\n<section class=\"def-section def-section_chart\">\r\n    <div class=\"container\">\r\n        <h2 class=\"def-section__title\">Diagram p\u00e5 n\u00e4tet\r\n<\/h2>\r\n        <div class=\"def-section__subtitle\">Anv\u00e4nd handlarnas viktigaste verktyg &#8211; teknisk analys p\u00e5 ett diagram \u00f6ver ett finansiellt instrument.\r\n<\/div>\r\n        <div>\r\n            <script src=\"https:\/\/api.marketcheese.com\/widgets\/chart\/widget.js\"\r\n                data-config='{\"timeframe\":\"H1\",\"barStyle\":\"Candle\",\"offset\":30,\"colorScheme\":\"light\",\"language\":\"en\",\"symbolsEnabled\":true,\"showTools\":true,\"symbol\":\"EURUSD\",\"devSource\":\"WDT\"}'><\/script>\r\n        <\/div>\r\n        <\/p>\r\n    <\/div>\r\n<\/section>","protected":false},"excerpt":{"rendered":"Marknadsanalyser Marknadskondtition Aktuellt l\u00e4ge p\u00e5 marknaden f\u00f6r finansiella instrument p\u00e5 marknaden.Ger ett pris f\u00f6r en viss tid och g\u00f6r det m\u00f6jligt att se dynamiken under olika perioder. Citat p\u00e5 n\u00e4tet Finansiella marknadskurser med ytterligare information och diagram. Marknadsledare Ta snabba handelsbeslut baserat p\u00e5 marknadsledarnas resultat Viktiga h\u00e4ndelser Viktiga ekonomiska h\u00e4ndelser i v\u00e4rlden och marknadens reaktioner [&hellip;]","protected":false},"author":1,"featured_media":0,"parent":36,"menu_order":0,"comment_status":"closed","ping_status":"closed","template":"","meta":{"footnotes":""},"class_list":["post-38","page","type-page","status-publish","hentry","no-wpautop"],"translation":{"provider":"WPGlobus","version":"2.10.10","language":"sv","enabled_languages":["en","nl","es","sv","fr"],"languages":{"en":{"title":true,"content":true,"excerpt":false},"nl":{"title":true,"content":true,"excerpt":false},"es":{"title":true,"content":true,"excerpt":false},"sv":{"title":true,"content":true,"excerpt":false},"fr":{"title":true,"content":true,"excerpt":false}}},"yoast_head":"<!-- This site is optimized with the Yoast SEO plugin v20.6 - https:\/\/yoast.com\/wordpress\/plugins\/seo\/ -->\r\n<title>Marknadsanalyser - 24 World<\/title>\r\n<meta name=\"robots\" content=\"noindex, follow, max-snippet:-1, max-image-preview:large, max-video-preview:-1\" \/>\r\n<meta property=\"og:locale\" content=\"sv_SE\" \/>\r\n<meta property=\"og:type\" content=\"article\" \/>\r\n<meta property=\"og:title\" content=\"Marknadsanalyser - 24 World\" \/>\r\n<meta property=\"og:url\" content=\"https:\/\/22-preview.freshtone.ru\/analytics\/market-analytics\/\" \/>\r\n<meta property=\"og:site_name\" content=\"24 World\" \/>\r\n<meta property=\"article:modified_time\" content=\"2023-10-10T09:13:57+00:00\" \/>\r\n<meta property=\"og:image\" content=\"https:\/\/22-preview.freshtone.ru\/wp-content\/uploads\/2022\/09\/Frame-20.png\" \/>\r\n\t<meta property=\"og:image:width\" content=\"1200\" \/>\r\n\t<meta property=\"og:image:height\" content=\"630\" \/>\r\n\t<meta property=\"og:image:type\" content=\"image\/png\" \/>\r\n<meta name=\"twitter:card\" content=\"summary_large_image\" \/>\r\n<meta name=\"twitter:label1\" content=\"Est. reading time\" \/>\n\t<meta name=\"twitter:data1\" content=\"1 minute\" \/>\r\n<script type=\"application\/ld+json\" class=\"yoast-schema-graph\">{\"@context\":\"https:\/\/schema.org\",\"@graph\":[{\"@type\":\"WebPage\",\"@id\":\"https:\/\/22-preview.freshtone.ru\/analytics\/market-analytics\/\",\"url\":\"https:\/\/22-preview.freshtone.ru\/analytics\/market-analytics\/\",\"name\":\"Marknadsanalyser - 24 World\",\"isPartOf\":{\"@id\":\"https:\/\/22-preview.freshtone.ru\/#website\"},\"datePublished\":\"2022-09-22T11:08:13+00:00\",\"dateModified\":\"2023-10-10T09:13:57+00:00\",\"breadcrumb\":{\"@id\":\"https:\/\/22-preview.freshtone.ru\/analytics\/market-analytics\/#breadcrumb\"},\"inLanguage\":\"sv-SE\",\"potentialAction\":[{\"@type\":\"ReadAction\",\"target\":[\"https:\/\/22-preview.freshtone.ru\/analytics\/market-analytics\/\"]}]},{\"@type\":\"BreadcrumbList\",\"@id\":\"https:\/\/22-preview.freshtone.ru\/analytics\/market-analytics\/#breadcrumb\",\"itemListElement\":[{\"@type\":\"ListItem\",\"position\":1,\"name\":\"Home\",\"item\":\"https:\/\/22-preview.freshtone.ru\/\"},{\"@type\":\"ListItem\",\"position\":2,\"name\":\"Analytics\",\"item\":\"https:\/\/22-preview.freshtone.ru\/analytics\/\"},{\"@type\":\"ListItem\",\"position\":3,\"name\":\"Market analytics\"}]},{\"@type\":\"WebSite\",\"@id\":\"https:\/\/22-preview.freshtone.ru\/#website\",\"url\":\"https:\/\/22-preview.freshtone.ru\/\",\"name\":\"24 World\",\"description\":\"Online Forex CFD provider\",\"potentialAction\":[{\"@type\":\"SearchAction\",\"target\":{\"@type\":\"EntryPoint\",\"urlTemplate\":\"https:\/\/22-preview.freshtone.ru\/?s={search_term_string}\"},\"query-input\":\"required name=search_term_string\"}],\"inLanguage\":\"sv-SE\"}]}<\/script>\r\n<!-- \/ Yoast SEO plugin. -->","yoast_head_json":{"title":"Marknadsanalyser - 24 World","robots":{"index":"noindex","follow":"follow","max-snippet":"max-snippet:-1","max-image-preview":"max-image-preview:large","max-video-preview":"max-video-preview:-1"},"og_locale":"sv_SE","og_type":"article","og_title":"Marknadsanalyser - 24 World","og_url":"https:\/\/22-preview.freshtone.ru\/analytics\/market-analytics\/","og_site_name":"24 World","article_modified_time":"2023-10-10T09:13:57+00:00","og_image":[{"width":1200,"height":630,"url":"https:\/\/22-preview.freshtone.ru\/wp-content\/uploads\/2022\/09\/Frame-20.png","type":"image\/png"}],"twitter_card":"summary_large_image","twitter_misc":{"Est. reading time":"1 minute"},"schema":{"@context":"https:\/\/schema.org","@graph":[{"@type":"WebPage","@id":"https:\/\/22-preview.freshtone.ru\/analytics\/market-analytics\/","url":"https:\/\/22-preview.freshtone.ru\/analytics\/market-analytics\/","name":"Marknadsanalyser - 24 World","isPartOf":{"@id":"https:\/\/22-preview.freshtone.ru\/#website"},"datePublished":"2022-09-22T11:08:13+00:00","dateModified":"2023-10-10T09:13:57+00:00","breadcrumb":{"@id":"https:\/\/22-preview.freshtone.ru\/analytics\/market-analytics\/#breadcrumb"},"inLanguage":"sv-SE","potentialAction":[{"@type":"ReadAction","target":["https:\/\/22-preview.freshtone.ru\/analytics\/market-analytics\/"]}]},{"@type":"BreadcrumbList","@id":"https:\/\/22-preview.freshtone.ru\/analytics\/market-analytics\/#breadcrumb","itemListElement":[{"@type":"ListItem","position":1,"name":"Home","item":"https:\/\/22-preview.freshtone.ru\/"},{"@type":"ListItem","position":2,"name":"Analytics","item":"https:\/\/22-preview.freshtone.ru\/analytics\/"},{"@type":"ListItem","position":3,"name":"Market analytics"}]},{"@type":"WebSite","@id":"https:\/\/22-preview.freshtone.ru\/#website","url":"https:\/\/22-preview.freshtone.ru\/","name":"24 World","description":"Online Forex CFD provider","potentialAction":[{"@type":"SearchAction","target":{"@type":"EntryPoint","urlTemplate":"https:\/\/22-preview.freshtone.ru\/?s={search_term_string}"},"query-input":"required name=search_term_string"}],"inLanguage":"sv-SE"}]}},"_links":{"self":[{"href":"https:\/\/22-preview.freshtone.ru\/sv\/wp-json\/wp\/v2\/pages\/38","targetHints":{"allow":["GET"]}}],"collection":[{"href":"https:\/\/22-preview.freshtone.ru\/sv\/wp-json\/wp\/v2\/pages"}],"about":[{"href":"https:\/\/22-preview.freshtone.ru\/sv\/wp-json\/wp\/v2\/types\/page"}],"author":[{"embeddable":true,"href":"https:\/\/22-preview.freshtone.ru\/sv\/wp-json\/wp\/v2\/users\/1"}],"replies":[{"embeddable":true,"href":"https:\/\/22-preview.freshtone.ru\/sv\/wp-json\/wp\/v2\/comments?post=38"}],"version-history":[{"count":10,"href":"https:\/\/22-preview.freshtone.ru\/sv\/wp-json\/wp\/v2\/pages\/38\/revisions"}],"predecessor-version":[{"id":976,"href":"https:\/\/22-preview.freshtone.ru\/sv\/wp-json\/wp\/v2\/pages\/38\/revisions\/976"}],"up":[{"embeddable":true,"href":"https:\/\/22-preview.freshtone.ru\/sv\/wp-json\/wp\/v2\/pages\/36"}],"wp:attachment":[{"href":"https:\/\/22-preview.freshtone.ru\/sv\/wp-json\/wp\/v2\/media?parent=38"}],"curies":[{"name":"wp","href":"https:\/\/api.w.org\/{rel}","templated":true}]}}