{"id":44,"date":"2022-09-22T14:11:39","date_gmt":"2022-09-22T11:11:39","guid":{"rendered":"http:\/\/3.test.freshtone.ru\/?page_id=44"},"modified":"2023-03-21T13:00:42","modified_gmt":"2023-03-21T10:00:42","slug":"fundamental-analysis","status":"publish","type":"page","link":"https:\/\/22-preview.freshtone.ru\/sv\/analytics\/fundamental-analysis\/","title":{"rendered":"Grundl\u00e4ggande analys"},"content":{"rendered":"<div class=\"intro f-analysis-intro\">\r\n\t<div class=\"container\">\r\n\t\t<h1 class=\"intro__title\">Grundl\u00e4ggande analys<\/h1>\r\n\t<\/div>\r\n<\/div>\r\n<section class=\"two-columns\">\r\n\t<div class=\"container\">\r\n\t\t<h2 class=\"two-columns__title\">Forex grundl\u00e4ggande analys<\/h2>\r\n\t\t<div class=\"two-columns__wrap\">\r\n\t\t\t<div>P\u00e5 kapital- och penningmarknaderna, precis som p\u00e5 alla andra marknader, riskerar investerare sina pengar genom att bed\u00f6ma potentiella framtida vinster och risker. P\u00e5 andra sidan av dessa marknader finns regeringar, f\u00f6retag och andra institutioner som skaffar medel f\u00f6r sin verksamhet. Marknadsakt\u00f6rerna bed\u00f6mer st\u00e4ndigt b\u00e5de de potentiella vinster som kan g\u00f6ras fr\u00e5n dessa investeringar och den risk som m\u00e5ste beaktas. <\/div>\r\n\t\t\t<div>Resultatet av denna v\u00e4rdering p\u00e5verkas av ny information som hela tiden kommer in p\u00e5 marknaden. F\u00f6r\u00e4ndringar i vinstuppskattningar\/riskbalanser resulterar i f\u00f6r\u00e4ndringar av handelstillg\u00e5ngarna p\u00e5 marknaderna. Vilken information \u00e4r v\u00e4rd att \u00f6vervaka? <\/div>\r\n\t\t<\/div>\r\n\t<\/div>\r\n<\/section>\r\n<section class=\"dropdown\">\r\n\t<div class=\"container\">\r\n\t\t<h2 class=\"dropdown__title\">Typer av information som kan f\u00f6ljas<\/h2>\r\n\t\t<div class=\"dropdown__list\">\r\n\t\t\t<div class=\"dropdown__item\">\r\n\t\t\t\t<h3 class=\"dropdown__item-title\">Penningpolitik<\/h3>\r\n\t\t\t\t<div class=\"dropdown__item-text\">Den penningpolitik som f\u00f6rs av centralbankerna p\u00e5verkar direkt kapital- och penningmarknaderna eftersom den reglerar utbudet av pengar och d\u00e4rmed direkt p\u00e5verkar deras v\u00e4rde. <\/div>\r\n\t\t\t<\/div>\r\n\t\t\t<div class=\"dropdown__item\">\r\n\t\t\t\t<h3 class=\"dropdown__item-title\">Det ekonomiska f\u00f6rh\u00e5llandet<\/h3>\r\n\t\t\t\t<div class=\"dropdown__item-text\">De ekonomiska f\u00f6rbindelserna har stor betydelse f\u00f6r hur investerare uppfattar lokala marknader. Om ett land har starka handelsf\u00f6rbindelser ser investerare landet som ekonomiskt stabilt och med m\u00f6jlighet till \u00f6kade vinster. <\/div>\r\n\r\n\t\t\t<\/div>\r\n\t\t\t<div class=\"dropdown__item\">\r\n\t\t\t\t<h3 class=\"dropdown__item-title\">Rapporter om situation\/f\u00f6retag<\/h3>\r\n\t\t\t\t<div class=\"dropdown__item-text\">En viktig faktor som p\u00e5verkar kapitalmarknaderna \u00e4r de enskilda f\u00f6retagens aktuella ekonomiska f\u00f6rh\u00e5llanden. Ett f\u00f6retags positiva ekonomiska situation kan uppmuntra investerare att investera sitt kapital i f\u00f6retagets aktier. En d\u00e5lig ekonomisk situation tvingar i sin tur investerare att flytta sina tillg\u00e5ngar till andra f\u00f6retag och\/eller s\u00e5 sm\u00e5ningom dra tillbaka kapital fr\u00e5n det landet. <\/div>\r\n\t\t\t<\/div>\r\n\t\t\t<div class=\"dropdown__item\">\r\n\t\t\t\t<h3 class=\"dropdown__item-title\">Lagar och skatter<\/h3>\r\n\t\t\t\t<div class=\"dropdown__item-text\">R\u00e4ttsakter, b\u00e5de lokala och internationella, kan ha effekter p\u00e5 kapitalmarknaderna p\u00e5 medell\u00e5ng eller l\u00e5ng sikt. R\u00e4ttsakter kan skapa hinder eller tv\u00e4rtom fungera som inspiration f\u00f6r utl\u00e4ndska ekonomiska investeringar. <\/div>\r\n\r\n\t\t\t<\/div>\r\n\t\t\t<div class=\"dropdown__item\">\r\n\t\t\t\t<h3 class=\"dropdown__item-title\">V\u00e4derf\u00f6rh\u00e5llanden<\/h3>\r\n\t\t\t\t<div class=\"dropdown__item-text\">V\u00e4derf\u00f6rh\u00e5llandenV\u00e4dret har en direkt inverkan p\u00e5 r\u00e5varupriserna, vilket i sin tur p\u00e5verkar de f\u00f6retag som anv\u00e4nder dessa r\u00e5varor som r\u00e5material. Stigande r\u00e5varupriser \u00f6kar ocks\u00e5 produktionskostnaderna. Detta leder i sin tur, beroende p\u00e5 typ av verksamhet och f\u00f6retag, till l\u00e4gre vinster och p\u00e5verkar f\u00f6retagets r\u00e4kenskaper negativt. En f\u00f6rs\u00e4mrad ekonomisk situation leder till fallande aktiekurser, vilket i sin tur tvingar investerare att dra tillbaka kapital fr\u00e5n det f\u00f6retaget. <\/div>\r\n\r\n\t\t\t<\/div>\r\n\t\t\t<div class=\"dropdown__item\">\r\n\t\t\t\t<h3 class=\"dropdown__item-title\">Den politiska situationen<\/h3>\r\n\t\t\t\t<div class=\"dropdown__item-text\">Politiska situationer eller f\u00f6rh\u00e5llanden har en betydande inverkan p\u00e5 kapitalmarknaderna. N\u00e4r ett land har en stabil politisk situation (utrikes- eller inrikespolitik &#8211; internationell politik) \u00e4r investerarna n\u00f6jda med att investera i det landet. \u00c5 andra sidan kan handlare i tider av politisk instabilitet reagera genom att dra tillbaka pengar fr\u00e5n den marknaden eller regionen. <\/div>\r\n\r\n\t\t\t<\/div>\r\n\t\t\t<div class=\"dropdown__item\">\r\n\t\t\t\t<h3 class=\"dropdown__item-title\">Ekonomisk recession<\/h3>\r\n\t\t\t\t<div class=\"dropdown__item-text\">En ekonomisk recession kan ha m\u00e5nga olika orsaker. Den kan vara finansiell (t.ex. bankkris), r\u00e5varurelaterad (t.ex. oljekris), politisk osv. Det \u00e4r vanligt att m\u00e4nniskor under en nedg\u00e5ng tenderar att dra tillbaka kapital fr\u00e5n marknaden f\u00f6r att &#8220;r\u00e4dda sig sj\u00e4lva fr\u00e5n det v\u00e4rsta \u00f6gonblicket&#8221;. De omr\u00e5den som \u00e4r mest utsatta f\u00f6r risker \u00e4r d\u00e4rf\u00f6r bank- och finanssektorn, resebranschen, bilindustrin osv. <\/div>\r\n\r\n\t\t\t<\/div>\r\n\t\t\t<div class=\"dropdown__item\">\r\n\t\t\t\t<h3 class=\"dropdown__item-title\">Ekonomisk tillv\u00e4xt<\/h3>\r\n\t\t\t\t<div class=\"dropdown__item-text\">Den ekonomiska tillv\u00e4xten i ett land eller en region \u00e4r gynnsam f\u00f6r f\u00f6retag som s\u00e4ljer sina produkter till konsumenter i omr\u00e5det. Ekonomisk tillv\u00e4xt inneb\u00e4r i allm\u00e4nhet att konsumenterna \u00e4r mer optimistiska och har en b\u00e4ttre ekonomisk st\u00e4llning, vilket inneb\u00e4r att de har r\u00e5d med mer och \u00e4r ben\u00e4gna att g\u00f6ra riktiga ink\u00f6p. Den f\u00f6rv\u00e4ntade vinst\u00f6kningen f\u00f6r f\u00f6retag som s\u00e4ljer allt fler av sina produkter kan locka b\u00e5de lokala och utl\u00e4ndska investerare som skapar efterfr\u00e5gan, vilket leder till en \u00f6kning av f\u00f6retagets aktiekurs. <\/div>\r\n\r\n\t\t\t<\/div>\r\n\t\t\t<div class=\"dropdown__item\">\r\n\t\t\t\t<h3 class=\"dropdown__item-title\">F\u00f6rtroende<\/h3>\r\n\t\t\t\t<div class=\"dropdown__item-text\">F\u00f6rtroendeindikatorn speglar den \u00f6vergripande bilden av hur inv\u00e5narna i ett land uppfattar framtidsutsikterna. Den \u00e4r ocks\u00e5 en av de faktorer som centralbankerna tar h\u00e4nsyn till n\u00e4r de utformar sin penningpolitik. Generellt sett inneb\u00e4r ett h\u00f6gt kundf\u00f6rtroende att kunderna \u00e4r mer optimistiska och villiga att spendera mer p\u00e5 konsumtion, vilket inneb\u00e4r att f\u00f6retagen kan s\u00e4lja fler produkter och generera h\u00f6gre vinster. F\u00f6ljaktligen kan f\u00f6retagens attraktiva framtidsutsikter locka investerare, som tror att aktiekurserna kommer att stiga i framtiden. <\/div>\r\n\r\n\t\t\t<\/div>\r\n\t\t\t<div class=\"dropdown__item\">\r\n\t\t\t\t<h3 class=\"dropdown__item-title\">Evenemang<\/h3>\r\n\t\t\t\t<div class=\"dropdown__item-text\">Eng\u00e5ngsh\u00e4ndelser kan ha en betydande inverkan p\u00e5 kapitalmarknaderna. Ett bra exempel \u00e4r anordnandet av de olympiska spelen, som kr\u00e4ver stora investeringar i infrastruktur f\u00f6r att locka turister till regionen och som har en positiv stimulans f\u00f6r de ber\u00f6rda f\u00f6retagen. \u00c5 andra sidan finns det negativa h\u00e4ndelser, s\u00e5som terroristattacker. Dessa h\u00e4ndelser \u00e4r naturligtvis s\u00e4llsynta, men kort efter terroristattacken den 11 september i USA st\u00e4ngdes de stora b\u00f6rserna p\u00e5 grund av de allvarliga konsekvenserna f\u00f6r kapitalmarknaden. H\u00e4ndelser i ett f\u00f6retag p\u00e5verkar vanligtvis inte de allm\u00e4nna marknaderna, \u00e4ven om det finns undantag. Ett exempel p\u00e5 ett s\u00e5dant undantag \u00e4r fallet Enron, d\u00e4r mer \u00e4n 20 000 anst\u00e4llda avskedades p\u00e5 grund av anklagelser om ekonomiska bedr\u00e4gerier, varefter Enron gick i konkurs. Det viktiga \u00e4r inte antalet anst\u00e4llda som sagts upp utan f\u00f6retagets omfattning, eftersom det \u00e4r ett av de st\u00f6rsta energif\u00f6retagen. Investerare b\u00f6r f\u00f6lja h\u00e4ndelserna noggrant, av den anledningen att konsekvenserna p\u00e5 kapitalmarknaderna inte alltid \u00e4r f\u00f6ruts\u00e4gbara. <\/div>\r\n\r\n\t\t\t<\/div>\r\n\t\t\t<div class=\"dropdown__item\">\r\n\t\t\t\t<h3 class=\"dropdown__item-title\">Experternas f\u00f6ruts\u00e4gelser<\/h3>\r\n\t\t\t\t<div class=\"dropdown__item-text\">Experternas prognoser kan st\u00e4mma \u00f6verens med eller mots\u00e4ga investerarnas f\u00f6rv\u00e4ntningar. De har vanligtvis ingen direkt inverkan p\u00e5 kapitalmarknaderna, men marknadssentimentet kan p\u00e5verkas n\u00e4r &#8220;experter&#8221; representerar nationella myndigheter &#8211; antingen politiska eller monet\u00e4ra myndigheter. N\u00e4r monet\u00e4ra myndigheter g\u00f6r uttalanden om ekonomin som helhet kan de ge signaler om framtida tal eller antydningar om den framtida penningpolitiken. Detta kan i sin tur p\u00e5verka penningm\u00e4ngden och r\u00e4ntan (det senare \u00e4r den mest intressanta faktorn f\u00f6r utl\u00e4ndska investerare). S\u00f6k r\u00e5d fr\u00e5n en oberoende finansiell r\u00e5dgivare om du har n\u00e5gra funderingar kring specifikationen av instrument och marknadsmekanismer. <\/div>\r\n\r\n\t\t\t<\/div>\r\n\t\t<\/div>\r\n\t<\/div>\r\n<\/section>","protected":false},"excerpt":{"rendered":"Grundl\u00e4ggande analys Forex grundl\u00e4ggande analys P\u00e5 kapital- och penningmarknaderna, precis som p\u00e5 alla andra marknader, riskerar investerare sina pengar genom att bed\u00f6ma potentiella framtida vinster och risker. P\u00e5 andra sidan av dessa marknader finns regeringar, f\u00f6retag och andra institutioner som skaffar medel f\u00f6r sin verksamhet. Marknadsakt\u00f6rerna bed\u00f6mer st\u00e4ndigt b\u00e5de de potentiella vinster som kan g\u00f6ras [&hellip;]","protected":false},"author":1,"featured_media":0,"parent":36,"menu_order":0,"comment_status":"closed","ping_status":"closed","template":"","meta":{"footnotes":""},"class_list":["post-44","page","type-page","status-publish","hentry","no-wpautop"],"translation":{"provider":"WPGlobus","version":"2.10.10","language":"sv","enabled_languages":["en","nl","es","sv","fr"],"languages":{"en":{"title":true,"content":true,"excerpt":false},"nl":{"title":true,"content":true,"excerpt":false},"es":{"title":true,"content":true,"excerpt":false},"sv":{"title":true,"content":true,"excerpt":false},"fr":{"title":true,"content":true,"excerpt":false}}},"yoast_head":"<!-- This site is optimized with the Yoast SEO plugin v20.6 - https:\/\/yoast.com\/wordpress\/plugins\/seo\/ -->\r\n<title>Grundl\u00e4ggande analys - 24 World<\/title>\r\n<meta name=\"robots\" content=\"noindex, follow, max-snippet:-1, max-image-preview:large, max-video-preview:-1\" \/>\r\n<meta property=\"og:locale\" content=\"sv_SE\" \/>\r\n<meta property=\"og:type\" content=\"article\" \/>\r\n<meta property=\"og:title\" content=\"Grundl\u00e4ggande analys - 24 World\" \/>\r\n<meta property=\"og:url\" content=\"https:\/\/22-preview.freshtone.ru\/analytics\/fundamental-analysis\/\" \/>\r\n<meta property=\"og:site_name\" content=\"24 World\" \/>\r\n<meta property=\"article:modified_time\" content=\"2023-03-21T10:00:42+00:00\" \/>\r\n<meta property=\"og:image\" content=\"https:\/\/22-preview.freshtone.ru\/wp-content\/uploads\/2022\/09\/Frame-20.png\" \/>\r\n\t<meta property=\"og:image:width\" content=\"1200\" \/>\r\n\t<meta property=\"og:image:height\" content=\"630\" \/>\r\n\t<meta property=\"og:image:type\" content=\"image\/png\" \/>\r\n<meta name=\"twitter:card\" content=\"summary_large_image\" \/>\r\n<meta name=\"twitter:label1\" content=\"Est. reading time\" \/>\n\t<meta name=\"twitter:data1\" content=\"26 minutes\" \/>\r\n<script type=\"application\/ld+json\" class=\"yoast-schema-graph\">{\"@context\":\"https:\/\/schema.org\",\"@graph\":[{\"@type\":\"WebPage\",\"@id\":\"https:\/\/22-preview.freshtone.ru\/analytics\/fundamental-analysis\/\",\"url\":\"https:\/\/22-preview.freshtone.ru\/analytics\/fundamental-analysis\/\",\"name\":\"Grundl\u00e4ggande analys - 24 World\",\"isPartOf\":{\"@id\":\"https:\/\/22-preview.freshtone.ru\/#website\"},\"datePublished\":\"2022-09-22T11:11:39+00:00\",\"dateModified\":\"2023-03-21T10:00:42+00:00\",\"breadcrumb\":{\"@id\":\"https:\/\/22-preview.freshtone.ru\/analytics\/fundamental-analysis\/#breadcrumb\"},\"inLanguage\":\"sv-SE\",\"potentialAction\":[{\"@type\":\"ReadAction\",\"target\":[\"https:\/\/22-preview.freshtone.ru\/analytics\/fundamental-analysis\/\"]}]},{\"@type\":\"BreadcrumbList\",\"@id\":\"https:\/\/22-preview.freshtone.ru\/analytics\/fundamental-analysis\/#breadcrumb\",\"itemListElement\":[{\"@type\":\"ListItem\",\"position\":1,\"name\":\"Home\",\"item\":\"https:\/\/22-preview.freshtone.ru\/\"},{\"@type\":\"ListItem\",\"position\":2,\"name\":\"Analytics\",\"item\":\"https:\/\/22-preview.freshtone.ru\/analytics\/\"},{\"@type\":\"ListItem\",\"position\":3,\"name\":\"Fundamental analysis\"}]},{\"@type\":\"WebSite\",\"@id\":\"https:\/\/22-preview.freshtone.ru\/#website\",\"url\":\"https:\/\/22-preview.freshtone.ru\/\",\"name\":\"24 World\",\"description\":\"Online Forex CFD provider\",\"potentialAction\":[{\"@type\":\"SearchAction\",\"target\":{\"@type\":\"EntryPoint\",\"urlTemplate\":\"https:\/\/22-preview.freshtone.ru\/?s={search_term_string}\"},\"query-input\":\"required name=search_term_string\"}],\"inLanguage\":\"sv-SE\"}]}<\/script>\r\n<!-- \/ Yoast SEO plugin. -->","yoast_head_json":{"title":"Grundl\u00e4ggande analys - 24 World","robots":{"index":"noindex","follow":"follow","max-snippet":"max-snippet:-1","max-image-preview":"max-image-preview:large","max-video-preview":"max-video-preview:-1"},"og_locale":"sv_SE","og_type":"article","og_title":"Grundl\u00e4ggande analys - 24 World","og_url":"https:\/\/22-preview.freshtone.ru\/analytics\/fundamental-analysis\/","og_site_name":"24 World","article_modified_time":"2023-03-21T10:00:42+00:00","og_image":[{"width":1200,"height":630,"url":"https:\/\/22-preview.freshtone.ru\/wp-content\/uploads\/2022\/09\/Frame-20.png","type":"image\/png"}],"twitter_card":"summary_large_image","twitter_misc":{"Est. reading time":"26 minutes"},"schema":{"@context":"https:\/\/schema.org","@graph":[{"@type":"WebPage","@id":"https:\/\/22-preview.freshtone.ru\/analytics\/fundamental-analysis\/","url":"https:\/\/22-preview.freshtone.ru\/analytics\/fundamental-analysis\/","name":"Grundl\u00e4ggande analys - 24 World","isPartOf":{"@id":"https:\/\/22-preview.freshtone.ru\/#website"},"datePublished":"2022-09-22T11:11:39+00:00","dateModified":"2023-03-21T10:00:42+00:00","breadcrumb":{"@id":"https:\/\/22-preview.freshtone.ru\/analytics\/fundamental-analysis\/#breadcrumb"},"inLanguage":"sv-SE","potentialAction":[{"@type":"ReadAction","target":["https:\/\/22-preview.freshtone.ru\/analytics\/fundamental-analysis\/"]}]},{"@type":"BreadcrumbList","@id":"https:\/\/22-preview.freshtone.ru\/analytics\/fundamental-analysis\/#breadcrumb","itemListElement":[{"@type":"ListItem","position":1,"name":"Home","item":"https:\/\/22-preview.freshtone.ru\/"},{"@type":"ListItem","position":2,"name":"Analytics","item":"https:\/\/22-preview.freshtone.ru\/analytics\/"},{"@type":"ListItem","position":3,"name":"Fundamental analysis"}]},{"@type":"WebSite","@id":"https:\/\/22-preview.freshtone.ru\/#website","url":"https:\/\/22-preview.freshtone.ru\/","name":"24 World","description":"Online Forex CFD provider","potentialAction":[{"@type":"SearchAction","target":{"@type":"EntryPoint","urlTemplate":"https:\/\/22-preview.freshtone.ru\/?s={search_term_string}"},"query-input":"required name=search_term_string"}],"inLanguage":"sv-SE"}]}},"_links":{"self":[{"href":"https:\/\/22-preview.freshtone.ru\/sv\/wp-json\/wp\/v2\/pages\/44","targetHints":{"allow":["GET"]}}],"collection":[{"href":"https:\/\/22-preview.freshtone.ru\/sv\/wp-json\/wp\/v2\/pages"}],"about":[{"href":"https:\/\/22-preview.freshtone.ru\/sv\/wp-json\/wp\/v2\/types\/page"}],"author":[{"embeddable":true,"href":"https:\/\/22-preview.freshtone.ru\/sv\/wp-json\/wp\/v2\/users\/1"}],"replies":[{"embeddable":true,"href":"https:\/\/22-preview.freshtone.ru\/sv\/wp-json\/wp\/v2\/comments?post=44"}],"version-history":[{"count":6,"href":"https:\/\/22-preview.freshtone.ru\/sv\/wp-json\/wp\/v2\/pages\/44\/revisions"}],"predecessor-version":[{"id":276,"href":"https:\/\/22-preview.freshtone.ru\/sv\/wp-json\/wp\/v2\/pages\/44\/revisions\/276"}],"up":[{"embeddable":true,"href":"https:\/\/22-preview.freshtone.ru\/sv\/wp-json\/wp\/v2\/pages\/36"}],"wp:attachment":[{"href":"https:\/\/22-preview.freshtone.ru\/sv\/wp-json\/wp\/v2\/media?parent=44"}],"curies":[{"name":"wp","href":"https:\/\/api.w.org\/{rel}","templated":true}]}}