{"id":46,"date":"2022-09-22T14:12:39","date_gmt":"2022-09-22T11:12:39","guid":{"rendered":"http:\/\/3.test.freshtone.ru\/?page_id=46"},"modified":"2023-03-21T13:01:41","modified_gmt":"2023-03-21T10:01:41","slug":"technical-analysis","status":"publish","type":"page","link":"https:\/\/22-preview.freshtone.ru\/sv\/analytics\/technical-analysis\/","title":{"rendered":"Teknisk analys"},"content":{"rendered":"<div class=\"intro t-analysis-intro\">\r\n    <div class=\"container\">\r\n        <h1 class=\"intro__title\">Teknisk analys<\/h1>\r\n        <\/p>\r\n    <\/div>\r\n<\/div>\r\n<section class=\"two-columns\">\r\n    <div class=\"container\">\r\n        <h2 class=\"two-columns__title\">Teknisk analys av Forex<\/h2>\r\n        <div class=\"two-columns__wrap\">\r\n            <div>Det handlar om att identifiera det mest l\u00e4mpliga tillf\u00e4llet att g\u00e5 in p\u00e5 marknaden f\u00f6r att &#8220;k\u00f6pa l\u00e5gt och s\u00e4lja h\u00f6gt&#8221; &#8211;\r\n            det kan handla om att hitta en trendv\u00e4ndningspunkt, avg\u00f6ra om dess riktning \u00e4r l\u00e4mplig f\u00f6r att g\u00e5 in p\u00e5 marknaden f\u00f6r\r\n            tillf\u00e4llet, eller till exempel identifiera potentiella m\u00f6jligheter att tj\u00e4na pengar \u00e4ven under en platt period. Det \u00e4r\r\n            m\u00f6jligt att tj\u00e4na pengar p\u00e5 en upp\u00e5tg\u00e5ende trend eller en upp\u00e5tg\u00e5ende trend s\u00e5v\u00e4l som p\u00e5 en tillf\u00e4llig v\u00e4ndning\r\n            (korrigering).<\/div>\r\n            <div>I h\u00e4ndelse av en ov\u00e4ntad prisomv\u00e4ndning mot de \u00f6ppna aff\u00e4rerna m\u00e5ste n\u00e4ringsidkaren best\u00e4mma \u00e5tminstone en ungef\u00e4rlig\r\n            tid f\u00f6r att st\u00e4nga aff\u00e4rerna med vinst. De anv\u00e4nder manuell st\u00e4ngning, Stop Loss (fastst\u00e4llande av f\u00f6rluster) och Take\r\n            Profit (vinst) order. S\u00f6kandet efter st\u00e4ngningstidpunkten sker p\u00e5 grundval av samma regler f\u00f6r teknisk analys.<\/div>\r\n        <\/div>\r\n    <\/div>\r\n<\/section>\r\n<section class=\"b-rules\">\r\n    <div class=\"container\">\r\n        <h2 class=\"b-rules__title\">Grundl\u00e4ggande regler f\u00f6r teknisk analys<\/h2>\r\n        <div class=\"b-rules__2col\">\r\n            <div>F\u00f6r att underl\u00e4tta anv\u00e4ndningen av teknisk analys delas handelsperioden fr\u00e5n m\u00e5ndagens b\u00f6rjan till fredagens slut upp i\r\n            lika l\u00e5nga tidsramar. De g\u00f6r det m\u00f6jligt att analysera de viktigaste parametrarna.<\/div>\r\n            <div>De inkluderar priset vid periodens \u00f6ppning\/st\u00e4ngning, prisminimum\/maximum och volymer.De grundl\u00e4ggande reglerna f\u00f6r\r\n            teknisk analys ligger till grund f\u00f6r n\u00e4stan alla handelsstrategier.<\/div>\r\n        <\/div>\r\n        <div class=\"b-rules__3col\">\r\n            <div class=\"b-rules__3col-item\">\r\n                <h3>Priserna inkluderar allt<\/h3>\r\n                <div>De p\u00e5verkas av alla politiska och ekonomiska faktorer (ibland \u00e4ven klimatfaktorer). Graden av p\u00e5verkan beror p\u00e5\r\n                betydelsen f\u00f6r det land vars valuta handlas.<\/div>\r\n            <\/div>\r\n            <div class=\"b-rules__3col-item\">\r\n                <h3>Att priserna p\u00e5verkas av trenderna<\/h3>\r\n                <div>Valutav\u00e4rdena f\u00f6r\u00e4ndras st\u00e4ndigt. D\u00e4rf\u00f6r stiger och sjunker valutaparen i v\u00e4rde. Under vissa perioder kan det f\u00f6rekomma\r\n                en plat\u00e5 &#8211; en tid av os\u00e4kerhet, d\u00e5 priset inte f\u00f6r\u00e4ndras s\u00e4rskilt mycket \u00f6ver tiden.<\/div>\r\n            <\/div>\r\n            <div class=\"b-rules__3col-item\">\r\n                <h3>Historien upprepar sig<\/h3>\r\n                <div>Trendv\u00e4ndning, platta marknadsf\u00f6rh\u00e5llanden observeras p\u00e5 samma prisniv\u00e5er. En trend kan upprepas m\u00e5nga g\u00e5nger, vilket\r\n                n\u00e4ringsidkare anv\u00e4nder i sina handelssystem.<\/div>\r\n            <\/div>\r\n        <\/div>\r\n    <\/div>\r\n<\/section>\r\n<section class=\"dropdown\">\r\n    <div class=\"container\">\r\n        <h2 class=\"dropdown__title\">Grunderna f\u00f6r teknisk analys<\/h2>\r\n        <div class=\"dropdown__list\">\r\n            <div class=\"dropdown__item\">\r\n                <h3 class=\"dropdown__item-title\">Standardiserade och icke-standardiserade tidsramar<\/h3>\r\n                <div class=\"dropdown__item-text\">Handelsplattformen erbjuder flera standardtidsramar &#8211; fr\u00e5n M1 (minut) till MN (m\u00e5nad). Diagrammet \u00e4r uppdelat i nio\r\n                tidsramar, ut\u00f6ver de tidigare n\u00e4mnda M5, M15, M30, H1, H4, D1 och W1. Dynamiken i den visuella prisf\u00f6r\u00e4ndringen beror p\u00e5\r\n                den valda perioden. Kortsiktiga handelssystem anv\u00e4nder tidsramar som inte \u00e4r \u00e4ldre \u00e4n M30. Ibland anv\u00e4nder handlare\r\n                icke-standardiserade tidsramar. Deras uppgift \u00e4r att kompensera nackdelarna med de typiska v\u00e4rdena. Till exempel om\r\n                indikatorn p\u00e5 H1 visar ett f\u00f6rdr\u00f6jt v\u00e4rde och p\u00e5 M30 \u00e4r den &#8220;hastig&#8221;. F\u00f6rmodligen b\u00f6r &#8220;genomsnittsv\u00e4rdet&#8221;, dvs.\r\n                tidsramen M45, visa den mest exakta tidpunkten f\u00f6r att \u00f6ppna aff\u00e4rer.<\/div>\r\n            <\/div>\r\n            <div class=\"dropdown__item\">\r\n                <h3 class=\"dropdown__item-title\">Verktyg f\u00f6r teknisk analys<\/h3>\r\n                <div class=\"dropdown__item-text\">\r\n                    <p>Periodisk upprepning av tidigare h\u00e4ndelser g\u00f6r att du kan f\u00f6rbereda dig f\u00f6r dem och uppt\u00e4cka en trend f\u00f6r att\r\n                        \u00e5terv\u00e4nda till tidigare positioner i god tid och g\u00f6ra vinster. N\u00e4ringsidkaren har m\u00e5nga verktyg till sitt\r\n                        f\u00f6rfogande: st\u00f6d- och motst\u00e5ndsniv\u00e5er, stigande och fallande kanaler. Terminalen har inbyggda funktioner f\u00f6r att\r\n                        rita de n\u00f6dv\u00e4ndiga linjerna p\u00e5 valutaparets diagram, de kan n\u00e5s fr\u00e5n panelen &#8220;Charting tools&#8221;.<\/p>\r\n                    <p>Ut\u00f6ver standardlinjerna finns verktyg tillg\u00e4ngliga:<\/p>\r\n                    <p>Rutn\u00e4t, fl\u00e4kt, b\u00e5gar, tidszoner, Gann Fibonacci Channel.<\/p>\r\n                    <p>Fourierrad<\/p>\r\n                    <p>Dessa handelstill\u00e4gg \u00e4r ett f\u00f6rs\u00f6k att matematiskt f\u00f6ruts\u00e4ga efterf\u00f6ljande prisr\u00f6relser baserat p\u00e5 teknisk analys av\r\n                        tidigare marknadstrenddynamik. Anv\u00e4ndningen av kanalverktyg g\u00f6r det m\u00f6jligt att handla vid tillf\u00e4llen d\u00e5 priset\r\n                        v\u00e4nder inom en kanal, med h\u00e4nsyn till den aktuella trenden. Kanallinjer visar var en korrigering \u00e4r mest sannolik\r\n                        att intr\u00e4ffa om priset r\u00f6r sig mot trenden, st\u00f6d\/motst\u00e5ndslinjer visar var ett trendskifte \u00e4r troligt att intr\u00e4ffa,\r\n                        b\u00f6rjan p\u00e5 en l\u00e5ngvarig korrigering. Alla tekniska analysverktyg bygger p\u00e5 matematiska ber\u00e4kningar och anv\u00e4nds fr\u00e4mst\r\n                        som en grund f\u00f6r att best\u00e4mma trenden, och mer exakt best\u00e4ms tidpunkten f\u00f6r att g\u00e5 in p\u00e5 marknaden av indikatorer.\r\n                    <\/p>\r\n                <\/div>\r\n            <\/div>\r\n            <div class=\"dropdown__item\">\r\n                <h3 class=\"dropdown__item-title\">Anv\u00e4nda japanska ljusstakar\r\n<\/h3>\r\n                <div class=\"dropdown__item-text\">\r\n                    <p>Forex-analysen inneb\u00e4r att man \u00f6vervakar komponenterna i japanska candlesticks, t.ex:<\/p>\r\n                    <p>Ljusets kropp. F\u00e4rgen anger riktningen f\u00f6r prisr\u00f6relsen. Som standard anv\u00e4nds vitt f\u00f6r stigande ljus och svart f\u00f6r\r\n                        fallande ljus.<\/p>\r\n                    <p>Ljusets storlek. Det indikerar styrkan i trycket fr\u00e5n s\u00e4ljare\/k\u00f6pare. Det finns oklara ljusstakar n\u00e4r \u00f6ppningskursen\r\n                        \u00e4r lika med st\u00e4ngningskursen.<\/p>\r\n                    <p>F\u00f6rekomst av en svans och dess storlek. Avspeglar den obeslutsamhet som s\u00e4ljarna\/k\u00f6parna p\u00e5 marknaden visar, vilket\r\n                        leder till prisvolatilitet runt en fast niv\u00e5.<\/p>\r\n                    <p>Olika typer av ljus har olika former, och deras kombination kan anv\u00e4ndas f\u00f6r att fastst\u00e4lla den aktuella trenden\r\n                        eller en f\u00f6rest\u00e5ende omsv\u00e4ngning. Om det inte finns n\u00e5gon s\u00e4kerhet om H1-ljuset byter n\u00e4ringsidkaren till l\u00e4gre\r\n                        tidsramar och ger d\u00e4rmed en mer exakt Forex trading-analys. Om vi pratar om scalping \u00e4r det tv\u00e4rtom &#8211; de arbetar\r\n                        huvudsakligen p\u00e5 l\u00e4gre tidsramar och den allm\u00e4nna trenden bevakas p\u00e5 h\u00f6gre tidsramar.<\/p>\r\n                    <p>Ljusstakarna visar ocks\u00e5 valutaparets volatilitet. Om vi byter till perioder av H4 och h\u00f6gre blir det tydligt i\r\n                        vilket intervall priset r\u00f6r sig denna m\u00e5nad eller denna vecka, om det finns en risk f\u00f6r en v\u00e4ndning, att marknaden\r\n                        g\u00e5r in i en l\u00e5ngsiktig plat\u00e5. Det exakta resultatet uppn\u00e5s med hj\u00e4lp av ytterligare verktyg, s\u00f6kning efter m\u00f6nster\r\n                        och indikatorer. N\u00e4r en n\u00e4ringsidkare r\u00e4knar med de l\u00e5ngsiktiga utsikterna g\u00f6r den mer dynamiska bilden p\u00e5 TF l\u00e4gre\r\n                        \u00e4n H1 det m\u00f6jligt att reagera snabbare p\u00e5 signalerna p\u00e5 H4 och h\u00f6gre intervaller.<\/p>\r\n                <\/div>\r\n            <\/div>\r\n            <div class=\"dropdown__item\">\r\n                <h3 class=\"dropdown__item-title\">Grafiska figurer<\/h3>\r\n                <div class=\"dropdown__item-text\">\r\n                    <p>De 10 grundl\u00e4ggande m\u00f6nstren f\u00f6r teknisk analys<\/p>\r\n                    <p>Triangel. Den \u00e4r upp\u00e5tg\u00e5ende, ned\u00e5tg\u00e5ende och symmetrisk (det sistn\u00e4mnda indikerar en forts\u00e4ttning p\u00e5 den tidigare\r\n                        trenden).<\/p>\r\n                    <p>Diamant. Ett diamantliknande m\u00f6nster visas p\u00e5 diagrammet, d\u00e4r topparna vilar p\u00e5 motst\u00e5nd\/st\u00f6dniv\u00e5er.<\/p>\r\n                    <p>Dubbel topp. Ett omkastningsm\u00f6nster som l\u00e4mpar sig f\u00f6r anv\u00e4ndning b\u00e5de som ett frist\u00e5ende verktyg och som en extra\r\n                        signal.<\/p>\r\n                    <p>Kil. Ett av de &#8220;l\u00e5ngspelande&#8221; m\u00f6nstren kan bildas under en l\u00e5ng period, vilket \u00e4r anv\u00e4ndbart f\u00f6r l\u00e5ngsiktiga\r\n                        handelsstrategier.<\/p>\r\n                    <p>Trippelbotten. G\u00f6r det m\u00f6jligt att best\u00e4mma riktningen f\u00f6r nedbrytningen under en platt period.<\/p>\r\n                    <p>Tredubbel topp. Ett av verktygen f\u00f6r att fastst\u00e4lla en trendv\u00e4ndningspunkt, som fungerar vid\r\n                        konsolideringstillf\u00e4llen.<\/p>\r\n                    <p>Dubbel botten. Ett annat m\u00f6nster som indikerar en f\u00f6r\u00e4ndring fr\u00e5n en ned\u00e5tg\u00e5ende trend till en upp\u00e5tg\u00e5ende trend.<\/p>\r\n                    <p>Flagga. Observeras efter nyhetsimpulser och indikerar dess forts\u00e4ttning i en tidigare best\u00e4md riktning.<\/p>\r\n                    <p>Underfat. En siffra som anv\u00e4nds av l\u00e5ngsiktiga handels\u00e4lskare.<\/p>\r\n                    <p>Vimpel. Ett m\u00f6nster som liknar en flagga med en liknande definition.<\/p>\r\n                <\/div>\r\n            <\/div>\r\n            <div class=\"dropdown__item\">\r\n                <h3 class=\"dropdown__item-title\">Typer av indikatorer<\/h3>\r\n                <div class=\"dropdown__item-text\">\r\n                    <p>Indikatorerna \u00e4r grovt indelade i flera kategorier:<\/p>\r\n                    <p>Baserat p\u00e5 trenden. Visar riktning, trendens styrka och sannolikheten f\u00f6r en v\u00e4ndning.<\/p>\r\n                    <p>Oscillatorer. Visa en matematisk modell f\u00f6r att m\u00e4ta f\u00f6r\u00e4ndringstakten p\u00e5 marknaden.<\/p>\r\n                    <p>Bill Williams och Volymer. Arbetar p\u00e5 en &#8220;separat teori&#8221; men har ganska h\u00f6g effektivitet i kort- och l\u00e5ngsiktig\r\n                        handel.<\/p>\r\n                    <p>Indikatorernas huvuduppgift \u00e4r att ange den rekommenderade riktningen f\u00f6r att komma in p\u00e5 marknaden (k\u00f6p- eller\r\n                        s\u00e4ljorder), volatilitetsm\u00e4tningar f\u00f6r att f\u00f6ruts\u00e4ga vinster. Utan dem m\u00e5ste en n\u00e4ringsidkare fokusera p\u00e5 &#8220;enklare&#8221;\r\n                        signaler &#8211; st\u00f6d- och motst\u00e5ndsniv\u00e5er, trendkanallinjer. M\u00e5nga handelsstrategier inneh\u00e5ller regler f\u00f6r att kombinera\r\n                        avl\u00e4sningar av olika indikatorer. N\u00e4r villkor dyker upp p\u00e5 en av dem (villkorligt den viktigaste) s\u00f6ker\r\n                        n\u00e4ringsidkaren efter bekr\u00e4ftelse p\u00e5 de andra. Och endast om det sammanfaller fattas beslutet att \u00f6ppna en aff\u00e4r. Om\r\n                        inte v\u00e4ntar n\u00e4ringsidkaren p\u00e5 n\u00e4sta signal fr\u00e5n den &#8220;huvudsakliga&#8221; indikatorn.<\/p>\r\n                <\/div>\r\n            <\/div>\r\n        <\/div>\r\n    <\/div>\r\n<\/section>","protected":false},"excerpt":{"rendered":"Teknisk analys Teknisk analys av Forex Det handlar om att identifiera det mest l\u00e4mpliga tillf\u00e4llet att g\u00e5 in p\u00e5 marknaden f\u00f6r att &#8220;k\u00f6pa l\u00e5gt och s\u00e4lja h\u00f6gt&#8221; &#8211; det kan handla om att hitta en trendv\u00e4ndningspunkt, avg\u00f6ra om dess riktning \u00e4r l\u00e4mplig f\u00f6r att g\u00e5 in p\u00e5 marknaden f\u00f6r tillf\u00e4llet, eller till exempel identifiera potentiella [&hellip;]","protected":false},"author":1,"featured_media":0,"parent":36,"menu_order":0,"comment_status":"closed","ping_status":"closed","template":"","meta":{"footnotes":""},"class_list":["post-46","page","type-page","status-publish","hentry","no-wpautop"],"translation":{"provider":"WPGlobus","version":"2.10.10","language":"sv","enabled_languages":["en","nl","es","sv","fr"],"languages":{"en":{"title":true,"content":true,"excerpt":false},"nl":{"title":true,"content":true,"excerpt":false},"es":{"title":true,"content":true,"excerpt":false},"sv":{"title":true,"content":true,"excerpt":false},"fr":{"title":true,"content":true,"excerpt":false}}},"yoast_head":"<!-- This site is optimized with the Yoast SEO plugin v20.6 - https:\/\/yoast.com\/wordpress\/plugins\/seo\/ -->\r\n<title>Teknisk analys - 24 World<\/title>\r\n<meta name=\"robots\" content=\"noindex, follow, max-snippet:-1, max-image-preview:large, max-video-preview:-1\" \/>\r\n<meta property=\"og:locale\" content=\"sv_SE\" \/>\r\n<meta property=\"og:type\" content=\"article\" \/>\r\n<meta property=\"og:title\" content=\"Teknisk analys - 24 World\" \/>\r\n<meta property=\"og:url\" content=\"https:\/\/22-preview.freshtone.ru\/analytics\/technical-analysis\/\" \/>\r\n<meta property=\"og:site_name\" content=\"24 World\" \/>\r\n<meta property=\"article:modified_time\" content=\"2023-03-21T10:01:41+00:00\" \/>\r\n<meta property=\"og:image\" content=\"https:\/\/22-preview.freshtone.ru\/wp-content\/uploads\/2022\/09\/Frame-20.png\" \/>\r\n\t<meta property=\"og:image:width\" content=\"1200\" \/>\r\n\t<meta property=\"og:image:height\" content=\"630\" \/>\r\n\t<meta property=\"og:image:type\" content=\"image\/png\" \/>\r\n<meta name=\"twitter:card\" content=\"summary_large_image\" \/>\r\n<meta name=\"twitter:label1\" content=\"Est. reading time\" \/>\n\t<meta name=\"twitter:data1\" content=\"34 minutes\" \/>\r\n<script type=\"application\/ld+json\" class=\"yoast-schema-graph\">{\"@context\":\"https:\/\/schema.org\",\"@graph\":[{\"@type\":\"WebPage\",\"@id\":\"https:\/\/22-preview.freshtone.ru\/analytics\/technical-analysis\/\",\"url\":\"https:\/\/22-preview.freshtone.ru\/analytics\/technical-analysis\/\",\"name\":\"Teknisk analys - 24 World\",\"isPartOf\":{\"@id\":\"https:\/\/22-preview.freshtone.ru\/#website\"},\"datePublished\":\"2022-09-22T11:12:39+00:00\",\"dateModified\":\"2023-03-21T10:01:41+00:00\",\"breadcrumb\":{\"@id\":\"https:\/\/22-preview.freshtone.ru\/analytics\/technical-analysis\/#breadcrumb\"},\"inLanguage\":\"sv-SE\",\"potentialAction\":[{\"@type\":\"ReadAction\",\"target\":[\"https:\/\/22-preview.freshtone.ru\/analytics\/technical-analysis\/\"]}]},{\"@type\":\"BreadcrumbList\",\"@id\":\"https:\/\/22-preview.freshtone.ru\/analytics\/technical-analysis\/#breadcrumb\",\"itemListElement\":[{\"@type\":\"ListItem\",\"position\":1,\"name\":\"Home\",\"item\":\"https:\/\/22-preview.freshtone.ru\/\"},{\"@type\":\"ListItem\",\"position\":2,\"name\":\"Analytics\",\"item\":\"https:\/\/22-preview.freshtone.ru\/analytics\/\"},{\"@type\":\"ListItem\",\"position\":3,\"name\":\"Technical analysis\"}]},{\"@type\":\"WebSite\",\"@id\":\"https:\/\/22-preview.freshtone.ru\/#website\",\"url\":\"https:\/\/22-preview.freshtone.ru\/\",\"name\":\"24 World\",\"description\":\"Online Forex CFD provider\",\"potentialAction\":[{\"@type\":\"SearchAction\",\"target\":{\"@type\":\"EntryPoint\",\"urlTemplate\":\"https:\/\/22-preview.freshtone.ru\/?s={search_term_string}\"},\"query-input\":\"required name=search_term_string\"}],\"inLanguage\":\"sv-SE\"}]}<\/script>\r\n<!-- \/ Yoast SEO plugin. -->","yoast_head_json":{"title":"Teknisk analys - 24 World","robots":{"index":"noindex","follow":"follow","max-snippet":"max-snippet:-1","max-image-preview":"max-image-preview:large","max-video-preview":"max-video-preview:-1"},"og_locale":"sv_SE","og_type":"article","og_title":"Teknisk analys - 24 World","og_url":"https:\/\/22-preview.freshtone.ru\/analytics\/technical-analysis\/","og_site_name":"24 World","article_modified_time":"2023-03-21T10:01:41+00:00","og_image":[{"width":1200,"height":630,"url":"https:\/\/22-preview.freshtone.ru\/wp-content\/uploads\/2022\/09\/Frame-20.png","type":"image\/png"}],"twitter_card":"summary_large_image","twitter_misc":{"Est. reading time":"34 minutes"},"schema":{"@context":"https:\/\/schema.org","@graph":[{"@type":"WebPage","@id":"https:\/\/22-preview.freshtone.ru\/analytics\/technical-analysis\/","url":"https:\/\/22-preview.freshtone.ru\/analytics\/technical-analysis\/","name":"Teknisk analys - 24 World","isPartOf":{"@id":"https:\/\/22-preview.freshtone.ru\/#website"},"datePublished":"2022-09-22T11:12:39+00:00","dateModified":"2023-03-21T10:01:41+00:00","breadcrumb":{"@id":"https:\/\/22-preview.freshtone.ru\/analytics\/technical-analysis\/#breadcrumb"},"inLanguage":"sv-SE","potentialAction":[{"@type":"ReadAction","target":["https:\/\/22-preview.freshtone.ru\/analytics\/technical-analysis\/"]}]},{"@type":"BreadcrumbList","@id":"https:\/\/22-preview.freshtone.ru\/analytics\/technical-analysis\/#breadcrumb","itemListElement":[{"@type":"ListItem","position":1,"name":"Home","item":"https:\/\/22-preview.freshtone.ru\/"},{"@type":"ListItem","position":2,"name":"Analytics","item":"https:\/\/22-preview.freshtone.ru\/analytics\/"},{"@type":"ListItem","position":3,"name":"Technical analysis"}]},{"@type":"WebSite","@id":"https:\/\/22-preview.freshtone.ru\/#website","url":"https:\/\/22-preview.freshtone.ru\/","name":"24 World","description":"Online Forex CFD provider","potentialAction":[{"@type":"SearchAction","target":{"@type":"EntryPoint","urlTemplate":"https:\/\/22-preview.freshtone.ru\/?s={search_term_string}"},"query-input":"required name=search_term_string"}],"inLanguage":"sv-SE"}]}},"_links":{"self":[{"href":"https:\/\/22-preview.freshtone.ru\/sv\/wp-json\/wp\/v2\/pages\/46","targetHints":{"allow":["GET"]}}],"collection":[{"href":"https:\/\/22-preview.freshtone.ru\/sv\/wp-json\/wp\/v2\/pages"}],"about":[{"href":"https:\/\/22-preview.freshtone.ru\/sv\/wp-json\/wp\/v2\/types\/page"}],"author":[{"embeddable":true,"href":"https:\/\/22-preview.freshtone.ru\/sv\/wp-json\/wp\/v2\/users\/1"}],"replies":[{"embeddable":true,"href":"https:\/\/22-preview.freshtone.ru\/sv\/wp-json\/wp\/v2\/comments?post=46"}],"version-history":[{"count":7,"href":"https:\/\/22-preview.freshtone.ru\/sv\/wp-json\/wp\/v2\/pages\/46\/revisions"}],"predecessor-version":[{"id":277,"href":"https:\/\/22-preview.freshtone.ru\/sv\/wp-json\/wp\/v2\/pages\/46\/revisions\/277"}],"up":[{"embeddable":true,"href":"https:\/\/22-preview.freshtone.ru\/sv\/wp-json\/wp\/v2\/pages\/36"}],"wp:attachment":[{"href":"https:\/\/22-preview.freshtone.ru\/sv\/wp-json\/wp\/v2\/media?parent=46"}],"curies":[{"name":"wp","href":"https:\/\/api.w.org\/{rel}","templated":true}]}}