{"id":54,"date":"2022-09-22T14:18:09","date_gmt":"2022-09-22T11:18:09","guid":{"rendered":"http:\/\/3.test.freshtone.ru\/?page_id=54"},"modified":"2023-03-17T11:09:33","modified_gmt":"2023-03-17T08:09:33","slug":"consulting-department","status":"publish","type":"page","link":"https:\/\/22-preview.freshtone.ru\/sv\/trading\/consulting-department\/","title":{"rendered":"Konsultationsavdelningen"},"content":{"rendered":"    <div class=\"intro consulting-intro\">\r\n        <div class=\"container\">\r\n            <h1 class=\"intro__title\">Konsultationsavdelningen\r\n\r\n<\/h1>\r\n            <\/p>\r\n        <\/div>\r\n    <\/div>\r\n    <section class=\"two-columns\">\r\n        <div class=\"container\">\r\n            <h2 class=\"two-columns__title\">Konsulttj\u00e4nster f\u00f6r f\u00f6retagsledning\r\n<\/h2>\r\n            <div class=\"two-columns__wrap\">\r\n                <div>Ett unikt s\u00e4tt att tj\u00e4na pengar p\u00e5 finansmarknaderna. Det inneb\u00e4r ett n\u00e4ra samarbete med en finansexpert fr\u00e5n f\u00f6retaget\r\n                och erbjuder ett utm\u00e4rkt inkomstresultat. Den h\u00e4r typen av handel rekommenderas f\u00f6r investerare som \u00e4nnu inte har n\u00e5gon\r\n                st\u00f6rre erfarenhet av handel p\u00e5 aktiemarknaderna, men som vill f\u00f6rvalta sitt eget kapital och fatta smarta handelsbeslut.\r\n<\/div>\r\n                <div>Resultatet av denna bed\u00f6mning p\u00e5verkas av ny information som st\u00e4ndigt kommer in p\u00e5 marknaden. F\u00f6r\u00e4ndringar i\r\n                vinst\/riskbalansen \u00e4r resultatet av f\u00f6r\u00e4ndringar i handelstillg\u00e5ngarna p\u00e5 marknaderna. Vilken information \u00e4r v\u00e4rd att\r\n                h\u00e5lla ett \u00f6ga p\u00e5?\r\n<\/div>\r\n                <\/p>\r\n            <\/div>\r\n        <\/div>\r\n    <\/section>\r\n    <section class=\"two-columns two-columns_gray\">\r\n        <div class=\"container\">\r\n            <h2 class=\"two-columns__title\">Hur fungerar det?\r\n<\/h2>\r\n            <div class=\"two-columns__wrap\">\r\n                <div>Allt analysarbete inom konsultavdelningen sk\u00f6ts av f\u00f6retagets anst\u00e4llda. De \u00f6vervakar marknadstrender, f\u00f6ljer nyheter\r\n                och g\u00f6r prognoser. De \u00f6vervakar \u00e4ven kundens personliga konto och ger rekommendationer f\u00f6r vidare \u00e5tg\u00e4rder. Allt du\r\n                beh\u00f6ver g\u00f6ra \u00e4r att ta emot ett telefonsamtal fr\u00e5n din investeringsportf\u00f6ljf\u00f6rvaltare, lyssna p\u00e5 en motiverad\r\n                investeringsid\u00e9.\r\n<\/div>\r\n                <div>Konsulten kommer att f\u00f6resl\u00e5 flera alternativ f\u00f6r penninghantering, hedging och s\u00e4kerhetsvillkor och fatta ett beslut.\r\n                Om du inte vill acceptera konsultens f\u00f6rslag, tala om det f\u00f6r honom eller henne s\u00e5 kommer han eller hon att arbeta fram\r\n                korrigeringar eller en helt ny id\u00e9 f\u00f6r dig.\r\n<\/div>\r\n                <\/p>\r\n            <\/div>\r\n        <\/div>\r\n    <\/section>\r\n    <section class=\"c-benefits\">\r\n        <div class=\"container\">\r\n            <h2 class=\"c-benefits__title\">F\u00f6rdelarna med managementkonsultationer\r\n<\/h2>\r\n            <div class=\"c-benefits__wrap\">\r\n                <ul class=\"custom-list\">\r\n                    <li>Personliga investeringsportf\u00f6ljer\r\n<\/li>\r\n                    <li>Permanent analys\r\n<\/li>\r\n                    <li>Rekommendationer i r\u00e4tt tid\r\n<\/li>\r\n                <\/ul>\r\n                <ul class=\"custom-list\">\r\n                    <li>Ett unikt inl\u00e4rningstillf\u00e4lle\r\n<\/li>\r\n                    <li>Effektiv riskhantering\r\n<\/li>\r\n                    <li>Autonomi i beslutsfattandet\r\n<\/li>\r\n                <\/ul>\r\n            <\/div>\r\n        <\/div>\r\n    <\/section>\r\n    <section class=\"communicate\">\r\n        <div class=\"container\">\r\n            <h2 class=\"communicate__title\">Hur kommunicerar kunden med en personlig ekonomisk assistent?\r\n<\/h2>\r\n            <div class=\"communicate__wrap\">\r\n                <div class=\"communicate__item\">\r\n                    <div class=\"communicate__item-icon communicate__item-icon-1\"><\/div>\r\n                    <h3 class=\"communicate__item-title\">Genom att ringa\r\n<\/h3>\r\n                    <div class=\"communicate__text\">Portf\u00f6ljf\u00f6rvaltaren ringer upp kunden p\u00e5 telefon vid en best\u00e4md tidpunkt och med j\u00e4mna mellanrum f\u00f6r att diskutera den\r\n                    aktuella situationen och n\u00e4sta steg som ska tas. Samtalet kan ocks\u00e5 ske utan kundens f\u00f6rhandsgodk\u00e4nnande om r\u00e5dgivaren\r\n                    har aktuella investeringsid\u00e9er.\r\n\r\n                    <\/div>\r\n                    <\/p>\r\n                <\/div>\r\n                <div class=\"communicate__item\">\r\n                    <div class=\"communicate__item-icon communicate__item-icon-2\"><\/div>\r\n                    <h3 class=\"communicate__item-title\">SMS-rekommendationer\r\n<\/h3>\r\n                    <div class=\"communicate__text\">Om de s\u00e5 \u00f6nskar kan f\u00f6retagets kunder v\u00e4lja SMS-meddelanden som ett s\u00e4tt att f\u00e5 rekommendationer och investeringsid\u00e9er\r\n                    fr\u00e5n sina personliga finansiella r\u00e5dgivare. SMS-meddelanden skickas till kundens personliga telefonnummer.\r\n<\/div>\r\n                    <\/p>\r\n                <\/div>\r\n                <div class=\"communicate__item\">\r\n                    <div class=\"communicate__item-icon communicate__item-icon-3\"><\/div>\r\n                    <h3 class=\"communicate__item-title\">E-mail<\/h3>\r\n                    <div class=\"communicate__text\">Kunderna f\u00e5r f\u00e4rdiga investeringsl\u00f6sningar under l\u00e5ng tid i form av filer som skickas till kundens personliga\r\n                    e-postadress. Dessa filer inneh\u00e5ller redan specifika k\u00f6p\/s\u00e4ljpriser f\u00f6r marknader.\r\n<\/div>\r\n                    <\/p>\r\n                <\/div>\r\n            <\/div>\r\n            <p><a class=\"btn btn_white\" href=\"\/sv\/contacts\">F\u00e5 konsultation\r\n<\/a>\r\n        <\/div>\r\n    <\/section>\r\n    <section class=\"two-columns\">\r\n        <div class=\"container\">\r\n            <h2 class=\"two-columns__title\">Hur mycket startkapital inom konsulthantering kan anv\u00e4ndas f\u00f6r att b\u00f6rja handla?\r\n<\/h2>\r\n            <div class=\"two-columns__wrap\">\r\n                <div>Vi \u00e4r helt medvetna om vikten av att skydda medel. F\u00f6r att se till att du kan se avkastningen p\u00e5 din investering med ett\r\n                professionellt tillv\u00e4gag\u00e5ngss\u00e4tt och f\u00f6rst\u00e5 marknadsmekanismernas intrikata detaljer \u00e4r vi d\u00e4rf\u00f6r beredda att\r\n                tillhandah\u00e5lla r\u00e5dgivningstj\u00e4nster utan att begr\u00e4nsa den l\u00e4gsta tr\u00f6skeln f\u00f6r den f\u00f6rsta investeringen. Du kan b\u00f6rja med\r\n                vilket minimibelopp som helst. Du m\u00e5ste dock vara medveten om att minimala investeringstillg\u00e5ngar inte g\u00f6r det m\u00f6jligt\r\n                f\u00f6r dig att dra maximal nytta av marknadsm\u00f6jligheterna, b\u00e5de n\u00e4r det g\u00e4ller l\u00f6nsamhet och riskskydd.\r\n<\/div>\r\n                <div>Till exempel kan du inte arbeta med likvida v\u00e4rdepapper som \u00e4r v\u00e4rda mer \u00e4n 100 dollar om du har minimala tillg\u00e5ngar.\r\n                D\u00e4rf\u00f6r, och utifr\u00e5n det faktum att v\u00e5r inkomst \u00e4r beroende av din, kommer vi oundvikligen att f\u00f6resl\u00e5 att du ut\u00f6kar din\r\n                investeringsportf\u00f6lj och blir VIP-kund hos f\u00f6retaget.\r\n<\/div>\r\n                <\/p>\r\n            <\/div>\r\n        <\/div>\r\n    <\/section>\r\n    <section class=\"two-columns two-columns_gray\">\r\n        <div class=\"container\">\r\n            <h2 class=\"two-columns__title\">Vilken typ av vinst kan du f\u00f6rv\u00e4nta dig?\r\n<\/h2>\r\n            <div class=\"two-columns__wrap\">\r\n                <div>Vi lovar inte vinst, vi f\u00f6rutsp\u00e5r de mest m\u00f6jliga situationerna. Marknadstrenderna kommer att f\u00f6r\u00e4ndras fr\u00e5n vecka till\r\n                vecka, men med v\u00e5r smarta investeringsstrategi r\u00e4knar vi konsekvent med vinster p\u00e5 mellan 2,5 procent och 12,7 procent\r\n                under ett kvartal (90 dagar).\r\n<\/div>\r\n                <div>Kvartalsvinsterna kan \u00f6verstiga 15 %, men utifr\u00e5n statistiken f\u00f6r de senaste tv\u00e5 \u00e5ren kan vi inte tillhandah\u00e5lla s\u00e5dana\r\n                uppgifter.\r\n<\/div>\r\n                <\/p>\r\n            <\/div>\r\n        <\/div>\r\n    <\/section>\r\n    <section class=\"tb\">\r\n        <div class=\"container\">\r\n            <h2 class=\"tb__title\">F\u00f6rdelarna med managementkonsulttj\u00e4nster\r\n<\/h2>\r\n            <div class=\"tb__subtitle\">Vi lyfter fram fyra huvudf\u00f6rdelar med managementkonsulttj\u00e4nster, som g\u00f6r denna typ av tj\u00e4nster till den mest l\u00f6nsamma\r\n            och f\u00f6ljaktligen den mest popul\u00e4ra bland v\u00e5ra kunder.\r\n<\/div>\r\n            <div class=\"tb__list\">\r\n                <div class=\"tb__list-item\">\r\n                    <div class=\"tb__icon tb__icon-1\"> <\/div>\r\n                    <h3 class=\"tb__item-title\">F\u00f6rvaltning av en klients portf\u00f6lj\r\n<\/h3>\r\n                    <\/p>\r\n                <\/div>\r\n                <div class=\"tb__list-item\">\r\n                    <div class=\"tb__icon tb__icon-2\"> <\/div>\r\n                    <h3 class=\"tb__item-title\">Fullst\u00e4ndig insyn i alla transaktioner\r\n<\/h3>\r\n                    <\/p>\r\n                <\/div>\r\n                <div class=\"tb__list-item\">\r\n                    <div class=\"tb__icon tb__icon-3\"> <\/div>\r\n                    <h3 class=\"tb__item-title\">St\u00e4ndig kontakt med portf\u00f6ljf\u00f6rvaltaren\r\n<\/h3>\r\n                    <\/p>\r\n                <\/div>\r\n                <div class=\"tb__list-item\">\r\n                    <div class=\"tb__icon tb__icon-4\"> <\/div>\r\n                    <h3 class=\"tb__item-title\">Specifika investeringsrekommendationer\r\n<\/h3>\r\n                    <\/p>\r\n                <\/div>\r\n            <\/div>\r\n        <\/div>\r\n    <\/section>","protected":false},"excerpt":{"rendered":"Konsultationsavdelningen Konsulttj\u00e4nster f\u00f6r f\u00f6retagsledning Ett unikt s\u00e4tt att tj\u00e4na pengar p\u00e5 finansmarknaderna. Det inneb\u00e4r ett n\u00e4ra samarbete med en finansexpert fr\u00e5n f\u00f6retaget och erbjuder ett utm\u00e4rkt inkomstresultat. Den h\u00e4r typen av handel rekommenderas f\u00f6r investerare som \u00e4nnu inte har n\u00e5gon st\u00f6rre erfarenhet av handel p\u00e5 aktiemarknaderna, men som vill f\u00f6rvalta sitt eget kapital och fatta [&hellip;]","protected":false},"author":1,"featured_media":0,"parent":23,"menu_order":0,"comment_status":"closed","ping_status":"closed","template":"","meta":{"footnotes":""},"class_list":["post-54","page","type-page","status-publish","hentry","no-wpautop"],"translation":{"provider":"WPGlobus","version":"2.10.10","language":"sv","enabled_languages":["en","nl","es","sv","fr"],"languages":{"en":{"title":true,"content":true,"excerpt":false},"nl":{"title":true,"content":true,"excerpt":false},"es":{"title":true,"content":true,"excerpt":false},"sv":{"title":true,"content":true,"excerpt":false},"fr":{"title":true,"content":true,"excerpt":false}}},"yoast_head":"<!-- This site is optimized with the Yoast SEO plugin v20.6 - https:\/\/yoast.com\/wordpress\/plugins\/seo\/ -->\r\n<title>Konsultationsavdelningen - 24 World<\/title>\r\n<meta name=\"robots\" content=\"noindex, follow, max-snippet:-1, max-image-preview:large, max-video-preview:-1\" \/>\r\n<meta property=\"og:locale\" content=\"sv_SE\" \/>\r\n<meta property=\"og:type\" content=\"article\" \/>\r\n<meta property=\"og:title\" content=\"Konsultationsavdelningen - 24 World\" \/>\r\n<meta property=\"og:url\" content=\"https:\/\/22-preview.freshtone.ru\/trading\/consulting-department\/\" \/>\r\n<meta property=\"og:site_name\" content=\"24 World\" \/>\r\n<meta property=\"article:modified_time\" content=\"2023-03-17T08:09:33+00:00\" \/>\r\n<meta property=\"og:image\" content=\"https:\/\/22-preview.freshtone.ru\/wp-content\/uploads\/2022\/09\/Frame-20.png\" \/>\r\n\t<meta property=\"og:image:width\" content=\"1200\" \/>\r\n\t<meta property=\"og:image:height\" content=\"630\" \/>\r\n\t<meta property=\"og:image:type\" content=\"image\/png\" \/>\r\n<meta name=\"twitter:card\" content=\"summary_large_image\" \/>\r\n<meta name=\"twitter:label1\" content=\"Est. reading time\" \/>\n\t<meta name=\"twitter:data1\" content=\"17 minutes\" \/>\r\n<script type=\"application\/ld+json\" class=\"yoast-schema-graph\">{\"@context\":\"https:\/\/schema.org\",\"@graph\":[{\"@type\":\"WebPage\",\"@id\":\"https:\/\/22-preview.freshtone.ru\/trading\/consulting-department\/\",\"url\":\"https:\/\/22-preview.freshtone.ru\/trading\/consulting-department\/\",\"name\":\"Konsultationsavdelningen - 24 World\",\"isPartOf\":{\"@id\":\"https:\/\/22-preview.freshtone.ru\/#website\"},\"datePublished\":\"2022-09-22T11:18:09+00:00\",\"dateModified\":\"2023-03-17T08:09:33+00:00\",\"breadcrumb\":{\"@id\":\"https:\/\/22-preview.freshtone.ru\/trading\/consulting-department\/#breadcrumb\"},\"inLanguage\":\"sv-SE\",\"potentialAction\":[{\"@type\":\"ReadAction\",\"target\":[\"https:\/\/22-preview.freshtone.ru\/trading\/consulting-department\/\"]}]},{\"@type\":\"BreadcrumbList\",\"@id\":\"https:\/\/22-preview.freshtone.ru\/trading\/consulting-department\/#breadcrumb\",\"itemListElement\":[{\"@type\":\"ListItem\",\"position\":1,\"name\":\"Home\",\"item\":\"https:\/\/22-preview.freshtone.ru\/\"},{\"@type\":\"ListItem\",\"position\":2,\"name\":\"Trading\",\"item\":\"https:\/\/22-preview.freshtone.ru\/trading\/\"},{\"@type\":\"ListItem\",\"position\":3,\"name\":\"Consulting department\"}]},{\"@type\":\"WebSite\",\"@id\":\"https:\/\/22-preview.freshtone.ru\/#website\",\"url\":\"https:\/\/22-preview.freshtone.ru\/\",\"name\":\"24 World\",\"description\":\"Online Forex CFD provider\",\"potentialAction\":[{\"@type\":\"SearchAction\",\"target\":{\"@type\":\"EntryPoint\",\"urlTemplate\":\"https:\/\/22-preview.freshtone.ru\/?s={search_term_string}\"},\"query-input\":\"required name=search_term_string\"}],\"inLanguage\":\"sv-SE\"}]}<\/script>\r\n<!-- \/ Yoast SEO plugin. -->","yoast_head_json":{"title":"Konsultationsavdelningen - 24 World","robots":{"index":"noindex","follow":"follow","max-snippet":"max-snippet:-1","max-image-preview":"max-image-preview:large","max-video-preview":"max-video-preview:-1"},"og_locale":"sv_SE","og_type":"article","og_title":"Konsultationsavdelningen - 24 World","og_url":"https:\/\/22-preview.freshtone.ru\/trading\/consulting-department\/","og_site_name":"24 World","article_modified_time":"2023-03-17T08:09:33+00:00","og_image":[{"width":1200,"height":630,"url":"https:\/\/22-preview.freshtone.ru\/wp-content\/uploads\/2022\/09\/Frame-20.png","type":"image\/png"}],"twitter_card":"summary_large_image","twitter_misc":{"Est. reading time":"17 minutes"},"schema":{"@context":"https:\/\/schema.org","@graph":[{"@type":"WebPage","@id":"https:\/\/22-preview.freshtone.ru\/trading\/consulting-department\/","url":"https:\/\/22-preview.freshtone.ru\/trading\/consulting-department\/","name":"Konsultationsavdelningen - 24 World","isPartOf":{"@id":"https:\/\/22-preview.freshtone.ru\/#website"},"datePublished":"2022-09-22T11:18:09+00:00","dateModified":"2023-03-17T08:09:33+00:00","breadcrumb":{"@id":"https:\/\/22-preview.freshtone.ru\/trading\/consulting-department\/#breadcrumb"},"inLanguage":"sv-SE","potentialAction":[{"@type":"ReadAction","target":["https:\/\/22-preview.freshtone.ru\/trading\/consulting-department\/"]}]},{"@type":"BreadcrumbList","@id":"https:\/\/22-preview.freshtone.ru\/trading\/consulting-department\/#breadcrumb","itemListElement":[{"@type":"ListItem","position":1,"name":"Home","item":"https:\/\/22-preview.freshtone.ru\/"},{"@type":"ListItem","position":2,"name":"Trading","item":"https:\/\/22-preview.freshtone.ru\/trading\/"},{"@type":"ListItem","position":3,"name":"Consulting department"}]},{"@type":"WebSite","@id":"https:\/\/22-preview.freshtone.ru\/#website","url":"https:\/\/22-preview.freshtone.ru\/","name":"24 World","description":"Online Forex CFD provider","potentialAction":[{"@type":"SearchAction","target":{"@type":"EntryPoint","urlTemplate":"https:\/\/22-preview.freshtone.ru\/?s={search_term_string}"},"query-input":"required name=search_term_string"}],"inLanguage":"sv-SE"}]}},"_links":{"self":[{"href":"https:\/\/22-preview.freshtone.ru\/sv\/wp-json\/wp\/v2\/pages\/54","targetHints":{"allow":["GET"]}}],"collection":[{"href":"https:\/\/22-preview.freshtone.ru\/sv\/wp-json\/wp\/v2\/pages"}],"about":[{"href":"https:\/\/22-preview.freshtone.ru\/sv\/wp-json\/wp\/v2\/types\/page"}],"author":[{"embeddable":true,"href":"https:\/\/22-preview.freshtone.ru\/sv\/wp-json\/wp\/v2\/users\/1"}],"replies":[{"embeddable":true,"href":"https:\/\/22-preview.freshtone.ru\/sv\/wp-json\/wp\/v2\/comments?post=54"}],"version-history":[{"count":8,"href":"https:\/\/22-preview.freshtone.ru\/sv\/wp-json\/wp\/v2\/pages\/54\/revisions"}],"predecessor-version":[{"id":257,"href":"https:\/\/22-preview.freshtone.ru\/sv\/wp-json\/wp\/v2\/pages\/54\/revisions\/257"}],"up":[{"embeddable":true,"href":"https:\/\/22-preview.freshtone.ru\/sv\/wp-json\/wp\/v2\/pages\/23"}],"wp:attachment":[{"href":"https:\/\/22-preview.freshtone.ru\/sv\/wp-json\/wp\/v2\/media?parent=54"}],"curies":[{"name":"wp","href":"https:\/\/api.w.org\/{rel}","templated":true}]}}