{"id":57,"date":"2022-09-22T14:19:52","date_gmt":"2022-09-22T11:19:52","guid":{"rendered":"http:\/\/3.test.freshtone.ru\/?page_id=57"},"modified":"2023-03-17T11:13:24","modified_gmt":"2023-03-17T08:13:24","slug":"deposit-and-withdrawal","status":"publish","type":"page","link":"https:\/\/22-preview.freshtone.ru\/sv\/trading\/deposit-and-withdrawal\/","title":{"rendered":"Ins\u00e4ttning och uttag av medel"},"content":{"rendered":"<div class=\"intro deposit-intro\">\r\n    <div class=\"container\">\r\n        <h1 class=\"intro__title\">Ins\u00e4ttning och uttag av medel\r\n<\/h1>\r\n        <\/p>\r\n    <\/div>\r\n<\/div>\r\n<section class=\"verify\">\r\n    <div class=\"container\">\r\n        <h2 class=\"verify__title\">Verifiering\r\n<\/h2>\r\n        <div class=\"verify__wrap\">\r\n            <div class=\"verify__item\">\r\n                <div class=\"verify__item-img verify__item-img-1\"><\/div>\r\n                <div class=\"verify__text\">\r\n                    <h3 class=\"verify__item-title\">Bekr\u00e4ftelse av identitet\r\n<\/h3>\r\n                    <div>ID, pass, k\u00f6rkort\r\n<\/div>\r\n                    <\/p>\r\n                <\/div>\r\n            <\/div>\r\n            <div class=\"verify__item\">\r\n                <div class=\"verify__item-img verify__item-img-2\"><\/div>\r\n                <div class=\"verify__text\">\r\n                    <h3 class=\"verify__item-title\">Bekr\u00e4ftelse av kortet\r\n<\/h3>\r\n                    <div>Foto av betalnings-\/kreditkortet d\u00e4r alla kortuppgifter \u00e4r tydligt synliga.\r\n<\/div>\r\n                    <\/p>\r\n                <\/div>\r\n            <\/div>\r\n            <div class=\"verify__item\">\r\n                <div class=\"verify__item-img verify__item-img-3\"><\/div>\r\n                <div class=\"verify__text\">\r\n                    <h3 class=\"verify__item-title\">Bekr\u00e4ftelse av adress\r\n<\/h3>\r\n                    <div>En r\u00e4kning f\u00f6r allm\u00e4nnyttiga tj\u00e4nster, telefon, internet eller TV (inte \u00e4ldre \u00e4n 3 m\u00e5nader).\r\n<\/div>\r\n                    <\/p>\r\n                <\/div>\r\n            <\/div>\r\n        <\/div>\r\n    <\/div>\r\n<\/section>\r\n<div class=\"d-ways\">\r\n    <div class=\"container\">\r\n        <h2 class=\"d-ways__title\">S\u00e4tt att s\u00e4tta in pengar p\u00e5 ditt konto\r\n<\/h2>\r\n        <div class=\"d-ways__table-wrap\">\r\n            <table class=\"d-ways__table\">\r\n                <thead>\r\n                    <tr>\r\n                        <td>Metoder f\u00f6r ins\u00e4ttningar\r\n<\/td>\r\n                        <td>Valuta\r\n<\/td>\r\n                        <td>\u00d6verf\u00f6ringsavgift\r\n<\/td>\r\n                        <td>Minsta belopp (USD)<\/td>\r\n                        <td>Tidpunkt f\u00f6r \u00f6verf\u00f6ringen\r\n<\/td>\r\n                    <\/tr>\r\n                <\/thead>\r\n                <tbody>\r\n                    <tr>\r\n                        <td>VISA<\/td>\r\n                        <td>USD, EUR, GPB<\/td>\r\n                        <td>0%<\/td>\r\n                        <td>250<\/td>\r\n                        <td>Instantly<\/td>\r\n                    <\/tr>\r\n                    <tr>\r\n                        <td>VISA ELECTRON<\/td>\r\n                        <td>USD, EUR<\/td>\r\n                        <td>0%<\/td>\r\n                        <td>250<\/td>\r\n                        <td>Instantly<\/td>\r\n                    <\/tr>\r\n                    <tr>\r\n                        <td>MASTER CARD<\/td>\r\n                        <td>USD, EUR<\/td>\r\n                        <td>0%<\/td>\r\n                        <td>250<\/td>\r\n                        <td>Instantly<\/td>\r\n                    <\/tr>\r\n                    <tr>\r\n                        <td>Cryptocurrency<\/td>\r\n                        <td>BTC<\/td>\r\n                        <td>0%<\/td>\r\n                        <td>250<\/td>\r\n                        <td>Without confirmation<\/td>\r\n                    <\/tr>\r\n                    <tr>\r\n                        <td>Credit and debit cards<\/td>\r\n                        <td>USD, EUR<\/td>\r\n                        <td>0%<\/td>\r\n                        <td>1<\/td>\r\n                        <td>From 3 to 5 banking days<\/td>\r\n                    <\/tr>\r\n                    <tr>\r\n                        <td>Paypall<\/td>\r\n                        <td>USD, EUR<\/td>\r\n                        <td>0%<\/td>\r\n                        <td>1<\/td>\r\n                        <td>Up to 24 hours<\/td>\r\n                    <\/tr>\r\n                <\/tbody>\r\n            <\/table>\r\n        <\/div>\r\n    <\/div>\r\n<\/div>\r\n<section class=\"start-banner\">\r\n    <div class=\"container\">\r\n        <div class=\"start-banner__wrap\">\r\n            <h2 class=\"start-banner__title\">B\u00f6rja handla\r\n<\/h2>\r\n            <div class=\"start-banner__subtitle\">Tj\u00e4na pengar p\u00e5 handel med finansiella marknader och kryptovalutor\r\n<\/div>\r\n            <p><a class=\"btn btn_white\" href=\"\/\">\u00d6ppna ett konto\r\n<\/a><img decoding=\"async\" class=\"start-banner__img\"\r\n                    src=\"\/wp-content\/themes\/world\/img\/start-banner-img.png\" alt=\"\" \/>\r\n        <\/div>\r\n        <\/p>\r\n    <\/div>\r\n<\/section>","protected":false},"excerpt":{"rendered":"Ins\u00e4ttning och uttag av medel Verifiering Bekr\u00e4ftelse av identitet ID, pass, k\u00f6rkort Bekr\u00e4ftelse av kortet Foto av betalnings-\/kreditkortet d\u00e4r alla kortuppgifter \u00e4r tydligt synliga. Bekr\u00e4ftelse av adress En r\u00e4kning f\u00f6r allm\u00e4nnyttiga tj\u00e4nster, telefon, internet eller TV (inte \u00e4ldre \u00e4n 3 m\u00e5nader). S\u00e4tt att s\u00e4tta in pengar p\u00e5 ditt konto Metoder f\u00f6r ins\u00e4ttningar Valuta \u00d6verf\u00f6ringsavgift Minsta [&hellip;]","protected":false},"author":1,"featured_media":0,"parent":23,"menu_order":0,"comment_status":"closed","ping_status":"closed","template":"","meta":{"footnotes":""},"class_list":["post-57","page","type-page","status-publish","hentry","no-wpautop"],"translation":{"provider":"WPGlobus","version":"2.10.10","language":"sv","enabled_languages":["en","nl","es","sv","fr"],"languages":{"en":{"title":true,"content":true,"excerpt":false},"nl":{"title":true,"content":true,"excerpt":false},"es":{"title":true,"content":true,"excerpt":false},"sv":{"title":true,"content":true,"excerpt":false},"fr":{"title":true,"content":true,"excerpt":false}}},"yoast_head":"<!-- This site is optimized with the Yoast SEO plugin v20.6 - https:\/\/yoast.com\/wordpress\/plugins\/seo\/ -->\r\n<title>Ins\u00e4ttning och uttag av medel - 24 World<\/title>\r\n<meta name=\"robots\" content=\"noindex, follow, max-snippet:-1, max-image-preview:large, max-video-preview:-1\" \/>\r\n<meta property=\"og:locale\" content=\"sv_SE\" \/>\r\n<meta property=\"og:type\" content=\"article\" \/>\r\n<meta property=\"og:title\" content=\"Ins\u00e4ttning och uttag av medel - 24 World\" \/>\r\n<meta property=\"og:url\" content=\"https:\/\/22-preview.freshtone.ru\/trading\/deposit-and-withdrawal\/\" \/>\r\n<meta property=\"og:site_name\" content=\"24 World\" \/>\r\n<meta property=\"article:modified_time\" content=\"2023-03-17T08:13:24+00:00\" \/>\r\n<meta property=\"og:image\" content=\"https:\/\/22-preview.freshtone.ru\/wp-content\/uploads\/2022\/09\/Frame-20.png\" \/>\r\n\t<meta property=\"og:image:width\" content=\"1200\" \/>\r\n\t<meta property=\"og:image:height\" content=\"630\" \/>\r\n\t<meta property=\"og:image:type\" content=\"image\/png\" \/>\r\n<meta name=\"twitter:card\" content=\"summary_large_image\" \/>\r\n<meta name=\"twitter:label1\" content=\"Est. reading time\" \/>\n\t<meta name=\"twitter:data1\" content=\"3 minutes\" \/>\r\n<script type=\"application\/ld+json\" class=\"yoast-schema-graph\">{\"@context\":\"https:\/\/schema.org\",\"@graph\":[{\"@type\":\"WebPage\",\"@id\":\"https:\/\/22-preview.freshtone.ru\/trading\/deposit-and-withdrawal\/\",\"url\":\"https:\/\/22-preview.freshtone.ru\/trading\/deposit-and-withdrawal\/\",\"name\":\"Ins\u00e4ttning och uttag av medel - 24 World\",\"isPartOf\":{\"@id\":\"https:\/\/22-preview.freshtone.ru\/#website\"},\"datePublished\":\"2022-09-22T11:19:52+00:00\",\"dateModified\":\"2023-03-17T08:13:24+00:00\",\"breadcrumb\":{\"@id\":\"https:\/\/22-preview.freshtone.ru\/trading\/deposit-and-withdrawal\/#breadcrumb\"},\"inLanguage\":\"sv-SE\",\"potentialAction\":[{\"@type\":\"ReadAction\",\"target\":[\"https:\/\/22-preview.freshtone.ru\/trading\/deposit-and-withdrawal\/\"]}]},{\"@type\":\"BreadcrumbList\",\"@id\":\"https:\/\/22-preview.freshtone.ru\/trading\/deposit-and-withdrawal\/#breadcrumb\",\"itemListElement\":[{\"@type\":\"ListItem\",\"position\":1,\"name\":\"Home\",\"item\":\"https:\/\/22-preview.freshtone.ru\/\"},{\"@type\":\"ListItem\",\"position\":2,\"name\":\"Trading\",\"item\":\"https:\/\/22-preview.freshtone.ru\/trading\/\"},{\"@type\":\"ListItem\",\"position\":3,\"name\":\"Deposit and withdrawal\"}]},{\"@type\":\"WebSite\",\"@id\":\"https:\/\/22-preview.freshtone.ru\/#website\",\"url\":\"https:\/\/22-preview.freshtone.ru\/\",\"name\":\"24 World\",\"description\":\"Online Forex CFD provider\",\"potentialAction\":[{\"@type\":\"SearchAction\",\"target\":{\"@type\":\"EntryPoint\",\"urlTemplate\":\"https:\/\/22-preview.freshtone.ru\/?s={search_term_string}\"},\"query-input\":\"required name=search_term_string\"}],\"inLanguage\":\"sv-SE\"}]}<\/script>\r\n<!-- \/ Yoast SEO plugin. -->","yoast_head_json":{"title":"Ins\u00e4ttning och uttag av medel - 24 World","robots":{"index":"noindex","follow":"follow","max-snippet":"max-snippet:-1","max-image-preview":"max-image-preview:large","max-video-preview":"max-video-preview:-1"},"og_locale":"sv_SE","og_type":"article","og_title":"Ins\u00e4ttning och uttag av medel - 24 World","og_url":"https:\/\/22-preview.freshtone.ru\/trading\/deposit-and-withdrawal\/","og_site_name":"24 World","article_modified_time":"2023-03-17T08:13:24+00:00","og_image":[{"width":1200,"height":630,"url":"https:\/\/22-preview.freshtone.ru\/wp-content\/uploads\/2022\/09\/Frame-20.png","type":"image\/png"}],"twitter_card":"summary_large_image","twitter_misc":{"Est. reading time":"3 minutes"},"schema":{"@context":"https:\/\/schema.org","@graph":[{"@type":"WebPage","@id":"https:\/\/22-preview.freshtone.ru\/trading\/deposit-and-withdrawal\/","url":"https:\/\/22-preview.freshtone.ru\/trading\/deposit-and-withdrawal\/","name":"Ins\u00e4ttning och uttag av medel - 24 World","isPartOf":{"@id":"https:\/\/22-preview.freshtone.ru\/#website"},"datePublished":"2022-09-22T11:19:52+00:00","dateModified":"2023-03-17T08:13:24+00:00","breadcrumb":{"@id":"https:\/\/22-preview.freshtone.ru\/trading\/deposit-and-withdrawal\/#breadcrumb"},"inLanguage":"sv-SE","potentialAction":[{"@type":"ReadAction","target":["https:\/\/22-preview.freshtone.ru\/trading\/deposit-and-withdrawal\/"]}]},{"@type":"BreadcrumbList","@id":"https:\/\/22-preview.freshtone.ru\/trading\/deposit-and-withdrawal\/#breadcrumb","itemListElement":[{"@type":"ListItem","position":1,"name":"Home","item":"https:\/\/22-preview.freshtone.ru\/"},{"@type":"ListItem","position":2,"name":"Trading","item":"https:\/\/22-preview.freshtone.ru\/trading\/"},{"@type":"ListItem","position":3,"name":"Deposit and withdrawal"}]},{"@type":"WebSite","@id":"https:\/\/22-preview.freshtone.ru\/#website","url":"https:\/\/22-preview.freshtone.ru\/","name":"24 World","description":"Online Forex CFD provider","potentialAction":[{"@type":"SearchAction","target":{"@type":"EntryPoint","urlTemplate":"https:\/\/22-preview.freshtone.ru\/?s={search_term_string}"},"query-input":"required name=search_term_string"}],"inLanguage":"sv-SE"}]}},"_links":{"self":[{"href":"https:\/\/22-preview.freshtone.ru\/sv\/wp-json\/wp\/v2\/pages\/57","targetHints":{"allow":["GET"]}}],"collection":[{"href":"https:\/\/22-preview.freshtone.ru\/sv\/wp-json\/wp\/v2\/pages"}],"about":[{"href":"https:\/\/22-preview.freshtone.ru\/sv\/wp-json\/wp\/v2\/types\/page"}],"author":[{"embeddable":true,"href":"https:\/\/22-preview.freshtone.ru\/sv\/wp-json\/wp\/v2\/users\/1"}],"replies":[{"embeddable":true,"href":"https:\/\/22-preview.freshtone.ru\/sv\/wp-json\/wp\/v2\/comments?post=57"}],"version-history":[{"count":11,"href":"https:\/\/22-preview.freshtone.ru\/sv\/wp-json\/wp\/v2\/pages\/57\/revisions"}],"predecessor-version":[{"id":259,"href":"https:\/\/22-preview.freshtone.ru\/sv\/wp-json\/wp\/v2\/pages\/57\/revisions\/259"}],"up":[{"embeddable":true,"href":"https:\/\/22-preview.freshtone.ru\/sv\/wp-json\/wp\/v2\/pages\/23"}],"wp:attachment":[{"href":"https:\/\/22-preview.freshtone.ru\/sv\/wp-json\/wp\/v2\/media?parent=57"}],"curies":[{"name":"wp","href":"https:\/\/api.w.org\/{rel}","templated":true}]}}